{"id":696,"date":"2024-10-07T07:59:32","date_gmt":"2024-10-07T07:59:32","guid":{"rendered":"https:\/\/spinbetter.games\/?page_id=251"},"modified":"2026-04-01T10:52:33","modified_gmt":"2026-04-01T10:52:33","slug":"casino","status":"publish","type":"page","link":"https:\/\/spinbetter.games\/hu\/casino\/","title":{"rendered":"Kaszin\u00f3"},"content":{"rendered":"","protected":false},"excerpt":{"rendered":"","protected":false},"author":1,"featured_media":0,"parent":0,"menu_order":0,"comment_status":"closed","ping_status":"closed","template":"","meta":{"footnotes":""},"class_list":["post-696","page","type-page","status-publish","hentry"],"yoast_head":"<!-- This site is optimized with the Yoast SEO plugin v26.8 - https:\/\/yoast.com\/product\/yoast-seo-wordpress\/ -->\n<title>Spinbetter Kaszin\u00f3 | Ingyenes p\u00f6rget\u00e9sek \u00e9s j\u00e1t\u00e9kok<\/title>\n<meta name=\"description\" content=\"A Spin Better egy \u00faj kaszin\u00f3 \u2728 Curacao licenccel, mobilalkalmaz\u00e1ssal \u00e9s egyed\u00fcl\u00e1ll\u00f3 b\u00f3nuszrendszerrel \u2b50 Regisztr\u00e1lj a Spin Casino-ra \u00e9s j\u00e1tssz k\u00fcl\u00f6nb\u00f6z\u0151 j\u00e1t\u00e9kokat k\u00fcl\u00f6nb\u00f6z\u0151 kateg\u00f3ri\u00e1kb\u00f3l.\" \/>\n<meta name=\"robots\" content=\"index, follow, max-snippet:-1, max-image-preview:large, max-video-preview:-1\" \/>\n<link rel=\"canonical\" href=\"https:\/\/spinbetter.games\/hungary\/casino\/\" \/>\n<meta property=\"og:locale\" content=\"hu_HU\" \/>\n<meta property=\"og:type\" content=\"article\" \/>\n<meta property=\"og:title\" content=\"Spinbetter Kaszin\u00f3 | Ingyenes p\u00f6rget\u00e9sek \u00e9s j\u00e1t\u00e9kok\" \/>\n<meta property=\"og:description\" content=\"A Spin Better egy \u00faj kaszin\u00f3 \u2728 Curacao licenccel, mobilalkalmaz\u00e1ssal \u00e9s egyed\u00fcl\u00e1ll\u00f3 b\u00f3nuszrendszerrel \u2b50 Regisztr\u00e1lj a Spin Casino-ra \u00e9s j\u00e1tssz k\u00fcl\u00f6nb\u00f6z\u0151 j\u00e1t\u00e9kokat k\u00fcl\u00f6nb\u00f6z\u0151 kateg\u00f3ri\u00e1kb\u00f3l.\" \/>\n<meta property=\"og:url\" content=\"https:\/\/spinbetter.games\/hungary\/casino\/\" \/>\n<meta property=\"og:site_name\" content=\"Spinbetter HU\" \/>\n<meta property=\"article:modified_time\" content=\"2026-04-01T10:52:33+00:00\" \/>\n<meta name=\"twitter:card\" content=\"summary_large_image\" \/>\n<script type=\"application\/ld+json\" class=\"yoast-schema-graph\">{\"@context\":\"https:\/\/schema.org\",\"@graph\":[{\"@type\":\"WebPage\",\"@id\":\"https:\/\/spinbetter.games\/hu\/casino\/\",\"url\":\"https:\/\/spinbetter.games\/hungary\/casino\/\",\"name\":\"Spinbetter Kaszin\u00f3 | Ingyenes p\u00f6rget\u00e9sek \u00e9s j\u00e1t\u00e9kok\",\"isPartOf\":{\"@id\":\"https:\/\/spinbetter.games\/hu\/#website\"},\"datePublished\":\"2024-10-07T07:59:32+00:00\",\"dateModified\":\"2026-04-01T10:52:33+00:00\",\"description\":\"A Spin Better egy \u00faj kaszin\u00f3 \u2728 Curacao licenccel, mobilalkalmaz\u00e1ssal \u00e9s egyed\u00fcl\u00e1ll\u00f3 b\u00f3nuszrendszerrel \u2b50 Regisztr\u00e1lj a Spin Casino-ra \u00e9s j\u00e1tssz k\u00fcl\u00f6nb\u00f6z\u0151 j\u00e1t\u00e9kokat k\u00fcl\u00f6nb\u00f6z\u0151 kateg\u00f3ri\u00e1kb\u00f3l.\",\"breadcrumb\":{\"@id\":\"https:\/\/spinbetter.games\/hungary\/casino\/#breadcrumb\"},\"inLanguage\":\"hu\",\"potentialAction\":[{\"@type\":\"ReadAction\",\"target\":[\"https:\/\/spinbetter.games\/hungary\/casino\/\"]}]},{\"@type\":\"BreadcrumbList\",\"@id\":\"https:\/\/spinbetter.games\/hungary\/casino\/#breadcrumb\",\"itemListElement\":[{\"@type\":\"ListItem\",\"position\":1,\"name\":\"\u0413\u043b\u0430\u0432\u043d\u0430\u044f \u0441\u0442\u0440\u0430\u043d\u0438\u0446\u0430\",\"item\":\"https:\/\/spinbetter.games\/hu\/\"},{\"@type\":\"ListItem\",\"position\":2,\"name\":\"Kaszin\u00f3\"}]},{\"@type\":\"WebSite\",\"@id\":\"https:\/\/spinbetter.games\/hu\/#website\",\"url\":\"https:\/\/spinbetter.games\/hu\/\",\"name\":\"Spinbetter HU\",\"description\":\"My WordPress Blog\",\"potentialAction\":[{\"@type\":\"SearchAction\",\"target\":{\"@type\":\"EntryPoint\",\"urlTemplate\":\"https:\/\/spinbetter.games\/hu\/?s={search_term_string}\"},\"query-input\":{\"@type\":\"PropertyValueSpecification\",\"valueRequired\":true,\"valueName\":\"search_term_string\"}}],\"inLanguage\":\"hu\"}]}<\/script>\n<!-- \/ Yoast SEO plugin. -->","yoast_head_json":{"title":"Spinbetter Kaszin\u00f3 | Ingyenes p\u00f6rget\u00e9sek \u00e9s j\u00e1t\u00e9kok","description":"A Spin Better egy \u00faj kaszin\u00f3 \u2728 Curacao licenccel, mobilalkalmaz\u00e1ssal \u00e9s egyed\u00fcl\u00e1ll\u00f3 b\u00f3nuszrendszerrel \u2b50 Regisztr\u00e1lj a Spin Casino-ra \u00e9s j\u00e1tssz k\u00fcl\u00f6nb\u00f6z\u0151 j\u00e1t\u00e9kokat k\u00fcl\u00f6nb\u00f6z\u0151 kateg\u00f3ri\u00e1kb\u00f3l.","robots":{"index":"index","follow":"follow","max-snippet":"max-snippet:-1","max-image-preview":"max-image-preview:large","max-video-preview":"max-video-preview:-1"},"canonical":"https:\/\/spinbetter.games\/hungary\/casino\/","og_locale":"hu_HU","og_type":"article","og_title":"Spinbetter Kaszin\u00f3 | Ingyenes p\u00f6rget\u00e9sek \u00e9s j\u00e1t\u00e9kok","og_description":"A Spin Better egy \u00faj kaszin\u00f3 \u2728 Curacao licenccel, mobilalkalmaz\u00e1ssal \u00e9s egyed\u00fcl\u00e1ll\u00f3 b\u00f3nuszrendszerrel \u2b50 Regisztr\u00e1lj a Spin Casino-ra \u00e9s j\u00e1tssz k\u00fcl\u00f6nb\u00f6z\u0151 j\u00e1t\u00e9kokat k\u00fcl\u00f6nb\u00f6z\u0151 kateg\u00f3ri\u00e1kb\u00f3l.","og_url":"https:\/\/spinbetter.games\/hungary\/casino\/","og_site_name":"Spinbetter HU","article_modified_time":"2026-04-01T10:52:33+00:00","twitter_card":"summary_large_image","schema":{"@context":"https:\/\/schema.org","@graph":[{"@type":"WebPage","@id":"https:\/\/spinbetter.games\/hu\/casino\/","url":"https:\/\/spinbetter.games\/hungary\/casino\/","name":"Spinbetter Kaszin\u00f3 | Ingyenes p\u00f6rget\u00e9sek \u00e9s j\u00e1t\u00e9kok","isPartOf":{"@id":"https:\/\/spinbetter.games\/hu\/#website"},"datePublished":"2024-10-07T07:59:32+00:00","dateModified":"2026-04-01T10:52:33+00:00","description":"A Spin Better egy \u00faj kaszin\u00f3 \u2728 Curacao licenccel, mobilalkalmaz\u00e1ssal \u00e9s egyed\u00fcl\u00e1ll\u00f3 b\u00f3nuszrendszerrel \u2b50 Regisztr\u00e1lj a Spin Casino-ra \u00e9s j\u00e1tssz k\u00fcl\u00f6nb\u00f6z\u0151 j\u00e1t\u00e9kokat k\u00fcl\u00f6nb\u00f6z\u0151 kateg\u00f3ri\u00e1kb\u00f3l.","breadcrumb":{"@id":"https:\/\/spinbetter.games\/hungary\/casino\/#breadcrumb"},"inLanguage":"hu","potentialAction":[{"@type":"ReadAction","target":["https:\/\/spinbetter.games\/hungary\/casino\/"]}]},{"@type":"BreadcrumbList","@id":"https:\/\/spinbetter.games\/hungary\/casino\/#breadcrumb","itemListElement":[{"@type":"ListItem","position":1,"name":"\u0413\u043b\u0430\u0432\u043d\u0430\u044f \u0441\u0442\u0440\u0430\u043d\u0438\u0446\u0430","item":"https:\/\/spinbetter.games\/hu\/"},{"@type":"ListItem","position":2,"name":"Kaszin\u00f3"}]},{"@type":"WebSite","@id":"https:\/\/spinbetter.games\/hu\/#website","url":"https:\/\/spinbetter.games\/hu\/","name":"Spinbetter HU","description":"My WordPress Blog","potentialAction":[{"@type":"SearchAction","target":{"@type":"EntryPoint","urlTemplate":"https:\/\/spinbetter.games\/hu\/?s={search_term_string}"},"query-input":{"@type":"PropertyValueSpecification","valueRequired":true,"valueName":"search_term_string"}}],"inLanguage":"hu"}]}},"_links":{"self":[{"href":"https:\/\/spinbetter.games\/hu\/wp-json\/wp\/v2\/pages\/696","targetHints":{"allow":["GET"]}}],"collection":[{"href":"https:\/\/spinbetter.games\/hu\/wp-json\/wp\/v2\/pages"}],"about":[{"href":"https:\/\/spinbetter.games\/hu\/wp-json\/wp\/v2\/types\/page"}],"author":[{"embeddable":true,"href":"https:\/\/spinbetter.games\/hu\/wp-json\/wp\/v2\/users\/1"}],"replies":[{"embeddable":true,"href":"https:\/\/spinbetter.games\/hu\/wp-json\/wp\/v2\/comments?post=696"}],"version-history":[{"count":2,"href":"https:\/\/spinbetter.games\/hu\/wp-json\/wp\/v2\/pages\/696\/revisions"}],"predecessor-version":[{"id":723,"href":"https:\/\/spinbetter.games\/hu\/wp-json\/wp\/v2\/pages\/696\/revisions\/723"}],"wp:attachment":[{"href":"https:\/\/spinbetter.games\/hu\/wp-json\/wp\/v2\/media?parent=696"}],"curies":[{"name":"wp","href":"https:\/\/api.w.org\/{rel}","templated":true}]}}