{"id":907,"date":"2025-03-05T13:09:42","date_gmt":"2025-03-05T13:09:42","guid":{"rendered":"https:\/\/spinbetter.games\/?page_id=907"},"modified":"2026-04-01T10:41:30","modified_gmt":"2026-04-01T10:41:30","slug":"nba-cashback","status":"publish","type":"page","link":"https:\/\/spinbetter.games\/hu\/bonus\/nba-cashback\/","title":{"rendered":"NBA Cashback"},"content":{"rendered":"","protected":false},"excerpt":{"rendered":"","protected":false},"author":1,"featured_media":0,"parent":152,"menu_order":0,"comment_status":"closed","ping_status":"closed","template":"","meta":{"footnotes":""},"class_list":["post-907","page","type-page","status-publish","hentry"],"yoast_head":"<!-- This site is optimized with the Yoast SEO plugin v26.8 - https:\/\/yoast.com\/product\/yoast-seo-wordpress\/ -->\n<title>Cashback az NBA-n 30% \u1409 Szerezz b\u00f3nuszokat a SpinBetter!<\/title>\n<meta name=\"description\" content=\"NBA Cashback a SpinBetter! \ud83d\udcb0Tudja meg, hogyan aktiv\u00e1lhatja a j\u00f6vedelmez\u0151 b\u00f3nuszokat \u00e9s hogyan vehet r\u00e9szt prom\u00f3ci\u00f3kban. Ne hagyja ki a lehet\u0151s\u00e9get, hogy n\u00f6velje nyerem\u00e9nyeit a SpinBetterrel!\" \/>\n<meta name=\"robots\" content=\"index, follow, max-snippet:-1, max-image-preview:large, max-video-preview:-1\" \/>\n<link rel=\"canonical\" href=\"https:\/\/spinbetter.games\/hungary\/bonus\/nba-cashback\/\" \/>\n<meta property=\"og:locale\" content=\"hu_HU\" \/>\n<meta property=\"og:type\" content=\"article\" \/>\n<meta property=\"og:title\" content=\"Cashback az NBA-n 30% \u1409 Szerezz b\u00f3nuszokat a SpinBetter!\" \/>\n<meta property=\"og:description\" content=\"NBA Cashback a SpinBetter! \ud83d\udcb0Tudja meg, hogyan aktiv\u00e1lhatja a j\u00f6vedelmez\u0151 b\u00f3nuszokat \u00e9s hogyan vehet r\u00e9szt prom\u00f3ci\u00f3kban. Ne hagyja ki a lehet\u0151s\u00e9get, hogy n\u00f6velje nyerem\u00e9nyeit a SpinBetterrel!\" \/>\n<meta property=\"og:url\" content=\"https:\/\/spinbetter.games\/hungary\/bonus\/nba-cashback\/\" \/>\n<meta property=\"og:site_name\" content=\"Spinbetter HU\" \/>\n<meta property=\"article:modified_time\" content=\"2026-04-01T10:41:30+00:00\" \/>\n<meta name=\"twitter:card\" content=\"summary_large_image\" \/>\n<script type=\"application\/ld+json\" class=\"yoast-schema-graph\">{\"@context\":\"https:\/\/schema.org\",\"@graph\":[{\"@type\":\"WebPage\",\"@id\":\"https:\/\/spinbetter.games\/hu\/bonus\/nba-cashback\/\",\"url\":\"https:\/\/spinbetter.games\/hungary\/bonus\/nba-cashback\/\",\"name\":\"Cashback az NBA-n 30% \u1409 Szerezz b\u00f3nuszokat a SpinBetter!\",\"isPartOf\":{\"@id\":\"https:\/\/spinbetter.games\/hu\/#website\"},\"datePublished\":\"2025-03-05T13:09:42+00:00\",\"dateModified\":\"2026-04-01T10:41:30+00:00\",\"description\":\"NBA Cashback a SpinBetter! \ud83d\udcb0Tudja meg, hogyan aktiv\u00e1lhatja a j\u00f6vedelmez\u0151 b\u00f3nuszokat \u00e9s hogyan vehet r\u00e9szt prom\u00f3ci\u00f3kban. Ne hagyja ki a lehet\u0151s\u00e9get, hogy n\u00f6velje nyerem\u00e9nyeit a SpinBetterrel!\",\"breadcrumb\":{\"@id\":\"https:\/\/spinbetter.games\/hungary\/bonus\/nba-cashback\/#breadcrumb\"},\"inLanguage\":\"hu\",\"potentialAction\":[{\"@type\":\"ReadAction\",\"target\":[\"https:\/\/spinbetter.games\/hungary\/bonus\/nba-cashback\/\"]}]},{\"@type\":\"BreadcrumbList\",\"@id\":\"https:\/\/spinbetter.games\/hungary\/bonus\/nba-cashback\/#breadcrumb\",\"itemListElement\":[{\"@type\":\"ListItem\",\"position\":1,\"name\":\"\u0413\u043b\u0430\u0432\u043d\u0430\u044f \u0441\u0442\u0440\u0430\u043d\u0438\u0446\u0430\",\"item\":\"https:\/\/spinbetter.games\/hu\/\"},{\"@type\":\"ListItem\",\"position\":2,\"name\":\"B\u00f3nusz\",\"item\":\"https:\/\/spinbetter.games\/hu\/bonus\/\"},{\"@type\":\"ListItem\",\"position\":3,\"name\":\"NBA Cashback\"}]},{\"@type\":\"WebSite\",\"@id\":\"https:\/\/spinbetter.games\/hu\/#website\",\"url\":\"https:\/\/spinbetter.games\/hu\/\",\"name\":\"Spinbetter HU\",\"description\":\"My WordPress Blog\",\"potentialAction\":[{\"@type\":\"SearchAction\",\"target\":{\"@type\":\"EntryPoint\",\"urlTemplate\":\"https:\/\/spinbetter.games\/hu\/?s={search_term_string}\"},\"query-input\":{\"@type\":\"PropertyValueSpecification\",\"valueRequired\":true,\"valueName\":\"search_term_string\"}}],\"inLanguage\":\"hu\"}]}<\/script>\n<!-- \/ Yoast SEO plugin. -->","yoast_head_json":{"title":"Cashback az NBA-n 30% \u1409 Szerezz b\u00f3nuszokat a SpinBetter!","description":"NBA Cashback a SpinBetter! \ud83d\udcb0Tudja meg, hogyan aktiv\u00e1lhatja a j\u00f6vedelmez\u0151 b\u00f3nuszokat \u00e9s hogyan vehet r\u00e9szt prom\u00f3ci\u00f3kban. Ne hagyja ki a lehet\u0151s\u00e9get, hogy n\u00f6velje nyerem\u00e9nyeit a SpinBetterrel!","robots":{"index":"index","follow":"follow","max-snippet":"max-snippet:-1","max-image-preview":"max-image-preview:large","max-video-preview":"max-video-preview:-1"},"canonical":"https:\/\/spinbetter.games\/hungary\/bonus\/nba-cashback\/","og_locale":"hu_HU","og_type":"article","og_title":"Cashback az NBA-n 30% \u1409 Szerezz b\u00f3nuszokat a SpinBetter!","og_description":"NBA Cashback a SpinBetter! \ud83d\udcb0Tudja meg, hogyan aktiv\u00e1lhatja a j\u00f6vedelmez\u0151 b\u00f3nuszokat \u00e9s hogyan vehet r\u00e9szt prom\u00f3ci\u00f3kban. Ne hagyja ki a lehet\u0151s\u00e9get, hogy n\u00f6velje nyerem\u00e9nyeit a SpinBetterrel!","og_url":"https:\/\/spinbetter.games\/hungary\/bonus\/nba-cashback\/","og_site_name":"Spinbetter HU","article_modified_time":"2026-04-01T10:41:30+00:00","twitter_card":"summary_large_image","schema":{"@context":"https:\/\/schema.org","@graph":[{"@type":"WebPage","@id":"https:\/\/spinbetter.games\/hu\/bonus\/nba-cashback\/","url":"https:\/\/spinbetter.games\/hungary\/bonus\/nba-cashback\/","name":"Cashback az NBA-n 30% \u1409 Szerezz b\u00f3nuszokat a SpinBetter!","isPartOf":{"@id":"https:\/\/spinbetter.games\/hu\/#website"},"datePublished":"2025-03-05T13:09:42+00:00","dateModified":"2026-04-01T10:41:30+00:00","description":"NBA Cashback a SpinBetter! \ud83d\udcb0Tudja meg, hogyan aktiv\u00e1lhatja a j\u00f6vedelmez\u0151 b\u00f3nuszokat \u00e9s hogyan vehet r\u00e9szt prom\u00f3ci\u00f3kban. Ne hagyja ki a lehet\u0151s\u00e9get, hogy n\u00f6velje nyerem\u00e9nyeit a SpinBetterrel!","breadcrumb":{"@id":"https:\/\/spinbetter.games\/hungary\/bonus\/nba-cashback\/#breadcrumb"},"inLanguage":"hu","potentialAction":[{"@type":"ReadAction","target":["https:\/\/spinbetter.games\/hungary\/bonus\/nba-cashback\/"]}]},{"@type":"BreadcrumbList","@id":"https:\/\/spinbetter.games\/hungary\/bonus\/nba-cashback\/#breadcrumb","itemListElement":[{"@type":"ListItem","position":1,"name":"\u0413\u043b\u0430\u0432\u043d\u0430\u044f \u0441\u0442\u0440\u0430\u043d\u0438\u0446\u0430","item":"https:\/\/spinbetter.games\/hu\/"},{"@type":"ListItem","position":2,"name":"B\u00f3nusz","item":"https:\/\/spinbetter.games\/hu\/bonus\/"},{"@type":"ListItem","position":3,"name":"NBA Cashback"}]},{"@type":"WebSite","@id":"https:\/\/spinbetter.games\/hu\/#website","url":"https:\/\/spinbetter.games\/hu\/","name":"Spinbetter HU","description":"My WordPress Blog","potentialAction":[{"@type":"SearchAction","target":{"@type":"EntryPoint","urlTemplate":"https:\/\/spinbetter.games\/hu\/?s={search_term_string}"},"query-input":{"@type":"PropertyValueSpecification","valueRequired":true,"valueName":"search_term_string"}}],"inLanguage":"hu"}]}},"_links":{"self":[{"href":"https:\/\/spinbetter.games\/hu\/wp-json\/wp\/v2\/pages\/907","targetHints":{"allow":["GET"]}}],"collection":[{"href":"https:\/\/spinbetter.games\/hu\/wp-json\/wp\/v2\/pages"}],"about":[{"href":"https:\/\/spinbetter.games\/hu\/wp-json\/wp\/v2\/types\/page"}],"author":[{"embeddable":true,"href":"https:\/\/spinbetter.games\/hu\/wp-json\/wp\/v2\/users\/1"}],"replies":[{"embeddable":true,"href":"https:\/\/spinbetter.games\/hu\/wp-json\/wp\/v2\/comments?post=907"}],"version-history":[{"count":3,"href":"https:\/\/spinbetter.games\/hu\/wp-json\/wp\/v2\/pages\/907\/revisions"}],"predecessor-version":[{"id":1985,"href":"https:\/\/spinbetter.games\/hu\/wp-json\/wp\/v2\/pages\/907\/revisions\/1985"}],"up":[{"embeddable":true,"href":"https:\/\/spinbetter.games\/hu\/wp-json\/wp\/v2\/pages\/152"}],"wp:attachment":[{"href":"https:\/\/spinbetter.games\/hu\/wp-json\/wp\/v2\/media?parent=907"}],"curies":[{"name":"wp","href":"https:\/\/api.w.org\/{rel}","templated":true}]}}