{"id":925,"date":"2025-03-05T14:42:45","date_gmt":"2025-03-05T14:42:45","guid":{"rendered":"https:\/\/spinbetter.games\/?page_id=925"},"modified":"2026-04-01T10:45:38","modified_gmt":"2026-04-01T10:45:38","slug":"welcome-pack","status":"publish","type":"page","link":"https:\/\/spinbetter.games\/hu\/bonus\/welcome-pack\/","title":{"rendered":"\u00dcdv\u00f6zl\u0151 csomag"},"content":{"rendered":"","protected":false},"excerpt":{"rendered":"","protected":false},"author":1,"featured_media":0,"parent":152,"menu_order":0,"comment_status":"closed","ping_status":"closed","template":"","meta":{"footnotes":""},"class_list":["post-925","page","type-page","status-publish","hentry"],"yoast_head":"<!-- This site is optimized with the Yoast SEO plugin v26.8 - https:\/\/yoast.com\/product\/yoast-seo-wordpress\/ -->\n<title>SpinBetter \u00fcdv\u00f6zl\u0151 b\u00f3nusz: ak\u00e1r 650 000 HUF \u00e9s 150 p\u00f6rget\u00e9s<\/title>\n<meta name=\"description\" content=\"Csatlakozzon a SpinBetter, \u00e9s kapjon \u00fcdv\u00f6zl\u0151 b\u00f3nuszt ak\u00e1r 650 000 HUF \u00e9s 150 ingyenes p\u00f6rget\u00e9st! \ud83d\udcb0Pr\u00f3b\u00e1ljon szerencs\u00e9t \u00e9s kezdjen el nyerni a nagylelk\u0171 \u00fajonc privil\u00e9giumokkal! Ne hagyd ki a lehet\u0151s\u00e9get!\" \/>\n<meta name=\"robots\" content=\"index, follow, max-snippet:-1, max-image-preview:large, max-video-preview:-1\" \/>\n<link rel=\"canonical\" href=\"https:\/\/spinbetter.games\/hungary\/bonus\/welcome-pack\/\" \/>\n<meta property=\"og:locale\" content=\"hu_HU\" \/>\n<meta property=\"og:type\" content=\"article\" \/>\n<meta property=\"og:title\" content=\"SpinBetter \u00fcdv\u00f6zl\u0151 b\u00f3nusz: ak\u00e1r 650 000 HUF \u00e9s 150 p\u00f6rget\u00e9s\" \/>\n<meta property=\"og:description\" content=\"Csatlakozzon a SpinBetter, \u00e9s kapjon \u00fcdv\u00f6zl\u0151 b\u00f3nuszt ak\u00e1r 650 000 HUF \u00e9s 150 ingyenes p\u00f6rget\u00e9st! \ud83d\udcb0Pr\u00f3b\u00e1ljon szerencs\u00e9t \u00e9s kezdjen el nyerni a nagylelk\u0171 \u00fajonc privil\u00e9giumokkal! Ne hagyd ki a lehet\u0151s\u00e9get!\" \/>\n<meta property=\"og:url\" content=\"https:\/\/spinbetter.games\/hungary\/bonus\/welcome-pack\/\" \/>\n<meta property=\"og:site_name\" content=\"Spinbetter HU\" \/>\n<meta property=\"article:modified_time\" content=\"2026-04-01T10:45:38+00:00\" \/>\n<meta name=\"twitter:card\" content=\"summary_large_image\" \/>\n<script type=\"application\/ld+json\" class=\"yoast-schema-graph\">{\"@context\":\"https:\/\/schema.org\",\"@graph\":[{\"@type\":\"WebPage\",\"@id\":\"https:\/\/spinbetter.games\/hu\/bonus\/welcome-pack\/\",\"url\":\"https:\/\/spinbetter.games\/hungary\/bonus\/welcome-pack\/\",\"name\":\"SpinBetter \u00fcdv\u00f6zl\u0151 b\u00f3nusz: ak\u00e1r 650 000 HUF \u00e9s 150 p\u00f6rget\u00e9s\",\"isPartOf\":{\"@id\":\"https:\/\/spinbetter.games\/hu\/#website\"},\"datePublished\":\"2025-03-05T14:42:45+00:00\",\"dateModified\":\"2026-04-01T10:45:38+00:00\",\"description\":\"Csatlakozzon a SpinBetter, \u00e9s kapjon \u00fcdv\u00f6zl\u0151 b\u00f3nuszt ak\u00e1r 650 000 HUF \u00e9s 150 ingyenes p\u00f6rget\u00e9st! \ud83d\udcb0Pr\u00f3b\u00e1ljon szerencs\u00e9t \u00e9s kezdjen el nyerni a nagylelk\u0171 \u00fajonc privil\u00e9giumokkal! Ne hagyd ki a lehet\u0151s\u00e9get!\",\"breadcrumb\":{\"@id\":\"https:\/\/spinbetter.games\/hungary\/bonus\/welcome-pack\/#breadcrumb\"},\"inLanguage\":\"hu\",\"potentialAction\":[{\"@type\":\"ReadAction\",\"target\":[\"https:\/\/spinbetter.games\/hungary\/bonus\/welcome-pack\/\"]}]},{\"@type\":\"BreadcrumbList\",\"@id\":\"https:\/\/spinbetter.games\/hungary\/bonus\/welcome-pack\/#breadcrumb\",\"itemListElement\":[{\"@type\":\"ListItem\",\"position\":1,\"name\":\"\u0413\u043b\u0430\u0432\u043d\u0430\u044f \u0441\u0442\u0440\u0430\u043d\u0438\u0446\u0430\",\"item\":\"https:\/\/spinbetter.games\/hu\/\"},{\"@type\":\"ListItem\",\"position\":2,\"name\":\"B\u00f3nusz\",\"item\":\"https:\/\/spinbetter.games\/hu\/bonus\/\"},{\"@type\":\"ListItem\",\"position\":3,\"name\":\"\u00dcdv\u00f6zl\u0151 csomag\"}]},{\"@type\":\"WebSite\",\"@id\":\"https:\/\/spinbetter.games\/hu\/#website\",\"url\":\"https:\/\/spinbetter.games\/hu\/\",\"name\":\"Spinbetter HU\",\"description\":\"My WordPress Blog\",\"potentialAction\":[{\"@type\":\"SearchAction\",\"target\":{\"@type\":\"EntryPoint\",\"urlTemplate\":\"https:\/\/spinbetter.games\/hu\/?s={search_term_string}\"},\"query-input\":{\"@type\":\"PropertyValueSpecification\",\"valueRequired\":true,\"valueName\":\"search_term_string\"}}],\"inLanguage\":\"hu\"}]}<\/script>\n<!-- \/ Yoast SEO plugin. -->","yoast_head_json":{"title":"SpinBetter \u00fcdv\u00f6zl\u0151 b\u00f3nusz: ak\u00e1r 650 000 HUF \u00e9s 150 p\u00f6rget\u00e9s","description":"Csatlakozzon a SpinBetter, \u00e9s kapjon \u00fcdv\u00f6zl\u0151 b\u00f3nuszt ak\u00e1r 650 000 HUF \u00e9s 150 ingyenes p\u00f6rget\u00e9st! \ud83d\udcb0Pr\u00f3b\u00e1ljon szerencs\u00e9t \u00e9s kezdjen el nyerni a nagylelk\u0171 \u00fajonc privil\u00e9giumokkal! Ne hagyd ki a lehet\u0151s\u00e9get!","robots":{"index":"index","follow":"follow","max-snippet":"max-snippet:-1","max-image-preview":"max-image-preview:large","max-video-preview":"max-video-preview:-1"},"canonical":"https:\/\/spinbetter.games\/hungary\/bonus\/welcome-pack\/","og_locale":"hu_HU","og_type":"article","og_title":"SpinBetter \u00fcdv\u00f6zl\u0151 b\u00f3nusz: ak\u00e1r 650 000 HUF \u00e9s 150 p\u00f6rget\u00e9s","og_description":"Csatlakozzon a SpinBetter, \u00e9s kapjon \u00fcdv\u00f6zl\u0151 b\u00f3nuszt ak\u00e1r 650 000 HUF \u00e9s 150 ingyenes p\u00f6rget\u00e9st! \ud83d\udcb0Pr\u00f3b\u00e1ljon szerencs\u00e9t \u00e9s kezdjen el nyerni a nagylelk\u0171 \u00fajonc privil\u00e9giumokkal! Ne hagyd ki a lehet\u0151s\u00e9get!","og_url":"https:\/\/spinbetter.games\/hungary\/bonus\/welcome-pack\/","og_site_name":"Spinbetter HU","article_modified_time":"2026-04-01T10:45:38+00:00","twitter_card":"summary_large_image","schema":{"@context":"https:\/\/schema.org","@graph":[{"@type":"WebPage","@id":"https:\/\/spinbetter.games\/hu\/bonus\/welcome-pack\/","url":"https:\/\/spinbetter.games\/hungary\/bonus\/welcome-pack\/","name":"SpinBetter \u00fcdv\u00f6zl\u0151 b\u00f3nusz: ak\u00e1r 650 000 HUF \u00e9s 150 p\u00f6rget\u00e9s","isPartOf":{"@id":"https:\/\/spinbetter.games\/hu\/#website"},"datePublished":"2025-03-05T14:42:45+00:00","dateModified":"2026-04-01T10:45:38+00:00","description":"Csatlakozzon a SpinBetter, \u00e9s kapjon \u00fcdv\u00f6zl\u0151 b\u00f3nuszt ak\u00e1r 650 000 HUF \u00e9s 150 ingyenes p\u00f6rget\u00e9st! \ud83d\udcb0Pr\u00f3b\u00e1ljon szerencs\u00e9t \u00e9s kezdjen el nyerni a nagylelk\u0171 \u00fajonc privil\u00e9giumokkal! Ne hagyd ki a lehet\u0151s\u00e9get!","breadcrumb":{"@id":"https:\/\/spinbetter.games\/hungary\/bonus\/welcome-pack\/#breadcrumb"},"inLanguage":"hu","potentialAction":[{"@type":"ReadAction","target":["https:\/\/spinbetter.games\/hungary\/bonus\/welcome-pack\/"]}]},{"@type":"BreadcrumbList","@id":"https:\/\/spinbetter.games\/hungary\/bonus\/welcome-pack\/#breadcrumb","itemListElement":[{"@type":"ListItem","position":1,"name":"\u0413\u043b\u0430\u0432\u043d\u0430\u044f \u0441\u0442\u0440\u0430\u043d\u0438\u0446\u0430","item":"https:\/\/spinbetter.games\/hu\/"},{"@type":"ListItem","position":2,"name":"B\u00f3nusz","item":"https:\/\/spinbetter.games\/hu\/bonus\/"},{"@type":"ListItem","position":3,"name":"\u00dcdv\u00f6zl\u0151 csomag"}]},{"@type":"WebSite","@id":"https:\/\/spinbetter.games\/hu\/#website","url":"https:\/\/spinbetter.games\/hu\/","name":"Spinbetter HU","description":"My WordPress Blog","potentialAction":[{"@type":"SearchAction","target":{"@type":"EntryPoint","urlTemplate":"https:\/\/spinbetter.games\/hu\/?s={search_term_string}"},"query-input":{"@type":"PropertyValueSpecification","valueRequired":true,"valueName":"search_term_string"}}],"inLanguage":"hu"}]}},"_links":{"self":[{"href":"https:\/\/spinbetter.games\/hu\/wp-json\/wp\/v2\/pages\/925","targetHints":{"allow":["GET"]}}],"collection":[{"href":"https:\/\/spinbetter.games\/hu\/wp-json\/wp\/v2\/pages"}],"about":[{"href":"https:\/\/spinbetter.games\/hu\/wp-json\/wp\/v2\/types\/page"}],"author":[{"embeddable":true,"href":"https:\/\/spinbetter.games\/hu\/wp-json\/wp\/v2\/users\/1"}],"replies":[{"embeddable":true,"href":"https:\/\/spinbetter.games\/hu\/wp-json\/wp\/v2\/comments?post=925"}],"version-history":[{"count":3,"href":"https:\/\/spinbetter.games\/hu\/wp-json\/wp\/v2\/pages\/925\/revisions"}],"predecessor-version":[{"id":1149,"href":"https:\/\/spinbetter.games\/hu\/wp-json\/wp\/v2\/pages\/925\/revisions\/1149"}],"up":[{"embeddable":true,"href":"https:\/\/spinbetter.games\/hu\/wp-json\/wp\/v2\/pages\/152"}],"wp:attachment":[{"href":"https:\/\/spinbetter.games\/hu\/wp-json\/wp\/v2\/media?parent=925"}],"curies":[{"name":"wp","href":"https:\/\/api.w.org\/{rel}","templated":true}]}}