{"id":1195,"date":"2025-05-05T08:29:50","date_gmt":"2025-05-05T08:29:50","guid":{"rendered":"https:\/\/spinbetter.games\/hungary\/?page_id=1195"},"modified":"2025-05-05T08:29:50","modified_gmt":"2025-05-05T08:29:50","slug":"advancebet","status":"publish","type":"page","link":"https:\/\/spinbetter.games\/hungary\/bonus\/advancebet\/","title":{"rendered":"El\u0151zetes fogad\u00e1s"},"content":{"rendered":"","protected":false},"excerpt":{"rendered":"","protected":false},"author":1,"featured_media":0,"parent":152,"menu_order":0,"comment_status":"closed","ping_status":"closed","template":"","meta":{"footnotes":""},"class_list":["post-1195","page","type-page","status-publish","hentry"],"yoast_head":"<!-- This site is optimized with the Yoast SEO plugin v26.8 - https:\/\/yoast.com\/product\/yoast-seo-wordpress\/ -->\n<title>SpinBetter el\u0151leg t\u00e9t: Hogyan kaphat el\u0151leget \u00e9l\u0151ben<\/title>\n<meta name=\"description\" content=\"Szeretne t\u00f6bbet fogadni an\u00e9lk\u00fcl, hogy megv\u00e1rn\u00e1 az el\u0151z\u0151 fogad\u00e1sok kiegyenl\u00edt\u00e9s\u00e9t? A SpinBetter el\u0151zetes fogad\u00e1st ad \u00d6nnek - vegyen k\u00f6lcs\u00f6n p\u00e9nzt, \u00e9s fogadjon \u00e9l\u0151 \u00e9s k\u00f6zelg\u0151 esem\u00e9nyekre m\u00e1r most! Ne hagyja ki a lehet\u0151s\u00e9get, hogy maximaliz\u00e1lja nyerem\u00e9nyeit a SpinBetterrel!\" \/>\n<meta name=\"robots\" content=\"index, follow, max-snippet:-1, max-image-preview:large, max-video-preview:-1\" \/>\n<link rel=\"canonical\" href=\"https:\/\/spinbetter.games\/hungary\/bonus\/advancebet\/\" \/>\n<meta property=\"og:locale\" content=\"hu_HU\" \/>\n<meta property=\"og:type\" content=\"article\" \/>\n<meta property=\"og:title\" content=\"SpinBetter el\u0151leg t\u00e9t: Hogyan kaphat el\u0151leget \u00e9l\u0151ben\" \/>\n<meta property=\"og:description\" content=\"Szeretne t\u00f6bbet fogadni an\u00e9lk\u00fcl, hogy megv\u00e1rn\u00e1 az el\u0151z\u0151 fogad\u00e1sok kiegyenl\u00edt\u00e9s\u00e9t? A SpinBetter el\u0151zetes fogad\u00e1st ad \u00d6nnek - vegyen k\u00f6lcs\u00f6n p\u00e9nzt, \u00e9s fogadjon \u00e9l\u0151 \u00e9s k\u00f6zelg\u0151 esem\u00e9nyekre m\u00e1r most! Ne hagyja ki a lehet\u0151s\u00e9get, hogy maximaliz\u00e1lja nyerem\u00e9nyeit a SpinBetterrel!\" \/>\n<meta property=\"og:url\" content=\"https:\/\/spinbetter.games\/hungary\/bonus\/advancebet\/\" \/>\n<meta property=\"og:site_name\" content=\"SpinBetter HU\" \/>\n<meta name=\"twitter:card\" content=\"summary_large_image\" \/>\n<script type=\"application\/ld+json\" class=\"yoast-schema-graph\">{\"@context\":\"https:\/\/schema.org\",\"@graph\":[{\"@type\":\"WebPage\",\"@id\":\"https:\/\/spinbetter.games\/hungary\/bonus\/advancebet\/\",\"url\":\"https:\/\/spinbetter.games\/hungary\/bonus\/advancebet\/\",\"name\":\"SpinBetter el\u0151leg t\u00e9t: Hogyan kaphat el\u0151leget \u00e9l\u0151ben\",\"isPartOf\":{\"@id\":\"https:\/\/spinbetter.games\/hungary\/#website\"},\"datePublished\":\"2025-05-05T08:29:50+00:00\",\"description\":\"Szeretne t\u00f6bbet fogadni an\u00e9lk\u00fcl, hogy megv\u00e1rn\u00e1 az el\u0151z\u0151 fogad\u00e1sok kiegyenl\u00edt\u00e9s\u00e9t? A SpinBetter el\u0151zetes fogad\u00e1st ad \u00d6nnek - vegyen k\u00f6lcs\u00f6n p\u00e9nzt, \u00e9s fogadjon \u00e9l\u0151 \u00e9s k\u00f6zelg\u0151 esem\u00e9nyekre m\u00e1r most! Ne hagyja ki a lehet\u0151s\u00e9get, hogy maximaliz\u00e1lja nyerem\u00e9nyeit a SpinBetterrel!\",\"breadcrumb\":{\"@id\":\"https:\/\/spinbetter.games\/hungary\/bonus\/advancebet\/#breadcrumb\"},\"inLanguage\":\"hu\",\"potentialAction\":[{\"@type\":\"ReadAction\",\"target\":[\"https:\/\/spinbetter.games\/hungary\/bonus\/advancebet\/\"]}]},{\"@type\":\"BreadcrumbList\",\"@id\":\"https:\/\/spinbetter.games\/hungary\/bonus\/advancebet\/#breadcrumb\",\"itemListElement\":[{\"@type\":\"ListItem\",\"position\":1,\"name\":\"\u0413\u043b\u0430\u0432\u043d\u0430\u044f \u0441\u0442\u0440\u0430\u043d\u0438\u0446\u0430\",\"item\":\"https:\/\/spinbetter.games\/hungary\/\"},{\"@type\":\"ListItem\",\"position\":2,\"name\":\"B\u00f3nusz\",\"item\":\"https:\/\/spinbetter.games\/hungary\/bonus\/\"},{\"@type\":\"ListItem\",\"position\":3,\"name\":\"El\u0151zetes fogad\u00e1s\"}]},{\"@type\":\"WebSite\",\"@id\":\"https:\/\/spinbetter.games\/hungary\/#website\",\"url\":\"https:\/\/spinbetter.games\/hungary\/\",\"name\":\"SpinBetter HU\",\"description\":\"My WordPress Blog\",\"potentialAction\":[{\"@type\":\"SearchAction\",\"target\":{\"@type\":\"EntryPoint\",\"urlTemplate\":\"https:\/\/spinbetter.games\/hungary\/?s={search_term_string}\"},\"query-input\":{\"@type\":\"PropertyValueSpecification\",\"valueRequired\":true,\"valueName\":\"search_term_string\"}}],\"inLanguage\":\"hu\"}]}<\/script>\n<!-- \/ Yoast SEO plugin. -->","yoast_head_json":{"title":"SpinBetter el\u0151leg t\u00e9t: Hogyan kaphat el\u0151leget \u00e9l\u0151ben","description":"Szeretne t\u00f6bbet fogadni an\u00e9lk\u00fcl, hogy megv\u00e1rn\u00e1 az el\u0151z\u0151 fogad\u00e1sok kiegyenl\u00edt\u00e9s\u00e9t? A SpinBetter el\u0151zetes fogad\u00e1st ad \u00d6nnek - vegyen k\u00f6lcs\u00f6n p\u00e9nzt, \u00e9s fogadjon \u00e9l\u0151 \u00e9s k\u00f6zelg\u0151 esem\u00e9nyekre m\u00e1r most! Ne hagyja ki a lehet\u0151s\u00e9get, hogy maximaliz\u00e1lja nyerem\u00e9nyeit a SpinBetterrel!","robots":{"index":"index","follow":"follow","max-snippet":"max-snippet:-1","max-image-preview":"max-image-preview:large","max-video-preview":"max-video-preview:-1"},"canonical":"https:\/\/spinbetter.games\/hungary\/bonus\/advancebet\/","og_locale":"hu_HU","og_type":"article","og_title":"SpinBetter el\u0151leg t\u00e9t: Hogyan kaphat el\u0151leget \u00e9l\u0151ben","og_description":"Szeretne t\u00f6bbet fogadni an\u00e9lk\u00fcl, hogy megv\u00e1rn\u00e1 az el\u0151z\u0151 fogad\u00e1sok kiegyenl\u00edt\u00e9s\u00e9t? A SpinBetter el\u0151zetes fogad\u00e1st ad \u00d6nnek - vegyen k\u00f6lcs\u00f6n p\u00e9nzt, \u00e9s fogadjon \u00e9l\u0151 \u00e9s k\u00f6zelg\u0151 esem\u00e9nyekre m\u00e1r most! Ne hagyja ki a lehet\u0151s\u00e9get, hogy maximaliz\u00e1lja nyerem\u00e9nyeit a SpinBetterrel!","og_url":"https:\/\/spinbetter.games\/hungary\/bonus\/advancebet\/","og_site_name":"SpinBetter HU","twitter_card":"summary_large_image","schema":{"@context":"https:\/\/schema.org","@graph":[{"@type":"WebPage","@id":"https:\/\/spinbetter.games\/hungary\/bonus\/advancebet\/","url":"https:\/\/spinbetter.games\/hungary\/bonus\/advancebet\/","name":"SpinBetter el\u0151leg t\u00e9t: Hogyan kaphat el\u0151leget \u00e9l\u0151ben","isPartOf":{"@id":"https:\/\/spinbetter.games\/hungary\/#website"},"datePublished":"2025-05-05T08:29:50+00:00","description":"Szeretne t\u00f6bbet fogadni an\u00e9lk\u00fcl, hogy megv\u00e1rn\u00e1 az el\u0151z\u0151 fogad\u00e1sok kiegyenl\u00edt\u00e9s\u00e9t? A SpinBetter el\u0151zetes fogad\u00e1st ad \u00d6nnek - vegyen k\u00f6lcs\u00f6n p\u00e9nzt, \u00e9s fogadjon \u00e9l\u0151 \u00e9s k\u00f6zelg\u0151 esem\u00e9nyekre m\u00e1r most! Ne hagyja ki a lehet\u0151s\u00e9get, hogy maximaliz\u00e1lja nyerem\u00e9nyeit a SpinBetterrel!","breadcrumb":{"@id":"https:\/\/spinbetter.games\/hungary\/bonus\/advancebet\/#breadcrumb"},"inLanguage":"hu","potentialAction":[{"@type":"ReadAction","target":["https:\/\/spinbetter.games\/hungary\/bonus\/advancebet\/"]}]},{"@type":"BreadcrumbList","@id":"https:\/\/spinbetter.games\/hungary\/bonus\/advancebet\/#breadcrumb","itemListElement":[{"@type":"ListItem","position":1,"name":"\u0413\u043b\u0430\u0432\u043d\u0430\u044f \u0441\u0442\u0440\u0430\u043d\u0438\u0446\u0430","item":"https:\/\/spinbetter.games\/hungary\/"},{"@type":"ListItem","position":2,"name":"B\u00f3nusz","item":"https:\/\/spinbetter.games\/hungary\/bonus\/"},{"@type":"ListItem","position":3,"name":"El\u0151zetes fogad\u00e1s"}]},{"@type":"WebSite","@id":"https:\/\/spinbetter.games\/hungary\/#website","url":"https:\/\/spinbetter.games\/hungary\/","name":"SpinBetter HU","description":"My WordPress Blog","potentialAction":[{"@type":"SearchAction","target":{"@type":"EntryPoint","urlTemplate":"https:\/\/spinbetter.games\/hungary\/?s={search_term_string}"},"query-input":{"@type":"PropertyValueSpecification","valueRequired":true,"valueName":"search_term_string"}}],"inLanguage":"hu"}]}},"_links":{"self":[{"href":"https:\/\/spinbetter.games\/hungary\/wp-json\/wp\/v2\/pages\/1195","targetHints":{"allow":["GET"]}}],"collection":[{"href":"https:\/\/spinbetter.games\/hungary\/wp-json\/wp\/v2\/pages"}],"about":[{"href":"https:\/\/spinbetter.games\/hungary\/wp-json\/wp\/v2\/types\/page"}],"author":[{"embeddable":true,"href":"https:\/\/spinbetter.games\/hungary\/wp-json\/wp\/v2\/users\/1"}],"replies":[{"embeddable":true,"href":"https:\/\/spinbetter.games\/hungary\/wp-json\/wp\/v2\/comments?post=1195"}],"version-history":[{"count":1,"href":"https:\/\/spinbetter.games\/hungary\/wp-json\/wp\/v2\/pages\/1195\/revisions"}],"predecessor-version":[{"id":1196,"href":"https:\/\/spinbetter.games\/hungary\/wp-json\/wp\/v2\/pages\/1195\/revisions\/1196"}],"up":[{"embeddable":true,"href":"https:\/\/spinbetter.games\/hungary\/wp-json\/wp\/v2\/pages\/152"}],"wp:attachment":[{"href":"https:\/\/spinbetter.games\/hungary\/wp-json\/wp\/v2\/media?parent=1195"}],"curies":[{"name":"wp","href":"https:\/\/api.w.org\/{rel}","templated":true}]}}