{"id":152,"date":"2024-09-18T17:39:43","date_gmt":"2024-09-18T17:39:43","guid":{"rendered":"https:\/\/spinbetter.games\/?page_id=152"},"modified":"2025-12-29T08:32:02","modified_gmt":"2025-12-29T08:32:02","slug":"bonus","status":"publish","type":"page","link":"https:\/\/spinbetter.games\/hungary\/bonus\/","title":{"rendered":"B\u00f3nusz"},"content":{"rendered":"","protected":false},"excerpt":{"rendered":"","protected":false},"author":1,"featured_media":0,"parent":0,"menu_order":0,"comment_status":"closed","ping_status":"closed","template":"","meta":{"footnotes":""},"class_list":["post-152","page","type-page","status-publish","hentry"],"yoast_head":"<!-- This site is optimized with the Yoast SEO plugin v26.8 - https:\/\/yoast.com\/product\/yoast-seo-wordpress\/ -->\n<title>SpinBetter b\u00f3nusz \u2714\ufe0f \u00dcdv\u00f6zl\u0151 aj\u00e1nlat \u00e9s prom\u00f3ci\u00f3k<\/title>\n<meta name=\"description\" content=\"P\u00f6rgess jobban - kapj 100% b\u00f3nuszt az els\u0151 befizet\u00e9sedre \u27a4 Ingyenes fogad\u00e1sok \u00faj j\u00e1t\u00e9kosoknak \u27a4 \u00dcdv\u00f6zl\u0151 b\u00f3nuszok regisztr\u00e1ci\u00f3hoz\" \/>\n<meta name=\"robots\" content=\"index, follow, max-snippet:-1, max-image-preview:large, max-video-preview:-1\" \/>\n<link rel=\"canonical\" href=\"https:\/\/spinbetter.games\/hungary\/bonus\/\" \/>\n<meta property=\"og:locale\" content=\"hu_HU\" \/>\n<meta property=\"og:type\" content=\"article\" \/>\n<meta property=\"og:title\" content=\"SpinBetter b\u00f3nusz \u2714\ufe0f \u00dcdv\u00f6zl\u0151 aj\u00e1nlat \u00e9s prom\u00f3ci\u00f3k\" \/>\n<meta property=\"og:description\" content=\"P\u00f6rgess jobban - kapj 100% b\u00f3nuszt az els\u0151 befizet\u00e9sedre \u27a4 Ingyenes fogad\u00e1sok \u00faj j\u00e1t\u00e9kosoknak \u27a4 \u00dcdv\u00f6zl\u0151 b\u00f3nuszok regisztr\u00e1ci\u00f3hoz\" \/>\n<meta property=\"og:url\" content=\"https:\/\/spinbetter.games\/hungary\/bonus\/\" \/>\n<meta property=\"og:site_name\" content=\"SpinBetter HU\" \/>\n<meta property=\"article:modified_time\" content=\"2025-12-29T08:32:02+00:00\" \/>\n<meta name=\"twitter:card\" content=\"summary_large_image\" \/>\n<script type=\"application\/ld+json\" class=\"yoast-schema-graph\">{\"@context\":\"https:\/\/schema.org\",\"@graph\":[{\"@type\":\"WebPage\",\"@id\":\"https:\/\/spinbetter.games\/hungary\/bonus\/\",\"url\":\"https:\/\/spinbetter.games\/hungary\/bonus\/\",\"name\":\"SpinBetter b\u00f3nusz \u2714\ufe0f \u00dcdv\u00f6zl\u0151 aj\u00e1nlat \u00e9s prom\u00f3ci\u00f3k\",\"isPartOf\":{\"@id\":\"https:\/\/spinbetter.games\/hungary\/#website\"},\"datePublished\":\"2024-09-18T17:39:43+00:00\",\"dateModified\":\"2025-12-29T08:32:02+00:00\",\"description\":\"P\u00f6rgess jobban - kapj 100% b\u00f3nuszt az els\u0151 befizet\u00e9sedre \u27a4 Ingyenes fogad\u00e1sok \u00faj j\u00e1t\u00e9kosoknak \u27a4 \u00dcdv\u00f6zl\u0151 b\u00f3nuszok regisztr\u00e1ci\u00f3hoz\",\"breadcrumb\":{\"@id\":\"https:\/\/spinbetter.games\/hungary\/bonus\/#breadcrumb\"},\"inLanguage\":\"hu\",\"potentialAction\":[{\"@type\":\"ReadAction\",\"target\":[\"https:\/\/spinbetter.games\/hungary\/bonus\/\"]}]},{\"@type\":\"BreadcrumbList\",\"@id\":\"https:\/\/spinbetter.games\/hungary\/bonus\/#breadcrumb\",\"itemListElement\":[{\"@type\":\"ListItem\",\"position\":1,\"name\":\"\u0413\u043b\u0430\u0432\u043d\u0430\u044f \u0441\u0442\u0440\u0430\u043d\u0438\u0446\u0430\",\"item\":\"https:\/\/spinbetter.games\/hungary\/\"},{\"@type\":\"ListItem\",\"position\":2,\"name\":\"B\u00f3nusz\"}]},{\"@type\":\"WebSite\",\"@id\":\"https:\/\/spinbetter.games\/hungary\/#website\",\"url\":\"https:\/\/spinbetter.games\/hungary\/\",\"name\":\"SpinBetter HU\",\"description\":\"My WordPress Blog\",\"potentialAction\":[{\"@type\":\"SearchAction\",\"target\":{\"@type\":\"EntryPoint\",\"urlTemplate\":\"https:\/\/spinbetter.games\/hungary\/?s={search_term_string}\"},\"query-input\":{\"@type\":\"PropertyValueSpecification\",\"valueRequired\":true,\"valueName\":\"search_term_string\"}}],\"inLanguage\":\"hu\"}]}<\/script>\n<!-- \/ Yoast SEO plugin. -->","yoast_head_json":{"title":"SpinBetter b\u00f3nusz \u2714\ufe0f \u00dcdv\u00f6zl\u0151 aj\u00e1nlat \u00e9s prom\u00f3ci\u00f3k","description":"P\u00f6rgess jobban - kapj 100% b\u00f3nuszt az els\u0151 befizet\u00e9sedre \u27a4 Ingyenes fogad\u00e1sok \u00faj j\u00e1t\u00e9kosoknak \u27a4 \u00dcdv\u00f6zl\u0151 b\u00f3nuszok regisztr\u00e1ci\u00f3hoz","robots":{"index":"index","follow":"follow","max-snippet":"max-snippet:-1","max-image-preview":"max-image-preview:large","max-video-preview":"max-video-preview:-1"},"canonical":"https:\/\/spinbetter.games\/hungary\/bonus\/","og_locale":"hu_HU","og_type":"article","og_title":"SpinBetter b\u00f3nusz \u2714\ufe0f \u00dcdv\u00f6zl\u0151 aj\u00e1nlat \u00e9s prom\u00f3ci\u00f3k","og_description":"P\u00f6rgess jobban - kapj 100% b\u00f3nuszt az els\u0151 befizet\u00e9sedre \u27a4 Ingyenes fogad\u00e1sok \u00faj j\u00e1t\u00e9kosoknak \u27a4 \u00dcdv\u00f6zl\u0151 b\u00f3nuszok regisztr\u00e1ci\u00f3hoz","og_url":"https:\/\/spinbetter.games\/hungary\/bonus\/","og_site_name":"SpinBetter HU","article_modified_time":"2025-12-29T08:32:02+00:00","twitter_card":"summary_large_image","schema":{"@context":"https:\/\/schema.org","@graph":[{"@type":"WebPage","@id":"https:\/\/spinbetter.games\/hungary\/bonus\/","url":"https:\/\/spinbetter.games\/hungary\/bonus\/","name":"SpinBetter b\u00f3nusz \u2714\ufe0f \u00dcdv\u00f6zl\u0151 aj\u00e1nlat \u00e9s prom\u00f3ci\u00f3k","isPartOf":{"@id":"https:\/\/spinbetter.games\/hungary\/#website"},"datePublished":"2024-09-18T17:39:43+00:00","dateModified":"2025-12-29T08:32:02+00:00","description":"P\u00f6rgess jobban - kapj 100% b\u00f3nuszt az els\u0151 befizet\u00e9sedre \u27a4 Ingyenes fogad\u00e1sok \u00faj j\u00e1t\u00e9kosoknak \u27a4 \u00dcdv\u00f6zl\u0151 b\u00f3nuszok regisztr\u00e1ci\u00f3hoz","breadcrumb":{"@id":"https:\/\/spinbetter.games\/hungary\/bonus\/#breadcrumb"},"inLanguage":"hu","potentialAction":[{"@type":"ReadAction","target":["https:\/\/spinbetter.games\/hungary\/bonus\/"]}]},{"@type":"BreadcrumbList","@id":"https:\/\/spinbetter.games\/hungary\/bonus\/#breadcrumb","itemListElement":[{"@type":"ListItem","position":1,"name":"\u0413\u043b\u0430\u0432\u043d\u0430\u044f \u0441\u0442\u0440\u0430\u043d\u0438\u0446\u0430","item":"https:\/\/spinbetter.games\/hungary\/"},{"@type":"ListItem","position":2,"name":"B\u00f3nusz"}]},{"@type":"WebSite","@id":"https:\/\/spinbetter.games\/hungary\/#website","url":"https:\/\/spinbetter.games\/hungary\/","name":"SpinBetter HU","description":"My WordPress Blog","potentialAction":[{"@type":"SearchAction","target":{"@type":"EntryPoint","urlTemplate":"https:\/\/spinbetter.games\/hungary\/?s={search_term_string}"},"query-input":{"@type":"PropertyValueSpecification","valueRequired":true,"valueName":"search_term_string"}}],"inLanguage":"hu"}]}},"_links":{"self":[{"href":"https:\/\/spinbetter.games\/hungary\/wp-json\/wp\/v2\/pages\/152","targetHints":{"allow":["GET"]}}],"collection":[{"href":"https:\/\/spinbetter.games\/hungary\/wp-json\/wp\/v2\/pages"}],"about":[{"href":"https:\/\/spinbetter.games\/hungary\/wp-json\/wp\/v2\/types\/page"}],"author":[{"embeddable":true,"href":"https:\/\/spinbetter.games\/hungary\/wp-json\/wp\/v2\/users\/1"}],"replies":[{"embeddable":true,"href":"https:\/\/spinbetter.games\/hungary\/wp-json\/wp\/v2\/comments?post=152"}],"version-history":[{"count":9,"href":"https:\/\/spinbetter.games\/hungary\/wp-json\/wp\/v2\/pages\/152\/revisions"}],"predecessor-version":[{"id":1966,"href":"https:\/\/spinbetter.games\/hungary\/wp-json\/wp\/v2\/pages\/152\/revisions\/1966"}],"wp:attachment":[{"href":"https:\/\/spinbetter.games\/hungary\/wp-json\/wp\/v2\/media?parent=152"}],"curies":[{"name":"wp","href":"https:\/\/api.w.org\/{rel}","templated":true}]}}