{"id":1565,"date":"2025-09-22T10:34:25","date_gmt":"2025-09-22T10:34:25","guid":{"rendered":"https:\/\/spinbetter.games\/?page_id=1565"},"modified":"2025-12-20T04:28:01","modified_gmt":"2025-12-20T04:28:01","slug":"cyber-freebet","status":"publish","type":"page","link":"https:\/\/spinbetter.games\/hungary\/bonus\/cyber-freebet\/","title":{"rendered":"Cyber ingyenes fogad\u00e1s"},"content":{"rendered":"","protected":false},"excerpt":{"rendered":"","protected":false},"author":1,"featured_media":0,"parent":152,"menu_order":0,"comment_status":"closed","ping_status":"closed","template":"","meta":{"footnotes":""},"class_list":["post-1565","page","type-page","status-publish","hentry"],"yoast_head":"<!-- This site is optimized with the Yoast SEO plugin v26.8 - https:\/\/yoast.com\/product\/yoast-seo-wordpress\/ -->\n<title>SpinBetter Cyber ingyenes fogad\u00e1s \u1409 Ak\u00e1r 77 000 HUF<\/title>\n<meta name=\"description\" content=\"Csatlakozz a SpinBetter Cyber Freebet prom\u00f3ci\u00f3j\u00e1hoz! Tegyen 4000 HUF feletti fogad\u00e1st a The International-ra, \u00e9s nyerjen ak\u00e1r 77 000 HUF \u00e9rt\u00e9k\u0171 ingyenes fogad\u00e1st. Ne hagyja ki a nyer\u00e9si lehet\u0151s\u00e9get!\" \/>\n<meta name=\"robots\" content=\"index, follow, max-snippet:-1, max-image-preview:large, max-video-preview:-1\" \/>\n<link rel=\"canonical\" href=\"https:\/\/spinbetter.games\/hungary\/bonus\/cyber-freebet\/\" \/>\n<meta property=\"og:locale\" content=\"hu_HU\" \/>\n<meta property=\"og:type\" content=\"article\" \/>\n<meta property=\"og:title\" content=\"SpinBetter Cyber ingyenes fogad\u00e1s \u1409 Ak\u00e1r 77 000 HUF\" \/>\n<meta property=\"og:description\" content=\"Csatlakozz a SpinBetter Cyber Freebet prom\u00f3ci\u00f3j\u00e1hoz! Tegyen 4000 HUF feletti fogad\u00e1st a The International-ra, \u00e9s nyerjen ak\u00e1r 77 000 HUF \u00e9rt\u00e9k\u0171 ingyenes fogad\u00e1st. Ne hagyja ki a nyer\u00e9si lehet\u0151s\u00e9get!\" \/>\n<meta property=\"og:url\" content=\"https:\/\/spinbetter.games\/hungary\/bonus\/cyber-freebet\/\" \/>\n<meta property=\"og:site_name\" content=\"SpinBetter HU\" \/>\n<meta property=\"article:modified_time\" content=\"2025-12-20T04:28:01+00:00\" \/>\n<meta name=\"twitter:card\" content=\"summary_large_image\" \/>\n<script type=\"application\/ld+json\" class=\"yoast-schema-graph\">{\"@context\":\"https:\/\/schema.org\",\"@graph\":[{\"@type\":\"WebPage\",\"@id\":\"https:\/\/spinbetter.games\/hungary\/bonus\/cyber-freebet\/\",\"url\":\"https:\/\/spinbetter.games\/hungary\/bonus\/cyber-freebet\/\",\"name\":\"SpinBetter Cyber ingyenes fogad\u00e1s \u1409 Ak\u00e1r 77 000 HUF\",\"isPartOf\":{\"@id\":\"https:\/\/spinbetter.games\/hungary\/#website\"},\"datePublished\":\"2025-09-22T10:34:25+00:00\",\"dateModified\":\"2025-12-20T04:28:01+00:00\",\"description\":\"Csatlakozz a SpinBetter Cyber Freebet prom\u00f3ci\u00f3j\u00e1hoz! Tegyen 4000 HUF feletti fogad\u00e1st a The International-ra, \u00e9s nyerjen ak\u00e1r 77 000 HUF \u00e9rt\u00e9k\u0171 ingyenes fogad\u00e1st. Ne hagyja ki a nyer\u00e9si lehet\u0151s\u00e9get!\",\"breadcrumb\":{\"@id\":\"https:\/\/spinbetter.games\/hungary\/bonus\/cyber-freebet\/#breadcrumb\"},\"inLanguage\":\"hu\",\"potentialAction\":[{\"@type\":\"ReadAction\",\"target\":[\"https:\/\/spinbetter.games\/hungary\/bonus\/cyber-freebet\/\"]}]},{\"@type\":\"BreadcrumbList\",\"@id\":\"https:\/\/spinbetter.games\/hungary\/bonus\/cyber-freebet\/#breadcrumb\",\"itemListElement\":[{\"@type\":\"ListItem\",\"position\":1,\"name\":\"\u0413\u043b\u0430\u0432\u043d\u0430\u044f \u0441\u0442\u0440\u0430\u043d\u0438\u0446\u0430\",\"item\":\"https:\/\/spinbetter.games\/hungary\/\"},{\"@type\":\"ListItem\",\"position\":2,\"name\":\"B\u00f3nusz\",\"item\":\"https:\/\/spinbetter.games\/hungary\/bonus\/\"},{\"@type\":\"ListItem\",\"position\":3,\"name\":\"Cyber ingyenes fogad\u00e1s\"}]},{\"@type\":\"WebSite\",\"@id\":\"https:\/\/spinbetter.games\/hungary\/#website\",\"url\":\"https:\/\/spinbetter.games\/hungary\/\",\"name\":\"SpinBetter HU\",\"description\":\"My WordPress Blog\",\"potentialAction\":[{\"@type\":\"SearchAction\",\"target\":{\"@type\":\"EntryPoint\",\"urlTemplate\":\"https:\/\/spinbetter.games\/hungary\/?s={search_term_string}\"},\"query-input\":{\"@type\":\"PropertyValueSpecification\",\"valueRequired\":true,\"valueName\":\"search_term_string\"}}],\"inLanguage\":\"hu\"}]}<\/script>\n<!-- \/ Yoast SEO plugin. -->","yoast_head_json":{"title":"SpinBetter Cyber ingyenes fogad\u00e1s \u1409 Ak\u00e1r 77 000 HUF","description":"Csatlakozz a SpinBetter Cyber Freebet prom\u00f3ci\u00f3j\u00e1hoz! Tegyen 4000 HUF feletti fogad\u00e1st a The International-ra, \u00e9s nyerjen ak\u00e1r 77 000 HUF \u00e9rt\u00e9k\u0171 ingyenes fogad\u00e1st. Ne hagyja ki a nyer\u00e9si lehet\u0151s\u00e9get!","robots":{"index":"index","follow":"follow","max-snippet":"max-snippet:-1","max-image-preview":"max-image-preview:large","max-video-preview":"max-video-preview:-1"},"canonical":"https:\/\/spinbetter.games\/hungary\/bonus\/cyber-freebet\/","og_locale":"hu_HU","og_type":"article","og_title":"SpinBetter Cyber ingyenes fogad\u00e1s \u1409 Ak\u00e1r 77 000 HUF","og_description":"Csatlakozz a SpinBetter Cyber Freebet prom\u00f3ci\u00f3j\u00e1hoz! Tegyen 4000 HUF feletti fogad\u00e1st a The International-ra, \u00e9s nyerjen ak\u00e1r 77 000 HUF \u00e9rt\u00e9k\u0171 ingyenes fogad\u00e1st. Ne hagyja ki a nyer\u00e9si lehet\u0151s\u00e9get!","og_url":"https:\/\/spinbetter.games\/hungary\/bonus\/cyber-freebet\/","og_site_name":"SpinBetter HU","article_modified_time":"2025-12-20T04:28:01+00:00","twitter_card":"summary_large_image","schema":{"@context":"https:\/\/schema.org","@graph":[{"@type":"WebPage","@id":"https:\/\/spinbetter.games\/hungary\/bonus\/cyber-freebet\/","url":"https:\/\/spinbetter.games\/hungary\/bonus\/cyber-freebet\/","name":"SpinBetter Cyber ingyenes fogad\u00e1s \u1409 Ak\u00e1r 77 000 HUF","isPartOf":{"@id":"https:\/\/spinbetter.games\/hungary\/#website"},"datePublished":"2025-09-22T10:34:25+00:00","dateModified":"2025-12-20T04:28:01+00:00","description":"Csatlakozz a SpinBetter Cyber Freebet prom\u00f3ci\u00f3j\u00e1hoz! Tegyen 4000 HUF feletti fogad\u00e1st a The International-ra, \u00e9s nyerjen ak\u00e1r 77 000 HUF \u00e9rt\u00e9k\u0171 ingyenes fogad\u00e1st. Ne hagyja ki a nyer\u00e9si lehet\u0151s\u00e9get!","breadcrumb":{"@id":"https:\/\/spinbetter.games\/hungary\/bonus\/cyber-freebet\/#breadcrumb"},"inLanguage":"hu","potentialAction":[{"@type":"ReadAction","target":["https:\/\/spinbetter.games\/hungary\/bonus\/cyber-freebet\/"]}]},{"@type":"BreadcrumbList","@id":"https:\/\/spinbetter.games\/hungary\/bonus\/cyber-freebet\/#breadcrumb","itemListElement":[{"@type":"ListItem","position":1,"name":"\u0413\u043b\u0430\u0432\u043d\u0430\u044f \u0441\u0442\u0440\u0430\u043d\u0438\u0446\u0430","item":"https:\/\/spinbetter.games\/hungary\/"},{"@type":"ListItem","position":2,"name":"B\u00f3nusz","item":"https:\/\/spinbetter.games\/hungary\/bonus\/"},{"@type":"ListItem","position":3,"name":"Cyber ingyenes fogad\u00e1s"}]},{"@type":"WebSite","@id":"https:\/\/spinbetter.games\/hungary\/#website","url":"https:\/\/spinbetter.games\/hungary\/","name":"SpinBetter HU","description":"My WordPress Blog","potentialAction":[{"@type":"SearchAction","target":{"@type":"EntryPoint","urlTemplate":"https:\/\/spinbetter.games\/hungary\/?s={search_term_string}"},"query-input":{"@type":"PropertyValueSpecification","valueRequired":true,"valueName":"search_term_string"}}],"inLanguage":"hu"}]}},"_links":{"self":[{"href":"https:\/\/spinbetter.games\/hungary\/wp-json\/wp\/v2\/pages\/1565","targetHints":{"allow":["GET"]}}],"collection":[{"href":"https:\/\/spinbetter.games\/hungary\/wp-json\/wp\/v2\/pages"}],"about":[{"href":"https:\/\/spinbetter.games\/hungary\/wp-json\/wp\/v2\/types\/page"}],"author":[{"embeddable":true,"href":"https:\/\/spinbetter.games\/hungary\/wp-json\/wp\/v2\/users\/1"}],"replies":[{"embeddable":true,"href":"https:\/\/spinbetter.games\/hungary\/wp-json\/wp\/v2\/comments?post=1565"}],"version-history":[{"count":2,"href":"https:\/\/spinbetter.games\/hungary\/wp-json\/wp\/v2\/pages\/1565\/revisions"}],"predecessor-version":[{"id":1938,"href":"https:\/\/spinbetter.games\/hungary\/wp-json\/wp\/v2\/pages\/1565\/revisions\/1938"}],"up":[{"embeddable":true,"href":"https:\/\/spinbetter.games\/hungary\/wp-json\/wp\/v2\/pages\/152"}],"wp:attachment":[{"href":"https:\/\/spinbetter.games\/hungary\/wp-json\/wp\/v2\/media?parent=1565"}],"curies":[{"name":"wp","href":"https:\/\/api.w.org\/{rel}","templated":true}]}}