{"id":1836,"date":"2025-12-02T06:49:28","date_gmt":"2025-12-02T06:49:28","guid":{"rendered":"https:\/\/spinbetter.games\/?page_id=1836"},"modified":"2025-12-20T04:54:55","modified_gmt":"2025-12-20T04:54:55","slug":"ice-hockey","status":"publish","type":"page","link":"https:\/\/spinbetter.games\/hungary\/ice-hockey\/","title":{"rendered":"J\u00e9gkorong"},"content":{"rendered":"","protected":false},"excerpt":{"rendered":"","protected":false},"author":1,"featured_media":0,"parent":0,"menu_order":0,"comment_status":"closed","ping_status":"closed","template":"","meta":{"footnotes":""},"class_list":["post-1836","page","type-page","status-publish","hentry"],"yoast_head":"<!-- This site is optimized with the Yoast SEO plugin v26.8 - https:\/\/yoast.com\/product\/yoast-seo-wordpress\/ -->\n<title>Spinbetter J\u00e9gkorong fogad\u00e1sok \u2705 NHL, KHL Magas oddsok<\/title>\n<meta name=\"description\" content=\"Tegye meg fogad\u00e1saidat a j\u00e9gkorongra a \ud83d\udd25 hivatalos Spinbetter weboldalon! Sz\u00e9les v\u00e1laszt\u00e9k az NHL, KHL \u00e9s a vil\u00e1gbajnoks\u00e1g piacain. Magas oddsok, t\u00f6bb mint 500 kimenetel \u00e9s 100% b\u00f3nusz az els\u0151 befizet\u00e9sedre. Heti cashback \u00e9s gyors kifizet\u00e9sek.\" \/>\n<meta name=\"robots\" content=\"index, follow, max-snippet:-1, max-image-preview:large, max-video-preview:-1\" \/>\n<link rel=\"canonical\" href=\"https:\/\/spinbetter.games\/hungary\/ice-hockey\/\" \/>\n<meta property=\"og:locale\" content=\"hu_HU\" \/>\n<meta property=\"og:type\" content=\"article\" \/>\n<meta property=\"og:title\" content=\"Spinbetter J\u00e9gkorong fogad\u00e1sok \u2705 NHL, KHL Magas oddsok\" \/>\n<meta property=\"og:description\" content=\"Tegye meg fogad\u00e1saidat a j\u00e9gkorongra a \ud83d\udd25 hivatalos Spinbetter weboldalon! Sz\u00e9les v\u00e1laszt\u00e9k az NHL, KHL \u00e9s a vil\u00e1gbajnoks\u00e1g piacain. Magas oddsok, t\u00f6bb mint 500 kimenetel \u00e9s 100% b\u00f3nusz az els\u0151 befizet\u00e9sedre. Heti cashback \u00e9s gyors kifizet\u00e9sek.\" \/>\n<meta property=\"og:url\" content=\"https:\/\/spinbetter.games\/hungary\/ice-hockey\/\" \/>\n<meta property=\"og:site_name\" content=\"SpinBetter HU\" \/>\n<meta property=\"article:modified_time\" content=\"2025-12-20T04:54:55+00:00\" \/>\n<meta name=\"twitter:card\" content=\"summary_large_image\" \/>\n<script type=\"application\/ld+json\" class=\"yoast-schema-graph\">{\"@context\":\"https:\/\/schema.org\",\"@graph\":[{\"@type\":\"WebPage\",\"@id\":\"https:\/\/spinbetter.games\/hungary\/ice-hockey\/\",\"url\":\"https:\/\/spinbetter.games\/hungary\/ice-hockey\/\",\"name\":\"Spinbetter J\u00e9gkorong fogad\u00e1sok \u2705 NHL, KHL Magas oddsok\",\"isPartOf\":{\"@id\":\"https:\/\/spinbetter.games\/hungary\/#website\"},\"datePublished\":\"2025-12-02T06:49:28+00:00\",\"dateModified\":\"2025-12-20T04:54:55+00:00\",\"description\":\"Tegye meg fogad\u00e1saidat a j\u00e9gkorongra a \ud83d\udd25 hivatalos Spinbetter weboldalon! Sz\u00e9les v\u00e1laszt\u00e9k az NHL, KHL \u00e9s a vil\u00e1gbajnoks\u00e1g piacain. Magas oddsok, t\u00f6bb mint 500 kimenetel \u00e9s 100% b\u00f3nusz az els\u0151 befizet\u00e9sedre. Heti cashback \u00e9s gyors kifizet\u00e9sek.\",\"breadcrumb\":{\"@id\":\"https:\/\/spinbetter.games\/hungary\/ice-hockey\/#breadcrumb\"},\"inLanguage\":\"hu\",\"potentialAction\":[{\"@type\":\"ReadAction\",\"target\":[\"https:\/\/spinbetter.games\/hungary\/ice-hockey\/\"]}]},{\"@type\":\"BreadcrumbList\",\"@id\":\"https:\/\/spinbetter.games\/hungary\/ice-hockey\/#breadcrumb\",\"itemListElement\":[{\"@type\":\"ListItem\",\"position\":1,\"name\":\"\u0413\u043b\u0430\u0432\u043d\u0430\u044f \u0441\u0442\u0440\u0430\u043d\u0438\u0446\u0430\",\"item\":\"https:\/\/spinbetter.games\/hungary\/\"},{\"@type\":\"ListItem\",\"position\":2,\"name\":\"J\u00e9gkorong\"}]},{\"@type\":\"WebSite\",\"@id\":\"https:\/\/spinbetter.games\/hungary\/#website\",\"url\":\"https:\/\/spinbetter.games\/hungary\/\",\"name\":\"SpinBetter HU\",\"description\":\"My WordPress Blog\",\"potentialAction\":[{\"@type\":\"SearchAction\",\"target\":{\"@type\":\"EntryPoint\",\"urlTemplate\":\"https:\/\/spinbetter.games\/hungary\/?s={search_term_string}\"},\"query-input\":{\"@type\":\"PropertyValueSpecification\",\"valueRequired\":true,\"valueName\":\"search_term_string\"}}],\"inLanguage\":\"hu\"}]}<\/script>\n<!-- \/ Yoast SEO plugin. -->","yoast_head_json":{"title":"Spinbetter J\u00e9gkorong fogad\u00e1sok \u2705 NHL, KHL Magas oddsok","description":"Tegye meg fogad\u00e1saidat a j\u00e9gkorongra a \ud83d\udd25 hivatalos Spinbetter weboldalon! Sz\u00e9les v\u00e1laszt\u00e9k az NHL, KHL \u00e9s a vil\u00e1gbajnoks\u00e1g piacain. Magas oddsok, t\u00f6bb mint 500 kimenetel \u00e9s 100% b\u00f3nusz az els\u0151 befizet\u00e9sedre. Heti cashback \u00e9s gyors kifizet\u00e9sek.","robots":{"index":"index","follow":"follow","max-snippet":"max-snippet:-1","max-image-preview":"max-image-preview:large","max-video-preview":"max-video-preview:-1"},"canonical":"https:\/\/spinbetter.games\/hungary\/ice-hockey\/","og_locale":"hu_HU","og_type":"article","og_title":"Spinbetter J\u00e9gkorong fogad\u00e1sok \u2705 NHL, KHL Magas oddsok","og_description":"Tegye meg fogad\u00e1saidat a j\u00e9gkorongra a \ud83d\udd25 hivatalos Spinbetter weboldalon! Sz\u00e9les v\u00e1laszt\u00e9k az NHL, KHL \u00e9s a vil\u00e1gbajnoks\u00e1g piacain. Magas oddsok, t\u00f6bb mint 500 kimenetel \u00e9s 100% b\u00f3nusz az els\u0151 befizet\u00e9sedre. Heti cashback \u00e9s gyors kifizet\u00e9sek.","og_url":"https:\/\/spinbetter.games\/hungary\/ice-hockey\/","og_site_name":"SpinBetter HU","article_modified_time":"2025-12-20T04:54:55+00:00","twitter_card":"summary_large_image","schema":{"@context":"https:\/\/schema.org","@graph":[{"@type":"WebPage","@id":"https:\/\/spinbetter.games\/hungary\/ice-hockey\/","url":"https:\/\/spinbetter.games\/hungary\/ice-hockey\/","name":"Spinbetter J\u00e9gkorong fogad\u00e1sok \u2705 NHL, KHL Magas oddsok","isPartOf":{"@id":"https:\/\/spinbetter.games\/hungary\/#website"},"datePublished":"2025-12-02T06:49:28+00:00","dateModified":"2025-12-20T04:54:55+00:00","description":"Tegye meg fogad\u00e1saidat a j\u00e9gkorongra a \ud83d\udd25 hivatalos Spinbetter weboldalon! Sz\u00e9les v\u00e1laszt\u00e9k az NHL, KHL \u00e9s a vil\u00e1gbajnoks\u00e1g piacain. Magas oddsok, t\u00f6bb mint 500 kimenetel \u00e9s 100% b\u00f3nusz az els\u0151 befizet\u00e9sedre. Heti cashback \u00e9s gyors kifizet\u00e9sek.","breadcrumb":{"@id":"https:\/\/spinbetter.games\/hungary\/ice-hockey\/#breadcrumb"},"inLanguage":"hu","potentialAction":[{"@type":"ReadAction","target":["https:\/\/spinbetter.games\/hungary\/ice-hockey\/"]}]},{"@type":"BreadcrumbList","@id":"https:\/\/spinbetter.games\/hungary\/ice-hockey\/#breadcrumb","itemListElement":[{"@type":"ListItem","position":1,"name":"\u0413\u043b\u0430\u0432\u043d\u0430\u044f \u0441\u0442\u0440\u0430\u043d\u0438\u0446\u0430","item":"https:\/\/spinbetter.games\/hungary\/"},{"@type":"ListItem","position":2,"name":"J\u00e9gkorong"}]},{"@type":"WebSite","@id":"https:\/\/spinbetter.games\/hungary\/#website","url":"https:\/\/spinbetter.games\/hungary\/","name":"SpinBetter HU","description":"My WordPress Blog","potentialAction":[{"@type":"SearchAction","target":{"@type":"EntryPoint","urlTemplate":"https:\/\/spinbetter.games\/hungary\/?s={search_term_string}"},"query-input":{"@type":"PropertyValueSpecification","valueRequired":true,"valueName":"search_term_string"}}],"inLanguage":"hu"}]}},"_links":{"self":[{"href":"https:\/\/spinbetter.games\/hungary\/wp-json\/wp\/v2\/pages\/1836","targetHints":{"allow":["GET"]}}],"collection":[{"href":"https:\/\/spinbetter.games\/hungary\/wp-json\/wp\/v2\/pages"}],"about":[{"href":"https:\/\/spinbetter.games\/hungary\/wp-json\/wp\/v2\/types\/page"}],"author":[{"embeddable":true,"href":"https:\/\/spinbetter.games\/hungary\/wp-json\/wp\/v2\/users\/1"}],"replies":[{"embeddable":true,"href":"https:\/\/spinbetter.games\/hungary\/wp-json\/wp\/v2\/comments?post=1836"}],"version-history":[{"count":2,"href":"https:\/\/spinbetter.games\/hungary\/wp-json\/wp\/v2\/pages\/1836\/revisions"}],"predecessor-version":[{"id":1947,"href":"https:\/\/spinbetter.games\/hungary\/wp-json\/wp\/v2\/pages\/1836\/revisions\/1947"}],"wp:attachment":[{"href":"https:\/\/spinbetter.games\/hungary\/wp-json\/wp\/v2\/media?parent=1836"}],"curies":[{"name":"wp","href":"https:\/\/api.w.org\/{rel}","templated":true}]}}