{"id":1853,"date":"2025-12-08T06:30:26","date_gmt":"2025-12-08T06:30:26","guid":{"rendered":"https:\/\/spinbetter.games\/?page_id=1853"},"modified":"2025-12-20T05:51:46","modified_gmt":"2025-12-20T05:51:46","slug":"tennis-betting","status":"publish","type":"page","link":"https:\/\/spinbetter.games\/hungary\/tennis-betting\/","title":{"rendered":"Tenisz"},"content":{"rendered":"","protected":false},"excerpt":{"rendered":"","protected":false},"author":1,"featured_media":0,"parent":0,"menu_order":0,"comment_status":"closed","ping_status":"closed","template":"","meta":{"footnotes":""},"class_list":["post-1853","page","type-page","status-publish","hentry"],"yoast_head":"<!-- This site is optimized with the Yoast SEO plugin v26.8 - https:\/\/yoast.com\/product\/yoast-seo-wordpress\/ -->\n<title>Spinbetter Teniszfogad\u00e1s \u1409 Magas oddsok \u00e9s sz\u00e9les v\u00e1laszt\u00e9k<\/title>\n<meta name=\"description\" content=\"Fogadjon teniszre a Spinbetter oldalon az ATP, WTA, ITF \u00e9s Grand Slam torn\u00e1kon, magas oddsokkal \u00e9s sz\u00e9les j\u00e1t\u00e9k- \u00e9s szettv\u00e1laszt\u00e9kkal. El\u0151zetes \u00e9s \u00e9l\u0151 fogad\u00e1sok is el\u00e9rhet\u0151k, ak\u00e1r 100%-os \u00fcdv\u00f6zl\u0151 b\u00f3nusszal \u00e9s gyors kifizet\u00e9sekkel.\" \/>\n<meta name=\"robots\" content=\"index, follow, max-snippet:-1, max-image-preview:large, max-video-preview:-1\" \/>\n<link rel=\"canonical\" href=\"https:\/\/spinbetter.games\/hungary\/tennis-betting\/\" \/>\n<meta property=\"og:locale\" content=\"hu_HU\" \/>\n<meta property=\"og:type\" content=\"article\" \/>\n<meta property=\"og:title\" content=\"Spinbetter Teniszfogad\u00e1s \u1409 Magas oddsok \u00e9s sz\u00e9les v\u00e1laszt\u00e9k\" \/>\n<meta property=\"og:description\" content=\"Fogadjon teniszre a Spinbetter oldalon az ATP, WTA, ITF \u00e9s Grand Slam torn\u00e1kon, magas oddsokkal \u00e9s sz\u00e9les j\u00e1t\u00e9k- \u00e9s szettv\u00e1laszt\u00e9kkal. El\u0151zetes \u00e9s \u00e9l\u0151 fogad\u00e1sok is el\u00e9rhet\u0151k, ak\u00e1r 100%-os \u00fcdv\u00f6zl\u0151 b\u00f3nusszal \u00e9s gyors kifizet\u00e9sekkel.\" \/>\n<meta property=\"og:url\" content=\"https:\/\/spinbetter.games\/hungary\/tennis-betting\/\" \/>\n<meta property=\"og:site_name\" content=\"SpinBetter HU\" \/>\n<meta property=\"article:modified_time\" content=\"2025-12-20T05:51:46+00:00\" \/>\n<meta name=\"twitter:card\" content=\"summary_large_image\" \/>\n<script type=\"application\/ld+json\" class=\"yoast-schema-graph\">{\"@context\":\"https:\/\/schema.org\",\"@graph\":[{\"@type\":\"WebPage\",\"@id\":\"https:\/\/spinbetter.games\/hungary\/tennis-betting\/\",\"url\":\"https:\/\/spinbetter.games\/hungary\/tennis-betting\/\",\"name\":\"Spinbetter Teniszfogad\u00e1s \u1409 Magas oddsok \u00e9s sz\u00e9les v\u00e1laszt\u00e9k\",\"isPartOf\":{\"@id\":\"https:\/\/spinbetter.games\/hungary\/#website\"},\"datePublished\":\"2025-12-08T06:30:26+00:00\",\"dateModified\":\"2025-12-20T05:51:46+00:00\",\"description\":\"Fogadjon teniszre a Spinbetter oldalon az ATP, WTA, ITF \u00e9s Grand Slam torn\u00e1kon, magas oddsokkal \u00e9s sz\u00e9les j\u00e1t\u00e9k- \u00e9s szettv\u00e1laszt\u00e9kkal. El\u0151zetes \u00e9s \u00e9l\u0151 fogad\u00e1sok is el\u00e9rhet\u0151k, ak\u00e1r 100%-os \u00fcdv\u00f6zl\u0151 b\u00f3nusszal \u00e9s gyors kifizet\u00e9sekkel.\",\"breadcrumb\":{\"@id\":\"https:\/\/spinbetter.games\/hungary\/tennis-betting\/#breadcrumb\"},\"inLanguage\":\"hu\",\"potentialAction\":[{\"@type\":\"ReadAction\",\"target\":[\"https:\/\/spinbetter.games\/hungary\/tennis-betting\/\"]}]},{\"@type\":\"BreadcrumbList\",\"@id\":\"https:\/\/spinbetter.games\/hungary\/tennis-betting\/#breadcrumb\",\"itemListElement\":[{\"@type\":\"ListItem\",\"position\":1,\"name\":\"\u0413\u043b\u0430\u0432\u043d\u0430\u044f \u0441\u0442\u0440\u0430\u043d\u0438\u0446\u0430\",\"item\":\"https:\/\/spinbetter.games\/hungary\/\"},{\"@type\":\"ListItem\",\"position\":2,\"name\":\"Tenisz\"}]},{\"@type\":\"WebSite\",\"@id\":\"https:\/\/spinbetter.games\/hungary\/#website\",\"url\":\"https:\/\/spinbetter.games\/hungary\/\",\"name\":\"SpinBetter HU\",\"description\":\"My WordPress Blog\",\"potentialAction\":[{\"@type\":\"SearchAction\",\"target\":{\"@type\":\"EntryPoint\",\"urlTemplate\":\"https:\/\/spinbetter.games\/hungary\/?s={search_term_string}\"},\"query-input\":{\"@type\":\"PropertyValueSpecification\",\"valueRequired\":true,\"valueName\":\"search_term_string\"}}],\"inLanguage\":\"hu\"}]}<\/script>\n<!-- \/ Yoast SEO plugin. -->","yoast_head_json":{"title":"Spinbetter Teniszfogad\u00e1s \u1409 Magas oddsok \u00e9s sz\u00e9les v\u00e1laszt\u00e9k","description":"Fogadjon teniszre a Spinbetter oldalon az ATP, WTA, ITF \u00e9s Grand Slam torn\u00e1kon, magas oddsokkal \u00e9s sz\u00e9les j\u00e1t\u00e9k- \u00e9s szettv\u00e1laszt\u00e9kkal. El\u0151zetes \u00e9s \u00e9l\u0151 fogad\u00e1sok is el\u00e9rhet\u0151k, ak\u00e1r 100%-os \u00fcdv\u00f6zl\u0151 b\u00f3nusszal \u00e9s gyors kifizet\u00e9sekkel.","robots":{"index":"index","follow":"follow","max-snippet":"max-snippet:-1","max-image-preview":"max-image-preview:large","max-video-preview":"max-video-preview:-1"},"canonical":"https:\/\/spinbetter.games\/hungary\/tennis-betting\/","og_locale":"hu_HU","og_type":"article","og_title":"Spinbetter Teniszfogad\u00e1s \u1409 Magas oddsok \u00e9s sz\u00e9les v\u00e1laszt\u00e9k","og_description":"Fogadjon teniszre a Spinbetter oldalon az ATP, WTA, ITF \u00e9s Grand Slam torn\u00e1kon, magas oddsokkal \u00e9s sz\u00e9les j\u00e1t\u00e9k- \u00e9s szettv\u00e1laszt\u00e9kkal. El\u0151zetes \u00e9s \u00e9l\u0151 fogad\u00e1sok is el\u00e9rhet\u0151k, ak\u00e1r 100%-os \u00fcdv\u00f6zl\u0151 b\u00f3nusszal \u00e9s gyors kifizet\u00e9sekkel.","og_url":"https:\/\/spinbetter.games\/hungary\/tennis-betting\/","og_site_name":"SpinBetter HU","article_modified_time":"2025-12-20T05:51:46+00:00","twitter_card":"summary_large_image","schema":{"@context":"https:\/\/schema.org","@graph":[{"@type":"WebPage","@id":"https:\/\/spinbetter.games\/hungary\/tennis-betting\/","url":"https:\/\/spinbetter.games\/hungary\/tennis-betting\/","name":"Spinbetter Teniszfogad\u00e1s \u1409 Magas oddsok \u00e9s sz\u00e9les v\u00e1laszt\u00e9k","isPartOf":{"@id":"https:\/\/spinbetter.games\/hungary\/#website"},"datePublished":"2025-12-08T06:30:26+00:00","dateModified":"2025-12-20T05:51:46+00:00","description":"Fogadjon teniszre a Spinbetter oldalon az ATP, WTA, ITF \u00e9s Grand Slam torn\u00e1kon, magas oddsokkal \u00e9s sz\u00e9les j\u00e1t\u00e9k- \u00e9s szettv\u00e1laszt\u00e9kkal. El\u0151zetes \u00e9s \u00e9l\u0151 fogad\u00e1sok is el\u00e9rhet\u0151k, ak\u00e1r 100%-os \u00fcdv\u00f6zl\u0151 b\u00f3nusszal \u00e9s gyors kifizet\u00e9sekkel.","breadcrumb":{"@id":"https:\/\/spinbetter.games\/hungary\/tennis-betting\/#breadcrumb"},"inLanguage":"hu","potentialAction":[{"@type":"ReadAction","target":["https:\/\/spinbetter.games\/hungary\/tennis-betting\/"]}]},{"@type":"BreadcrumbList","@id":"https:\/\/spinbetter.games\/hungary\/tennis-betting\/#breadcrumb","itemListElement":[{"@type":"ListItem","position":1,"name":"\u0413\u043b\u0430\u0432\u043d\u0430\u044f \u0441\u0442\u0440\u0430\u043d\u0438\u0446\u0430","item":"https:\/\/spinbetter.games\/hungary\/"},{"@type":"ListItem","position":2,"name":"Tenisz"}]},{"@type":"WebSite","@id":"https:\/\/spinbetter.games\/hungary\/#website","url":"https:\/\/spinbetter.games\/hungary\/","name":"SpinBetter HU","description":"My WordPress Blog","potentialAction":[{"@type":"SearchAction","target":{"@type":"EntryPoint","urlTemplate":"https:\/\/spinbetter.games\/hungary\/?s={search_term_string}"},"query-input":{"@type":"PropertyValueSpecification","valueRequired":true,"valueName":"search_term_string"}}],"inLanguage":"hu"}]}},"_links":{"self":[{"href":"https:\/\/spinbetter.games\/hungary\/wp-json\/wp\/v2\/pages\/1853","targetHints":{"allow":["GET"]}}],"collection":[{"href":"https:\/\/spinbetter.games\/hungary\/wp-json\/wp\/v2\/pages"}],"about":[{"href":"https:\/\/spinbetter.games\/hungary\/wp-json\/wp\/v2\/types\/page"}],"author":[{"embeddable":true,"href":"https:\/\/spinbetter.games\/hungary\/wp-json\/wp\/v2\/users\/1"}],"replies":[{"embeddable":true,"href":"https:\/\/spinbetter.games\/hungary\/wp-json\/wp\/v2\/comments?post=1853"}],"version-history":[{"count":2,"href":"https:\/\/spinbetter.games\/hungary\/wp-json\/wp\/v2\/pages\/1853\/revisions"}],"predecessor-version":[{"id":1954,"href":"https:\/\/spinbetter.games\/hungary\/wp-json\/wp\/v2\/pages\/1853\/revisions\/1954"}],"wp:attachment":[{"href":"https:\/\/spinbetter.games\/hungary\/wp-json\/wp\/v2\/media?parent=1853"}],"curies":[{"name":"wp","href":"https:\/\/api.w.org\/{rel}","templated":true}]}}