{"id":1870,"date":"2025-12-16T06:13:56","date_gmt":"2025-12-16T06:13:56","guid":{"rendered":"https:\/\/spinbetter.games\/?page_id=1870"},"modified":"2025-12-19T17:46:31","modified_gmt":"2025-12-19T17:46:31","slug":"christmas-drop","status":"publish","type":"page","link":"https:\/\/spinbetter.games\/hungary\/bonus\/christmas-drop\/","title":{"rendered":"Kar\u00e1csonyi aj\u00e1nd\u00e9k"},"content":{"rendered":"","protected":false},"excerpt":{"rendered":"","protected":false},"author":1,"featured_media":0,"parent":152,"menu_order":0,"comment_status":"closed","ping_status":"closed","template":"","meta":{"footnotes":""},"class_list":["post-1870","page","type-page","status-publish","hentry"],"yoast_head":"<!-- This site is optimized with the Yoast SEO plugin v26.8 - https:\/\/yoast.com\/product\/yoast-seo-wordpress\/ -->\n<title>Spinbetter Kar\u00e1csonyi aj\u00e1nd\u00e9k \u1409 190 000 HUF-ig terjed\u0151 t\u00e9tek<\/title>\n<meta name=\"description\" content=\"Vegyen r\u00e9szt a Spinbetter kar\u00e1csonyi akci\u00f3j\u00e1ban, amely aj\u00e1nd\u00e9kokkal, ingyenes p\u00f6rget\u00e9sekkel \u00e9s befizet\u00e9si b\u00f3nuszokkal v\u00e1rja \u00d6nt. Napi ingyenes fogad\u00e1sokkal jutalmazza a 4400 HUF vagy ann\u00e1l nagyobb \u00f6sszeg\u0171 befizet\u00e9seket.\" \/>\n<meta name=\"robots\" content=\"index, follow, max-snippet:-1, max-image-preview:large, max-video-preview:-1\" \/>\n<link rel=\"canonical\" href=\"https:\/\/spinbetter.games\/hungary\/bonus\/christmas-drop\/\" \/>\n<meta property=\"og:locale\" content=\"hu_HU\" \/>\n<meta property=\"og:type\" content=\"article\" \/>\n<meta property=\"og:title\" content=\"Spinbetter Kar\u00e1csonyi aj\u00e1nd\u00e9k \u1409 190 000 HUF-ig terjed\u0151 t\u00e9tek\" \/>\n<meta property=\"og:description\" content=\"Vegyen r\u00e9szt a Spinbetter kar\u00e1csonyi akci\u00f3j\u00e1ban, amely aj\u00e1nd\u00e9kokkal, ingyenes p\u00f6rget\u00e9sekkel \u00e9s befizet\u00e9si b\u00f3nuszokkal v\u00e1rja \u00d6nt. Napi ingyenes fogad\u00e1sokkal jutalmazza a 4400 HUF vagy ann\u00e1l nagyobb \u00f6sszeg\u0171 befizet\u00e9seket.\" \/>\n<meta property=\"og:url\" content=\"https:\/\/spinbetter.games\/hungary\/bonus\/christmas-drop\/\" \/>\n<meta property=\"og:site_name\" content=\"SpinBetter HU\" \/>\n<meta property=\"article:modified_time\" content=\"2025-12-19T17:46:31+00:00\" \/>\n<meta name=\"twitter:card\" content=\"summary_large_image\" \/>\n<script type=\"application\/ld+json\" class=\"yoast-schema-graph\">{\"@context\":\"https:\/\/schema.org\",\"@graph\":[{\"@type\":\"WebPage\",\"@id\":\"https:\/\/spinbetter.games\/hungary\/bonus\/christmas-drop\/\",\"url\":\"https:\/\/spinbetter.games\/hungary\/bonus\/christmas-drop\/\",\"name\":\"Spinbetter Kar\u00e1csonyi aj\u00e1nd\u00e9k \u1409 190 000 HUF-ig terjed\u0151 t\u00e9tek\",\"isPartOf\":{\"@id\":\"https:\/\/spinbetter.games\/hungary\/#website\"},\"datePublished\":\"2025-12-16T06:13:56+00:00\",\"dateModified\":\"2025-12-19T17:46:31+00:00\",\"description\":\"Vegyen r\u00e9szt a Spinbetter kar\u00e1csonyi akci\u00f3j\u00e1ban, amely aj\u00e1nd\u00e9kokkal, ingyenes p\u00f6rget\u00e9sekkel \u00e9s befizet\u00e9si b\u00f3nuszokkal v\u00e1rja \u00d6nt. Napi ingyenes fogad\u00e1sokkal jutalmazza a 4400 HUF vagy ann\u00e1l nagyobb \u00f6sszeg\u0171 befizet\u00e9seket.\",\"breadcrumb\":{\"@id\":\"https:\/\/spinbetter.games\/hungary\/bonus\/christmas-drop\/#breadcrumb\"},\"inLanguage\":\"hu\",\"potentialAction\":[{\"@type\":\"ReadAction\",\"target\":[\"https:\/\/spinbetter.games\/hungary\/bonus\/christmas-drop\/\"]}]},{\"@type\":\"BreadcrumbList\",\"@id\":\"https:\/\/spinbetter.games\/hungary\/bonus\/christmas-drop\/#breadcrumb\",\"itemListElement\":[{\"@type\":\"ListItem\",\"position\":1,\"name\":\"\u0413\u043b\u0430\u0432\u043d\u0430\u044f \u0441\u0442\u0440\u0430\u043d\u0438\u0446\u0430\",\"item\":\"https:\/\/spinbetter.games\/hungary\/\"},{\"@type\":\"ListItem\",\"position\":2,\"name\":\"B\u00f3nusz\",\"item\":\"https:\/\/spinbetter.games\/hungary\/bonus\/\"},{\"@type\":\"ListItem\",\"position\":3,\"name\":\"Kar\u00e1csonyi aj\u00e1nd\u00e9k\"}]},{\"@type\":\"WebSite\",\"@id\":\"https:\/\/spinbetter.games\/hungary\/#website\",\"url\":\"https:\/\/spinbetter.games\/hungary\/\",\"name\":\"SpinBetter HU\",\"description\":\"My WordPress Blog\",\"potentialAction\":[{\"@type\":\"SearchAction\",\"target\":{\"@type\":\"EntryPoint\",\"urlTemplate\":\"https:\/\/spinbetter.games\/hungary\/?s={search_term_string}\"},\"query-input\":{\"@type\":\"PropertyValueSpecification\",\"valueRequired\":true,\"valueName\":\"search_term_string\"}}],\"inLanguage\":\"hu\"}]}<\/script>\n<!-- \/ Yoast SEO plugin. -->","yoast_head_json":{"title":"Spinbetter Kar\u00e1csonyi aj\u00e1nd\u00e9k \u1409 190 000 HUF-ig terjed\u0151 t\u00e9tek","description":"Vegyen r\u00e9szt a Spinbetter kar\u00e1csonyi akci\u00f3j\u00e1ban, amely aj\u00e1nd\u00e9kokkal, ingyenes p\u00f6rget\u00e9sekkel \u00e9s befizet\u00e9si b\u00f3nuszokkal v\u00e1rja \u00d6nt. Napi ingyenes fogad\u00e1sokkal jutalmazza a 4400 HUF vagy ann\u00e1l nagyobb \u00f6sszeg\u0171 befizet\u00e9seket.","robots":{"index":"index","follow":"follow","max-snippet":"max-snippet:-1","max-image-preview":"max-image-preview:large","max-video-preview":"max-video-preview:-1"},"canonical":"https:\/\/spinbetter.games\/hungary\/bonus\/christmas-drop\/","og_locale":"hu_HU","og_type":"article","og_title":"Spinbetter Kar\u00e1csonyi aj\u00e1nd\u00e9k \u1409 190 000 HUF-ig terjed\u0151 t\u00e9tek","og_description":"Vegyen r\u00e9szt a Spinbetter kar\u00e1csonyi akci\u00f3j\u00e1ban, amely aj\u00e1nd\u00e9kokkal, ingyenes p\u00f6rget\u00e9sekkel \u00e9s befizet\u00e9si b\u00f3nuszokkal v\u00e1rja \u00d6nt. Napi ingyenes fogad\u00e1sokkal jutalmazza a 4400 HUF vagy ann\u00e1l nagyobb \u00f6sszeg\u0171 befizet\u00e9seket.","og_url":"https:\/\/spinbetter.games\/hungary\/bonus\/christmas-drop\/","og_site_name":"SpinBetter HU","article_modified_time":"2025-12-19T17:46:31+00:00","twitter_card":"summary_large_image","schema":{"@context":"https:\/\/schema.org","@graph":[{"@type":"WebPage","@id":"https:\/\/spinbetter.games\/hungary\/bonus\/christmas-drop\/","url":"https:\/\/spinbetter.games\/hungary\/bonus\/christmas-drop\/","name":"Spinbetter Kar\u00e1csonyi aj\u00e1nd\u00e9k \u1409 190 000 HUF-ig terjed\u0151 t\u00e9tek","isPartOf":{"@id":"https:\/\/spinbetter.games\/hungary\/#website"},"datePublished":"2025-12-16T06:13:56+00:00","dateModified":"2025-12-19T17:46:31+00:00","description":"Vegyen r\u00e9szt a Spinbetter kar\u00e1csonyi akci\u00f3j\u00e1ban, amely aj\u00e1nd\u00e9kokkal, ingyenes p\u00f6rget\u00e9sekkel \u00e9s befizet\u00e9si b\u00f3nuszokkal v\u00e1rja \u00d6nt. Napi ingyenes fogad\u00e1sokkal jutalmazza a 4400 HUF vagy ann\u00e1l nagyobb \u00f6sszeg\u0171 befizet\u00e9seket.","breadcrumb":{"@id":"https:\/\/spinbetter.games\/hungary\/bonus\/christmas-drop\/#breadcrumb"},"inLanguage":"hu","potentialAction":[{"@type":"ReadAction","target":["https:\/\/spinbetter.games\/hungary\/bonus\/christmas-drop\/"]}]},{"@type":"BreadcrumbList","@id":"https:\/\/spinbetter.games\/hungary\/bonus\/christmas-drop\/#breadcrumb","itemListElement":[{"@type":"ListItem","position":1,"name":"\u0413\u043b\u0430\u0432\u043d\u0430\u044f \u0441\u0442\u0440\u0430\u043d\u0438\u0446\u0430","item":"https:\/\/spinbetter.games\/hungary\/"},{"@type":"ListItem","position":2,"name":"B\u00f3nusz","item":"https:\/\/spinbetter.games\/hungary\/bonus\/"},{"@type":"ListItem","position":3,"name":"Kar\u00e1csonyi aj\u00e1nd\u00e9k"}]},{"@type":"WebSite","@id":"https:\/\/spinbetter.games\/hungary\/#website","url":"https:\/\/spinbetter.games\/hungary\/","name":"SpinBetter HU","description":"My WordPress Blog","potentialAction":[{"@type":"SearchAction","target":{"@type":"EntryPoint","urlTemplate":"https:\/\/spinbetter.games\/hungary\/?s={search_term_string}"},"query-input":{"@type":"PropertyValueSpecification","valueRequired":true,"valueName":"search_term_string"}}],"inLanguage":"hu"}]}},"_links":{"self":[{"href":"https:\/\/spinbetter.games\/hungary\/wp-json\/wp\/v2\/pages\/1870","targetHints":{"allow":["GET"]}}],"collection":[{"href":"https:\/\/spinbetter.games\/hungary\/wp-json\/wp\/v2\/pages"}],"about":[{"href":"https:\/\/spinbetter.games\/hungary\/wp-json\/wp\/v2\/types\/page"}],"author":[{"embeddable":true,"href":"https:\/\/spinbetter.games\/hungary\/wp-json\/wp\/v2\/users\/1"}],"replies":[{"embeddable":true,"href":"https:\/\/spinbetter.games\/hungary\/wp-json\/wp\/v2\/comments?post=1870"}],"version-history":[{"count":2,"href":"https:\/\/spinbetter.games\/hungary\/wp-json\/wp\/v2\/pages\/1870\/revisions"}],"predecessor-version":[{"id":1934,"href":"https:\/\/spinbetter.games\/hungary\/wp-json\/wp\/v2\/pages\/1870\/revisions\/1934"}],"up":[{"embeddable":true,"href":"https:\/\/spinbetter.games\/hungary\/wp-json\/wp\/v2\/pages\/152"}],"wp:attachment":[{"href":"https:\/\/spinbetter.games\/hungary\/wp-json\/wp\/v2\/media?parent=1870"}],"curies":[{"name":"wp","href":"https:\/\/api.w.org\/{rel}","templated":true}]}}