{"id":152,"date":"2024-09-18T17:39:43","date_gmt":"2024-09-18T17:39:43","guid":{"rendered":"https:\/\/spinbetter.games\/luxembourg\/?page_id=152"},"modified":"2025-03-05T13:47:50","modified_gmt":"2025-03-05T13:47:50","slug":"bonus","status":"publish","type":"page","link":"https:\/\/spinbetter.games\/luxembourg\/bonus\/","title":{"rendered":"Bonus"},"content":{"rendered":"","protected":false},"excerpt":{"rendered":"","protected":false},"author":1,"featured_media":0,"parent":0,"menu_order":0,"comment_status":"closed","ping_status":"closed","template":"","meta":{"footnotes":""},"class_list":["post-152","page","type-page","status-publish","hentry"],"yoast_head":"<!-- This site is optimized with the Yoast SEO plugin v26.8 - https:\/\/yoast.com\/product\/yoast-seo-wordpress\/ -->\n<title>SpinBetter L\u00ebtzebuerg Bonus \u2714\ufe0f W\u00ebllkomm Offer &amp; Promotiounen<\/title>\n<meta name=\"description\" content=\"Spin besser - kritt en 100% Bonus op \u00c4r \u00e9ischt Depot \u27a4 Gratis Wette fir nei Spiller \u27a4 W\u00ebllkomm Bonus fir Aschreiwung\" \/>\n<meta name=\"robots\" content=\"noindex, follow, max-snippet:-1, max-image-preview:large, max-video-preview:-1\" \/>\n<meta property=\"og:locale\" content=\"nl_NL\" \/>\n<meta property=\"og:type\" content=\"article\" \/>\n<meta property=\"og:title\" content=\"SpinBetter L\u00ebtzebuerg Bonus \u2714\ufe0f W\u00ebllkomm Offer &amp; Promotiounen\" \/>\n<meta property=\"og:description\" content=\"Spin besser - kritt en 100% Bonus op \u00c4r \u00e9ischt Depot \u27a4 Gratis Wette fir nei Spiller \u27a4 W\u00ebllkomm Bonus fir Aschreiwung\" \/>\n<meta property=\"og:url\" content=\"https:\/\/spinbetter.games\/luxembourg\/bonus\/\" \/>\n<meta property=\"og:site_name\" content=\"Spinbetter games lu\" \/>\n<meta property=\"article:modified_time\" content=\"2025-03-05T13:47:50+00:00\" \/>\n<meta name=\"twitter:card\" content=\"summary_large_image\" \/>\n<script type=\"application\/ld+json\" class=\"yoast-schema-graph\">{\"@context\":\"https:\/\/schema.org\",\"@graph\":[{\"@type\":\"WebPage\",\"@id\":\"https:\/\/spinbetter.games\/luxembourg\/bonus\/\",\"url\":\"https:\/\/spinbetter.games\/luxembourg\/bonus\/\",\"name\":\"SpinBetter L\u00ebtzebuerg Bonus \u2714\ufe0f W\u00ebllkomm Offer & Promotiounen\",\"isPartOf\":{\"@id\":\"https:\/\/spinbetter.games\/luxembourg\/#website\"},\"datePublished\":\"2024-09-18T17:39:43+00:00\",\"dateModified\":\"2025-03-05T13:47:50+00:00\",\"description\":\"Spin besser - kritt en 100% Bonus op \u00c4r \u00e9ischt Depot \u27a4 Gratis Wette fir nei Spiller \u27a4 W\u00ebllkomm Bonus fir Aschreiwung\",\"breadcrumb\":{\"@id\":\"https:\/\/spinbetter.games\/luxembourg\/bonus\/#breadcrumb\"},\"inLanguage\":\"nl-NL\",\"potentialAction\":[{\"@type\":\"ReadAction\",\"target\":[\"https:\/\/spinbetter.games\/luxembourg\/bonus\/\"]}]},{\"@type\":\"BreadcrumbList\",\"@id\":\"https:\/\/spinbetter.games\/luxembourg\/bonus\/#breadcrumb\",\"itemListElement\":[{\"@type\":\"ListItem\",\"position\":1,\"name\":\"\u0413\u043b\u0430\u0432\u043d\u0430\u044f \u0441\u0442\u0440\u0430\u043d\u0438\u0446\u0430\",\"item\":\"https:\/\/spinbetter.games\/luxembourg\/\"},{\"@type\":\"ListItem\",\"position\":2,\"name\":\"Bonus\"}]},{\"@type\":\"WebSite\",\"@id\":\"https:\/\/spinbetter.games\/luxembourg\/#website\",\"url\":\"https:\/\/spinbetter.games\/luxembourg\/\",\"name\":\"Spinbetter games lu\",\"description\":\"My WordPress Blog\",\"potentialAction\":[{\"@type\":\"SearchAction\",\"target\":{\"@type\":\"EntryPoint\",\"urlTemplate\":\"https:\/\/spinbetter.games\/luxembourg\/?s={search_term_string}\"},\"query-input\":{\"@type\":\"PropertyValueSpecification\",\"valueRequired\":true,\"valueName\":\"search_term_string\"}}],\"inLanguage\":\"nl-NL\"}]}<\/script>\n<!-- \/ Yoast SEO plugin. -->","yoast_head_json":{"title":"SpinBetter L\u00ebtzebuerg Bonus \u2714\ufe0f W\u00ebllkomm Offer & Promotiounen","description":"Spin besser - kritt en 100% Bonus op \u00c4r \u00e9ischt Depot \u27a4 Gratis Wette fir nei Spiller \u27a4 W\u00ebllkomm Bonus fir Aschreiwung","robots":{"index":"noindex","follow":"follow","max-snippet":"max-snippet:-1","max-image-preview":"max-image-preview:large","max-video-preview":"max-video-preview:-1"},"og_locale":"nl_NL","og_type":"article","og_title":"SpinBetter L\u00ebtzebuerg Bonus \u2714\ufe0f W\u00ebllkomm Offer & Promotiounen","og_description":"Spin besser - kritt en 100% Bonus op \u00c4r \u00e9ischt Depot \u27a4 Gratis Wette fir nei Spiller \u27a4 W\u00ebllkomm Bonus fir Aschreiwung","og_url":"https:\/\/spinbetter.games\/luxembourg\/bonus\/","og_site_name":"Spinbetter games lu","article_modified_time":"2025-03-05T13:47:50+00:00","twitter_card":"summary_large_image","schema":{"@context":"https:\/\/schema.org","@graph":[{"@type":"WebPage","@id":"https:\/\/spinbetter.games\/luxembourg\/bonus\/","url":"https:\/\/spinbetter.games\/luxembourg\/bonus\/","name":"SpinBetter L\u00ebtzebuerg Bonus \u2714\ufe0f W\u00ebllkomm Offer & Promotiounen","isPartOf":{"@id":"https:\/\/spinbetter.games\/luxembourg\/#website"},"datePublished":"2024-09-18T17:39:43+00:00","dateModified":"2025-03-05T13:47:50+00:00","description":"Spin besser - kritt en 100% Bonus op \u00c4r \u00e9ischt Depot \u27a4 Gratis Wette fir nei Spiller \u27a4 W\u00ebllkomm Bonus fir Aschreiwung","breadcrumb":{"@id":"https:\/\/spinbetter.games\/luxembourg\/bonus\/#breadcrumb"},"inLanguage":"nl-NL","potentialAction":[{"@type":"ReadAction","target":["https:\/\/spinbetter.games\/luxembourg\/bonus\/"]}]},{"@type":"BreadcrumbList","@id":"https:\/\/spinbetter.games\/luxembourg\/bonus\/#breadcrumb","itemListElement":[{"@type":"ListItem","position":1,"name":"\u0413\u043b\u0430\u0432\u043d\u0430\u044f \u0441\u0442\u0440\u0430\u043d\u0438\u0446\u0430","item":"https:\/\/spinbetter.games\/luxembourg\/"},{"@type":"ListItem","position":2,"name":"Bonus"}]},{"@type":"WebSite","@id":"https:\/\/spinbetter.games\/luxembourg\/#website","url":"https:\/\/spinbetter.games\/luxembourg\/","name":"Spinbetter games lu","description":"My WordPress Blog","potentialAction":[{"@type":"SearchAction","target":{"@type":"EntryPoint","urlTemplate":"https:\/\/spinbetter.games\/luxembourg\/?s={search_term_string}"},"query-input":{"@type":"PropertyValueSpecification","valueRequired":true,"valueName":"search_term_string"}}],"inLanguage":"nl-NL"}]}},"_links":{"self":[{"href":"https:\/\/spinbetter.games\/luxembourg\/wp-json\/wp\/v2\/pages\/152","targetHints":{"allow":["GET"]}}],"collection":[{"href":"https:\/\/spinbetter.games\/luxembourg\/wp-json\/wp\/v2\/pages"}],"about":[{"href":"https:\/\/spinbetter.games\/luxembourg\/wp-json\/wp\/v2\/types\/page"}],"author":[{"embeddable":true,"href":"https:\/\/spinbetter.games\/luxembourg\/wp-json\/wp\/v2\/users\/1"}],"replies":[{"embeddable":true,"href":"https:\/\/spinbetter.games\/luxembourg\/wp-json\/wp\/v2\/comments?post=152"}],"version-history":[{"count":3,"href":"https:\/\/spinbetter.games\/luxembourg\/wp-json\/wp\/v2\/pages\/152\/revisions"}],"predecessor-version":[{"id":923,"href":"https:\/\/spinbetter.games\/luxembourg\/wp-json\/wp\/v2\/pages\/152\/revisions\/923"}],"wp:attachment":[{"href":"https:\/\/spinbetter.games\/luxembourg\/wp-json\/wp\/v2\/media?parent=152"}],"curies":[{"name":"wp","href":"https:\/\/api.w.org\/{rel}","templated":true}]}}