{"id":2,"date":"2023-05-18T17:18:34","date_gmt":"2023-05-18T17:18:34","guid":{"rendered":"https:\/\/spinbetter.games\/luxembourg\/?page_id=2"},"modified":"2025-12-28T06:07:56","modified_gmt":"2025-12-28T06:07:56","slug":"sample-page","status":"publish","type":"page","link":"https:\/\/spinbetter.games\/luxembourg\/","title":{"rendered":"Doheem"},"content":{"rendered":"","protected":false},"excerpt":{"rendered":"","protected":false},"author":1,"featured_media":0,"parent":0,"menu_order":0,"comment_status":"closed","ping_status":"open","template":"","meta":{"footnotes":""},"class_list":["post-2","page","type-page","status-publish","hentry"],"yoast_head":"<!-- This site is optimized with the Yoast SEO plugin v26.8 - https:\/\/yoast.com\/product\/yoast-seo-wordpress\/ -->\n<title>Spinbetter L\u00ebtzebuerg Sportswetten a Casino \u1409 Aschreiwung<\/title>\n<meta name=\"description\" content=\"Spin Besser Casino a Sportswetten ass eng vun de popul\u00e4ersten a gr\u00e9isste Spillplattformen \u26a1 L\u00e9iert w\u00e9i Dir Iech bei Spin Better registr\u00e9iert, iwwer d\u00e9i offiziell Webs\u00e4it oder Spigel\" \/>\n<meta name=\"robots\" content=\"noindex, follow, max-snippet:-1, max-image-preview:large, max-video-preview:-1\" \/>\n<meta property=\"og:locale\" content=\"nl_NL\" \/>\n<meta property=\"og:type\" content=\"article\" \/>\n<meta property=\"og:title\" content=\"Spinbetter L\u00ebtzebuerg Sportswetten a Casino \u1409 Aschreiwung\" \/>\n<meta property=\"og:description\" content=\"Spin Besser Casino a Sportswetten ass eng vun de popul\u00e4ersten a gr\u00e9isste Spillplattformen \u26a1 L\u00e9iert w\u00e9i Dir Iech bei Spin Better registr\u00e9iert, iwwer d\u00e9i offiziell Webs\u00e4it oder Spigel\" \/>\n<meta property=\"og:url\" content=\"https:\/\/spinbetter.games\/luxembourg\/\" \/>\n<meta property=\"og:site_name\" content=\"Spinbetter games lu\" \/>\n<meta property=\"article:modified_time\" content=\"2025-12-28T06:07:56+00:00\" \/>\n<meta name=\"twitter:card\" content=\"summary_large_image\" \/>\n<script type=\"application\/ld+json\" class=\"yoast-schema-graph\">{\"@context\":\"https:\/\/schema.org\",\"@graph\":[{\"@type\":\"WebPage\",\"@id\":\"https:\/\/spinbetter.games\/luxembourg\/\",\"url\":\"https:\/\/spinbetter.games\/luxembourg\/\",\"name\":\"Spinbetter L\u00ebtzebuerg Sportswetten a Casino \u1409 Aschreiwung\",\"isPartOf\":{\"@id\":\"https:\/\/spinbetter.games\/luxembourg\/#website\"},\"datePublished\":\"2023-05-18T17:18:34+00:00\",\"dateModified\":\"2025-12-28T06:07:56+00:00\",\"description\":\"Spin Besser Casino a Sportswetten ass eng vun de popul\u00e4ersten a gr\u00e9isste Spillplattformen \u26a1 L\u00e9iert w\u00e9i Dir Iech bei Spin Better registr\u00e9iert, iwwer d\u00e9i offiziell Webs\u00e4it oder Spigel\",\"breadcrumb\":{\"@id\":\"https:\/\/spinbetter.games\/luxembourg\/#breadcrumb\"},\"inLanguage\":\"nl-NL\",\"potentialAction\":[{\"@type\":\"ReadAction\",\"target\":[\"https:\/\/spinbetter.games\/luxembourg\/\"]}]},{\"@type\":\"BreadcrumbList\",\"@id\":\"https:\/\/spinbetter.games\/luxembourg\/#breadcrumb\",\"itemListElement\":[{\"@type\":\"ListItem\",\"position\":1,\"name\":\"\u0413\u043b\u0430\u0432\u043d\u0430\u044f \u0441\u0442\u0440\u0430\u043d\u0438\u0446\u0430\",\"item\":\"https:\/\/spinbetter.games\/luxembourg\/\"},{\"@type\":\"ListItem\",\"position\":2,\"name\":\"Doheem\"}]},{\"@type\":\"WebSite\",\"@id\":\"https:\/\/spinbetter.games\/luxembourg\/#website\",\"url\":\"https:\/\/spinbetter.games\/luxembourg\/\",\"name\":\"Spinbetter games lu\",\"description\":\"My WordPress Blog\",\"potentialAction\":[{\"@type\":\"SearchAction\",\"target\":{\"@type\":\"EntryPoint\",\"urlTemplate\":\"https:\/\/spinbetter.games\/luxembourg\/?s={search_term_string}\"},\"query-input\":{\"@type\":\"PropertyValueSpecification\",\"valueRequired\":true,\"valueName\":\"search_term_string\"}}],\"inLanguage\":\"nl-NL\"}]}<\/script>\n<!-- \/ Yoast SEO plugin. -->","yoast_head_json":{"title":"Spinbetter L\u00ebtzebuerg Sportswetten a Casino \u1409 Aschreiwung","description":"Spin Besser Casino a Sportswetten ass eng vun de popul\u00e4ersten a gr\u00e9isste Spillplattformen \u26a1 L\u00e9iert w\u00e9i Dir Iech bei Spin Better registr\u00e9iert, iwwer d\u00e9i offiziell Webs\u00e4it oder Spigel","robots":{"index":"noindex","follow":"follow","max-snippet":"max-snippet:-1","max-image-preview":"max-image-preview:large","max-video-preview":"max-video-preview:-1"},"og_locale":"nl_NL","og_type":"article","og_title":"Spinbetter L\u00ebtzebuerg Sportswetten a Casino \u1409 Aschreiwung","og_description":"Spin Besser Casino a Sportswetten ass eng vun de popul\u00e4ersten a gr\u00e9isste Spillplattformen \u26a1 L\u00e9iert w\u00e9i Dir Iech bei Spin Better registr\u00e9iert, iwwer d\u00e9i offiziell Webs\u00e4it oder Spigel","og_url":"https:\/\/spinbetter.games\/luxembourg\/","og_site_name":"Spinbetter games lu","article_modified_time":"2025-12-28T06:07:56+00:00","twitter_card":"summary_large_image","schema":{"@context":"https:\/\/schema.org","@graph":[{"@type":"WebPage","@id":"https:\/\/spinbetter.games\/luxembourg\/","url":"https:\/\/spinbetter.games\/luxembourg\/","name":"Spinbetter L\u00ebtzebuerg Sportswetten a Casino \u1409 Aschreiwung","isPartOf":{"@id":"https:\/\/spinbetter.games\/luxembourg\/#website"},"datePublished":"2023-05-18T17:18:34+00:00","dateModified":"2025-12-28T06:07:56+00:00","description":"Spin Besser Casino a Sportswetten ass eng vun de popul\u00e4ersten a gr\u00e9isste Spillplattformen \u26a1 L\u00e9iert w\u00e9i Dir Iech bei Spin Better registr\u00e9iert, iwwer d\u00e9i offiziell Webs\u00e4it oder Spigel","breadcrumb":{"@id":"https:\/\/spinbetter.games\/luxembourg\/#breadcrumb"},"inLanguage":"nl-NL","potentialAction":[{"@type":"ReadAction","target":["https:\/\/spinbetter.games\/luxembourg\/"]}]},{"@type":"BreadcrumbList","@id":"https:\/\/spinbetter.games\/luxembourg\/#breadcrumb","itemListElement":[{"@type":"ListItem","position":1,"name":"\u0413\u043b\u0430\u0432\u043d\u0430\u044f \u0441\u0442\u0440\u0430\u043d\u0438\u0446\u0430","item":"https:\/\/spinbetter.games\/luxembourg\/"},{"@type":"ListItem","position":2,"name":"Doheem"}]},{"@type":"WebSite","@id":"https:\/\/spinbetter.games\/luxembourg\/#website","url":"https:\/\/spinbetter.games\/luxembourg\/","name":"Spinbetter games lu","description":"My WordPress Blog","potentialAction":[{"@type":"SearchAction","target":{"@type":"EntryPoint","urlTemplate":"https:\/\/spinbetter.games\/luxembourg\/?s={search_term_string}"},"query-input":{"@type":"PropertyValueSpecification","valueRequired":true,"valueName":"search_term_string"}}],"inLanguage":"nl-NL"}]}},"_links":{"self":[{"href":"https:\/\/spinbetter.games\/luxembourg\/wp-json\/wp\/v2\/pages\/2","targetHints":{"allow":["GET"]}}],"collection":[{"href":"https:\/\/spinbetter.games\/luxembourg\/wp-json\/wp\/v2\/pages"}],"about":[{"href":"https:\/\/spinbetter.games\/luxembourg\/wp-json\/wp\/v2\/types\/page"}],"author":[{"embeddable":true,"href":"https:\/\/spinbetter.games\/luxembourg\/wp-json\/wp\/v2\/users\/1"}],"replies":[{"embeddable":true,"href":"https:\/\/spinbetter.games\/luxembourg\/wp-json\/wp\/v2\/comments?post=2"}],"version-history":[{"count":14,"href":"https:\/\/spinbetter.games\/luxembourg\/wp-json\/wp\/v2\/pages\/2\/revisions"}],"predecessor-version":[{"id":942,"href":"https:\/\/spinbetter.games\/luxembourg\/wp-json\/wp\/v2\/pages\/2\/revisions\/942"}],"wp:attachment":[{"href":"https:\/\/spinbetter.games\/luxembourg\/wp-json\/wp\/v2\/media?parent=2"}],"curies":[{"name":"wp","href":"https:\/\/api.w.org\/{rel}","templated":true}]}}