{"id":566,"date":"2024-10-30T14:03:04","date_gmt":"2024-10-30T14:03:04","guid":{"rendered":"https:\/\/spinbetter.games\/luxembourg\/?page_id=566"},"modified":"2025-03-05T12:02:13","modified_gmt":"2025-03-05T12:02:13","slug":"football","status":"publish","type":"page","link":"https:\/\/spinbetter.games\/luxembourg\/football\/","title":{"rendered":"Fussball"},"content":{"rendered":"","protected":false},"excerpt":{"rendered":"","protected":false},"author":1,"featured_media":0,"parent":0,"menu_order":0,"comment_status":"closed","ping_status":"closed","template":"","meta":{"footnotes":""},"class_list":["post-566","page","type-page","status-publish","hentry"],"yoast_head":"<!-- This site is optimized with the Yoast SEO plugin v26.8 - https:\/\/yoast.com\/product\/yoast-seo-wordpress\/ -->\n<title>SpinBetter L\u00ebtzebuerg Football Wetten \u2714\ufe0f H\u00e9ich Chancen<\/title>\n<meta name=\"description\" content=\"Spinbetter bitt eng breet Palette vu Fussball Wetten Eventer a M\u00e4ert \u26a1 L\u00e9iert w\u00e9i Dir op Fussball wetten a fannt d\u00e9i bescht Chancen bei Spin Better \u26bd Kritt professionell Fussball Wetten Tipps\" \/>\n<meta name=\"robots\" content=\"noindex, follow, max-snippet:-1, max-image-preview:large, max-video-preview:-1\" \/>\n<meta property=\"og:locale\" content=\"nl_NL\" \/>\n<meta property=\"og:type\" content=\"article\" \/>\n<meta property=\"og:title\" content=\"SpinBetter L\u00ebtzebuerg Football Wetten \u2714\ufe0f H\u00e9ich Chancen\" \/>\n<meta property=\"og:description\" content=\"Spinbetter bitt eng breet Palette vu Fussball Wetten Eventer a M\u00e4ert \u26a1 L\u00e9iert w\u00e9i Dir op Fussball wetten a fannt d\u00e9i bescht Chancen bei Spin Better \u26bd Kritt professionell Fussball Wetten Tipps\" \/>\n<meta property=\"og:url\" content=\"https:\/\/spinbetter.games\/luxembourg\/football\/\" \/>\n<meta property=\"og:site_name\" content=\"Spinbetter games lu\" \/>\n<meta property=\"article:modified_time\" content=\"2025-03-05T12:02:13+00:00\" \/>\n<meta name=\"twitter:card\" content=\"summary_large_image\" \/>\n<script type=\"application\/ld+json\" class=\"yoast-schema-graph\">{\"@context\":\"https:\/\/schema.org\",\"@graph\":[{\"@type\":\"WebPage\",\"@id\":\"https:\/\/spinbetter.games\/luxembourg\/football\/\",\"url\":\"https:\/\/spinbetter.games\/luxembourg\/football\/\",\"name\":\"SpinBetter L\u00ebtzebuerg Football Wetten \u2714\ufe0f H\u00e9ich Chancen\",\"isPartOf\":{\"@id\":\"https:\/\/spinbetter.games\/luxembourg\/#website\"},\"datePublished\":\"2024-10-30T14:03:04+00:00\",\"dateModified\":\"2025-03-05T12:02:13+00:00\",\"description\":\"Spinbetter bitt eng breet Palette vu Fussball Wetten Eventer a M\u00e4ert \u26a1 L\u00e9iert w\u00e9i Dir op Fussball wetten a fannt d\u00e9i bescht Chancen bei Spin Better \u26bd Kritt professionell Fussball Wetten Tipps\",\"breadcrumb\":{\"@id\":\"https:\/\/spinbetter.games\/luxembourg\/football\/#breadcrumb\"},\"inLanguage\":\"nl-NL\",\"potentialAction\":[{\"@type\":\"ReadAction\",\"target\":[\"https:\/\/spinbetter.games\/luxembourg\/football\/\"]}]},{\"@type\":\"BreadcrumbList\",\"@id\":\"https:\/\/spinbetter.games\/luxembourg\/football\/#breadcrumb\",\"itemListElement\":[{\"@type\":\"ListItem\",\"position\":1,\"name\":\"\u0413\u043b\u0430\u0432\u043d\u0430\u044f \u0441\u0442\u0440\u0430\u043d\u0438\u0446\u0430\",\"item\":\"https:\/\/spinbetter.games\/luxembourg\/\"},{\"@type\":\"ListItem\",\"position\":2,\"name\":\"Fussball\"}]},{\"@type\":\"WebSite\",\"@id\":\"https:\/\/spinbetter.games\/luxembourg\/#website\",\"url\":\"https:\/\/spinbetter.games\/luxembourg\/\",\"name\":\"Spinbetter games lu\",\"description\":\"My WordPress Blog\",\"potentialAction\":[{\"@type\":\"SearchAction\",\"target\":{\"@type\":\"EntryPoint\",\"urlTemplate\":\"https:\/\/spinbetter.games\/luxembourg\/?s={search_term_string}\"},\"query-input\":{\"@type\":\"PropertyValueSpecification\",\"valueRequired\":true,\"valueName\":\"search_term_string\"}}],\"inLanguage\":\"nl-NL\"}]}<\/script>\n<!-- \/ Yoast SEO plugin. -->","yoast_head_json":{"title":"SpinBetter L\u00ebtzebuerg Football Wetten \u2714\ufe0f H\u00e9ich Chancen","description":"Spinbetter bitt eng breet Palette vu Fussball Wetten Eventer a M\u00e4ert \u26a1 L\u00e9iert w\u00e9i Dir op Fussball wetten a fannt d\u00e9i bescht Chancen bei Spin Better \u26bd Kritt professionell Fussball Wetten Tipps","robots":{"index":"noindex","follow":"follow","max-snippet":"max-snippet:-1","max-image-preview":"max-image-preview:large","max-video-preview":"max-video-preview:-1"},"og_locale":"nl_NL","og_type":"article","og_title":"SpinBetter L\u00ebtzebuerg Football Wetten \u2714\ufe0f H\u00e9ich Chancen","og_description":"Spinbetter bitt eng breet Palette vu Fussball Wetten Eventer a M\u00e4ert \u26a1 L\u00e9iert w\u00e9i Dir op Fussball wetten a fannt d\u00e9i bescht Chancen bei Spin Better \u26bd Kritt professionell Fussball Wetten Tipps","og_url":"https:\/\/spinbetter.games\/luxembourg\/football\/","og_site_name":"Spinbetter games lu","article_modified_time":"2025-03-05T12:02:13+00:00","twitter_card":"summary_large_image","schema":{"@context":"https:\/\/schema.org","@graph":[{"@type":"WebPage","@id":"https:\/\/spinbetter.games\/luxembourg\/football\/","url":"https:\/\/spinbetter.games\/luxembourg\/football\/","name":"SpinBetter L\u00ebtzebuerg Football Wetten \u2714\ufe0f H\u00e9ich Chancen","isPartOf":{"@id":"https:\/\/spinbetter.games\/luxembourg\/#website"},"datePublished":"2024-10-30T14:03:04+00:00","dateModified":"2025-03-05T12:02:13+00:00","description":"Spinbetter bitt eng breet Palette vu Fussball Wetten Eventer a M\u00e4ert \u26a1 L\u00e9iert w\u00e9i Dir op Fussball wetten a fannt d\u00e9i bescht Chancen bei Spin Better \u26bd Kritt professionell Fussball Wetten Tipps","breadcrumb":{"@id":"https:\/\/spinbetter.games\/luxembourg\/football\/#breadcrumb"},"inLanguage":"nl-NL","potentialAction":[{"@type":"ReadAction","target":["https:\/\/spinbetter.games\/luxembourg\/football\/"]}]},{"@type":"BreadcrumbList","@id":"https:\/\/spinbetter.games\/luxembourg\/football\/#breadcrumb","itemListElement":[{"@type":"ListItem","position":1,"name":"\u0413\u043b\u0430\u0432\u043d\u0430\u044f \u0441\u0442\u0440\u0430\u043d\u0438\u0446\u0430","item":"https:\/\/spinbetter.games\/luxembourg\/"},{"@type":"ListItem","position":2,"name":"Fussball"}]},{"@type":"WebSite","@id":"https:\/\/spinbetter.games\/luxembourg\/#website","url":"https:\/\/spinbetter.games\/luxembourg\/","name":"Spinbetter games lu","description":"My WordPress Blog","potentialAction":[{"@type":"SearchAction","target":{"@type":"EntryPoint","urlTemplate":"https:\/\/spinbetter.games\/luxembourg\/?s={search_term_string}"},"query-input":{"@type":"PropertyValueSpecification","valueRequired":true,"valueName":"search_term_string"}}],"inLanguage":"nl-NL"}]}},"_links":{"self":[{"href":"https:\/\/spinbetter.games\/luxembourg\/wp-json\/wp\/v2\/pages\/566","targetHints":{"allow":["GET"]}}],"collection":[{"href":"https:\/\/spinbetter.games\/luxembourg\/wp-json\/wp\/v2\/pages"}],"about":[{"href":"https:\/\/spinbetter.games\/luxembourg\/wp-json\/wp\/v2\/types\/page"}],"author":[{"embeddable":true,"href":"https:\/\/spinbetter.games\/luxembourg\/wp-json\/wp\/v2\/users\/1"}],"replies":[{"embeddable":true,"href":"https:\/\/spinbetter.games\/luxembourg\/wp-json\/wp\/v2\/comments?post=566"}],"version-history":[{"count":3,"href":"https:\/\/spinbetter.games\/luxembourg\/wp-json\/wp\/v2\/pages\/566\/revisions"}],"predecessor-version":[{"id":915,"href":"https:\/\/spinbetter.games\/luxembourg\/wp-json\/wp\/v2\/pages\/566\/revisions\/915"}],"wp:attachment":[{"href":"https:\/\/spinbetter.games\/luxembourg\/wp-json\/wp\/v2\/media?parent=566"}],"curies":[{"name":"wp","href":"https:\/\/api.w.org\/{rel}","templated":true}]}}