{"id":228,"date":"2024-04-30T13:54:42","date_gmt":"2024-04-30T13:54:42","guid":{"rendered":"https:\/\/spinbetter.games\/lv\/?page_id=228"},"modified":"2024-10-29T14:53:59","modified_gmt":"2024-10-29T14:53:59","slug":"app","status":"publish","type":"page","link":"https:\/\/spinbetter.games\/lv\/app\/","title":{"rendered":"Lietotne"},"content":{"rendered":"","protected":false},"excerpt":{"rendered":"","protected":false},"author":1,"featured_media":0,"parent":0,"menu_order":0,"comment_status":"closed","ping_status":"closed","template":"","meta":{"footnotes":""},"class_list":["post-228","page","type-page","status-publish","hentry"],"yoast_head":"<!-- This site is optimized with the Yoast SEO plugin v26.8 - https:\/\/yoast.com\/product\/yoast-seo-wordpress\/ -->\n<title>SpinBetter lietotne \u2705 Lejupiel\u0101d\u0113t Android un iOS bez maksas<\/title>\n<meta name=\"description\" content=\"Spin better Latvija Mobil\u0101 versija ir iesp\u0113ja piek\u013c\u016bt savai iecien\u012bt\u0101kajai izklaidei jebkur\u0101 laik\u0101 un viet\u0101. Izbaudiet Spinbetter mobil\u0101s ier\u012bces priek\u0161roc\u012bbas\" \/>\n<meta name=\"robots\" content=\"index, follow, max-snippet:-1, max-image-preview:large, max-video-preview:-1\" \/>\n<link rel=\"canonical\" href=\"https:\/\/spinbetter.games\/lv\/app\/\" \/>\n<meta property=\"og:locale\" content=\"lv_LV\" \/>\n<meta property=\"og:type\" content=\"article\" \/>\n<meta property=\"og:title\" content=\"SpinBetter lietotne \u2705 Lejupiel\u0101d\u0113t Android un iOS bez maksas\" \/>\n<meta property=\"og:description\" content=\"Spin better Latvija Mobil\u0101 versija ir iesp\u0113ja piek\u013c\u016bt savai iecien\u012bt\u0101kajai izklaidei jebkur\u0101 laik\u0101 un viet\u0101. Izbaudiet Spinbetter mobil\u0101s ier\u012bces priek\u0161roc\u012bbas\" \/>\n<meta property=\"og:url\" content=\"https:\/\/spinbetter.games\/lv\/app\/\" \/>\n<meta property=\"og:site_name\" content=\"SpinBetter LV\" \/>\n<meta property=\"article:modified_time\" content=\"2024-10-29T14:53:59+00:00\" \/>\n<meta name=\"twitter:card\" content=\"summary_large_image\" \/>\n<script type=\"application\/ld+json\" class=\"yoast-schema-graph\">{\"@context\":\"https:\/\/schema.org\",\"@graph\":[{\"@type\":\"WebPage\",\"@id\":\"https:\/\/spinbetter.games\/lv\/app\/\",\"url\":\"https:\/\/spinbetter.games\/lv\/app\/\",\"name\":\"SpinBetter lietotne \u2705 Lejupiel\u0101d\u0113t Android un iOS bez maksas\",\"isPartOf\":{\"@id\":\"https:\/\/spinbetter.games\/lv\/#website\"},\"datePublished\":\"2024-04-30T13:54:42+00:00\",\"dateModified\":\"2024-10-29T14:53:59+00:00\",\"description\":\"Spin better Latvija Mobil\u0101 versija ir iesp\u0113ja piek\u013c\u016bt savai iecien\u012bt\u0101kajai izklaidei jebkur\u0101 laik\u0101 un viet\u0101. Izbaudiet Spinbetter mobil\u0101s ier\u012bces priek\u0161roc\u012bbas\",\"breadcrumb\":{\"@id\":\"https:\/\/spinbetter.games\/lv\/app\/#breadcrumb\"},\"inLanguage\":\"lv-LV\",\"potentialAction\":[{\"@type\":\"ReadAction\",\"target\":[\"https:\/\/spinbetter.games\/lv\/app\/\"]}]},{\"@type\":\"BreadcrumbList\",\"@id\":\"https:\/\/spinbetter.games\/lv\/app\/#breadcrumb\",\"itemListElement\":[{\"@type\":\"ListItem\",\"position\":1,\"name\":\"\u0413\u043b\u0430\u0432\u043d\u0430\u044f \u0441\u0442\u0440\u0430\u043d\u0438\u0446\u0430\",\"item\":\"https:\/\/spinbetter.games\/lv\/\"},{\"@type\":\"ListItem\",\"position\":2,\"name\":\"Lietotne\"}]},{\"@type\":\"WebSite\",\"@id\":\"https:\/\/spinbetter.games\/lv\/#website\",\"url\":\"https:\/\/spinbetter.games\/lv\/\",\"name\":\"SpinBetter LV\",\"description\":\"My WordPress Blog\",\"potentialAction\":[{\"@type\":\"SearchAction\",\"target\":{\"@type\":\"EntryPoint\",\"urlTemplate\":\"https:\/\/spinbetter.games\/lv\/?s={search_term_string}\"},\"query-input\":{\"@type\":\"PropertyValueSpecification\",\"valueRequired\":true,\"valueName\":\"search_term_string\"}}],\"inLanguage\":\"lv-LV\"}]}<\/script>\n<!-- \/ Yoast SEO plugin. -->","yoast_head_json":{"title":"SpinBetter lietotne \u2705 Lejupiel\u0101d\u0113t Android un iOS bez maksas","description":"Spin better Latvija Mobil\u0101 versija ir iesp\u0113ja piek\u013c\u016bt savai iecien\u012bt\u0101kajai izklaidei jebkur\u0101 laik\u0101 un viet\u0101. Izbaudiet Spinbetter mobil\u0101s ier\u012bces priek\u0161roc\u012bbas","robots":{"index":"index","follow":"follow","max-snippet":"max-snippet:-1","max-image-preview":"max-image-preview:large","max-video-preview":"max-video-preview:-1"},"canonical":"https:\/\/spinbetter.games\/lv\/app\/","og_locale":"lv_LV","og_type":"article","og_title":"SpinBetter lietotne \u2705 Lejupiel\u0101d\u0113t Android un iOS bez maksas","og_description":"Spin better Latvija Mobil\u0101 versija ir iesp\u0113ja piek\u013c\u016bt savai iecien\u012bt\u0101kajai izklaidei jebkur\u0101 laik\u0101 un viet\u0101. Izbaudiet Spinbetter mobil\u0101s ier\u012bces priek\u0161roc\u012bbas","og_url":"https:\/\/spinbetter.games\/lv\/app\/","og_site_name":"SpinBetter LV","article_modified_time":"2024-10-29T14:53:59+00:00","twitter_card":"summary_large_image","schema":{"@context":"https:\/\/schema.org","@graph":[{"@type":"WebPage","@id":"https:\/\/spinbetter.games\/lv\/app\/","url":"https:\/\/spinbetter.games\/lv\/app\/","name":"SpinBetter lietotne \u2705 Lejupiel\u0101d\u0113t Android un iOS bez maksas","isPartOf":{"@id":"https:\/\/spinbetter.games\/lv\/#website"},"datePublished":"2024-04-30T13:54:42+00:00","dateModified":"2024-10-29T14:53:59+00:00","description":"Spin better Latvija Mobil\u0101 versija ir iesp\u0113ja piek\u013c\u016bt savai iecien\u012bt\u0101kajai izklaidei jebkur\u0101 laik\u0101 un viet\u0101. Izbaudiet Spinbetter mobil\u0101s ier\u012bces priek\u0161roc\u012bbas","breadcrumb":{"@id":"https:\/\/spinbetter.games\/lv\/app\/#breadcrumb"},"inLanguage":"lv-LV","potentialAction":[{"@type":"ReadAction","target":["https:\/\/spinbetter.games\/lv\/app\/"]}]},{"@type":"BreadcrumbList","@id":"https:\/\/spinbetter.games\/lv\/app\/#breadcrumb","itemListElement":[{"@type":"ListItem","position":1,"name":"\u0413\u043b\u0430\u0432\u043d\u0430\u044f \u0441\u0442\u0440\u0430\u043d\u0438\u0446\u0430","item":"https:\/\/spinbetter.games\/lv\/"},{"@type":"ListItem","position":2,"name":"Lietotne"}]},{"@type":"WebSite","@id":"https:\/\/spinbetter.games\/lv\/#website","url":"https:\/\/spinbetter.games\/lv\/","name":"SpinBetter LV","description":"My WordPress Blog","potentialAction":[{"@type":"SearchAction","target":{"@type":"EntryPoint","urlTemplate":"https:\/\/spinbetter.games\/lv\/?s={search_term_string}"},"query-input":{"@type":"PropertyValueSpecification","valueRequired":true,"valueName":"search_term_string"}}],"inLanguage":"lv-LV"}]}},"_links":{"self":[{"href":"https:\/\/spinbetter.games\/lv\/wp-json\/wp\/v2\/pages\/228","targetHints":{"allow":["GET"]}}],"collection":[{"href":"https:\/\/spinbetter.games\/lv\/wp-json\/wp\/v2\/pages"}],"about":[{"href":"https:\/\/spinbetter.games\/lv\/wp-json\/wp\/v2\/types\/page"}],"author":[{"embeddable":true,"href":"https:\/\/spinbetter.games\/lv\/wp-json\/wp\/v2\/users\/1"}],"replies":[{"embeddable":true,"href":"https:\/\/spinbetter.games\/lv\/wp-json\/wp\/v2\/comments?post=228"}],"version-history":[{"count":22,"href":"https:\/\/spinbetter.games\/lv\/wp-json\/wp\/v2\/pages\/228\/revisions"}],"predecessor-version":[{"id":631,"href":"https:\/\/spinbetter.games\/lv\/wp-json\/wp\/v2\/pages\/228\/revisions\/631"}],"wp:attachment":[{"href":"https:\/\/spinbetter.games\/lv\/wp-json\/wp\/v2\/media?parent=228"}],"curies":[{"name":"wp","href":"https:\/\/api.w.org\/{rel}","templated":true}]}}