{"id":251,"date":"2024-05-07T07:59:32","date_gmt":"2024-05-07T07:59:32","guid":{"rendered":"https:\/\/spinbetter.games\/lv\/?page_id=251"},"modified":"2024-10-30T06:08:43","modified_gmt":"2024-10-30T06:08:43","slug":"casino","status":"publish","type":"page","link":"https:\/\/spinbetter.games\/lv\/casino\/","title":{"rendered":"Kazino"},"content":{"rendered":"","protected":false},"excerpt":{"rendered":"","protected":false},"author":1,"featured_media":0,"parent":0,"menu_order":0,"comment_status":"closed","ping_status":"closed","template":"","meta":{"footnotes":""},"class_list":["post-251","page","type-page","status-publish","hentry"],"yoast_head":"<!-- This site is optimized with the Yoast SEO plugin v26.8 - https:\/\/yoast.com\/product\/yoast-seo-wordpress\/ -->\n<title>Spinbetter Latvija Kazino | Bezmaksas griezieni un sp\u0113les<\/title>\n<meta name=\"description\" content=\"Spin Better ir jauns kazino \u2728 ar Kirasao licenci, mobilo lietotni un unik\u0101lu bonusu sist\u0113mu \u2b50 Pierakst\u012bties Spin kazino un sp\u0113l\u0113t da\u017e\u0101das sp\u0113les no da\u017e\u0101d\u0101m kategorij\u0101m\" \/>\n<meta name=\"robots\" content=\"index, follow, max-snippet:-1, max-image-preview:large, max-video-preview:-1\" \/>\n<link rel=\"canonical\" href=\"https:\/\/spinbetter.games\/lv\/casino\/\" \/>\n<meta property=\"og:locale\" content=\"lv_LV\" \/>\n<meta property=\"og:type\" content=\"article\" \/>\n<meta property=\"og:title\" content=\"Spinbetter Latvija Kazino | Bezmaksas griezieni un sp\u0113les\" \/>\n<meta property=\"og:description\" content=\"Spin Better ir jauns kazino \u2728 ar Kirasao licenci, mobilo lietotni un unik\u0101lu bonusu sist\u0113mu \u2b50 Pierakst\u012bties Spin kazino un sp\u0113l\u0113t da\u017e\u0101das sp\u0113les no da\u017e\u0101d\u0101m kategorij\u0101m\" \/>\n<meta property=\"og:url\" content=\"https:\/\/spinbetter.games\/lv\/casino\/\" \/>\n<meta property=\"og:site_name\" content=\"SpinBetter LV\" \/>\n<meta property=\"article:modified_time\" content=\"2024-10-30T06:08:43+00:00\" \/>\n<meta name=\"twitter:card\" content=\"summary_large_image\" \/>\n<script type=\"application\/ld+json\" class=\"yoast-schema-graph\">{\"@context\":\"https:\/\/schema.org\",\"@graph\":[{\"@type\":\"WebPage\",\"@id\":\"https:\/\/spinbetter.games\/lv\/casino\/\",\"url\":\"https:\/\/spinbetter.games\/lv\/casino\/\",\"name\":\"Spinbetter Latvija Kazino | Bezmaksas griezieni un sp\u0113les\",\"isPartOf\":{\"@id\":\"https:\/\/spinbetter.games\/lv\/#website\"},\"datePublished\":\"2024-05-07T07:59:32+00:00\",\"dateModified\":\"2024-10-30T06:08:43+00:00\",\"description\":\"Spin Better ir jauns kazino \u2728 ar Kirasao licenci, mobilo lietotni un unik\u0101lu bonusu sist\u0113mu \u2b50 Pierakst\u012bties Spin kazino un sp\u0113l\u0113t da\u017e\u0101das sp\u0113les no da\u017e\u0101d\u0101m kategorij\u0101m\",\"breadcrumb\":{\"@id\":\"https:\/\/spinbetter.games\/lv\/casino\/#breadcrumb\"},\"inLanguage\":\"lv-LV\",\"potentialAction\":[{\"@type\":\"ReadAction\",\"target\":[\"https:\/\/spinbetter.games\/lv\/casino\/\"]}]},{\"@type\":\"BreadcrumbList\",\"@id\":\"https:\/\/spinbetter.games\/lv\/casino\/#breadcrumb\",\"itemListElement\":[{\"@type\":\"ListItem\",\"position\":1,\"name\":\"\u0413\u043b\u0430\u0432\u043d\u0430\u044f \u0441\u0442\u0440\u0430\u043d\u0438\u0446\u0430\",\"item\":\"https:\/\/spinbetter.games\/lv\/\"},{\"@type\":\"ListItem\",\"position\":2,\"name\":\"Kazino\"}]},{\"@type\":\"WebSite\",\"@id\":\"https:\/\/spinbetter.games\/lv\/#website\",\"url\":\"https:\/\/spinbetter.games\/lv\/\",\"name\":\"SpinBetter LV\",\"description\":\"My WordPress Blog\",\"potentialAction\":[{\"@type\":\"SearchAction\",\"target\":{\"@type\":\"EntryPoint\",\"urlTemplate\":\"https:\/\/spinbetter.games\/lv\/?s={search_term_string}\"},\"query-input\":{\"@type\":\"PropertyValueSpecification\",\"valueRequired\":true,\"valueName\":\"search_term_string\"}}],\"inLanguage\":\"lv-LV\"}]}<\/script>\n<!-- \/ Yoast SEO plugin. -->","yoast_head_json":{"title":"Spinbetter Latvija Kazino | Bezmaksas griezieni un sp\u0113les","description":"Spin Better ir jauns kazino \u2728 ar Kirasao licenci, mobilo lietotni un unik\u0101lu bonusu sist\u0113mu \u2b50 Pierakst\u012bties Spin kazino un sp\u0113l\u0113t da\u017e\u0101das sp\u0113les no da\u017e\u0101d\u0101m kategorij\u0101m","robots":{"index":"index","follow":"follow","max-snippet":"max-snippet:-1","max-image-preview":"max-image-preview:large","max-video-preview":"max-video-preview:-1"},"canonical":"https:\/\/spinbetter.games\/lv\/casino\/","og_locale":"lv_LV","og_type":"article","og_title":"Spinbetter Latvija Kazino | Bezmaksas griezieni un sp\u0113les","og_description":"Spin Better ir jauns kazino \u2728 ar Kirasao licenci, mobilo lietotni un unik\u0101lu bonusu sist\u0113mu \u2b50 Pierakst\u012bties Spin kazino un sp\u0113l\u0113t da\u017e\u0101das sp\u0113les no da\u017e\u0101d\u0101m kategorij\u0101m","og_url":"https:\/\/spinbetter.games\/lv\/casino\/","og_site_name":"SpinBetter LV","article_modified_time":"2024-10-30T06:08:43+00:00","twitter_card":"summary_large_image","schema":{"@context":"https:\/\/schema.org","@graph":[{"@type":"WebPage","@id":"https:\/\/spinbetter.games\/lv\/casino\/","url":"https:\/\/spinbetter.games\/lv\/casino\/","name":"Spinbetter Latvija Kazino | Bezmaksas griezieni un sp\u0113les","isPartOf":{"@id":"https:\/\/spinbetter.games\/lv\/#website"},"datePublished":"2024-05-07T07:59:32+00:00","dateModified":"2024-10-30T06:08:43+00:00","description":"Spin Better ir jauns kazino \u2728 ar Kirasao licenci, mobilo lietotni un unik\u0101lu bonusu sist\u0113mu \u2b50 Pierakst\u012bties Spin kazino un sp\u0113l\u0113t da\u017e\u0101das sp\u0113les no da\u017e\u0101d\u0101m kategorij\u0101m","breadcrumb":{"@id":"https:\/\/spinbetter.games\/lv\/casino\/#breadcrumb"},"inLanguage":"lv-LV","potentialAction":[{"@type":"ReadAction","target":["https:\/\/spinbetter.games\/lv\/casino\/"]}]},{"@type":"BreadcrumbList","@id":"https:\/\/spinbetter.games\/lv\/casino\/#breadcrumb","itemListElement":[{"@type":"ListItem","position":1,"name":"\u0413\u043b\u0430\u0432\u043d\u0430\u044f \u0441\u0442\u0440\u0430\u043d\u0438\u0446\u0430","item":"https:\/\/spinbetter.games\/lv\/"},{"@type":"ListItem","position":2,"name":"Kazino"}]},{"@type":"WebSite","@id":"https:\/\/spinbetter.games\/lv\/#website","url":"https:\/\/spinbetter.games\/lv\/","name":"SpinBetter LV","description":"My WordPress Blog","potentialAction":[{"@type":"SearchAction","target":{"@type":"EntryPoint","urlTemplate":"https:\/\/spinbetter.games\/lv\/?s={search_term_string}"},"query-input":{"@type":"PropertyValueSpecification","valueRequired":true,"valueName":"search_term_string"}}],"inLanguage":"lv-LV"}]}},"_links":{"self":[{"href":"https:\/\/spinbetter.games\/lv\/wp-json\/wp\/v2\/pages\/251","targetHints":{"allow":["GET"]}}],"collection":[{"href":"https:\/\/spinbetter.games\/lv\/wp-json\/wp\/v2\/pages"}],"about":[{"href":"https:\/\/spinbetter.games\/lv\/wp-json\/wp\/v2\/types\/page"}],"author":[{"embeddable":true,"href":"https:\/\/spinbetter.games\/lv\/wp-json\/wp\/v2\/users\/1"}],"replies":[{"embeddable":true,"href":"https:\/\/spinbetter.games\/lv\/wp-json\/wp\/v2\/comments?post=251"}],"version-history":[{"count":31,"href":"https:\/\/spinbetter.games\/lv\/wp-json\/wp\/v2\/pages\/251\/revisions"}],"predecessor-version":[{"id":636,"href":"https:\/\/spinbetter.games\/lv\/wp-json\/wp\/v2\/pages\/251\/revisions\/636"}],"wp:attachment":[{"href":"https:\/\/spinbetter.games\/lv\/wp-json\/wp\/v2\/media?parent=251"}],"curies":[{"name":"wp","href":"https:\/\/api.w.org\/{rel}","templated":true}]}}