{"id":334,"date":"2024-06-11T06:32:15","date_gmt":"2024-06-11T06:32:15","guid":{"rendered":"https:\/\/spinbetter.games\/lv\/?page_id=334"},"modified":"2024-10-30T07:38:57","modified_gmt":"2024-10-30T07:38:57","slug":"registration","status":"publish","type":"page","link":"https:\/\/spinbetter.games\/lv\/registration\/","title":{"rendered":"Re\u0123istr\u0101cija"},"content":{"rendered":"","protected":false},"excerpt":{"rendered":"","protected":false},"author":1,"featured_media":0,"parent":0,"menu_order":0,"comment_status":"closed","ping_status":"closed","template":"","meta":{"footnotes":""},"class_list":["post-334","page","type-page","status-publish","hentry"],"yoast_head":"<!-- This site is optimized with the Yoast SEO plugin v26.8 - https:\/\/yoast.com\/product\/yoast-seo-wordpress\/ -->\n<title>SpinBetter Latvija Re\u0123istr\u0101cija \ud83d\udd39 K\u0101 izveidot kontu<\/title>\n<meta name=\"description\" content=\"Uzziniet, k\u0101 re\u0123istr\u0113ties Spin Better sporta der\u012bbu un kazino platform\u0101 \u26a1 Atkl\u0101jiet ekskluz\u012bvus bonusus un aizraujo\u0161as sp\u0113les.\" \/>\n<meta name=\"robots\" content=\"index, follow, max-snippet:-1, max-image-preview:large, max-video-preview:-1\" \/>\n<link rel=\"canonical\" href=\"https:\/\/spinbetter.games\/lv\/registration\/\" \/>\n<meta property=\"og:locale\" content=\"lv_LV\" \/>\n<meta property=\"og:type\" content=\"article\" \/>\n<meta property=\"og:title\" content=\"SpinBetter Latvija Re\u0123istr\u0101cija \ud83d\udd39 K\u0101 izveidot kontu\" \/>\n<meta property=\"og:description\" content=\"Uzziniet, k\u0101 re\u0123istr\u0113ties Spin Better sporta der\u012bbu un kazino platform\u0101 \u26a1 Atkl\u0101jiet ekskluz\u012bvus bonusus un aizraujo\u0161as sp\u0113les.\" \/>\n<meta property=\"og:url\" content=\"https:\/\/spinbetter.games\/lv\/registration\/\" \/>\n<meta property=\"og:site_name\" content=\"SpinBetter LV\" \/>\n<meta property=\"article:modified_time\" content=\"2024-10-30T07:38:57+00:00\" \/>\n<meta name=\"twitter:card\" content=\"summary_large_image\" \/>\n<script type=\"application\/ld+json\" class=\"yoast-schema-graph\">{\"@context\":\"https:\/\/schema.org\",\"@graph\":[{\"@type\":\"WebPage\",\"@id\":\"https:\/\/spinbetter.games\/lv\/registration\/\",\"url\":\"https:\/\/spinbetter.games\/lv\/registration\/\",\"name\":\"SpinBetter Latvija Re\u0123istr\u0101cija \ud83d\udd39 K\u0101 izveidot kontu\",\"isPartOf\":{\"@id\":\"https:\/\/spinbetter.games\/lv\/#website\"},\"datePublished\":\"2024-06-11T06:32:15+00:00\",\"dateModified\":\"2024-10-30T07:38:57+00:00\",\"description\":\"Uzziniet, k\u0101 re\u0123istr\u0113ties Spin Better sporta der\u012bbu un kazino platform\u0101 \u26a1 Atkl\u0101jiet ekskluz\u012bvus bonusus un aizraujo\u0161as sp\u0113les.\",\"breadcrumb\":{\"@id\":\"https:\/\/spinbetter.games\/lv\/registration\/#breadcrumb\"},\"inLanguage\":\"lv-LV\",\"potentialAction\":[{\"@type\":\"ReadAction\",\"target\":[\"https:\/\/spinbetter.games\/lv\/registration\/\"]}]},{\"@type\":\"BreadcrumbList\",\"@id\":\"https:\/\/spinbetter.games\/lv\/registration\/#breadcrumb\",\"itemListElement\":[{\"@type\":\"ListItem\",\"position\":1,\"name\":\"\u0413\u043b\u0430\u0432\u043d\u0430\u044f \u0441\u0442\u0440\u0430\u043d\u0438\u0446\u0430\",\"item\":\"https:\/\/spinbetter.games\/lv\/\"},{\"@type\":\"ListItem\",\"position\":2,\"name\":\"Re\u0123istr\u0101cija\"}]},{\"@type\":\"WebSite\",\"@id\":\"https:\/\/spinbetter.games\/lv\/#website\",\"url\":\"https:\/\/spinbetter.games\/lv\/\",\"name\":\"SpinBetter LV\",\"description\":\"My WordPress Blog\",\"potentialAction\":[{\"@type\":\"SearchAction\",\"target\":{\"@type\":\"EntryPoint\",\"urlTemplate\":\"https:\/\/spinbetter.games\/lv\/?s={search_term_string}\"},\"query-input\":{\"@type\":\"PropertyValueSpecification\",\"valueRequired\":true,\"valueName\":\"search_term_string\"}}],\"inLanguage\":\"lv-LV\"}]}<\/script>\n<!-- \/ Yoast SEO plugin. -->","yoast_head_json":{"title":"SpinBetter Latvija Re\u0123istr\u0101cija \ud83d\udd39 K\u0101 izveidot kontu","description":"Uzziniet, k\u0101 re\u0123istr\u0113ties Spin Better sporta der\u012bbu un kazino platform\u0101 \u26a1 Atkl\u0101jiet ekskluz\u012bvus bonusus un aizraujo\u0161as sp\u0113les.","robots":{"index":"index","follow":"follow","max-snippet":"max-snippet:-1","max-image-preview":"max-image-preview:large","max-video-preview":"max-video-preview:-1"},"canonical":"https:\/\/spinbetter.games\/lv\/registration\/","og_locale":"lv_LV","og_type":"article","og_title":"SpinBetter Latvija Re\u0123istr\u0101cija \ud83d\udd39 K\u0101 izveidot kontu","og_description":"Uzziniet, k\u0101 re\u0123istr\u0113ties Spin Better sporta der\u012bbu un kazino platform\u0101 \u26a1 Atkl\u0101jiet ekskluz\u012bvus bonusus un aizraujo\u0161as sp\u0113les.","og_url":"https:\/\/spinbetter.games\/lv\/registration\/","og_site_name":"SpinBetter LV","article_modified_time":"2024-10-30T07:38:57+00:00","twitter_card":"summary_large_image","schema":{"@context":"https:\/\/schema.org","@graph":[{"@type":"WebPage","@id":"https:\/\/spinbetter.games\/lv\/registration\/","url":"https:\/\/spinbetter.games\/lv\/registration\/","name":"SpinBetter Latvija Re\u0123istr\u0101cija \ud83d\udd39 K\u0101 izveidot kontu","isPartOf":{"@id":"https:\/\/spinbetter.games\/lv\/#website"},"datePublished":"2024-06-11T06:32:15+00:00","dateModified":"2024-10-30T07:38:57+00:00","description":"Uzziniet, k\u0101 re\u0123istr\u0113ties Spin Better sporta der\u012bbu un kazino platform\u0101 \u26a1 Atkl\u0101jiet ekskluz\u012bvus bonusus un aizraujo\u0161as sp\u0113les.","breadcrumb":{"@id":"https:\/\/spinbetter.games\/lv\/registration\/#breadcrumb"},"inLanguage":"lv-LV","potentialAction":[{"@type":"ReadAction","target":["https:\/\/spinbetter.games\/lv\/registration\/"]}]},{"@type":"BreadcrumbList","@id":"https:\/\/spinbetter.games\/lv\/registration\/#breadcrumb","itemListElement":[{"@type":"ListItem","position":1,"name":"\u0413\u043b\u0430\u0432\u043d\u0430\u044f \u0441\u0442\u0440\u0430\u043d\u0438\u0446\u0430","item":"https:\/\/spinbetter.games\/lv\/"},{"@type":"ListItem","position":2,"name":"Re\u0123istr\u0101cija"}]},{"@type":"WebSite","@id":"https:\/\/spinbetter.games\/lv\/#website","url":"https:\/\/spinbetter.games\/lv\/","name":"SpinBetter LV","description":"My WordPress Blog","potentialAction":[{"@type":"SearchAction","target":{"@type":"EntryPoint","urlTemplate":"https:\/\/spinbetter.games\/lv\/?s={search_term_string}"},"query-input":{"@type":"PropertyValueSpecification","valueRequired":true,"valueName":"search_term_string"}}],"inLanguage":"lv-LV"}]}},"_links":{"self":[{"href":"https:\/\/spinbetter.games\/lv\/wp-json\/wp\/v2\/pages\/334","targetHints":{"allow":["GET"]}}],"collection":[{"href":"https:\/\/spinbetter.games\/lv\/wp-json\/wp\/v2\/pages"}],"about":[{"href":"https:\/\/spinbetter.games\/lv\/wp-json\/wp\/v2\/types\/page"}],"author":[{"embeddable":true,"href":"https:\/\/spinbetter.games\/lv\/wp-json\/wp\/v2\/users\/1"}],"replies":[{"embeddable":true,"href":"https:\/\/spinbetter.games\/lv\/wp-json\/wp\/v2\/comments?post=334"}],"version-history":[{"count":26,"href":"https:\/\/spinbetter.games\/lv\/wp-json\/wp\/v2\/pages\/334\/revisions"}],"predecessor-version":[{"id":645,"href":"https:\/\/spinbetter.games\/lv\/wp-json\/wp\/v2\/pages\/334\/revisions\/645"}],"wp:attachment":[{"href":"https:\/\/spinbetter.games\/lv\/wp-json\/wp\/v2\/media?parent=334"}],"curies":[{"name":"wp","href":"https:\/\/api.w.org\/{rel}","templated":true}]}}