{"id":341,"date":"2024-06-11T07:19:50","date_gmt":"2024-06-11T07:19:50","guid":{"rendered":"https:\/\/spinbetter.games\/lv\/?page_id=341"},"modified":"2025-03-17T15:33:47","modified_gmt":"2025-03-17T15:33:47","slug":"affiliate","status":"publish","type":"page","link":"https:\/\/spinbetter.games\/lv\/affiliate\/","title":{"rendered":"Fili\u0101le"},"content":{"rendered":"","protected":false},"excerpt":{"rendered":"","protected":false},"author":1,"featured_media":0,"parent":0,"menu_order":0,"comment_status":"closed","ping_status":"closed","template":"","meta":{"footnotes":""},"class_list":["post-341","page","type-page","status-publish","hentry"],"yoast_head":"<!-- This site is optimized with the Yoast SEO plugin v26.8 - https:\/\/yoast.com\/product\/yoast-seo-wordpress\/ -->\n<title>SpinBetter Latvija partneri \u2611\ufe0f Afili\u0101tu programm\u0101<\/title>\n<meta name=\"description\" content=\"Pievienojieties Spin Better ofici\u0101lajai partneru programmai \u27a4 Sa\u0146emiet komisijas maksu par ien\u0101kumiem, kas g\u016bti no j\u016bsu ieteiktajiem dal\u012bbniekiem.\" \/>\n<meta name=\"robots\" content=\"index, follow, max-snippet:-1, max-image-preview:large, max-video-preview:-1\" \/>\n<link rel=\"canonical\" href=\"https:\/\/spinbetter.games\/lv\/affiliate\/\" \/>\n<meta property=\"og:locale\" content=\"lv_LV\" \/>\n<meta property=\"og:type\" content=\"article\" \/>\n<meta property=\"og:title\" content=\"SpinBetter Latvija partneri \u2611\ufe0f Afili\u0101tu programm\u0101\" \/>\n<meta property=\"og:description\" content=\"Pievienojieties Spin Better ofici\u0101lajai partneru programmai \u27a4 Sa\u0146emiet komisijas maksu par ien\u0101kumiem, kas g\u016bti no j\u016bsu ieteiktajiem dal\u012bbniekiem.\" \/>\n<meta property=\"og:url\" content=\"https:\/\/spinbetter.games\/lv\/affiliate\/\" \/>\n<meta property=\"og:site_name\" content=\"SpinBetter LV\" \/>\n<meta property=\"article:modified_time\" content=\"2025-03-17T15:33:47+00:00\" \/>\n<meta name=\"twitter:card\" content=\"summary_large_image\" \/>\n<script type=\"application\/ld+json\" class=\"yoast-schema-graph\">{\"@context\":\"https:\/\/schema.org\",\"@graph\":[{\"@type\":\"WebPage\",\"@id\":\"https:\/\/spinbetter.games\/lv\/affiliate\/\",\"url\":\"https:\/\/spinbetter.games\/lv\/affiliate\/\",\"name\":\"SpinBetter Latvija partneri \u2611\ufe0f Afili\u0101tu programm\u0101\",\"isPartOf\":{\"@id\":\"https:\/\/spinbetter.games\/lv\/#website\"},\"datePublished\":\"2024-06-11T07:19:50+00:00\",\"dateModified\":\"2025-03-17T15:33:47+00:00\",\"description\":\"Pievienojieties Spin Better ofici\u0101lajai partneru programmai \u27a4 Sa\u0146emiet komisijas maksu par ien\u0101kumiem, kas g\u016bti no j\u016bsu ieteiktajiem dal\u012bbniekiem.\",\"breadcrumb\":{\"@id\":\"https:\/\/spinbetter.games\/lv\/affiliate\/#breadcrumb\"},\"inLanguage\":\"lv-LV\",\"potentialAction\":[{\"@type\":\"ReadAction\",\"target\":[\"https:\/\/spinbetter.games\/lv\/affiliate\/\"]}]},{\"@type\":\"BreadcrumbList\",\"@id\":\"https:\/\/spinbetter.games\/lv\/affiliate\/#breadcrumb\",\"itemListElement\":[{\"@type\":\"ListItem\",\"position\":1,\"name\":\"\u0413\u043b\u0430\u0432\u043d\u0430\u044f \u0441\u0442\u0440\u0430\u043d\u0438\u0446\u0430\",\"item\":\"https:\/\/spinbetter.games\/lv\/\"},{\"@type\":\"ListItem\",\"position\":2,\"name\":\"Fili\u0101le\"}]},{\"@type\":\"WebSite\",\"@id\":\"https:\/\/spinbetter.games\/lv\/#website\",\"url\":\"https:\/\/spinbetter.games\/lv\/\",\"name\":\"SpinBetter LV\",\"description\":\"My WordPress Blog\",\"potentialAction\":[{\"@type\":\"SearchAction\",\"target\":{\"@type\":\"EntryPoint\",\"urlTemplate\":\"https:\/\/spinbetter.games\/lv\/?s={search_term_string}\"},\"query-input\":{\"@type\":\"PropertyValueSpecification\",\"valueRequired\":true,\"valueName\":\"search_term_string\"}}],\"inLanguage\":\"lv-LV\"}]}<\/script>\n<!-- \/ Yoast SEO plugin. -->","yoast_head_json":{"title":"SpinBetter Latvija partneri \u2611\ufe0f Afili\u0101tu programm\u0101","description":"Pievienojieties Spin Better ofici\u0101lajai partneru programmai \u27a4 Sa\u0146emiet komisijas maksu par ien\u0101kumiem, kas g\u016bti no j\u016bsu ieteiktajiem dal\u012bbniekiem.","robots":{"index":"index","follow":"follow","max-snippet":"max-snippet:-1","max-image-preview":"max-image-preview:large","max-video-preview":"max-video-preview:-1"},"canonical":"https:\/\/spinbetter.games\/lv\/affiliate\/","og_locale":"lv_LV","og_type":"article","og_title":"SpinBetter Latvija partneri \u2611\ufe0f Afili\u0101tu programm\u0101","og_description":"Pievienojieties Spin Better ofici\u0101lajai partneru programmai \u27a4 Sa\u0146emiet komisijas maksu par ien\u0101kumiem, kas g\u016bti no j\u016bsu ieteiktajiem dal\u012bbniekiem.","og_url":"https:\/\/spinbetter.games\/lv\/affiliate\/","og_site_name":"SpinBetter LV","article_modified_time":"2025-03-17T15:33:47+00:00","twitter_card":"summary_large_image","schema":{"@context":"https:\/\/schema.org","@graph":[{"@type":"WebPage","@id":"https:\/\/spinbetter.games\/lv\/affiliate\/","url":"https:\/\/spinbetter.games\/lv\/affiliate\/","name":"SpinBetter Latvija partneri \u2611\ufe0f Afili\u0101tu programm\u0101","isPartOf":{"@id":"https:\/\/spinbetter.games\/lv\/#website"},"datePublished":"2024-06-11T07:19:50+00:00","dateModified":"2025-03-17T15:33:47+00:00","description":"Pievienojieties Spin Better ofici\u0101lajai partneru programmai \u27a4 Sa\u0146emiet komisijas maksu par ien\u0101kumiem, kas g\u016bti no j\u016bsu ieteiktajiem dal\u012bbniekiem.","breadcrumb":{"@id":"https:\/\/spinbetter.games\/lv\/affiliate\/#breadcrumb"},"inLanguage":"lv-LV","potentialAction":[{"@type":"ReadAction","target":["https:\/\/spinbetter.games\/lv\/affiliate\/"]}]},{"@type":"BreadcrumbList","@id":"https:\/\/spinbetter.games\/lv\/affiliate\/#breadcrumb","itemListElement":[{"@type":"ListItem","position":1,"name":"\u0413\u043b\u0430\u0432\u043d\u0430\u044f \u0441\u0442\u0440\u0430\u043d\u0438\u0446\u0430","item":"https:\/\/spinbetter.games\/lv\/"},{"@type":"ListItem","position":2,"name":"Fili\u0101le"}]},{"@type":"WebSite","@id":"https:\/\/spinbetter.games\/lv\/#website","url":"https:\/\/spinbetter.games\/lv\/","name":"SpinBetter LV","description":"My WordPress Blog","potentialAction":[{"@type":"SearchAction","target":{"@type":"EntryPoint","urlTemplate":"https:\/\/spinbetter.games\/lv\/?s={search_term_string}"},"query-input":{"@type":"PropertyValueSpecification","valueRequired":true,"valueName":"search_term_string"}}],"inLanguage":"lv-LV"}]}},"_links":{"self":[{"href":"https:\/\/spinbetter.games\/lv\/wp-json\/wp\/v2\/pages\/341","targetHints":{"allow":["GET"]}}],"collection":[{"href":"https:\/\/spinbetter.games\/lv\/wp-json\/wp\/v2\/pages"}],"about":[{"href":"https:\/\/spinbetter.games\/lv\/wp-json\/wp\/v2\/types\/page"}],"author":[{"embeddable":true,"href":"https:\/\/spinbetter.games\/lv\/wp-json\/wp\/v2\/users\/1"}],"replies":[{"embeddable":true,"href":"https:\/\/spinbetter.games\/lv\/wp-json\/wp\/v2\/comments?post=341"}],"version-history":[{"count":21,"href":"https:\/\/spinbetter.games\/lv\/wp-json\/wp\/v2\/pages\/341\/revisions"}],"predecessor-version":[{"id":828,"href":"https:\/\/spinbetter.games\/lv\/wp-json\/wp\/v2\/pages\/341\/revisions\/828"}],"wp:attachment":[{"href":"https:\/\/spinbetter.games\/lv\/wp-json\/wp\/v2\/media?parent=341"}],"curies":[{"name":"wp","href":"https:\/\/api.w.org\/{rel}","templated":true}]}}