{"id":549,"date":"2024-09-24T06:14:56","date_gmt":"2024-09-24T06:14:56","guid":{"rendered":"https:\/\/spinbetter.games\/lv\/?page_id=549"},"modified":"2025-01-06T13:35:32","modified_gmt":"2025-01-06T13:35:32","slug":"promo-code","status":"publish","type":"page","link":"https:\/\/spinbetter.games\/lv\/promo-code\/","title":{"rendered":"Promo kods"},"content":{"rendered":"","protected":false},"excerpt":{"rendered":"","protected":false},"author":1,"featured_media":0,"parent":0,"menu_order":0,"comment_status":"closed","ping_status":"closed","template":"","meta":{"footnotes":""},"class_list":["post-549","page","type-page","status-publish","hentry"],"yoast_head":"<!-- This site is optimized with the Yoast SEO plugin v26.8 - https:\/\/yoast.com\/product\/yoast-seo-wordpress\/ -->\n<title>SpinBetter Latvija Promo kods 2025 \u25b6\ufe0f Faktiskie bonusa kodi<\/title>\n<meta name=\"description\" content=\"Atrodiet lab\u0101kos SpinBetter bonusa kodus un sa\u0146emiet ekskluz\u012bvus bonusus bez depoz\u012bta un bezmaksas griezienus. Re\u0123istr\u0113joties izmantojiet Spin Better Promo kodu. Bonusa kodi var dot jums bezmaksas griezienus uz iecien\u012bt\u0101kajiem sp\u0113\u013cu autom\u0101tiem un bezmaksas likmes uz popul\u0101r\u0101kajiem sporta veidiem Spin Better.\" \/>\n<meta name=\"robots\" content=\"index, follow, max-snippet:-1, max-image-preview:large, max-video-preview:-1\" \/>\n<link rel=\"canonical\" href=\"https:\/\/spinbetter.games\/lv\/promo-code\/\" \/>\n<meta property=\"og:locale\" content=\"lv_LV\" \/>\n<meta property=\"og:type\" content=\"article\" \/>\n<meta property=\"og:title\" content=\"SpinBetter Latvija Promo kods 2025 \u25b6\ufe0f Faktiskie bonusa kodi\" \/>\n<meta property=\"og:description\" content=\"Atrodiet lab\u0101kos SpinBetter bonusa kodus un sa\u0146emiet ekskluz\u012bvus bonusus bez depoz\u012bta un bezmaksas griezienus. Re\u0123istr\u0113joties izmantojiet Spin Better Promo kodu. Bonusa kodi var dot jums bezmaksas griezienus uz iecien\u012bt\u0101kajiem sp\u0113\u013cu autom\u0101tiem un bezmaksas likmes uz popul\u0101r\u0101kajiem sporta veidiem Spin Better.\" \/>\n<meta property=\"og:url\" content=\"https:\/\/spinbetter.games\/lv\/promo-code\/\" \/>\n<meta property=\"og:site_name\" content=\"SpinBetter LV\" \/>\n<meta property=\"article:modified_time\" content=\"2025-01-06T13:35:32+00:00\" \/>\n<meta name=\"twitter:card\" content=\"summary_large_image\" \/>\n<script type=\"application\/ld+json\" class=\"yoast-schema-graph\">{\"@context\":\"https:\/\/schema.org\",\"@graph\":[{\"@type\":\"WebPage\",\"@id\":\"https:\/\/spinbetter.games\/lv\/promo-code\/\",\"url\":\"https:\/\/spinbetter.games\/lv\/promo-code\/\",\"name\":\"SpinBetter Latvija Promo kods 2025 \u25b6\ufe0f Faktiskie bonusa kodi\",\"isPartOf\":{\"@id\":\"https:\/\/spinbetter.games\/lv\/#website\"},\"datePublished\":\"2024-09-24T06:14:56+00:00\",\"dateModified\":\"2025-01-06T13:35:32+00:00\",\"description\":\"Atrodiet lab\u0101kos SpinBetter bonusa kodus un sa\u0146emiet ekskluz\u012bvus bonusus bez depoz\u012bta un bezmaksas griezienus. Re\u0123istr\u0113joties izmantojiet Spin Better Promo kodu. Bonusa kodi var dot jums bezmaksas griezienus uz iecien\u012bt\u0101kajiem sp\u0113\u013cu autom\u0101tiem un bezmaksas likmes uz popul\u0101r\u0101kajiem sporta veidiem Spin Better.\",\"breadcrumb\":{\"@id\":\"https:\/\/spinbetter.games\/lv\/promo-code\/#breadcrumb\"},\"inLanguage\":\"lv-LV\",\"potentialAction\":[{\"@type\":\"ReadAction\",\"target\":[\"https:\/\/spinbetter.games\/lv\/promo-code\/\"]}]},{\"@type\":\"BreadcrumbList\",\"@id\":\"https:\/\/spinbetter.games\/lv\/promo-code\/#breadcrumb\",\"itemListElement\":[{\"@type\":\"ListItem\",\"position\":1,\"name\":\"\u0413\u043b\u0430\u0432\u043d\u0430\u044f \u0441\u0442\u0440\u0430\u043d\u0438\u0446\u0430\",\"item\":\"https:\/\/spinbetter.games\/lv\/\"},{\"@type\":\"ListItem\",\"position\":2,\"name\":\"Promo kods\"}]},{\"@type\":\"WebSite\",\"@id\":\"https:\/\/spinbetter.games\/lv\/#website\",\"url\":\"https:\/\/spinbetter.games\/lv\/\",\"name\":\"SpinBetter LV\",\"description\":\"My WordPress Blog\",\"potentialAction\":[{\"@type\":\"SearchAction\",\"target\":{\"@type\":\"EntryPoint\",\"urlTemplate\":\"https:\/\/spinbetter.games\/lv\/?s={search_term_string}\"},\"query-input\":{\"@type\":\"PropertyValueSpecification\",\"valueRequired\":true,\"valueName\":\"search_term_string\"}}],\"inLanguage\":\"lv-LV\"}]}<\/script>\n<!-- \/ Yoast SEO plugin. -->","yoast_head_json":{"title":"SpinBetter Latvija Promo kods 2025 \u25b6\ufe0f Faktiskie bonusa kodi","description":"Atrodiet lab\u0101kos SpinBetter bonusa kodus un sa\u0146emiet ekskluz\u012bvus bonusus bez depoz\u012bta un bezmaksas griezienus. Re\u0123istr\u0113joties izmantojiet Spin Better Promo kodu. Bonusa kodi var dot jums bezmaksas griezienus uz iecien\u012bt\u0101kajiem sp\u0113\u013cu autom\u0101tiem un bezmaksas likmes uz popul\u0101r\u0101kajiem sporta veidiem Spin Better.","robots":{"index":"index","follow":"follow","max-snippet":"max-snippet:-1","max-image-preview":"max-image-preview:large","max-video-preview":"max-video-preview:-1"},"canonical":"https:\/\/spinbetter.games\/lv\/promo-code\/","og_locale":"lv_LV","og_type":"article","og_title":"SpinBetter Latvija Promo kods 2025 \u25b6\ufe0f Faktiskie bonusa kodi","og_description":"Atrodiet lab\u0101kos SpinBetter bonusa kodus un sa\u0146emiet ekskluz\u012bvus bonusus bez depoz\u012bta un bezmaksas griezienus. Re\u0123istr\u0113joties izmantojiet Spin Better Promo kodu. Bonusa kodi var dot jums bezmaksas griezienus uz iecien\u012bt\u0101kajiem sp\u0113\u013cu autom\u0101tiem un bezmaksas likmes uz popul\u0101r\u0101kajiem sporta veidiem Spin Better.","og_url":"https:\/\/spinbetter.games\/lv\/promo-code\/","og_site_name":"SpinBetter LV","article_modified_time":"2025-01-06T13:35:32+00:00","twitter_card":"summary_large_image","schema":{"@context":"https:\/\/schema.org","@graph":[{"@type":"WebPage","@id":"https:\/\/spinbetter.games\/lv\/promo-code\/","url":"https:\/\/spinbetter.games\/lv\/promo-code\/","name":"SpinBetter Latvija Promo kods 2025 \u25b6\ufe0f Faktiskie bonusa kodi","isPartOf":{"@id":"https:\/\/spinbetter.games\/lv\/#website"},"datePublished":"2024-09-24T06:14:56+00:00","dateModified":"2025-01-06T13:35:32+00:00","description":"Atrodiet lab\u0101kos SpinBetter bonusa kodus un sa\u0146emiet ekskluz\u012bvus bonusus bez depoz\u012bta un bezmaksas griezienus. Re\u0123istr\u0113joties izmantojiet Spin Better Promo kodu. Bonusa kodi var dot jums bezmaksas griezienus uz iecien\u012bt\u0101kajiem sp\u0113\u013cu autom\u0101tiem un bezmaksas likmes uz popul\u0101r\u0101kajiem sporta veidiem Spin Better.","breadcrumb":{"@id":"https:\/\/spinbetter.games\/lv\/promo-code\/#breadcrumb"},"inLanguage":"lv-LV","potentialAction":[{"@type":"ReadAction","target":["https:\/\/spinbetter.games\/lv\/promo-code\/"]}]},{"@type":"BreadcrumbList","@id":"https:\/\/spinbetter.games\/lv\/promo-code\/#breadcrumb","itemListElement":[{"@type":"ListItem","position":1,"name":"\u0413\u043b\u0430\u0432\u043d\u0430\u044f \u0441\u0442\u0440\u0430\u043d\u0438\u0446\u0430","item":"https:\/\/spinbetter.games\/lv\/"},{"@type":"ListItem","position":2,"name":"Promo kods"}]},{"@type":"WebSite","@id":"https:\/\/spinbetter.games\/lv\/#website","url":"https:\/\/spinbetter.games\/lv\/","name":"SpinBetter LV","description":"My WordPress Blog","potentialAction":[{"@type":"SearchAction","target":{"@type":"EntryPoint","urlTemplate":"https:\/\/spinbetter.games\/lv\/?s={search_term_string}"},"query-input":{"@type":"PropertyValueSpecification","valueRequired":true,"valueName":"search_term_string"}}],"inLanguage":"lv-LV"}]}},"_links":{"self":[{"href":"https:\/\/spinbetter.games\/lv\/wp-json\/wp\/v2\/pages\/549","targetHints":{"allow":["GET"]}}],"collection":[{"href":"https:\/\/spinbetter.games\/lv\/wp-json\/wp\/v2\/pages"}],"about":[{"href":"https:\/\/spinbetter.games\/lv\/wp-json\/wp\/v2\/types\/page"}],"author":[{"embeddable":true,"href":"https:\/\/spinbetter.games\/lv\/wp-json\/wp\/v2\/users\/1"}],"replies":[{"embeddable":true,"href":"https:\/\/spinbetter.games\/lv\/wp-json\/wp\/v2\/comments?post=549"}],"version-history":[{"count":15,"href":"https:\/\/spinbetter.games\/lv\/wp-json\/wp\/v2\/pages\/549\/revisions"}],"predecessor-version":[{"id":649,"href":"https:\/\/spinbetter.games\/lv\/wp-json\/wp\/v2\/pages\/549\/revisions\/649"}],"wp:attachment":[{"href":"https:\/\/spinbetter.games\/lv\/wp-json\/wp\/v2\/media?parent=549"}],"curies":[{"name":"wp","href":"https:\/\/api.w.org\/{rel}","templated":true}]}}