{"id":1373,"date":"2025-04-20T05:57:06","date_gmt":"2025-04-20T05:57:06","guid":{"rendered":"https:\/\/spinbetter.games\/?page_id=1373"},"modified":"2025-12-12T15:41:31","modified_gmt":"2025-12-12T15:41:31","slug":"no-deposit","status":"publish","type":"page","link":"https:\/\/spinbetter.games\/mx\/bonus\/no-deposit\/","title":{"rendered":"Bonificaci\u00f3n sin dep\u00f3sito"},"content":{"rendered":"","protected":false},"excerpt":{"rendered":"","protected":false},"author":1,"featured_media":0,"parent":152,"menu_order":0,"comment_status":"closed","ping_status":"closed","template":"","meta":{"footnotes":""},"class_list":["post-1373","page","type-page","status-publish","hentry"],"yoast_head":"<!-- This site is optimized with the Yoast SEO plugin v26.8 - https:\/\/yoast.com\/product\/yoast-seo-wordpress\/ -->\n<title>Bono sin dep\u00f3sito de Spinbetter | C\u00f3mo empezar a jugar sin dep\u00f3sitos<\/title>\n<meta name=\"description\" content=\"\u00a1Consigue un bono sin dep\u00f3sito de Spinbetter y empieza a ganar sin riesgo! Olv\u00eddate de los dep\u00f3sitos: \u00a1prueba tu suerte ahora mismo sin gastar ni un c\u00e9ntimo!\" \/>\n<meta name=\"robots\" content=\"index, follow, max-snippet:-1, max-image-preview:large, max-video-preview:-1\" \/>\n<link rel=\"canonical\" href=\"https:\/\/spinbetter.games\/mx\/bonus\/no-deposit\/\" \/>\n<meta property=\"og:locale\" content=\"es_MX\" \/>\n<meta property=\"og:type\" content=\"article\" \/>\n<meta property=\"og:title\" content=\"Bono sin dep\u00f3sito de Spinbetter | C\u00f3mo empezar a jugar sin dep\u00f3sitos\" \/>\n<meta property=\"og:description\" content=\"\u00a1Consigue un bono sin dep\u00f3sito de Spinbetter y empieza a ganar sin riesgo! Olv\u00eddate de los dep\u00f3sitos: \u00a1prueba tu suerte ahora mismo sin gastar ni un c\u00e9ntimo!\" \/>\n<meta property=\"og:url\" content=\"https:\/\/spinbetter.games\/mx\/bonus\/no-deposit\/\" \/>\n<meta property=\"og:site_name\" content=\"SpinBetter mx\" \/>\n<meta property=\"article:modified_time\" content=\"2025-12-12T15:41:31+00:00\" \/>\n<meta name=\"twitter:card\" content=\"summary_large_image\" \/>\n<script type=\"application\/ld+json\" class=\"yoast-schema-graph\">{\"@context\":\"https:\/\/schema.org\",\"@graph\":[{\"@type\":\"WebPage\",\"@id\":\"https:\/\/spinbetter.games\/mx\/bonus\/no-deposit\/\",\"url\":\"https:\/\/spinbetter.games\/mx\/bonus\/no-deposit\/\",\"name\":\"Bono sin dep\u00f3sito de Spinbetter | C\u00f3mo empezar a jugar sin dep\u00f3sitos\",\"isPartOf\":{\"@id\":\"https:\/\/spinbetter.games\/mx\/#website\"},\"datePublished\":\"2025-04-20T05:57:06+00:00\",\"dateModified\":\"2025-12-12T15:41:31+00:00\",\"description\":\"\u00a1Consigue un bono sin dep\u00f3sito de Spinbetter y empieza a ganar sin riesgo! Olv\u00eddate de los dep\u00f3sitos: \u00a1prueba tu suerte ahora mismo sin gastar ni un c\u00e9ntimo!\",\"breadcrumb\":{\"@id\":\"https:\/\/spinbetter.games\/mx\/bonus\/no-deposit\/#breadcrumb\"},\"inLanguage\":\"es\",\"potentialAction\":[{\"@type\":\"ReadAction\",\"target\":[\"https:\/\/spinbetter.games\/mx\/bonus\/no-deposit\/\"]}]},{\"@type\":\"BreadcrumbList\",\"@id\":\"https:\/\/spinbetter.games\/mx\/bonus\/no-deposit\/#breadcrumb\",\"itemListElement\":[{\"@type\":\"ListItem\",\"position\":1,\"name\":\"\u0413\u043b\u0430\u0432\u043d\u0430\u044f \u0441\u0442\u0440\u0430\u043d\u0438\u0446\u0430\",\"item\":\"https:\/\/spinbetter.games\/mx\/\"},{\"@type\":\"ListItem\",\"position\":2,\"name\":\"Bono\",\"item\":\"https:\/\/spinbetter.games\/mx\/bonus\/\"},{\"@type\":\"ListItem\",\"position\":3,\"name\":\"Bonificaci\u00f3n sin dep\u00f3sito\"}]},{\"@type\":\"WebSite\",\"@id\":\"https:\/\/spinbetter.games\/mx\/#website\",\"url\":\"https:\/\/spinbetter.games\/mx\/\",\"name\":\"SpinBetter mx\",\"description\":\"My WordPress Blog\",\"potentialAction\":[{\"@type\":\"SearchAction\",\"target\":{\"@type\":\"EntryPoint\",\"urlTemplate\":\"https:\/\/spinbetter.games\/mx\/?s={search_term_string}\"},\"query-input\":{\"@type\":\"PropertyValueSpecification\",\"valueRequired\":true,\"valueName\":\"search_term_string\"}}],\"inLanguage\":\"es\"}]}<\/script>\n<!-- \/ Yoast SEO plugin. -->","yoast_head_json":{"title":"Bono sin dep\u00f3sito de Spinbetter | C\u00f3mo empezar a jugar sin dep\u00f3sitos","description":"\u00a1Consigue un bono sin dep\u00f3sito de Spinbetter y empieza a ganar sin riesgo! Olv\u00eddate de los dep\u00f3sitos: \u00a1prueba tu suerte ahora mismo sin gastar ni un c\u00e9ntimo!","robots":{"index":"index","follow":"follow","max-snippet":"max-snippet:-1","max-image-preview":"max-image-preview:large","max-video-preview":"max-video-preview:-1"},"canonical":"https:\/\/spinbetter.games\/mx\/bonus\/no-deposit\/","og_locale":"es_MX","og_type":"article","og_title":"Bono sin dep\u00f3sito de Spinbetter | C\u00f3mo empezar a jugar sin dep\u00f3sitos","og_description":"\u00a1Consigue un bono sin dep\u00f3sito de Spinbetter y empieza a ganar sin riesgo! Olv\u00eddate de los dep\u00f3sitos: \u00a1prueba tu suerte ahora mismo sin gastar ni un c\u00e9ntimo!","og_url":"https:\/\/spinbetter.games\/mx\/bonus\/no-deposit\/","og_site_name":"SpinBetter mx","article_modified_time":"2025-12-12T15:41:31+00:00","twitter_card":"summary_large_image","schema":{"@context":"https:\/\/schema.org","@graph":[{"@type":"WebPage","@id":"https:\/\/spinbetter.games\/mx\/bonus\/no-deposit\/","url":"https:\/\/spinbetter.games\/mx\/bonus\/no-deposit\/","name":"Bono sin dep\u00f3sito de Spinbetter | C\u00f3mo empezar a jugar sin dep\u00f3sitos","isPartOf":{"@id":"https:\/\/spinbetter.games\/mx\/#website"},"datePublished":"2025-04-20T05:57:06+00:00","dateModified":"2025-12-12T15:41:31+00:00","description":"\u00a1Consigue un bono sin dep\u00f3sito de Spinbetter y empieza a ganar sin riesgo! Olv\u00eddate de los dep\u00f3sitos: \u00a1prueba tu suerte ahora mismo sin gastar ni un c\u00e9ntimo!","breadcrumb":{"@id":"https:\/\/spinbetter.games\/mx\/bonus\/no-deposit\/#breadcrumb"},"inLanguage":"es","potentialAction":[{"@type":"ReadAction","target":["https:\/\/spinbetter.games\/mx\/bonus\/no-deposit\/"]}]},{"@type":"BreadcrumbList","@id":"https:\/\/spinbetter.games\/mx\/bonus\/no-deposit\/#breadcrumb","itemListElement":[{"@type":"ListItem","position":1,"name":"\u0413\u043b\u0430\u0432\u043d\u0430\u044f \u0441\u0442\u0440\u0430\u043d\u0438\u0446\u0430","item":"https:\/\/spinbetter.games\/mx\/"},{"@type":"ListItem","position":2,"name":"Bono","item":"https:\/\/spinbetter.games\/mx\/bonus\/"},{"@type":"ListItem","position":3,"name":"Bonificaci\u00f3n sin dep\u00f3sito"}]},{"@type":"WebSite","@id":"https:\/\/spinbetter.games\/mx\/#website","url":"https:\/\/spinbetter.games\/mx\/","name":"SpinBetter mx","description":"My WordPress Blog","potentialAction":[{"@type":"SearchAction","target":{"@type":"EntryPoint","urlTemplate":"https:\/\/spinbetter.games\/mx\/?s={search_term_string}"},"query-input":{"@type":"PropertyValueSpecification","valueRequired":true,"valueName":"search_term_string"}}],"inLanguage":"es"}]}},"_links":{"self":[{"href":"https:\/\/spinbetter.games\/mx\/wp-json\/wp\/v2\/pages\/1373","targetHints":{"allow":["GET"]}}],"collection":[{"href":"https:\/\/spinbetter.games\/mx\/wp-json\/wp\/v2\/pages"}],"about":[{"href":"https:\/\/spinbetter.games\/mx\/wp-json\/wp\/v2\/types\/page"}],"author":[{"embeddable":true,"href":"https:\/\/spinbetter.games\/mx\/wp-json\/wp\/v2\/users\/1"}],"replies":[{"embeddable":true,"href":"https:\/\/spinbetter.games\/mx\/wp-json\/wp\/v2\/comments?post=1373"}],"version-history":[{"count":3,"href":"https:\/\/spinbetter.games\/mx\/wp-json\/wp\/v2\/pages\/1373\/revisions"}],"predecessor-version":[{"id":1803,"href":"https:\/\/spinbetter.games\/mx\/wp-json\/wp\/v2\/pages\/1373\/revisions\/1803"}],"up":[{"embeddable":true,"href":"https:\/\/spinbetter.games\/mx\/wp-json\/wp\/v2\/pages\/152"}],"wp:attachment":[{"href":"https:\/\/spinbetter.games\/mx\/wp-json\/wp\/v2\/media?parent=1373"}],"curies":[{"name":"wp","href":"https:\/\/api.w.org\/{rel}","templated":true}]}}