{"id":1586,"date":"2025-09-22T11:56:51","date_gmt":"2025-09-22T11:56:51","guid":{"rendered":"https:\/\/spinbetter.games\/?page_id=1586"},"modified":"2025-10-12T16:29:00","modified_gmt":"2025-10-12T16:29:00","slug":"football-cashback-20","status":"publish","type":"page","link":"https:\/\/spinbetter.games\/mx\/bonus\/football-cashback-20\/","title":{"rendered":"F\u00fatbol Cashback 20%"},"content":{"rendered":"","protected":false},"excerpt":{"rendered":"","protected":false},"author":1,"featured_media":0,"parent":152,"menu_order":0,"comment_status":"closed","ping_status":"closed","template":"","meta":{"footnotes":""},"class_list":["post-1586","page","type-page","status-publish","hentry"],"yoast_head":"<!-- This site is optimized with the Yoast SEO plugin v26.8 - https:\/\/yoast.com\/product\/yoast-seo-wordpress\/ -->\n<title>\u00a1Reembolso semanal de Spinbetter de hasta el 20 % en apuestas de f\u00fatbol!<\/title>\n<meta name=\"description\" content=\"\u00a1Consigue hasta un 20 % de reembolso en apuestas de f\u00fatbol con SpinBetter M\u00e9xico! Realiza apuestas a partir de 100 MXN y obt\u00e9n bonificaciones garantizadas durante el periodo promocional. \u00a1Participa ahora!\" \/>\n<meta name=\"robots\" content=\"index, follow, max-snippet:-1, max-image-preview:large, max-video-preview:-1\" \/>\n<link rel=\"canonical\" href=\"https:\/\/spinbetter.games\/mx\/bonus\/football-cashback-20\/\" \/>\n<meta property=\"og:locale\" content=\"es_MX\" \/>\n<meta property=\"og:type\" content=\"article\" \/>\n<meta property=\"og:title\" content=\"\u00a1Reembolso semanal de Spinbetter de hasta el 20 % en apuestas de f\u00fatbol!\" \/>\n<meta property=\"og:description\" content=\"\u00a1Consigue hasta un 20 % de reembolso en apuestas de f\u00fatbol con SpinBetter M\u00e9xico! Realiza apuestas a partir de 100 MXN y obt\u00e9n bonificaciones garantizadas durante el periodo promocional. \u00a1Participa ahora!\" \/>\n<meta property=\"og:url\" content=\"https:\/\/spinbetter.games\/mx\/bonus\/football-cashback-20\/\" \/>\n<meta property=\"og:site_name\" content=\"SpinBetter mx\" \/>\n<meta property=\"article:modified_time\" content=\"2025-10-12T16:29:00+00:00\" \/>\n<meta name=\"twitter:card\" content=\"summary_large_image\" \/>\n<script type=\"application\/ld+json\" class=\"yoast-schema-graph\">{\"@context\":\"https:\/\/schema.org\",\"@graph\":[{\"@type\":\"WebPage\",\"@id\":\"https:\/\/spinbetter.games\/mx\/bonus\/football-cashback-20\/\",\"url\":\"https:\/\/spinbetter.games\/mx\/bonus\/football-cashback-20\/\",\"name\":\"\u00a1Reembolso semanal de Spinbetter de hasta el 20 % en apuestas de f\u00fatbol!\",\"isPartOf\":{\"@id\":\"https:\/\/spinbetter.games\/mx\/#website\"},\"datePublished\":\"2025-09-22T11:56:51+00:00\",\"dateModified\":\"2025-10-12T16:29:00+00:00\",\"description\":\"\u00a1Consigue hasta un 20 % de reembolso en apuestas de f\u00fatbol con SpinBetter M\u00e9xico! Realiza apuestas a partir de 100 MXN y obt\u00e9n bonificaciones garantizadas durante el periodo promocional. \u00a1Participa ahora!\",\"breadcrumb\":{\"@id\":\"https:\/\/spinbetter.games\/mx\/bonus\/football-cashback-20\/#breadcrumb\"},\"inLanguage\":\"es\",\"potentialAction\":[{\"@type\":\"ReadAction\",\"target\":[\"https:\/\/spinbetter.games\/mx\/bonus\/football-cashback-20\/\"]}]},{\"@type\":\"BreadcrumbList\",\"@id\":\"https:\/\/spinbetter.games\/mx\/bonus\/football-cashback-20\/#breadcrumb\",\"itemListElement\":[{\"@type\":\"ListItem\",\"position\":1,\"name\":\"\u0413\u043b\u0430\u0432\u043d\u0430\u044f \u0441\u0442\u0440\u0430\u043d\u0438\u0446\u0430\",\"item\":\"https:\/\/spinbetter.games\/mx\/\"},{\"@type\":\"ListItem\",\"position\":2,\"name\":\"Bono\",\"item\":\"https:\/\/spinbetter.games\/mx\/bonus\/\"},{\"@type\":\"ListItem\",\"position\":3,\"name\":\"F\u00fatbol Cashback 20%\"}]},{\"@type\":\"WebSite\",\"@id\":\"https:\/\/spinbetter.games\/mx\/#website\",\"url\":\"https:\/\/spinbetter.games\/mx\/\",\"name\":\"SpinBetter mx\",\"description\":\"My WordPress Blog\",\"potentialAction\":[{\"@type\":\"SearchAction\",\"target\":{\"@type\":\"EntryPoint\",\"urlTemplate\":\"https:\/\/spinbetter.games\/mx\/?s={search_term_string}\"},\"query-input\":{\"@type\":\"PropertyValueSpecification\",\"valueRequired\":true,\"valueName\":\"search_term_string\"}}],\"inLanguage\":\"es\"}]}<\/script>\n<!-- \/ Yoast SEO plugin. -->","yoast_head_json":{"title":"\u00a1Reembolso semanal de Spinbetter de hasta el 20 % en apuestas de f\u00fatbol!","description":"\u00a1Consigue hasta un 20 % de reembolso en apuestas de f\u00fatbol con SpinBetter M\u00e9xico! Realiza apuestas a partir de 100 MXN y obt\u00e9n bonificaciones garantizadas durante el periodo promocional. \u00a1Participa ahora!","robots":{"index":"index","follow":"follow","max-snippet":"max-snippet:-1","max-image-preview":"max-image-preview:large","max-video-preview":"max-video-preview:-1"},"canonical":"https:\/\/spinbetter.games\/mx\/bonus\/football-cashback-20\/","og_locale":"es_MX","og_type":"article","og_title":"\u00a1Reembolso semanal de Spinbetter de hasta el 20 % en apuestas de f\u00fatbol!","og_description":"\u00a1Consigue hasta un 20 % de reembolso en apuestas de f\u00fatbol con SpinBetter M\u00e9xico! Realiza apuestas a partir de 100 MXN y obt\u00e9n bonificaciones garantizadas durante el periodo promocional. \u00a1Participa ahora!","og_url":"https:\/\/spinbetter.games\/mx\/bonus\/football-cashback-20\/","og_site_name":"SpinBetter mx","article_modified_time":"2025-10-12T16:29:00+00:00","twitter_card":"summary_large_image","schema":{"@context":"https:\/\/schema.org","@graph":[{"@type":"WebPage","@id":"https:\/\/spinbetter.games\/mx\/bonus\/football-cashback-20\/","url":"https:\/\/spinbetter.games\/mx\/bonus\/football-cashback-20\/","name":"\u00a1Reembolso semanal de Spinbetter de hasta el 20 % en apuestas de f\u00fatbol!","isPartOf":{"@id":"https:\/\/spinbetter.games\/mx\/#website"},"datePublished":"2025-09-22T11:56:51+00:00","dateModified":"2025-10-12T16:29:00+00:00","description":"\u00a1Consigue hasta un 20 % de reembolso en apuestas de f\u00fatbol con SpinBetter M\u00e9xico! Realiza apuestas a partir de 100 MXN y obt\u00e9n bonificaciones garantizadas durante el periodo promocional. \u00a1Participa ahora!","breadcrumb":{"@id":"https:\/\/spinbetter.games\/mx\/bonus\/football-cashback-20\/#breadcrumb"},"inLanguage":"es","potentialAction":[{"@type":"ReadAction","target":["https:\/\/spinbetter.games\/mx\/bonus\/football-cashback-20\/"]}]},{"@type":"BreadcrumbList","@id":"https:\/\/spinbetter.games\/mx\/bonus\/football-cashback-20\/#breadcrumb","itemListElement":[{"@type":"ListItem","position":1,"name":"\u0413\u043b\u0430\u0432\u043d\u0430\u044f \u0441\u0442\u0440\u0430\u043d\u0438\u0446\u0430","item":"https:\/\/spinbetter.games\/mx\/"},{"@type":"ListItem","position":2,"name":"Bono","item":"https:\/\/spinbetter.games\/mx\/bonus\/"},{"@type":"ListItem","position":3,"name":"F\u00fatbol Cashback 20%"}]},{"@type":"WebSite","@id":"https:\/\/spinbetter.games\/mx\/#website","url":"https:\/\/spinbetter.games\/mx\/","name":"SpinBetter mx","description":"My WordPress Blog","potentialAction":[{"@type":"SearchAction","target":{"@type":"EntryPoint","urlTemplate":"https:\/\/spinbetter.games\/mx\/?s={search_term_string}"},"query-input":{"@type":"PropertyValueSpecification","valueRequired":true,"valueName":"search_term_string"}}],"inLanguage":"es"}]}},"_links":{"self":[{"href":"https:\/\/spinbetter.games\/mx\/wp-json\/wp\/v2\/pages\/1586","targetHints":{"allow":["GET"]}}],"collection":[{"href":"https:\/\/spinbetter.games\/mx\/wp-json\/wp\/v2\/pages"}],"about":[{"href":"https:\/\/spinbetter.games\/mx\/wp-json\/wp\/v2\/types\/page"}],"author":[{"embeddable":true,"href":"https:\/\/spinbetter.games\/mx\/wp-json\/wp\/v2\/users\/1"}],"replies":[{"embeddable":true,"href":"https:\/\/spinbetter.games\/mx\/wp-json\/wp\/v2\/comments?post=1586"}],"version-history":[{"count":4,"href":"https:\/\/spinbetter.games\/mx\/wp-json\/wp\/v2\/pages\/1586\/revisions"}],"predecessor-version":[{"id":1793,"href":"https:\/\/spinbetter.games\/mx\/wp-json\/wp\/v2\/pages\/1586\/revisions\/1793"}],"up":[{"embeddable":true,"href":"https:\/\/spinbetter.games\/mx\/wp-json\/wp\/v2\/pages\/152"}],"wp:attachment":[{"href":"https:\/\/spinbetter.games\/mx\/wp-json\/wp\/v2\/media?parent=1586"}],"curies":[{"name":"wp","href":"https:\/\/api.w.org\/{rel}","templated":true}]}}