{"id":1658,"date":"2025-09-15T12:03:58","date_gmt":"2025-09-15T12:03:58","guid":{"rendered":"https:\/\/spinbetter.games\/?page_id=1658"},"modified":"2025-10-12T16:24:08","modified_gmt":"2025-10-12T16:24:08","slug":"aviator","status":"publish","type":"page","link":"https:\/\/spinbetter.games\/mx\/aviator\/","title":{"rendered":"Aviador"},"content":{"rendered":"","protected":false},"excerpt":{"rendered":"","protected":false},"author":1,"featured_media":0,"parent":0,"menu_order":0,"comment_status":"closed","ping_status":"closed","template":"","meta":{"footnotes":""},"class_list":["post-1658","page","type-page","status-publish","hentry"],"yoast_head":"<!-- This site is optimized with the Yoast SEO plugin v26.8 - https:\/\/yoast.com\/product\/yoast-seo-wordpress\/ -->\n<title>SpinBetter Aviador \u1409 Juega y gana en el mejor juego Crash<\/title>\n<meta name=\"description\" content=\"\u00a1Descubre el emocionante mundo de SpinBetter M\u00e9xico Aviador! Aprende a jugar a este popular juego, obt\u00e9n consejos sobre estrategia y c\u00f3mo maximizar tus ganancias. \u00a1\u00danete a millones de jugadores y disfruta de altas probabilidades de ganar y una experiencia de juego \u00fanica!\" \/>\n<meta name=\"robots\" content=\"index, follow, max-snippet:-1, max-image-preview:large, max-video-preview:-1\" \/>\n<link rel=\"canonical\" href=\"https:\/\/spinbetter.games\/mx\/aviator\/\" \/>\n<meta property=\"og:locale\" content=\"es_MX\" \/>\n<meta property=\"og:type\" content=\"article\" \/>\n<meta property=\"og:title\" content=\"SpinBetter Aviador \u1409 Juega y gana en el mejor juego Crash\" \/>\n<meta property=\"og:description\" content=\"\u00a1Descubre el emocionante mundo de SpinBetter M\u00e9xico Aviador! Aprende a jugar a este popular juego, obt\u00e9n consejos sobre estrategia y c\u00f3mo maximizar tus ganancias. \u00a1\u00danete a millones de jugadores y disfruta de altas probabilidades de ganar y una experiencia de juego \u00fanica!\" \/>\n<meta property=\"og:url\" content=\"https:\/\/spinbetter.games\/mx\/aviator\/\" \/>\n<meta property=\"og:site_name\" content=\"SpinBetter mx\" \/>\n<meta property=\"article:modified_time\" content=\"2025-10-12T16:24:08+00:00\" \/>\n<meta name=\"twitter:card\" content=\"summary_large_image\" \/>\n<script type=\"application\/ld+json\" class=\"yoast-schema-graph\">{\"@context\":\"https:\/\/schema.org\",\"@graph\":[{\"@type\":\"WebPage\",\"@id\":\"https:\/\/spinbetter.games\/mx\/aviator\/\",\"url\":\"https:\/\/spinbetter.games\/mx\/aviator\/\",\"name\":\"SpinBetter Aviador \u1409 Juega y gana en el mejor juego Crash\",\"isPartOf\":{\"@id\":\"https:\/\/spinbetter.games\/mx\/#website\"},\"datePublished\":\"2025-09-15T12:03:58+00:00\",\"dateModified\":\"2025-10-12T16:24:08+00:00\",\"description\":\"\u00a1Descubre el emocionante mundo de SpinBetter M\u00e9xico Aviador! Aprende a jugar a este popular juego, obt\u00e9n consejos sobre estrategia y c\u00f3mo maximizar tus ganancias. \u00a1\u00danete a millones de jugadores y disfruta de altas probabilidades de ganar y una experiencia de juego \u00fanica!\",\"breadcrumb\":{\"@id\":\"https:\/\/spinbetter.games\/mx\/aviator\/#breadcrumb\"},\"inLanguage\":\"es\",\"potentialAction\":[{\"@type\":\"ReadAction\",\"target\":[\"https:\/\/spinbetter.games\/mx\/aviator\/\"]}]},{\"@type\":\"BreadcrumbList\",\"@id\":\"https:\/\/spinbetter.games\/mx\/aviator\/#breadcrumb\",\"itemListElement\":[{\"@type\":\"ListItem\",\"position\":1,\"name\":\"\u0413\u043b\u0430\u0432\u043d\u0430\u044f \u0441\u0442\u0440\u0430\u043d\u0438\u0446\u0430\",\"item\":\"https:\/\/spinbetter.games\/mx\/\"},{\"@type\":\"ListItem\",\"position\":2,\"name\":\"Aviador\"}]},{\"@type\":\"WebSite\",\"@id\":\"https:\/\/spinbetter.games\/mx\/#website\",\"url\":\"https:\/\/spinbetter.games\/mx\/\",\"name\":\"SpinBetter mx\",\"description\":\"My WordPress Blog\",\"potentialAction\":[{\"@type\":\"SearchAction\",\"target\":{\"@type\":\"EntryPoint\",\"urlTemplate\":\"https:\/\/spinbetter.games\/mx\/?s={search_term_string}\"},\"query-input\":{\"@type\":\"PropertyValueSpecification\",\"valueRequired\":true,\"valueName\":\"search_term_string\"}}],\"inLanguage\":\"es\"}]}<\/script>\n<!-- \/ Yoast SEO plugin. -->","yoast_head_json":{"title":"SpinBetter Aviador \u1409 Juega y gana en el mejor juego Crash","description":"\u00a1Descubre el emocionante mundo de SpinBetter M\u00e9xico Aviador! Aprende a jugar a este popular juego, obt\u00e9n consejos sobre estrategia y c\u00f3mo maximizar tus ganancias. \u00a1\u00danete a millones de jugadores y disfruta de altas probabilidades de ganar y una experiencia de juego \u00fanica!","robots":{"index":"index","follow":"follow","max-snippet":"max-snippet:-1","max-image-preview":"max-image-preview:large","max-video-preview":"max-video-preview:-1"},"canonical":"https:\/\/spinbetter.games\/mx\/aviator\/","og_locale":"es_MX","og_type":"article","og_title":"SpinBetter Aviador \u1409 Juega y gana en el mejor juego Crash","og_description":"\u00a1Descubre el emocionante mundo de SpinBetter M\u00e9xico Aviador! Aprende a jugar a este popular juego, obt\u00e9n consejos sobre estrategia y c\u00f3mo maximizar tus ganancias. \u00a1\u00danete a millones de jugadores y disfruta de altas probabilidades de ganar y una experiencia de juego \u00fanica!","og_url":"https:\/\/spinbetter.games\/mx\/aviator\/","og_site_name":"SpinBetter mx","article_modified_time":"2025-10-12T16:24:08+00:00","twitter_card":"summary_large_image","schema":{"@context":"https:\/\/schema.org","@graph":[{"@type":"WebPage","@id":"https:\/\/spinbetter.games\/mx\/aviator\/","url":"https:\/\/spinbetter.games\/mx\/aviator\/","name":"SpinBetter Aviador \u1409 Juega y gana en el mejor juego Crash","isPartOf":{"@id":"https:\/\/spinbetter.games\/mx\/#website"},"datePublished":"2025-09-15T12:03:58+00:00","dateModified":"2025-10-12T16:24:08+00:00","description":"\u00a1Descubre el emocionante mundo de SpinBetter M\u00e9xico Aviador! Aprende a jugar a este popular juego, obt\u00e9n consejos sobre estrategia y c\u00f3mo maximizar tus ganancias. \u00a1\u00danete a millones de jugadores y disfruta de altas probabilidades de ganar y una experiencia de juego \u00fanica!","breadcrumb":{"@id":"https:\/\/spinbetter.games\/mx\/aviator\/#breadcrumb"},"inLanguage":"es","potentialAction":[{"@type":"ReadAction","target":["https:\/\/spinbetter.games\/mx\/aviator\/"]}]},{"@type":"BreadcrumbList","@id":"https:\/\/spinbetter.games\/mx\/aviator\/#breadcrumb","itemListElement":[{"@type":"ListItem","position":1,"name":"\u0413\u043b\u0430\u0432\u043d\u0430\u044f \u0441\u0442\u0440\u0430\u043d\u0438\u0446\u0430","item":"https:\/\/spinbetter.games\/mx\/"},{"@type":"ListItem","position":2,"name":"Aviador"}]},{"@type":"WebSite","@id":"https:\/\/spinbetter.games\/mx\/#website","url":"https:\/\/spinbetter.games\/mx\/","name":"SpinBetter mx","description":"My WordPress Blog","potentialAction":[{"@type":"SearchAction","target":{"@type":"EntryPoint","urlTemplate":"https:\/\/spinbetter.games\/mx\/?s={search_term_string}"},"query-input":{"@type":"PropertyValueSpecification","valueRequired":true,"valueName":"search_term_string"}}],"inLanguage":"es"}]}},"_links":{"self":[{"href":"https:\/\/spinbetter.games\/mx\/wp-json\/wp\/v2\/pages\/1658","targetHints":{"allow":["GET"]}}],"collection":[{"href":"https:\/\/spinbetter.games\/mx\/wp-json\/wp\/v2\/pages"}],"about":[{"href":"https:\/\/spinbetter.games\/mx\/wp-json\/wp\/v2\/types\/page"}],"author":[{"embeddable":true,"href":"https:\/\/spinbetter.games\/mx\/wp-json\/wp\/v2\/users\/1"}],"replies":[{"embeddable":true,"href":"https:\/\/spinbetter.games\/mx\/wp-json\/wp\/v2\/comments?post=1658"}],"version-history":[{"count":4,"href":"https:\/\/spinbetter.games\/mx\/wp-json\/wp\/v2\/pages\/1658\/revisions"}],"predecessor-version":[{"id":1789,"href":"https:\/\/spinbetter.games\/mx\/wp-json\/wp\/v2\/pages\/1658\/revisions\/1789"}],"wp:attachment":[{"href":"https:\/\/spinbetter.games\/mx\/wp-json\/wp\/v2\/media?parent=1658"}],"curies":[{"name":"wp","href":"https:\/\/api.w.org\/{rel}","templated":true}]}}