{"id":1215,"date":"2025-04-16T05:58:07","date_gmt":"2025-04-16T05:58:07","guid":{"rendered":"https:\/\/spinbetter.games\/norway\/?page_id=1215"},"modified":"2025-05-17T14:48:24","modified_gmt":"2025-05-17T14:48:24","slug":"ice-hockey-freebet","status":"publish","type":"page","link":"https:\/\/spinbetter.games\/norway\/bonus\/ice-hockey-freebet\/","title":{"rendered":"Freebet p\u00e5 ishockey"},"content":{"rendered":"","protected":false},"excerpt":{"rendered":"","protected":false},"author":1,"featured_media":0,"parent":152,"menu_order":0,"comment_status":"closed","ping_status":"closed","template":"","meta":{"footnotes":""},"class_list":["post-1215","page","type-page","status-publish","hentry"],"yoast_head":"<!-- This site is optimized with the Yoast SEO plugin v26.8 - https:\/\/yoast.com\/product\/yoast-seo-wordpress\/ -->\n<title>Freebet p\u00e5 ishockey: Vinn opptil 7777 USD og merkevaretr\u00f8yer!<\/title>\n<meta name=\"description\" content=\"Grip sjansen til \u00e5 vinne en superpremie p\u00e5 7777 USD og tr\u00f8yer fra hockeylegender! Spill p\u00e5 hockey fra 100 NOK p\u00e5 SpinBetter og f\u00e5 lodd til freebet-trekningen p\u00e5 625 000 NOK.\" \/>\n<meta name=\"robots\" content=\"index, follow, max-snippet:-1, max-image-preview:large, max-video-preview:-1\" \/>\n<link rel=\"canonical\" href=\"https:\/\/spinbetter.games\/norway\/bonus\/ice-hockey-freebet\/\" \/>\n<meta property=\"og:locale\" content=\"nn_NO\" \/>\n<meta property=\"og:type\" content=\"article\" \/>\n<meta property=\"og:title\" content=\"Freebet p\u00e5 ishockey: Vinn opptil 7777 USD og merkevaretr\u00f8yer!\" \/>\n<meta property=\"og:description\" content=\"Grip sjansen til \u00e5 vinne en superpremie p\u00e5 7777 USD og tr\u00f8yer fra hockeylegender! Spill p\u00e5 hockey fra 100 NOK p\u00e5 SpinBetter og f\u00e5 lodd til freebet-trekningen p\u00e5 625 000 NOK.\" \/>\n<meta property=\"og:url\" content=\"https:\/\/spinbetter.games\/norway\/bonus\/ice-hockey-freebet\/\" \/>\n<meta property=\"og:site_name\" content=\"Spinbetter NO\" \/>\n<meta property=\"article:modified_time\" content=\"2025-05-17T14:48:24+00:00\" \/>\n<meta name=\"twitter:card\" content=\"summary_large_image\" \/>\n<script type=\"application\/ld+json\" class=\"yoast-schema-graph\">{\"@context\":\"https:\/\/schema.org\",\"@graph\":[{\"@type\":\"WebPage\",\"@id\":\"https:\/\/spinbetter.games\/norway\/bonus\/ice-hockey-freebet\/\",\"url\":\"https:\/\/spinbetter.games\/norway\/bonus\/ice-hockey-freebet\/\",\"name\":\"Freebet p\u00e5 ishockey: Vinn opptil 7777 USD og merkevaretr\u00f8yer!\",\"isPartOf\":{\"@id\":\"https:\/\/spinbetter.games\/norway\/#website\"},\"datePublished\":\"2025-04-16T05:58:07+00:00\",\"dateModified\":\"2025-05-17T14:48:24+00:00\",\"description\":\"Grip sjansen til \u00e5 vinne en superpremie p\u00e5 7777 USD og tr\u00f8yer fra hockeylegender! Spill p\u00e5 hockey fra 100 NOK p\u00e5 SpinBetter og f\u00e5 lodd til freebet-trekningen p\u00e5 625 000 NOK.\",\"breadcrumb\":{\"@id\":\"https:\/\/spinbetter.games\/norway\/bonus\/ice-hockey-freebet\/#breadcrumb\"},\"inLanguage\":\"nn-NO\",\"potentialAction\":[{\"@type\":\"ReadAction\",\"target\":[\"https:\/\/spinbetter.games\/norway\/bonus\/ice-hockey-freebet\/\"]}]},{\"@type\":\"BreadcrumbList\",\"@id\":\"https:\/\/spinbetter.games\/norway\/bonus\/ice-hockey-freebet\/#breadcrumb\",\"itemListElement\":[{\"@type\":\"ListItem\",\"position\":1,\"name\":\"\u0413\u043b\u0430\u0432\u043d\u0430\u044f \u0441\u0442\u0440\u0430\u043d\u0438\u0446\u0430\",\"item\":\"https:\/\/spinbetter.games\/norway\/\"},{\"@type\":\"ListItem\",\"position\":2,\"name\":\"Bonus\",\"item\":\"https:\/\/spinbetter.games\/norway\/bonus\/\"},{\"@type\":\"ListItem\",\"position\":3,\"name\":\"Freebet p\u00e5 ishockey\"}]},{\"@type\":\"WebSite\",\"@id\":\"https:\/\/spinbetter.games\/norway\/#website\",\"url\":\"https:\/\/spinbetter.games\/norway\/\",\"name\":\"Spinbetter NO\",\"description\":\"My WordPress Blog\",\"potentialAction\":[{\"@type\":\"SearchAction\",\"target\":{\"@type\":\"EntryPoint\",\"urlTemplate\":\"https:\/\/spinbetter.games\/norway\/?s={search_term_string}\"},\"query-input\":{\"@type\":\"PropertyValueSpecification\",\"valueRequired\":true,\"valueName\":\"search_term_string\"}}],\"inLanguage\":\"nn-NO\"}]}<\/script>\n<!-- \/ Yoast SEO plugin. -->","yoast_head_json":{"title":"Freebet p\u00e5 ishockey: Vinn opptil 7777 USD og merkevaretr\u00f8yer!","description":"Grip sjansen til \u00e5 vinne en superpremie p\u00e5 7777 USD og tr\u00f8yer fra hockeylegender! Spill p\u00e5 hockey fra 100 NOK p\u00e5 SpinBetter og f\u00e5 lodd til freebet-trekningen p\u00e5 625 000 NOK.","robots":{"index":"index","follow":"follow","max-snippet":"max-snippet:-1","max-image-preview":"max-image-preview:large","max-video-preview":"max-video-preview:-1"},"canonical":"https:\/\/spinbetter.games\/norway\/bonus\/ice-hockey-freebet\/","og_locale":"nn_NO","og_type":"article","og_title":"Freebet p\u00e5 ishockey: Vinn opptil 7777 USD og merkevaretr\u00f8yer!","og_description":"Grip sjansen til \u00e5 vinne en superpremie p\u00e5 7777 USD og tr\u00f8yer fra hockeylegender! Spill p\u00e5 hockey fra 100 NOK p\u00e5 SpinBetter og f\u00e5 lodd til freebet-trekningen p\u00e5 625 000 NOK.","og_url":"https:\/\/spinbetter.games\/norway\/bonus\/ice-hockey-freebet\/","og_site_name":"Spinbetter NO","article_modified_time":"2025-05-17T14:48:24+00:00","twitter_card":"summary_large_image","schema":{"@context":"https:\/\/schema.org","@graph":[{"@type":"WebPage","@id":"https:\/\/spinbetter.games\/norway\/bonus\/ice-hockey-freebet\/","url":"https:\/\/spinbetter.games\/norway\/bonus\/ice-hockey-freebet\/","name":"Freebet p\u00e5 ishockey: Vinn opptil 7777 USD og merkevaretr\u00f8yer!","isPartOf":{"@id":"https:\/\/spinbetter.games\/norway\/#website"},"datePublished":"2025-04-16T05:58:07+00:00","dateModified":"2025-05-17T14:48:24+00:00","description":"Grip sjansen til \u00e5 vinne en superpremie p\u00e5 7777 USD og tr\u00f8yer fra hockeylegender! Spill p\u00e5 hockey fra 100 NOK p\u00e5 SpinBetter og f\u00e5 lodd til freebet-trekningen p\u00e5 625 000 NOK.","breadcrumb":{"@id":"https:\/\/spinbetter.games\/norway\/bonus\/ice-hockey-freebet\/#breadcrumb"},"inLanguage":"nn-NO","potentialAction":[{"@type":"ReadAction","target":["https:\/\/spinbetter.games\/norway\/bonus\/ice-hockey-freebet\/"]}]},{"@type":"BreadcrumbList","@id":"https:\/\/spinbetter.games\/norway\/bonus\/ice-hockey-freebet\/#breadcrumb","itemListElement":[{"@type":"ListItem","position":1,"name":"\u0413\u043b\u0430\u0432\u043d\u0430\u044f \u0441\u0442\u0440\u0430\u043d\u0438\u0446\u0430","item":"https:\/\/spinbetter.games\/norway\/"},{"@type":"ListItem","position":2,"name":"Bonus","item":"https:\/\/spinbetter.games\/norway\/bonus\/"},{"@type":"ListItem","position":3,"name":"Freebet p\u00e5 ishockey"}]},{"@type":"WebSite","@id":"https:\/\/spinbetter.games\/norway\/#website","url":"https:\/\/spinbetter.games\/norway\/","name":"Spinbetter NO","description":"My WordPress Blog","potentialAction":[{"@type":"SearchAction","target":{"@type":"EntryPoint","urlTemplate":"https:\/\/spinbetter.games\/norway\/?s={search_term_string}"},"query-input":{"@type":"PropertyValueSpecification","valueRequired":true,"valueName":"search_term_string"}}],"inLanguage":"nn-NO"}]}},"_links":{"self":[{"href":"https:\/\/spinbetter.games\/norway\/wp-json\/wp\/v2\/pages\/1215","targetHints":{"allow":["GET"]}}],"collection":[{"href":"https:\/\/spinbetter.games\/norway\/wp-json\/wp\/v2\/pages"}],"about":[{"href":"https:\/\/spinbetter.games\/norway\/wp-json\/wp\/v2\/types\/page"}],"author":[{"embeddable":true,"href":"https:\/\/spinbetter.games\/norway\/wp-json\/wp\/v2\/users\/1"}],"replies":[{"embeddable":true,"href":"https:\/\/spinbetter.games\/norway\/wp-json\/wp\/v2\/comments?post=1215"}],"version-history":[{"count":14,"href":"https:\/\/spinbetter.games\/norway\/wp-json\/wp\/v2\/pages\/1215\/revisions"}],"predecessor-version":[{"id":1416,"href":"https:\/\/spinbetter.games\/norway\/wp-json\/wp\/v2\/pages\/1215\/revisions\/1416"}],"up":[{"embeddable":true,"href":"https:\/\/spinbetter.games\/norway\/wp-json\/wp\/v2\/pages\/152"}],"wp:attachment":[{"href":"https:\/\/spinbetter.games\/norway\/wp-json\/wp\/v2\/media?parent=1215"}],"curies":[{"name":"wp","href":"https:\/\/api.w.org\/{rel}","templated":true}]}}