{"id":549,"date":"2024-09-24T06:14:56","date_gmt":"2024-09-24T06:14:56","guid":{"rendered":"https:\/\/spinbetter.games\/norway\/?page_id=549"},"modified":"2025-05-17T14:51:39","modified_gmt":"2025-05-17T14:51:39","slug":"promo-code","status":"publish","type":"page","link":"https:\/\/spinbetter.games\/norway\/promo-code\/","title":{"rendered":"Kampanjekode"},"content":{"rendered":"","protected":false},"excerpt":{"rendered":"","protected":false},"author":1,"featured_media":0,"parent":0,"menu_order":0,"comment_status":"closed","ping_status":"closed","template":"","meta":{"footnotes":""},"class_list":["post-549","page","type-page","status-publish","hentry"],"yoast_head":"<!-- This site is optimized with the Yoast SEO plugin v26.8 - https:\/\/yoast.com\/product\/yoast-seo-wordpress\/ -->\n<title>SpinBetter Kampanjekode 2025 \u25b6\ufe0f Faktiske bonuskoder<\/title>\n<meta name=\"description\" content=\"Finn de beste SpinBetter-bonuskodene og f\u00e5 eksklusive bonuser uten innskudd og gratisspinn. Bruk Spin Better Promo Code n\u00e5r du registrerer deg. Bonuskoder kan gi deg gratisspinn p\u00e5 favorittautomater og gratisspill p\u00e5 popul\u00e6re sportsgrener hos Spin Better\" \/>\n<meta name=\"robots\" content=\"index, follow, max-snippet:-1, max-image-preview:large, max-video-preview:-1\" \/>\n<link rel=\"canonical\" href=\"https:\/\/spinbetter.games\/norway\/promo-code\/\" \/>\n<meta property=\"og:locale\" content=\"nn_NO\" \/>\n<meta property=\"og:type\" content=\"article\" \/>\n<meta property=\"og:title\" content=\"SpinBetter Kampanjekode 2025 \u25b6\ufe0f Faktiske bonuskoder\" \/>\n<meta property=\"og:description\" content=\"Finn de beste SpinBetter-bonuskodene og f\u00e5 eksklusive bonuser uten innskudd og gratisspinn. Bruk Spin Better Promo Code n\u00e5r du registrerer deg. Bonuskoder kan gi deg gratisspinn p\u00e5 favorittautomater og gratisspill p\u00e5 popul\u00e6re sportsgrener hos Spin Better\" \/>\n<meta property=\"og:url\" content=\"https:\/\/spinbetter.games\/norway\/promo-code\/\" \/>\n<meta property=\"og:site_name\" content=\"Spinbetter NO\" \/>\n<meta property=\"article:modified_time\" content=\"2025-05-17T14:51:39+00:00\" \/>\n<meta name=\"twitter:card\" content=\"summary_large_image\" \/>\n<script type=\"application\/ld+json\" class=\"yoast-schema-graph\">{\"@context\":\"https:\/\/schema.org\",\"@graph\":[{\"@type\":\"WebPage\",\"@id\":\"https:\/\/spinbetter.games\/norway\/promo-code\/\",\"url\":\"https:\/\/spinbetter.games\/norway\/promo-code\/\",\"name\":\"SpinBetter Kampanjekode 2025 \u25b6\ufe0f Faktiske bonuskoder\",\"isPartOf\":{\"@id\":\"https:\/\/spinbetter.games\/norway\/#website\"},\"datePublished\":\"2024-09-24T06:14:56+00:00\",\"dateModified\":\"2025-05-17T14:51:39+00:00\",\"description\":\"Finn de beste SpinBetter-bonuskodene og f\u00e5 eksklusive bonuser uten innskudd og gratisspinn. Bruk Spin Better Promo Code n\u00e5r du registrerer deg. Bonuskoder kan gi deg gratisspinn p\u00e5 favorittautomater og gratisspill p\u00e5 popul\u00e6re sportsgrener hos Spin Better\",\"breadcrumb\":{\"@id\":\"https:\/\/spinbetter.games\/norway\/promo-code\/#breadcrumb\"},\"inLanguage\":\"nn-NO\",\"potentialAction\":[{\"@type\":\"ReadAction\",\"target\":[\"https:\/\/spinbetter.games\/norway\/promo-code\/\"]}]},{\"@type\":\"BreadcrumbList\",\"@id\":\"https:\/\/spinbetter.games\/norway\/promo-code\/#breadcrumb\",\"itemListElement\":[{\"@type\":\"ListItem\",\"position\":1,\"name\":\"\u0413\u043b\u0430\u0432\u043d\u0430\u044f \u0441\u0442\u0440\u0430\u043d\u0438\u0446\u0430\",\"item\":\"https:\/\/spinbetter.games\/norway\/\"},{\"@type\":\"ListItem\",\"position\":2,\"name\":\"Kampanjekode\"}]},{\"@type\":\"WebSite\",\"@id\":\"https:\/\/spinbetter.games\/norway\/#website\",\"url\":\"https:\/\/spinbetter.games\/norway\/\",\"name\":\"Spinbetter NO\",\"description\":\"My WordPress Blog\",\"potentialAction\":[{\"@type\":\"SearchAction\",\"target\":{\"@type\":\"EntryPoint\",\"urlTemplate\":\"https:\/\/spinbetter.games\/norway\/?s={search_term_string}\"},\"query-input\":{\"@type\":\"PropertyValueSpecification\",\"valueRequired\":true,\"valueName\":\"search_term_string\"}}],\"inLanguage\":\"nn-NO\"}]}<\/script>\n<!-- \/ Yoast SEO plugin. -->","yoast_head_json":{"title":"SpinBetter Kampanjekode 2025 \u25b6\ufe0f Faktiske bonuskoder","description":"Finn de beste SpinBetter-bonuskodene og f\u00e5 eksklusive bonuser uten innskudd og gratisspinn. Bruk Spin Better Promo Code n\u00e5r du registrerer deg. Bonuskoder kan gi deg gratisspinn p\u00e5 favorittautomater og gratisspill p\u00e5 popul\u00e6re sportsgrener hos Spin Better","robots":{"index":"index","follow":"follow","max-snippet":"max-snippet:-1","max-image-preview":"max-image-preview:large","max-video-preview":"max-video-preview:-1"},"canonical":"https:\/\/spinbetter.games\/norway\/promo-code\/","og_locale":"nn_NO","og_type":"article","og_title":"SpinBetter Kampanjekode 2025 \u25b6\ufe0f Faktiske bonuskoder","og_description":"Finn de beste SpinBetter-bonuskodene og f\u00e5 eksklusive bonuser uten innskudd og gratisspinn. Bruk Spin Better Promo Code n\u00e5r du registrerer deg. Bonuskoder kan gi deg gratisspinn p\u00e5 favorittautomater og gratisspill p\u00e5 popul\u00e6re sportsgrener hos Spin Better","og_url":"https:\/\/spinbetter.games\/norway\/promo-code\/","og_site_name":"Spinbetter NO","article_modified_time":"2025-05-17T14:51:39+00:00","twitter_card":"summary_large_image","schema":{"@context":"https:\/\/schema.org","@graph":[{"@type":"WebPage","@id":"https:\/\/spinbetter.games\/norway\/promo-code\/","url":"https:\/\/spinbetter.games\/norway\/promo-code\/","name":"SpinBetter Kampanjekode 2025 \u25b6\ufe0f Faktiske bonuskoder","isPartOf":{"@id":"https:\/\/spinbetter.games\/norway\/#website"},"datePublished":"2024-09-24T06:14:56+00:00","dateModified":"2025-05-17T14:51:39+00:00","description":"Finn de beste SpinBetter-bonuskodene og f\u00e5 eksklusive bonuser uten innskudd og gratisspinn. Bruk Spin Better Promo Code n\u00e5r du registrerer deg. Bonuskoder kan gi deg gratisspinn p\u00e5 favorittautomater og gratisspill p\u00e5 popul\u00e6re sportsgrener hos Spin Better","breadcrumb":{"@id":"https:\/\/spinbetter.games\/norway\/promo-code\/#breadcrumb"},"inLanguage":"nn-NO","potentialAction":[{"@type":"ReadAction","target":["https:\/\/spinbetter.games\/norway\/promo-code\/"]}]},{"@type":"BreadcrumbList","@id":"https:\/\/spinbetter.games\/norway\/promo-code\/#breadcrumb","itemListElement":[{"@type":"ListItem","position":1,"name":"\u0413\u043b\u0430\u0432\u043d\u0430\u044f \u0441\u0442\u0440\u0430\u043d\u0438\u0446\u0430","item":"https:\/\/spinbetter.games\/norway\/"},{"@type":"ListItem","position":2,"name":"Kampanjekode"}]},{"@type":"WebSite","@id":"https:\/\/spinbetter.games\/norway\/#website","url":"https:\/\/spinbetter.games\/norway\/","name":"Spinbetter NO","description":"My WordPress Blog","potentialAction":[{"@type":"SearchAction","target":{"@type":"EntryPoint","urlTemplate":"https:\/\/spinbetter.games\/norway\/?s={search_term_string}"},"query-input":{"@type":"PropertyValueSpecification","valueRequired":true,"valueName":"search_term_string"}}],"inLanguage":"nn-NO"}]}},"_links":{"self":[{"href":"https:\/\/spinbetter.games\/norway\/wp-json\/wp\/v2\/pages\/549","targetHints":{"allow":["GET"]}}],"collection":[{"href":"https:\/\/spinbetter.games\/norway\/wp-json\/wp\/v2\/pages"}],"about":[{"href":"https:\/\/spinbetter.games\/norway\/wp-json\/wp\/v2\/types\/page"}],"author":[{"embeddable":true,"href":"https:\/\/spinbetter.games\/norway\/wp-json\/wp\/v2\/users\/1"}],"replies":[{"embeddable":true,"href":"https:\/\/spinbetter.games\/norway\/wp-json\/wp\/v2\/comments?post=549"}],"version-history":[{"count":6,"href":"https:\/\/spinbetter.games\/norway\/wp-json\/wp\/v2\/pages\/549\/revisions"}],"predecessor-version":[{"id":1419,"href":"https:\/\/spinbetter.games\/norway\/wp-json\/wp\/v2\/pages\/549\/revisions\/1419"}],"wp:attachment":[{"href":"https:\/\/spinbetter.games\/norway\/wp-json\/wp\/v2\/media?parent=549"}],"curies":[{"name":"wp","href":"https:\/\/api.w.org\/{rel}","templated":true}]}}