{"id":914,"date":"2025-03-05T13:33:29","date_gmt":"2025-03-05T13:33:29","guid":{"rendered":"https:\/\/spinbetter.games\/norway\/?page_id=914"},"modified":"2025-05-17T14:37:01","modified_gmt":"2025-05-17T14:37:01","slug":"freebet-in-app","status":"publish","type":"page","link":"https:\/\/spinbetter.games\/norway\/bonus\/freebet-in-app\/","title":{"rendered":"Freebet i appen"},"content":{"rendered":"","protected":false},"excerpt":{"rendered":"","protected":false},"author":1,"featured_media":0,"parent":152,"menu_order":2,"comment_status":"closed","ping_status":"closed","template":"","meta":{"footnotes":""},"class_list":["post-914","page","type-page","status-publish","hentry"],"yoast_head":"<!-- This site is optimized with the Yoast SEO plugin v26.8 - https:\/\/yoast.com\/product\/yoast-seo-wordpress\/ -->\n<title>SpinBetter freebet i appen \u1409 In-app betting bonuser<\/title>\n<meta name=\"description\" content=\"Gi spillet ditt ny energi med et freebet p\u00e5 SpinBetter-appen! \ud83d\udcb8 Oppdag kule spillbonuser og \u00f8k vinnersjansene dine. Ikke g\u00e5 glipp av \u00f8yeblikket - gevinstene dine venter p\u00e5 deg!\" \/>\n<meta name=\"robots\" content=\"index, follow, max-snippet:-1, max-image-preview:large, max-video-preview:-1\" \/>\n<link rel=\"canonical\" href=\"https:\/\/spinbetter.games\/norway\/bonus\/freebet-in-app\/\" \/>\n<meta property=\"og:locale\" content=\"nn_NO\" \/>\n<meta property=\"og:type\" content=\"article\" \/>\n<meta property=\"og:title\" content=\"SpinBetter freebet i appen \u1409 In-app betting bonuser\" \/>\n<meta property=\"og:description\" content=\"Gi spillet ditt ny energi med et freebet p\u00e5 SpinBetter-appen! \ud83d\udcb8 Oppdag kule spillbonuser og \u00f8k vinnersjansene dine. Ikke g\u00e5 glipp av \u00f8yeblikket - gevinstene dine venter p\u00e5 deg!\" \/>\n<meta property=\"og:url\" content=\"https:\/\/spinbetter.games\/norway\/bonus\/freebet-in-app\/\" \/>\n<meta property=\"og:site_name\" content=\"Spinbetter NO\" \/>\n<meta property=\"article:modified_time\" content=\"2025-05-17T14:37:01+00:00\" \/>\n<meta name=\"twitter:card\" content=\"summary_large_image\" \/>\n<script type=\"application\/ld+json\" class=\"yoast-schema-graph\">{\"@context\":\"https:\/\/schema.org\",\"@graph\":[{\"@type\":\"WebPage\",\"@id\":\"https:\/\/spinbetter.games\/norway\/bonus\/freebet-in-app\/\",\"url\":\"https:\/\/spinbetter.games\/norway\/bonus\/freebet-in-app\/\",\"name\":\"SpinBetter freebet i appen \u1409 In-app betting bonuser\",\"isPartOf\":{\"@id\":\"https:\/\/spinbetter.games\/norway\/#website\"},\"datePublished\":\"2025-03-05T13:33:29+00:00\",\"dateModified\":\"2025-05-17T14:37:01+00:00\",\"description\":\"Gi spillet ditt ny energi med et freebet p\u00e5 SpinBetter-appen! \ud83d\udcb8 Oppdag kule spillbonuser og \u00f8k vinnersjansene dine. Ikke g\u00e5 glipp av \u00f8yeblikket - gevinstene dine venter p\u00e5 deg!\",\"breadcrumb\":{\"@id\":\"https:\/\/spinbetter.games\/norway\/bonus\/freebet-in-app\/#breadcrumb\"},\"inLanguage\":\"nn-NO\",\"potentialAction\":[{\"@type\":\"ReadAction\",\"target\":[\"https:\/\/spinbetter.games\/norway\/bonus\/freebet-in-app\/\"]}]},{\"@type\":\"BreadcrumbList\",\"@id\":\"https:\/\/spinbetter.games\/norway\/bonus\/freebet-in-app\/#breadcrumb\",\"itemListElement\":[{\"@type\":\"ListItem\",\"position\":1,\"name\":\"\u0413\u043b\u0430\u0432\u043d\u0430\u044f \u0441\u0442\u0440\u0430\u043d\u0438\u0446\u0430\",\"item\":\"https:\/\/spinbetter.games\/norway\/\"},{\"@type\":\"ListItem\",\"position\":2,\"name\":\"Bonus\",\"item\":\"https:\/\/spinbetter.games\/norway\/bonus\/\"},{\"@type\":\"ListItem\",\"position\":3,\"name\":\"Freebet i appen\"}]},{\"@type\":\"WebSite\",\"@id\":\"https:\/\/spinbetter.games\/norway\/#website\",\"url\":\"https:\/\/spinbetter.games\/norway\/\",\"name\":\"Spinbetter NO\",\"description\":\"My WordPress Blog\",\"potentialAction\":[{\"@type\":\"SearchAction\",\"target\":{\"@type\":\"EntryPoint\",\"urlTemplate\":\"https:\/\/spinbetter.games\/norway\/?s={search_term_string}\"},\"query-input\":{\"@type\":\"PropertyValueSpecification\",\"valueRequired\":true,\"valueName\":\"search_term_string\"}}],\"inLanguage\":\"nn-NO\"}]}<\/script>\n<!-- \/ Yoast SEO plugin. -->","yoast_head_json":{"title":"SpinBetter freebet i appen \u1409 In-app betting bonuser","description":"Gi spillet ditt ny energi med et freebet p\u00e5 SpinBetter-appen! \ud83d\udcb8 Oppdag kule spillbonuser og \u00f8k vinnersjansene dine. Ikke g\u00e5 glipp av \u00f8yeblikket - gevinstene dine venter p\u00e5 deg!","robots":{"index":"index","follow":"follow","max-snippet":"max-snippet:-1","max-image-preview":"max-image-preview:large","max-video-preview":"max-video-preview:-1"},"canonical":"https:\/\/spinbetter.games\/norway\/bonus\/freebet-in-app\/","og_locale":"nn_NO","og_type":"article","og_title":"SpinBetter freebet i appen \u1409 In-app betting bonuser","og_description":"Gi spillet ditt ny energi med et freebet p\u00e5 SpinBetter-appen! \ud83d\udcb8 Oppdag kule spillbonuser og \u00f8k vinnersjansene dine. Ikke g\u00e5 glipp av \u00f8yeblikket - gevinstene dine venter p\u00e5 deg!","og_url":"https:\/\/spinbetter.games\/norway\/bonus\/freebet-in-app\/","og_site_name":"Spinbetter NO","article_modified_time":"2025-05-17T14:37:01+00:00","twitter_card":"summary_large_image","schema":{"@context":"https:\/\/schema.org","@graph":[{"@type":"WebPage","@id":"https:\/\/spinbetter.games\/norway\/bonus\/freebet-in-app\/","url":"https:\/\/spinbetter.games\/norway\/bonus\/freebet-in-app\/","name":"SpinBetter freebet i appen \u1409 In-app betting bonuser","isPartOf":{"@id":"https:\/\/spinbetter.games\/norway\/#website"},"datePublished":"2025-03-05T13:33:29+00:00","dateModified":"2025-05-17T14:37:01+00:00","description":"Gi spillet ditt ny energi med et freebet p\u00e5 SpinBetter-appen! \ud83d\udcb8 Oppdag kule spillbonuser og \u00f8k vinnersjansene dine. Ikke g\u00e5 glipp av \u00f8yeblikket - gevinstene dine venter p\u00e5 deg!","breadcrumb":{"@id":"https:\/\/spinbetter.games\/norway\/bonus\/freebet-in-app\/#breadcrumb"},"inLanguage":"nn-NO","potentialAction":[{"@type":"ReadAction","target":["https:\/\/spinbetter.games\/norway\/bonus\/freebet-in-app\/"]}]},{"@type":"BreadcrumbList","@id":"https:\/\/spinbetter.games\/norway\/bonus\/freebet-in-app\/#breadcrumb","itemListElement":[{"@type":"ListItem","position":1,"name":"\u0413\u043b\u0430\u0432\u043d\u0430\u044f \u0441\u0442\u0440\u0430\u043d\u0438\u0446\u0430","item":"https:\/\/spinbetter.games\/norway\/"},{"@type":"ListItem","position":2,"name":"Bonus","item":"https:\/\/spinbetter.games\/norway\/bonus\/"},{"@type":"ListItem","position":3,"name":"Freebet i appen"}]},{"@type":"WebSite","@id":"https:\/\/spinbetter.games\/norway\/#website","url":"https:\/\/spinbetter.games\/norway\/","name":"Spinbetter NO","description":"My WordPress Blog","potentialAction":[{"@type":"SearchAction","target":{"@type":"EntryPoint","urlTemplate":"https:\/\/spinbetter.games\/norway\/?s={search_term_string}"},"query-input":{"@type":"PropertyValueSpecification","valueRequired":true,"valueName":"search_term_string"}}],"inLanguage":"nn-NO"}]}},"_links":{"self":[{"href":"https:\/\/spinbetter.games\/norway\/wp-json\/wp\/v2\/pages\/914","targetHints":{"allow":["GET"]}}],"collection":[{"href":"https:\/\/spinbetter.games\/norway\/wp-json\/wp\/v2\/pages"}],"about":[{"href":"https:\/\/spinbetter.games\/norway\/wp-json\/wp\/v2\/types\/page"}],"author":[{"embeddable":true,"href":"https:\/\/spinbetter.games\/norway\/wp-json\/wp\/v2\/users\/1"}],"replies":[{"embeddable":true,"href":"https:\/\/spinbetter.games\/norway\/wp-json\/wp\/v2\/comments?post=914"}],"version-history":[{"count":10,"href":"https:\/\/spinbetter.games\/norway\/wp-json\/wp\/v2\/pages\/914\/revisions"}],"predecessor-version":[{"id":1411,"href":"https:\/\/spinbetter.games\/norway\/wp-json\/wp\/v2\/pages\/914\/revisions\/1411"}],"up":[{"embeddable":true,"href":"https:\/\/spinbetter.games\/norway\/wp-json\/wp\/v2\/pages\/152"}],"wp:attachment":[{"href":"https:\/\/spinbetter.games\/norway\/wp-json\/wp\/v2\/media?parent=914"}],"curies":[{"name":"wp","href":"https:\/\/api.w.org\/{rel}","templated":true}]}}