{"id":1870,"date":"2025-12-16T06:13:56","date_gmt":"2025-12-16T06:13:56","guid":{"rendered":"https:\/\/spinbetter.games\/peru\/?page_id=1870"},"modified":"2026-01-10T06:13:47","modified_gmt":"2026-01-10T06:13:47","slug":"christmas-drop","status":"publish","type":"page","link":"https:\/\/spinbetter.games\/peru\/bonus\/christmas-drop\/","title":{"rendered":"Regalo de Navidad"},"content":{"rendered":"","protected":false},"excerpt":{"rendered":"","protected":false},"author":1,"featured_media":0,"parent":152,"menu_order":0,"comment_status":"closed","ping_status":"closed","template":"","meta":{"footnotes":""},"class_list":["post-1870","page","type-page","status-publish","hentry"],"yoast_head":"<!-- This site is optimized with the Yoast SEO plugin v26.8 - https:\/\/yoast.com\/product\/yoast-seo-wordpress\/ -->\n<title>Regalo de Navidad SpinBetter \ud83c\udf84 Apostas gr\u00e1tis hasta 1 900 PEN<\/title>\n<meta name=\"description\" content=\"Participa en el Christmas Drop de SpinBetter Per\u00fa \u2014 una promoci\u00f3n navide\u00f1a con regalos, giros gratis y bonos por dep\u00f3sito. Gana apuestas gratuitas (freebets) diarias por dep\u00f3sitos de 40 PEN o m\u00e1s.\" \/>\n<meta name=\"robots\" content=\"index, follow, max-snippet:-1, max-image-preview:large, max-video-preview:-1\" \/>\n<link rel=\"canonical\" href=\"https:\/\/spinbetter.games\/peru\/bonus\/christmas-drop\/\" \/>\n<meta property=\"og:locale\" content=\"es_ES\" \/>\n<meta property=\"og:type\" content=\"article\" \/>\n<meta property=\"og:title\" content=\"Regalo de Navidad SpinBetter \ud83c\udf84 Apostas gr\u00e1tis hasta 1 900 PEN\" \/>\n<meta property=\"og:description\" content=\"Participa en el Christmas Drop de SpinBetter Per\u00fa \u2014 una promoci\u00f3n navide\u00f1a con regalos, giros gratis y bonos por dep\u00f3sito. Gana apuestas gratuitas (freebets) diarias por dep\u00f3sitos de 40 PEN o m\u00e1s.\" \/>\n<meta property=\"og:url\" content=\"https:\/\/spinbetter.games\/peru\/bonus\/christmas-drop\/\" \/>\n<meta property=\"og:site_name\" content=\"SpinBetter PE\" \/>\n<meta property=\"article:modified_time\" content=\"2026-01-10T06:13:47+00:00\" \/>\n<meta name=\"twitter:card\" content=\"summary_large_image\" \/>\n<script type=\"application\/ld+json\" class=\"yoast-schema-graph\">{\"@context\":\"https:\/\/schema.org\",\"@graph\":[{\"@type\":\"WebPage\",\"@id\":\"https:\/\/spinbetter.games\/peru\/bonus\/christmas-drop\/\",\"url\":\"https:\/\/spinbetter.games\/peru\/bonus\/christmas-drop\/\",\"name\":\"Regalo de Navidad SpinBetter \ud83c\udf84 Apostas gr\u00e1tis hasta 1 900 PEN\",\"isPartOf\":{\"@id\":\"https:\/\/spinbetter.games\/peru\/#website\"},\"datePublished\":\"2025-12-16T06:13:56+00:00\",\"dateModified\":\"2026-01-10T06:13:47+00:00\",\"description\":\"Participa en el Christmas Drop de SpinBetter Per\u00fa \u2014 una promoci\u00f3n navide\u00f1a con regalos, giros gratis y bonos por dep\u00f3sito. Gana apuestas gratuitas (freebets) diarias por dep\u00f3sitos de 40 PEN o m\u00e1s.\",\"breadcrumb\":{\"@id\":\"https:\/\/spinbetter.games\/peru\/bonus\/christmas-drop\/#breadcrumb\"},\"inLanguage\":\"es-PE\",\"potentialAction\":[{\"@type\":\"ReadAction\",\"target\":[\"https:\/\/spinbetter.games\/peru\/bonus\/christmas-drop\/\"]}]},{\"@type\":\"BreadcrumbList\",\"@id\":\"https:\/\/spinbetter.games\/peru\/bonus\/christmas-drop\/#breadcrumb\",\"itemListElement\":[{\"@type\":\"ListItem\",\"position\":1,\"name\":\"\u0413\u043b\u0430\u0432\u043d\u0430\u044f \u0441\u0442\u0440\u0430\u043d\u0438\u0446\u0430\",\"item\":\"https:\/\/spinbetter.games\/peru\/\"},{\"@type\":\"ListItem\",\"position\":2,\"name\":\"Bonificaci\u00f3n\",\"item\":\"https:\/\/spinbetter.games\/peru\/bonus\/\"},{\"@type\":\"ListItem\",\"position\":3,\"name\":\"Regalo de Navidad\"}]},{\"@type\":\"WebSite\",\"@id\":\"https:\/\/spinbetter.games\/peru\/#website\",\"url\":\"https:\/\/spinbetter.games\/peru\/\",\"name\":\"SpinBetter PE\",\"description\":\"\",\"potentialAction\":[{\"@type\":\"SearchAction\",\"target\":{\"@type\":\"EntryPoint\",\"urlTemplate\":\"https:\/\/spinbetter.games\/peru\/?s={search_term_string}\"},\"query-input\":{\"@type\":\"PropertyValueSpecification\",\"valueRequired\":true,\"valueName\":\"search_term_string\"}}],\"inLanguage\":\"es-PE\"}]}<\/script>\n<!-- \/ Yoast SEO plugin. -->","yoast_head_json":{"title":"Regalo de Navidad SpinBetter \ud83c\udf84 Apostas gr\u00e1tis hasta 1 900 PEN","description":"Participa en el Christmas Drop de SpinBetter Per\u00fa \u2014 una promoci\u00f3n navide\u00f1a con regalos, giros gratis y bonos por dep\u00f3sito. Gana apuestas gratuitas (freebets) diarias por dep\u00f3sitos de 40 PEN o m\u00e1s.","robots":{"index":"index","follow":"follow","max-snippet":"max-snippet:-1","max-image-preview":"max-image-preview:large","max-video-preview":"max-video-preview:-1"},"canonical":"https:\/\/spinbetter.games\/peru\/bonus\/christmas-drop\/","og_locale":"es_ES","og_type":"article","og_title":"Regalo de Navidad SpinBetter \ud83c\udf84 Apostas gr\u00e1tis hasta 1 900 PEN","og_description":"Participa en el Christmas Drop de SpinBetter Per\u00fa \u2014 una promoci\u00f3n navide\u00f1a con regalos, giros gratis y bonos por dep\u00f3sito. Gana apuestas gratuitas (freebets) diarias por dep\u00f3sitos de 40 PEN o m\u00e1s.","og_url":"https:\/\/spinbetter.games\/peru\/bonus\/christmas-drop\/","og_site_name":"SpinBetter PE","article_modified_time":"2026-01-10T06:13:47+00:00","twitter_card":"summary_large_image","schema":{"@context":"https:\/\/schema.org","@graph":[{"@type":"WebPage","@id":"https:\/\/spinbetter.games\/peru\/bonus\/christmas-drop\/","url":"https:\/\/spinbetter.games\/peru\/bonus\/christmas-drop\/","name":"Regalo de Navidad SpinBetter \ud83c\udf84 Apostas gr\u00e1tis hasta 1 900 PEN","isPartOf":{"@id":"https:\/\/spinbetter.games\/peru\/#website"},"datePublished":"2025-12-16T06:13:56+00:00","dateModified":"2026-01-10T06:13:47+00:00","description":"Participa en el Christmas Drop de SpinBetter Per\u00fa \u2014 una promoci\u00f3n navide\u00f1a con regalos, giros gratis y bonos por dep\u00f3sito. Gana apuestas gratuitas (freebets) diarias por dep\u00f3sitos de 40 PEN o m\u00e1s.","breadcrumb":{"@id":"https:\/\/spinbetter.games\/peru\/bonus\/christmas-drop\/#breadcrumb"},"inLanguage":"es-PE","potentialAction":[{"@type":"ReadAction","target":["https:\/\/spinbetter.games\/peru\/bonus\/christmas-drop\/"]}]},{"@type":"BreadcrumbList","@id":"https:\/\/spinbetter.games\/peru\/bonus\/christmas-drop\/#breadcrumb","itemListElement":[{"@type":"ListItem","position":1,"name":"\u0413\u043b\u0430\u0432\u043d\u0430\u044f \u0441\u0442\u0440\u0430\u043d\u0438\u0446\u0430","item":"https:\/\/spinbetter.games\/peru\/"},{"@type":"ListItem","position":2,"name":"Bonificaci\u00f3n","item":"https:\/\/spinbetter.games\/peru\/bonus\/"},{"@type":"ListItem","position":3,"name":"Regalo de Navidad"}]},{"@type":"WebSite","@id":"https:\/\/spinbetter.games\/peru\/#website","url":"https:\/\/spinbetter.games\/peru\/","name":"SpinBetter PE","description":"","potentialAction":[{"@type":"SearchAction","target":{"@type":"EntryPoint","urlTemplate":"https:\/\/spinbetter.games\/peru\/?s={search_term_string}"},"query-input":{"@type":"PropertyValueSpecification","valueRequired":true,"valueName":"search_term_string"}}],"inLanguage":"es-PE"}]}},"_links":{"self":[{"href":"https:\/\/spinbetter.games\/peru\/wp-json\/wp\/v2\/pages\/1870","targetHints":{"allow":["GET"]}}],"collection":[{"href":"https:\/\/spinbetter.games\/peru\/wp-json\/wp\/v2\/pages"}],"about":[{"href":"https:\/\/spinbetter.games\/peru\/wp-json\/wp\/v2\/types\/page"}],"author":[{"embeddable":true,"href":"https:\/\/spinbetter.games\/peru\/wp-json\/wp\/v2\/users\/1"}],"replies":[{"embeddable":true,"href":"https:\/\/spinbetter.games\/peru\/wp-json\/wp\/v2\/comments?post=1870"}],"version-history":[{"count":15,"href":"https:\/\/spinbetter.games\/peru\/wp-json\/wp\/v2\/pages\/1870\/revisions"}],"predecessor-version":[{"id":2109,"href":"https:\/\/spinbetter.games\/peru\/wp-json\/wp\/v2\/pages\/1870\/revisions\/2109"}],"up":[{"embeddable":true,"href":"https:\/\/spinbetter.games\/peru\/wp-json\/wp\/v2\/pages\/152"}],"wp:attachment":[{"href":"https:\/\/spinbetter.games\/peru\/wp-json\/wp\/v2\/media?parent=1870"}],"curies":[{"name":"wp","href":"https:\/\/api.w.org\/{rel}","templated":true}]}}