{"id":1181,"date":"2025-04-24T07:32:14","date_gmt":"2025-04-24T07:32:14","guid":{"rendered":"https:\/\/spinbetter.games\/poland\/?page_id=1181"},"modified":"2026-03-27T11:47:01","modified_gmt":"2026-03-27T11:47:01","slug":"advancebet","status":"publish","type":"page","link":"https:\/\/spinbetter.games\/poland\/bonus\/advancebet\/","title":{"rendered":"Zak\u0142ad z g\u00f3ry"},"content":{"rendered":"","protected":false},"excerpt":{"rendered":"","protected":false},"author":1,"featured_media":0,"parent":152,"menu_order":0,"comment_status":"closed","ping_status":"closed","template":"","meta":{"footnotes":""},"class_list":["post-1181","page","type-page","status-publish","hentry"],"yoast_head":"<!-- This site is optimized with the Yoast SEO plugin v26.8 - https:\/\/yoast.com\/product\/yoast-seo-wordpress\/ -->\n<title>Zaliczka SpinBetter: Jak zdoby\u0107 i wykorzysta\u0107 zaliczk\u0119 na \u017cywo?<\/title>\n<meta name=\"description\" content=\"Chcesz postawi\u0107 wi\u0119cej bez czekania na rozliczenie poprzednich zak\u0142ad\u00f3w? SpinBetter daje Ci mo\u017cliwo\u015b\u0107 obstawiania z wyprzedzeniem - po\u017cycz pieni\u0105dze i obstawiaj na \u017cywo i nadchodz\u0105ce wydarzenia ju\u017c teraz! Nie przegap szansy na zmaksymalizowanie swoich wygranych dzi\u0119ki SpinBetter!\" \/>\n<meta name=\"robots\" content=\"index, follow, max-snippet:-1, max-image-preview:large, max-video-preview:-1\" \/>\n<link rel=\"canonical\" href=\"https:\/\/spinbetter.games\/poland\/bonus\/advancebet\/\" \/>\n<meta property=\"og:locale\" content=\"pl_PL\" \/>\n<meta property=\"og:type\" content=\"article\" \/>\n<meta property=\"og:title\" content=\"Zaliczka SpinBetter: Jak zdoby\u0107 i wykorzysta\u0107 zaliczk\u0119 na \u017cywo?\" \/>\n<meta property=\"og:description\" content=\"Chcesz postawi\u0107 wi\u0119cej bez czekania na rozliczenie poprzednich zak\u0142ad\u00f3w? SpinBetter daje Ci mo\u017cliwo\u015b\u0107 obstawiania z wyprzedzeniem - po\u017cycz pieni\u0105dze i obstawiaj na \u017cywo i nadchodz\u0105ce wydarzenia ju\u017c teraz! Nie przegap szansy na zmaksymalizowanie swoich wygranych dzi\u0119ki SpinBetter!\" \/>\n<meta property=\"og:url\" content=\"https:\/\/spinbetter.games\/poland\/bonus\/advancebet\/\" \/>\n<meta property=\"og:site_name\" content=\"SpinBetter pl\" \/>\n<meta property=\"article:modified_time\" content=\"2026-03-27T11:47:01+00:00\" \/>\n<meta name=\"twitter:card\" content=\"summary_large_image\" \/>\n<script type=\"application\/ld+json\" class=\"yoast-schema-graph\">{\"@context\":\"https:\/\/schema.org\",\"@graph\":[{\"@type\":\"WebPage\",\"@id\":\"https:\/\/spinbetter.games\/poland\/bonus\/advancebet\/\",\"url\":\"https:\/\/spinbetter.games\/poland\/bonus\/advancebet\/\",\"name\":\"Zaliczka SpinBetter: Jak zdoby\u0107 i wykorzysta\u0107 zaliczk\u0119 na \u017cywo?\",\"isPartOf\":{\"@id\":\"https:\/\/spinbetter.games\/poland\/#website\"},\"datePublished\":\"2025-04-24T07:32:14+00:00\",\"dateModified\":\"2026-03-27T11:47:01+00:00\",\"description\":\"Chcesz postawi\u0107 wi\u0119cej bez czekania na rozliczenie poprzednich zak\u0142ad\u00f3w? SpinBetter daje Ci mo\u017cliwo\u015b\u0107 obstawiania z wyprzedzeniem - po\u017cycz pieni\u0105dze i obstawiaj na \u017cywo i nadchodz\u0105ce wydarzenia ju\u017c teraz! Nie przegap szansy na zmaksymalizowanie swoich wygranych dzi\u0119ki SpinBetter!\",\"breadcrumb\":{\"@id\":\"https:\/\/spinbetter.games\/poland\/bonus\/advancebet\/#breadcrumb\"},\"inLanguage\":\"pl-PL\",\"potentialAction\":[{\"@type\":\"ReadAction\",\"target\":[\"https:\/\/spinbetter.games\/poland\/bonus\/advancebet\/\"]}]},{\"@type\":\"BreadcrumbList\",\"@id\":\"https:\/\/spinbetter.games\/poland\/bonus\/advancebet\/#breadcrumb\",\"itemListElement\":[{\"@type\":\"ListItem\",\"position\":1,\"name\":\"\u0413\u043b\u0430\u0432\u043d\u0430\u044f \u0441\u0442\u0440\u0430\u043d\u0438\u0446\u0430\",\"item\":\"https:\/\/spinbetter.games\/poland\/\"},{\"@type\":\"ListItem\",\"position\":2,\"name\":\"Bonus\",\"item\":\"https:\/\/spinbetter.games\/poland\/bonus\/\"},{\"@type\":\"ListItem\",\"position\":3,\"name\":\"Zak\u0142ad z g\u00f3ry\"}]},{\"@type\":\"WebSite\",\"@id\":\"https:\/\/spinbetter.games\/poland\/#website\",\"url\":\"https:\/\/spinbetter.games\/poland\/\",\"name\":\"SpinBetter pl\",\"description\":\"My WordPress Blog\",\"potentialAction\":[{\"@type\":\"SearchAction\",\"target\":{\"@type\":\"EntryPoint\",\"urlTemplate\":\"https:\/\/spinbetter.games\/poland\/?s={search_term_string}\"},\"query-input\":{\"@type\":\"PropertyValueSpecification\",\"valueRequired\":true,\"valueName\":\"search_term_string\"}}],\"inLanguage\":\"pl-PL\"}]}<\/script>\n<!-- \/ Yoast SEO plugin. -->","yoast_head_json":{"title":"Zaliczka SpinBetter: Jak zdoby\u0107 i wykorzysta\u0107 zaliczk\u0119 na \u017cywo?","description":"Chcesz postawi\u0107 wi\u0119cej bez czekania na rozliczenie poprzednich zak\u0142ad\u00f3w? SpinBetter daje Ci mo\u017cliwo\u015b\u0107 obstawiania z wyprzedzeniem - po\u017cycz pieni\u0105dze i obstawiaj na \u017cywo i nadchodz\u0105ce wydarzenia ju\u017c teraz! Nie przegap szansy na zmaksymalizowanie swoich wygranych dzi\u0119ki SpinBetter!","robots":{"index":"index","follow":"follow","max-snippet":"max-snippet:-1","max-image-preview":"max-image-preview:large","max-video-preview":"max-video-preview:-1"},"canonical":"https:\/\/spinbetter.games\/poland\/bonus\/advancebet\/","og_locale":"pl_PL","og_type":"article","og_title":"Zaliczka SpinBetter: Jak zdoby\u0107 i wykorzysta\u0107 zaliczk\u0119 na \u017cywo?","og_description":"Chcesz postawi\u0107 wi\u0119cej bez czekania na rozliczenie poprzednich zak\u0142ad\u00f3w? SpinBetter daje Ci mo\u017cliwo\u015b\u0107 obstawiania z wyprzedzeniem - po\u017cycz pieni\u0105dze i obstawiaj na \u017cywo i nadchodz\u0105ce wydarzenia ju\u017c teraz! Nie przegap szansy na zmaksymalizowanie swoich wygranych dzi\u0119ki SpinBetter!","og_url":"https:\/\/spinbetter.games\/poland\/bonus\/advancebet\/","og_site_name":"SpinBetter pl","article_modified_time":"2026-03-27T11:47:01+00:00","twitter_card":"summary_large_image","schema":{"@context":"https:\/\/schema.org","@graph":[{"@type":"WebPage","@id":"https:\/\/spinbetter.games\/poland\/bonus\/advancebet\/","url":"https:\/\/spinbetter.games\/poland\/bonus\/advancebet\/","name":"Zaliczka SpinBetter: Jak zdoby\u0107 i wykorzysta\u0107 zaliczk\u0119 na \u017cywo?","isPartOf":{"@id":"https:\/\/spinbetter.games\/poland\/#website"},"datePublished":"2025-04-24T07:32:14+00:00","dateModified":"2026-03-27T11:47:01+00:00","description":"Chcesz postawi\u0107 wi\u0119cej bez czekania na rozliczenie poprzednich zak\u0142ad\u00f3w? SpinBetter daje Ci mo\u017cliwo\u015b\u0107 obstawiania z wyprzedzeniem - po\u017cycz pieni\u0105dze i obstawiaj na \u017cywo i nadchodz\u0105ce wydarzenia ju\u017c teraz! Nie przegap szansy na zmaksymalizowanie swoich wygranych dzi\u0119ki SpinBetter!","breadcrumb":{"@id":"https:\/\/spinbetter.games\/poland\/bonus\/advancebet\/#breadcrumb"},"inLanguage":"pl-PL","potentialAction":[{"@type":"ReadAction","target":["https:\/\/spinbetter.games\/poland\/bonus\/advancebet\/"]}]},{"@type":"BreadcrumbList","@id":"https:\/\/spinbetter.games\/poland\/bonus\/advancebet\/#breadcrumb","itemListElement":[{"@type":"ListItem","position":1,"name":"\u0413\u043b\u0430\u0432\u043d\u0430\u044f \u0441\u0442\u0440\u0430\u043d\u0438\u0446\u0430","item":"https:\/\/spinbetter.games\/poland\/"},{"@type":"ListItem","position":2,"name":"Bonus","item":"https:\/\/spinbetter.games\/poland\/bonus\/"},{"@type":"ListItem","position":3,"name":"Zak\u0142ad z g\u00f3ry"}]},{"@type":"WebSite","@id":"https:\/\/spinbetter.games\/poland\/#website","url":"https:\/\/spinbetter.games\/poland\/","name":"SpinBetter pl","description":"My WordPress Blog","potentialAction":[{"@type":"SearchAction","target":{"@type":"EntryPoint","urlTemplate":"https:\/\/spinbetter.games\/poland\/?s={search_term_string}"},"query-input":{"@type":"PropertyValueSpecification","valueRequired":true,"valueName":"search_term_string"}}],"inLanguage":"pl-PL"}]}},"_links":{"self":[{"href":"https:\/\/spinbetter.games\/poland\/wp-json\/wp\/v2\/pages\/1181","targetHints":{"allow":["GET"]}}],"collection":[{"href":"https:\/\/spinbetter.games\/poland\/wp-json\/wp\/v2\/pages"}],"about":[{"href":"https:\/\/spinbetter.games\/poland\/wp-json\/wp\/v2\/types\/page"}],"author":[{"embeddable":true,"href":"https:\/\/spinbetter.games\/poland\/wp-json\/wp\/v2\/users\/1"}],"replies":[{"embeddable":true,"href":"https:\/\/spinbetter.games\/poland\/wp-json\/wp\/v2\/comments?post=1181"}],"version-history":[{"count":1,"href":"https:\/\/spinbetter.games\/poland\/wp-json\/wp\/v2\/pages\/1181\/revisions"}],"predecessor-version":[{"id":1182,"href":"https:\/\/spinbetter.games\/poland\/wp-json\/wp\/v2\/pages\/1181\/revisions\/1182"}],"up":[{"embeddable":true,"href":"https:\/\/spinbetter.games\/poland\/wp-json\/wp\/v2\/pages\/152"}],"wp:attachment":[{"href":"https:\/\/spinbetter.games\/poland\/wp-json\/wp\/v2\/media?parent=1181"}],"curies":[{"name":"wp","href":"https:\/\/api.w.org\/{rel}","templated":true}]}}