{"id":1544,"date":"2025-09-16T08:54:55","date_gmt":"2025-09-16T08:54:55","guid":{"rendered":"https:\/\/spinbetter.games\/?page_id=1544"},"modified":"2026-03-27T11:41:01","modified_gmt":"2026-03-27T11:41:01","slug":"freespins-for-telegram-subscribe","status":"publish","type":"page","link":"https:\/\/spinbetter.games\/poland\/bonus\/freespins-for-telegram-subscribe\/","title":{"rendered":"Darmowe spiny za subskrypcj\u0119 Telegramu"},"content":{"rendered":"","protected":false},"excerpt":{"rendered":"","protected":false},"author":1,"featured_media":0,"parent":152,"menu_order":0,"comment_status":"closed","ping_status":"closed","template":"","meta":{"footnotes":""},"class_list":["post-1544","page","type-page","status-publish","hentry"],"yoast_head":"<!-- This site is optimized with the Yoast SEO plugin v26.8 - https:\/\/yoast.com\/product\/yoast-seo-wordpress\/ -->\n<title>Zapisz si\u0119 do Spinbetter na Telegramie \ud83d\udcf1 i otrzymaj 100 FS!<\/title>\n<meta name=\"description\" content=\"Nie przegap okazji, aby otrzyma\u0107 100 darmowych spin\u00f3w za samo zasubskrybowanie kana\u0142u SpinBetter na Telegramie! To proste, szybkie i nie wymaga \u017cadnego wysi\u0142ku \u2014 wystarczy klikn\u0105\u0107 \u201eZdob\u0105d\u017a darmowe spiny\u201d i zacz\u0105\u0107 kr\u0119ci\u0107 b\u0119bnami!\" \/>\n<meta name=\"robots\" content=\"index, follow, max-snippet:-1, max-image-preview:large, max-video-preview:-1\" \/>\n<link rel=\"canonical\" href=\"https:\/\/spinbetter.games\/pol\/bonus\/freespins-for-telegram-subscribe\/\" \/>\n<meta property=\"og:locale\" content=\"pl_PL\" \/>\n<meta property=\"og:type\" content=\"article\" \/>\n<meta property=\"og:title\" content=\"Zapisz si\u0119 do Spinbetter na Telegramie \ud83d\udcf1 i otrzymaj 100 FS!\" \/>\n<meta property=\"og:description\" content=\"Nie przegap okazji, aby otrzyma\u0107 100 darmowych spin\u00f3w za samo zasubskrybowanie kana\u0142u SpinBetter na Telegramie! To proste, szybkie i nie wymaga \u017cadnego wysi\u0142ku \u2014 wystarczy klikn\u0105\u0107 \u201eZdob\u0105d\u017a darmowe spiny\u201d i zacz\u0105\u0107 kr\u0119ci\u0107 b\u0119bnami!\" \/>\n<meta property=\"og:url\" content=\"https:\/\/spinbetter.games\/pol\/bonus\/freespins-for-telegram-subscribe\/\" \/>\n<meta property=\"og:site_name\" content=\"SpinBetter pl\" \/>\n<meta property=\"article:modified_time\" content=\"2026-03-27T11:41:01+00:00\" \/>\n<meta name=\"twitter:card\" content=\"summary_large_image\" \/>\n<script type=\"application\/ld+json\" class=\"yoast-schema-graph\">{\"@context\":\"https:\/\/schema.org\",\"@graph\":[{\"@type\":\"WebPage\",\"@id\":\"https:\/\/spinbetter.games\/poland\/bonus\/freespins-for-telegram-subscribe\/\",\"url\":\"https:\/\/spinbetter.games\/pol\/bonus\/freespins-for-telegram-subscribe\/\",\"name\":\"Zapisz si\u0119 do Spinbetter na Telegramie \ud83d\udcf1 i otrzymaj 100 FS!\",\"isPartOf\":{\"@id\":\"https:\/\/spinbetter.games\/poland\/#website\"},\"datePublished\":\"2025-09-16T08:54:55+00:00\",\"dateModified\":\"2026-03-27T11:41:01+00:00\",\"description\":\"Nie przegap okazji, aby otrzyma\u0107 100 darmowych spin\u00f3w za samo zasubskrybowanie kana\u0142u SpinBetter na Telegramie! To proste, szybkie i nie wymaga \u017cadnego wysi\u0142ku \u2014 wystarczy klikn\u0105\u0107 \u201eZdob\u0105d\u017a darmowe spiny\u201d i zacz\u0105\u0107 kr\u0119ci\u0107 b\u0119bnami!\",\"breadcrumb\":{\"@id\":\"https:\/\/spinbetter.games\/pol\/bonus\/freespins-for-telegram-subscribe\/#breadcrumb\"},\"inLanguage\":\"pl-PL\",\"potentialAction\":[{\"@type\":\"ReadAction\",\"target\":[\"https:\/\/spinbetter.games\/pol\/bonus\/freespins-for-telegram-subscribe\/\"]}]},{\"@type\":\"BreadcrumbList\",\"@id\":\"https:\/\/spinbetter.games\/pol\/bonus\/freespins-for-telegram-subscribe\/#breadcrumb\",\"itemListElement\":[{\"@type\":\"ListItem\",\"position\":1,\"name\":\"\u0413\u043b\u0430\u0432\u043d\u0430\u044f \u0441\u0442\u0440\u0430\u043d\u0438\u0446\u0430\",\"item\":\"https:\/\/spinbetter.games\/poland\/\"},{\"@type\":\"ListItem\",\"position\":2,\"name\":\"Bonus\",\"item\":\"https:\/\/spinbetter.games\/poland\/bonus\/\"},{\"@type\":\"ListItem\",\"position\":3,\"name\":\"Darmowe spiny za subskrypcj\u0119 Telegramu\"}]},{\"@type\":\"WebSite\",\"@id\":\"https:\/\/spinbetter.games\/poland\/#website\",\"url\":\"https:\/\/spinbetter.games\/poland\/\",\"name\":\"SpinBetter pl\",\"description\":\"My WordPress Blog\",\"potentialAction\":[{\"@type\":\"SearchAction\",\"target\":{\"@type\":\"EntryPoint\",\"urlTemplate\":\"https:\/\/spinbetter.games\/poland\/?s={search_term_string}\"},\"query-input\":{\"@type\":\"PropertyValueSpecification\",\"valueRequired\":true,\"valueName\":\"search_term_string\"}}],\"inLanguage\":\"pl-PL\"}]}<\/script>\n<!-- \/ Yoast SEO plugin. -->","yoast_head_json":{"title":"Zapisz si\u0119 do Spinbetter na Telegramie \ud83d\udcf1 i otrzymaj 100 FS!","description":"Nie przegap okazji, aby otrzyma\u0107 100 darmowych spin\u00f3w za samo zasubskrybowanie kana\u0142u SpinBetter na Telegramie! To proste, szybkie i nie wymaga \u017cadnego wysi\u0142ku \u2014 wystarczy klikn\u0105\u0107 \u201eZdob\u0105d\u017a darmowe spiny\u201d i zacz\u0105\u0107 kr\u0119ci\u0107 b\u0119bnami!","robots":{"index":"index","follow":"follow","max-snippet":"max-snippet:-1","max-image-preview":"max-image-preview:large","max-video-preview":"max-video-preview:-1"},"canonical":"https:\/\/spinbetter.games\/pol\/bonus\/freespins-for-telegram-subscribe\/","og_locale":"pl_PL","og_type":"article","og_title":"Zapisz si\u0119 do Spinbetter na Telegramie \ud83d\udcf1 i otrzymaj 100 FS!","og_description":"Nie przegap okazji, aby otrzyma\u0107 100 darmowych spin\u00f3w za samo zasubskrybowanie kana\u0142u SpinBetter na Telegramie! To proste, szybkie i nie wymaga \u017cadnego wysi\u0142ku \u2014 wystarczy klikn\u0105\u0107 \u201eZdob\u0105d\u017a darmowe spiny\u201d i zacz\u0105\u0107 kr\u0119ci\u0107 b\u0119bnami!","og_url":"https:\/\/spinbetter.games\/pol\/bonus\/freespins-for-telegram-subscribe\/","og_site_name":"SpinBetter pl","article_modified_time":"2026-03-27T11:41:01+00:00","twitter_card":"summary_large_image","schema":{"@context":"https:\/\/schema.org","@graph":[{"@type":"WebPage","@id":"https:\/\/spinbetter.games\/poland\/bonus\/freespins-for-telegram-subscribe\/","url":"https:\/\/spinbetter.games\/pol\/bonus\/freespins-for-telegram-subscribe\/","name":"Zapisz si\u0119 do Spinbetter na Telegramie \ud83d\udcf1 i otrzymaj 100 FS!","isPartOf":{"@id":"https:\/\/spinbetter.games\/poland\/#website"},"datePublished":"2025-09-16T08:54:55+00:00","dateModified":"2026-03-27T11:41:01+00:00","description":"Nie przegap okazji, aby otrzyma\u0107 100 darmowych spin\u00f3w za samo zasubskrybowanie kana\u0142u SpinBetter na Telegramie! To proste, szybkie i nie wymaga \u017cadnego wysi\u0142ku \u2014 wystarczy klikn\u0105\u0107 \u201eZdob\u0105d\u017a darmowe spiny\u201d i zacz\u0105\u0107 kr\u0119ci\u0107 b\u0119bnami!","breadcrumb":{"@id":"https:\/\/spinbetter.games\/pol\/bonus\/freespins-for-telegram-subscribe\/#breadcrumb"},"inLanguage":"pl-PL","potentialAction":[{"@type":"ReadAction","target":["https:\/\/spinbetter.games\/pol\/bonus\/freespins-for-telegram-subscribe\/"]}]},{"@type":"BreadcrumbList","@id":"https:\/\/spinbetter.games\/pol\/bonus\/freespins-for-telegram-subscribe\/#breadcrumb","itemListElement":[{"@type":"ListItem","position":1,"name":"\u0413\u043b\u0430\u0432\u043d\u0430\u044f \u0441\u0442\u0440\u0430\u043d\u0438\u0446\u0430","item":"https:\/\/spinbetter.games\/poland\/"},{"@type":"ListItem","position":2,"name":"Bonus","item":"https:\/\/spinbetter.games\/poland\/bonus\/"},{"@type":"ListItem","position":3,"name":"Darmowe spiny za subskrypcj\u0119 Telegramu"}]},{"@type":"WebSite","@id":"https:\/\/spinbetter.games\/poland\/#website","url":"https:\/\/spinbetter.games\/poland\/","name":"SpinBetter pl","description":"My WordPress Blog","potentialAction":[{"@type":"SearchAction","target":{"@type":"EntryPoint","urlTemplate":"https:\/\/spinbetter.games\/poland\/?s={search_term_string}"},"query-input":{"@type":"PropertyValueSpecification","valueRequired":true,"valueName":"search_term_string"}}],"inLanguage":"pl-PL"}]}},"_links":{"self":[{"href":"https:\/\/spinbetter.games\/poland\/wp-json\/wp\/v2\/pages\/1544","targetHints":{"allow":["GET"]}}],"collection":[{"href":"https:\/\/spinbetter.games\/poland\/wp-json\/wp\/v2\/pages"}],"about":[{"href":"https:\/\/spinbetter.games\/poland\/wp-json\/wp\/v2\/types\/page"}],"author":[{"embeddable":true,"href":"https:\/\/spinbetter.games\/poland\/wp-json\/wp\/v2\/users\/1"}],"replies":[{"embeddable":true,"href":"https:\/\/spinbetter.games\/poland\/wp-json\/wp\/v2\/comments?post=1544"}],"version-history":[{"count":3,"href":"https:\/\/spinbetter.games\/poland\/wp-json\/wp\/v2\/pages\/1544\/revisions"}],"predecessor-version":[{"id":1980,"href":"https:\/\/spinbetter.games\/poland\/wp-json\/wp\/v2\/pages\/1544\/revisions\/1980"}],"up":[{"embeddable":true,"href":"https:\/\/spinbetter.games\/poland\/wp-json\/wp\/v2\/pages\/152"}],"wp:attachment":[{"href":"https:\/\/spinbetter.games\/poland\/wp-json\/wp\/v2\/media?parent=1544"}],"curies":[{"name":"wp","href":"https:\/\/api.w.org\/{rel}","templated":true}]}}