{"id":1735,"date":"2025-09-23T06:43:57","date_gmt":"2025-09-23T06:43:57","guid":{"rendered":"https:\/\/spinbetter.games\/?page_id=1735"},"modified":"2026-03-27T11:45:41","modified_gmt":"2026-03-27T11:45:41","slug":"sport-halloween","status":"publish","type":"page","link":"https:\/\/spinbetter.games\/poland\/bonus\/sport-halloween\/","title":{"rendered":"Sportowe Halloween"},"content":{"rendered":"","protected":false},"excerpt":{"rendered":"","protected":false},"author":1,"featured_media":0,"parent":152,"menu_order":0,"comment_status":"closed","ping_status":"closed","template":"","meta":{"footnotes":""},"class_list":["post-1735","page","type-page","status-publish","hentry"],"yoast_head":"<!-- This site is optimized with the Yoast SEO plugin v26.8 - https:\/\/yoast.com\/product\/yoast-seo-wordpress\/ -->\n<title>Spinbetter Witaj, zwyci\u0119zco \u2192 Zak\u0142ad do 800 PLN<\/title>\n<meta name=\"description\" content=\"Promocja SpinBetter na Halloween \ud83c\udf83 Witaj, zwyci\u0119zco \u2014 wybierz dyni\u0119 w SpinBetter, dokonaj wp\u0142aty w wysoko\u015bci co najmniej 60 PLN i codziennie otrzymuj gwarantowane darmowe zak\u0142ady o warto\u015bci od 12 PLN do 800 PLN. We\u017a udzia\u0142 ju\u017c teraz!\" \/>\n<meta name=\"robots\" content=\"index, follow, max-snippet:-1, max-image-preview:large, max-video-preview:-1\" \/>\n<link rel=\"canonical\" href=\"https:\/\/spinbetter.games\/pol\/bonus\/sport-halloween\/\" \/>\n<meta property=\"og:locale\" content=\"pl_PL\" \/>\n<meta property=\"og:type\" content=\"article\" \/>\n<meta property=\"og:title\" content=\"Spinbetter Witaj, zwyci\u0119zco \u2192 Zak\u0142ad do 800 PLN\" \/>\n<meta property=\"og:description\" content=\"Promocja SpinBetter na Halloween \ud83c\udf83 Witaj, zwyci\u0119zco \u2014 wybierz dyni\u0119 w SpinBetter, dokonaj wp\u0142aty w wysoko\u015bci co najmniej 60 PLN i codziennie otrzymuj gwarantowane darmowe zak\u0142ady o warto\u015bci od 12 PLN do 800 PLN. We\u017a udzia\u0142 ju\u017c teraz!\" \/>\n<meta property=\"og:url\" content=\"https:\/\/spinbetter.games\/pol\/bonus\/sport-halloween\/\" \/>\n<meta property=\"og:site_name\" content=\"SpinBetter pl\" \/>\n<meta property=\"article:modified_time\" content=\"2026-03-27T11:45:41+00:00\" \/>\n<meta name=\"twitter:card\" content=\"summary_large_image\" \/>\n<script type=\"application\/ld+json\" class=\"yoast-schema-graph\">{\"@context\":\"https:\/\/schema.org\",\"@graph\":[{\"@type\":\"WebPage\",\"@id\":\"https:\/\/spinbetter.games\/poland\/bonus\/sport-halloween\/\",\"url\":\"https:\/\/spinbetter.games\/pol\/bonus\/sport-halloween\/\",\"name\":\"Spinbetter Witaj, zwyci\u0119zco \u2192 Zak\u0142ad do 800 PLN\",\"isPartOf\":{\"@id\":\"https:\/\/spinbetter.games\/poland\/#website\"},\"datePublished\":\"2025-09-23T06:43:57+00:00\",\"dateModified\":\"2026-03-27T11:45:41+00:00\",\"description\":\"Promocja SpinBetter na Halloween \ud83c\udf83 Witaj, zwyci\u0119zco \u2014 wybierz dyni\u0119 w SpinBetter, dokonaj wp\u0142aty w wysoko\u015bci co najmniej 60 PLN i codziennie otrzymuj gwarantowane darmowe zak\u0142ady o warto\u015bci od 12 PLN do 800 PLN. We\u017a udzia\u0142 ju\u017c teraz!\",\"breadcrumb\":{\"@id\":\"https:\/\/spinbetter.games\/pol\/bonus\/sport-halloween\/#breadcrumb\"},\"inLanguage\":\"pl-PL\",\"potentialAction\":[{\"@type\":\"ReadAction\",\"target\":[\"https:\/\/spinbetter.games\/pol\/bonus\/sport-halloween\/\"]}]},{\"@type\":\"BreadcrumbList\",\"@id\":\"https:\/\/spinbetter.games\/pol\/bonus\/sport-halloween\/#breadcrumb\",\"itemListElement\":[{\"@type\":\"ListItem\",\"position\":1,\"name\":\"\u0413\u043b\u0430\u0432\u043d\u0430\u044f \u0441\u0442\u0440\u0430\u043d\u0438\u0446\u0430\",\"item\":\"https:\/\/spinbetter.games\/poland\/\"},{\"@type\":\"ListItem\",\"position\":2,\"name\":\"Bonus\",\"item\":\"https:\/\/spinbetter.games\/poland\/bonus\/\"},{\"@type\":\"ListItem\",\"position\":3,\"name\":\"Sportowe Halloween\"}]},{\"@type\":\"WebSite\",\"@id\":\"https:\/\/spinbetter.games\/poland\/#website\",\"url\":\"https:\/\/spinbetter.games\/poland\/\",\"name\":\"SpinBetter pl\",\"description\":\"My WordPress Blog\",\"potentialAction\":[{\"@type\":\"SearchAction\",\"target\":{\"@type\":\"EntryPoint\",\"urlTemplate\":\"https:\/\/spinbetter.games\/poland\/?s={search_term_string}\"},\"query-input\":{\"@type\":\"PropertyValueSpecification\",\"valueRequired\":true,\"valueName\":\"search_term_string\"}}],\"inLanguage\":\"pl-PL\"}]}<\/script>\n<!-- \/ Yoast SEO plugin. -->","yoast_head_json":{"title":"Spinbetter Witaj, zwyci\u0119zco \u2192 Zak\u0142ad do 800 PLN","description":"Promocja SpinBetter na Halloween \ud83c\udf83 Witaj, zwyci\u0119zco \u2014 wybierz dyni\u0119 w SpinBetter, dokonaj wp\u0142aty w wysoko\u015bci co najmniej 60 PLN i codziennie otrzymuj gwarantowane darmowe zak\u0142ady o warto\u015bci od 12 PLN do 800 PLN. We\u017a udzia\u0142 ju\u017c teraz!","robots":{"index":"index","follow":"follow","max-snippet":"max-snippet:-1","max-image-preview":"max-image-preview:large","max-video-preview":"max-video-preview:-1"},"canonical":"https:\/\/spinbetter.games\/pol\/bonus\/sport-halloween\/","og_locale":"pl_PL","og_type":"article","og_title":"Spinbetter Witaj, zwyci\u0119zco \u2192 Zak\u0142ad do 800 PLN","og_description":"Promocja SpinBetter na Halloween \ud83c\udf83 Witaj, zwyci\u0119zco \u2014 wybierz dyni\u0119 w SpinBetter, dokonaj wp\u0142aty w wysoko\u015bci co najmniej 60 PLN i codziennie otrzymuj gwarantowane darmowe zak\u0142ady o warto\u015bci od 12 PLN do 800 PLN. We\u017a udzia\u0142 ju\u017c teraz!","og_url":"https:\/\/spinbetter.games\/pol\/bonus\/sport-halloween\/","og_site_name":"SpinBetter pl","article_modified_time":"2026-03-27T11:45:41+00:00","twitter_card":"summary_large_image","schema":{"@context":"https:\/\/schema.org","@graph":[{"@type":"WebPage","@id":"https:\/\/spinbetter.games\/poland\/bonus\/sport-halloween\/","url":"https:\/\/spinbetter.games\/pol\/bonus\/sport-halloween\/","name":"Spinbetter Witaj, zwyci\u0119zco \u2192 Zak\u0142ad do 800 PLN","isPartOf":{"@id":"https:\/\/spinbetter.games\/poland\/#website"},"datePublished":"2025-09-23T06:43:57+00:00","dateModified":"2026-03-27T11:45:41+00:00","description":"Promocja SpinBetter na Halloween \ud83c\udf83 Witaj, zwyci\u0119zco \u2014 wybierz dyni\u0119 w SpinBetter, dokonaj wp\u0142aty w wysoko\u015bci co najmniej 60 PLN i codziennie otrzymuj gwarantowane darmowe zak\u0142ady o warto\u015bci od 12 PLN do 800 PLN. We\u017a udzia\u0142 ju\u017c teraz!","breadcrumb":{"@id":"https:\/\/spinbetter.games\/pol\/bonus\/sport-halloween\/#breadcrumb"},"inLanguage":"pl-PL","potentialAction":[{"@type":"ReadAction","target":["https:\/\/spinbetter.games\/pol\/bonus\/sport-halloween\/"]}]},{"@type":"BreadcrumbList","@id":"https:\/\/spinbetter.games\/pol\/bonus\/sport-halloween\/#breadcrumb","itemListElement":[{"@type":"ListItem","position":1,"name":"\u0413\u043b\u0430\u0432\u043d\u0430\u044f \u0441\u0442\u0440\u0430\u043d\u0438\u0446\u0430","item":"https:\/\/spinbetter.games\/poland\/"},{"@type":"ListItem","position":2,"name":"Bonus","item":"https:\/\/spinbetter.games\/poland\/bonus\/"},{"@type":"ListItem","position":3,"name":"Sportowe Halloween"}]},{"@type":"WebSite","@id":"https:\/\/spinbetter.games\/poland\/#website","url":"https:\/\/spinbetter.games\/poland\/","name":"SpinBetter pl","description":"My WordPress Blog","potentialAction":[{"@type":"SearchAction","target":{"@type":"EntryPoint","urlTemplate":"https:\/\/spinbetter.games\/poland\/?s={search_term_string}"},"query-input":{"@type":"PropertyValueSpecification","valueRequired":true,"valueName":"search_term_string"}}],"inLanguage":"pl-PL"}]}},"_links":{"self":[{"href":"https:\/\/spinbetter.games\/poland\/wp-json\/wp\/v2\/pages\/1735","targetHints":{"allow":["GET"]}}],"collection":[{"href":"https:\/\/spinbetter.games\/poland\/wp-json\/wp\/v2\/pages"}],"about":[{"href":"https:\/\/spinbetter.games\/poland\/wp-json\/wp\/v2\/types\/page"}],"author":[{"embeddable":true,"href":"https:\/\/spinbetter.games\/poland\/wp-json\/wp\/v2\/users\/1"}],"replies":[{"embeddable":true,"href":"https:\/\/spinbetter.games\/poland\/wp-json\/wp\/v2\/comments?post=1735"}],"version-history":[{"count":2,"href":"https:\/\/spinbetter.games\/poland\/wp-json\/wp\/v2\/pages\/1735\/revisions"}],"predecessor-version":[{"id":1960,"href":"https:\/\/spinbetter.games\/poland\/wp-json\/wp\/v2\/pages\/1735\/revisions\/1960"}],"up":[{"embeddable":true,"href":"https:\/\/spinbetter.games\/poland\/wp-json\/wp\/v2\/pages\/152"}],"wp:attachment":[{"href":"https:\/\/spinbetter.games\/poland\/wp-json\/wp\/v2\/media?parent=1735"}],"curies":[{"name":"wp","href":"https:\/\/api.w.org\/{rel}","templated":true}]}}