{"id":2027,"date":"2025-12-30T12:20:26","date_gmt":"2025-12-30T12:20:26","guid":{"rendered":"https:\/\/spinbetter.games\/?page_id=1967"},"modified":"2026-03-27T12:01:29","modified_gmt":"2026-03-27T12:01:29","slug":"cricket-betting","status":"publish","type":"page","link":"https:\/\/spinbetter.games\/poland\/cricket-betting\/","title":{"rendered":"Zak\u0142ady na krykiet"},"content":{"rendered":"","protected":false},"excerpt":{"rendered":"","protected":false},"author":1,"featured_media":0,"parent":0,"menu_order":0,"comment_status":"closed","ping_status":"closed","template":"","meta":{"footnotes":""},"class_list":["post-2027","page","type-page","status-publish","hentry"],"yoast_head":"<!-- This site is optimized with the Yoast SEO plugin v26.8 - https:\/\/yoast.com\/product\/yoast-seo-wordpress\/ -->\n<title>Zak\u0142ady na krykiet \u2714\ufe0f jak obstawia\u0107 krykiet z zyskiem 2026<\/title>\n<meta name=\"description\" content=\"Krykiet jest jednym z najszybciej rozwijaj\u0105cych si\u0119 sport\u00f3w na \u015bwiecie. Dowiedz si\u0119, jak obstawia\u0107 krykiet online. \ud83d\udcb2 Formaty mecz\u00f3w, popularne rynki, strategia i zalety obstawiania na SpinBetter.\" \/>\n<meta name=\"robots\" content=\"index, follow, max-snippet:-1, max-image-preview:large, max-video-preview:-1\" \/>\n<link rel=\"canonical\" href=\"https:\/\/spinbetter.games\/pol\/cricket-betting\/\" \/>\n<meta property=\"og:locale\" content=\"pl_PL\" \/>\n<meta property=\"og:type\" content=\"article\" \/>\n<meta property=\"og:title\" content=\"Zak\u0142ady na krykiet \u2714\ufe0f jak obstawia\u0107 krykiet z zyskiem 2026\" \/>\n<meta property=\"og:description\" content=\"Krykiet jest jednym z najszybciej rozwijaj\u0105cych si\u0119 sport\u00f3w na \u015bwiecie. Dowiedz si\u0119, jak obstawia\u0107 krykiet online. \ud83d\udcb2 Formaty mecz\u00f3w, popularne rynki, strategia i zalety obstawiania na SpinBetter.\" \/>\n<meta property=\"og:url\" content=\"https:\/\/spinbetter.games\/pol\/cricket-betting\/\" \/>\n<meta property=\"og:site_name\" content=\"SpinBetter pl\" \/>\n<meta property=\"article:modified_time\" content=\"2026-03-27T12:01:29+00:00\" \/>\n<meta name=\"twitter:card\" content=\"summary_large_image\" \/>\n<script type=\"application\/ld+json\" class=\"yoast-schema-graph\">{\"@context\":\"https:\/\/schema.org\",\"@graph\":[{\"@type\":\"WebPage\",\"@id\":\"https:\/\/spinbetter.games\/poland\/cricket-betting\/\",\"url\":\"https:\/\/spinbetter.games\/pol\/cricket-betting\/\",\"name\":\"Zak\u0142ady na krykiet \u2714\ufe0f jak obstawia\u0107 krykiet z zyskiem 2026\",\"isPartOf\":{\"@id\":\"https:\/\/spinbetter.games\/poland\/#website\"},\"datePublished\":\"2025-12-30T12:20:26+00:00\",\"dateModified\":\"2026-03-27T12:01:29+00:00\",\"description\":\"Krykiet jest jednym z najszybciej rozwijaj\u0105cych si\u0119 sport\u00f3w na \u015bwiecie. Dowiedz si\u0119, jak obstawia\u0107 krykiet online. \ud83d\udcb2 Formaty mecz\u00f3w, popularne rynki, strategia i zalety obstawiania na SpinBetter.\",\"breadcrumb\":{\"@id\":\"https:\/\/spinbetter.games\/pol\/cricket-betting\/#breadcrumb\"},\"inLanguage\":\"pl-PL\",\"potentialAction\":[{\"@type\":\"ReadAction\",\"target\":[\"https:\/\/spinbetter.games\/pol\/cricket-betting\/\"]}]},{\"@type\":\"BreadcrumbList\",\"@id\":\"https:\/\/spinbetter.games\/pol\/cricket-betting\/#breadcrumb\",\"itemListElement\":[{\"@type\":\"ListItem\",\"position\":1,\"name\":\"\u0413\u043b\u0430\u0432\u043d\u0430\u044f \u0441\u0442\u0440\u0430\u043d\u0438\u0446\u0430\",\"item\":\"https:\/\/spinbetter.games\/poland\/\"},{\"@type\":\"ListItem\",\"position\":2,\"name\":\"Zak\u0142ady na krykiet\"}]},{\"@type\":\"WebSite\",\"@id\":\"https:\/\/spinbetter.games\/poland\/#website\",\"url\":\"https:\/\/spinbetter.games\/poland\/\",\"name\":\"SpinBetter pl\",\"description\":\"My WordPress Blog\",\"potentialAction\":[{\"@type\":\"SearchAction\",\"target\":{\"@type\":\"EntryPoint\",\"urlTemplate\":\"https:\/\/spinbetter.games\/poland\/?s={search_term_string}\"},\"query-input\":{\"@type\":\"PropertyValueSpecification\",\"valueRequired\":true,\"valueName\":\"search_term_string\"}}],\"inLanguage\":\"pl-PL\"}]}<\/script>\n<!-- \/ Yoast SEO plugin. -->","yoast_head_json":{"title":"Zak\u0142ady na krykiet \u2714\ufe0f jak obstawia\u0107 krykiet z zyskiem 2026","description":"Krykiet jest jednym z najszybciej rozwijaj\u0105cych si\u0119 sport\u00f3w na \u015bwiecie. Dowiedz si\u0119, jak obstawia\u0107 krykiet online. \ud83d\udcb2 Formaty mecz\u00f3w, popularne rynki, strategia i zalety obstawiania na SpinBetter.","robots":{"index":"index","follow":"follow","max-snippet":"max-snippet:-1","max-image-preview":"max-image-preview:large","max-video-preview":"max-video-preview:-1"},"canonical":"https:\/\/spinbetter.games\/pol\/cricket-betting\/","og_locale":"pl_PL","og_type":"article","og_title":"Zak\u0142ady na krykiet \u2714\ufe0f jak obstawia\u0107 krykiet z zyskiem 2026","og_description":"Krykiet jest jednym z najszybciej rozwijaj\u0105cych si\u0119 sport\u00f3w na \u015bwiecie. Dowiedz si\u0119, jak obstawia\u0107 krykiet online. \ud83d\udcb2 Formaty mecz\u00f3w, popularne rynki, strategia i zalety obstawiania na SpinBetter.","og_url":"https:\/\/spinbetter.games\/pol\/cricket-betting\/","og_site_name":"SpinBetter pl","article_modified_time":"2026-03-27T12:01:29+00:00","twitter_card":"summary_large_image","schema":{"@context":"https:\/\/schema.org","@graph":[{"@type":"WebPage","@id":"https:\/\/spinbetter.games\/poland\/cricket-betting\/","url":"https:\/\/spinbetter.games\/pol\/cricket-betting\/","name":"Zak\u0142ady na krykiet \u2714\ufe0f jak obstawia\u0107 krykiet z zyskiem 2026","isPartOf":{"@id":"https:\/\/spinbetter.games\/poland\/#website"},"datePublished":"2025-12-30T12:20:26+00:00","dateModified":"2026-03-27T12:01:29+00:00","description":"Krykiet jest jednym z najszybciej rozwijaj\u0105cych si\u0119 sport\u00f3w na \u015bwiecie. Dowiedz si\u0119, jak obstawia\u0107 krykiet online. \ud83d\udcb2 Formaty mecz\u00f3w, popularne rynki, strategia i zalety obstawiania na SpinBetter.","breadcrumb":{"@id":"https:\/\/spinbetter.games\/pol\/cricket-betting\/#breadcrumb"},"inLanguage":"pl-PL","potentialAction":[{"@type":"ReadAction","target":["https:\/\/spinbetter.games\/pol\/cricket-betting\/"]}]},{"@type":"BreadcrumbList","@id":"https:\/\/spinbetter.games\/pol\/cricket-betting\/#breadcrumb","itemListElement":[{"@type":"ListItem","position":1,"name":"\u0413\u043b\u0430\u0432\u043d\u0430\u044f \u0441\u0442\u0440\u0430\u043d\u0438\u0446\u0430","item":"https:\/\/spinbetter.games\/poland\/"},{"@type":"ListItem","position":2,"name":"Zak\u0142ady na krykiet"}]},{"@type":"WebSite","@id":"https:\/\/spinbetter.games\/poland\/#website","url":"https:\/\/spinbetter.games\/poland\/","name":"SpinBetter pl","description":"My WordPress Blog","potentialAction":[{"@type":"SearchAction","target":{"@type":"EntryPoint","urlTemplate":"https:\/\/spinbetter.games\/poland\/?s={search_term_string}"},"query-input":{"@type":"PropertyValueSpecification","valueRequired":true,"valueName":"search_term_string"}}],"inLanguage":"pl-PL"}]}},"_links":{"self":[{"href":"https:\/\/spinbetter.games\/poland\/wp-json\/wp\/v2\/pages\/2027","targetHints":{"allow":["GET"]}}],"collection":[{"href":"https:\/\/spinbetter.games\/poland\/wp-json\/wp\/v2\/pages"}],"about":[{"href":"https:\/\/spinbetter.games\/poland\/wp-json\/wp\/v2\/types\/page"}],"author":[{"embeddable":true,"href":"https:\/\/spinbetter.games\/poland\/wp-json\/wp\/v2\/users\/1"}],"replies":[{"embeddable":true,"href":"https:\/\/spinbetter.games\/poland\/wp-json\/wp\/v2\/comments?post=2027"}],"version-history":[{"count":2,"href":"https:\/\/spinbetter.games\/poland\/wp-json\/wp\/v2\/pages\/2027\/revisions"}],"predecessor-version":[{"id":2381,"href":"https:\/\/spinbetter.games\/poland\/wp-json\/wp\/v2\/pages\/2027\/revisions\/2381"}],"wp:attachment":[{"href":"https:\/\/spinbetter.games\/poland\/wp-json\/wp\/v2\/media?parent=2027"}],"curies":[{"name":"wp","href":"https:\/\/api.w.org\/{rel}","templated":true}]}}