{"id":2028,"date":"2026-01-05T10:40:48","date_gmt":"2026-01-05T10:40:48","guid":{"rendered":"https:\/\/spinbetter.games\/?page_id=1978"},"modified":"2026-03-27T11:50:18","modified_gmt":"2026-03-27T11:50:18","slug":"chicken-road","status":"publish","type":"page","link":"https:\/\/spinbetter.games\/poland\/chicken-road\/","title":{"rendered":"Chicken Road"},"content":{"rendered":"","protected":false},"excerpt":{"rendered":"","protected":false},"author":1,"featured_media":0,"parent":0,"menu_order":0,"comment_status":"closed","ping_status":"closed","template":"","meta":{"footnotes":""},"class_list":["post-2028","page","type-page","status-publish","hentry"],"yoast_head":"<!-- This site is optimized with the Yoast SEO plugin v26.8 - https:\/\/yoast.com\/product\/yoast-seo-wordpress\/ -->\n<title>Chicken Road SpinBetter\u2122 \u2013 mno\u017cnikami w czasie rzeczywistym<\/title>\n<meta name=\"description\" content=\"Zagraj w Chicken Road w Spin Better \u2014 szybk\u0105 gr\u0119 z rosn\u0105cymi mno\u017cnikami, natychmiastowymi rundami i pe\u0142n\u0105 kontrol\u0105 nad momentem wyp\u0142aty wygranej.\" \/>\n<meta name=\"robots\" content=\"index, follow, max-snippet:-1, max-image-preview:large, max-video-preview:-1\" \/>\n<link rel=\"canonical\" href=\"https:\/\/spinbetter.games\/pol\/chicken-road\/\" \/>\n<meta property=\"og:locale\" content=\"pl_PL\" \/>\n<meta property=\"og:type\" content=\"article\" \/>\n<meta property=\"og:title\" content=\"Chicken Road SpinBetter\u2122 \u2013 mno\u017cnikami w czasie rzeczywistym\" \/>\n<meta property=\"og:description\" content=\"Zagraj w Chicken Road w Spin Better \u2014 szybk\u0105 gr\u0119 z rosn\u0105cymi mno\u017cnikami, natychmiastowymi rundami i pe\u0142n\u0105 kontrol\u0105 nad momentem wyp\u0142aty wygranej.\" \/>\n<meta property=\"og:url\" content=\"https:\/\/spinbetter.games\/pol\/chicken-road\/\" \/>\n<meta property=\"og:site_name\" content=\"SpinBetter pl\" \/>\n<meta property=\"article:modified_time\" content=\"2026-03-27T11:50:18+00:00\" \/>\n<meta name=\"twitter:card\" content=\"summary_large_image\" \/>\n<script type=\"application\/ld+json\" class=\"yoast-schema-graph\">{\"@context\":\"https:\/\/schema.org\",\"@graph\":[{\"@type\":\"WebPage\",\"@id\":\"https:\/\/spinbetter.games\/poland\/chicken-road\/\",\"url\":\"https:\/\/spinbetter.games\/pol\/chicken-road\/\",\"name\":\"Chicken Road SpinBetter\u2122 \u2013 mno\u017cnikami w czasie rzeczywistym\",\"isPartOf\":{\"@id\":\"https:\/\/spinbetter.games\/poland\/#website\"},\"datePublished\":\"2026-01-05T10:40:48+00:00\",\"dateModified\":\"2026-03-27T11:50:18+00:00\",\"description\":\"Zagraj w Chicken Road w Spin Better \u2014 szybk\u0105 gr\u0119 z rosn\u0105cymi mno\u017cnikami, natychmiastowymi rundami i pe\u0142n\u0105 kontrol\u0105 nad momentem wyp\u0142aty wygranej.\",\"breadcrumb\":{\"@id\":\"https:\/\/spinbetter.games\/pol\/chicken-road\/#breadcrumb\"},\"inLanguage\":\"pl-PL\",\"potentialAction\":[{\"@type\":\"ReadAction\",\"target\":[\"https:\/\/spinbetter.games\/pol\/chicken-road\/\"]}]},{\"@type\":\"BreadcrumbList\",\"@id\":\"https:\/\/spinbetter.games\/pol\/chicken-road\/#breadcrumb\",\"itemListElement\":[{\"@type\":\"ListItem\",\"position\":1,\"name\":\"\u0413\u043b\u0430\u0432\u043d\u0430\u044f \u0441\u0442\u0440\u0430\u043d\u0438\u0446\u0430\",\"item\":\"https:\/\/spinbetter.games\/poland\/\"},{\"@type\":\"ListItem\",\"position\":2,\"name\":\"Chicken Road\"}]},{\"@type\":\"WebSite\",\"@id\":\"https:\/\/spinbetter.games\/poland\/#website\",\"url\":\"https:\/\/spinbetter.games\/poland\/\",\"name\":\"SpinBetter pl\",\"description\":\"My WordPress Blog\",\"potentialAction\":[{\"@type\":\"SearchAction\",\"target\":{\"@type\":\"EntryPoint\",\"urlTemplate\":\"https:\/\/spinbetter.games\/poland\/?s={search_term_string}\"},\"query-input\":{\"@type\":\"PropertyValueSpecification\",\"valueRequired\":true,\"valueName\":\"search_term_string\"}}],\"inLanguage\":\"pl-PL\"}]}<\/script>\n<!-- \/ Yoast SEO plugin. -->","yoast_head_json":{"title":"Chicken Road SpinBetter\u2122 \u2013 mno\u017cnikami w czasie rzeczywistym","description":"Zagraj w Chicken Road w Spin Better \u2014 szybk\u0105 gr\u0119 z rosn\u0105cymi mno\u017cnikami, natychmiastowymi rundami i pe\u0142n\u0105 kontrol\u0105 nad momentem wyp\u0142aty wygranej.","robots":{"index":"index","follow":"follow","max-snippet":"max-snippet:-1","max-image-preview":"max-image-preview:large","max-video-preview":"max-video-preview:-1"},"canonical":"https:\/\/spinbetter.games\/pol\/chicken-road\/","og_locale":"pl_PL","og_type":"article","og_title":"Chicken Road SpinBetter\u2122 \u2013 mno\u017cnikami w czasie rzeczywistym","og_description":"Zagraj w Chicken Road w Spin Better \u2014 szybk\u0105 gr\u0119 z rosn\u0105cymi mno\u017cnikami, natychmiastowymi rundami i pe\u0142n\u0105 kontrol\u0105 nad momentem wyp\u0142aty wygranej.","og_url":"https:\/\/spinbetter.games\/pol\/chicken-road\/","og_site_name":"SpinBetter pl","article_modified_time":"2026-03-27T11:50:18+00:00","twitter_card":"summary_large_image","schema":{"@context":"https:\/\/schema.org","@graph":[{"@type":"WebPage","@id":"https:\/\/spinbetter.games\/poland\/chicken-road\/","url":"https:\/\/spinbetter.games\/pol\/chicken-road\/","name":"Chicken Road SpinBetter\u2122 \u2013 mno\u017cnikami w czasie rzeczywistym","isPartOf":{"@id":"https:\/\/spinbetter.games\/poland\/#website"},"datePublished":"2026-01-05T10:40:48+00:00","dateModified":"2026-03-27T11:50:18+00:00","description":"Zagraj w Chicken Road w Spin Better \u2014 szybk\u0105 gr\u0119 z rosn\u0105cymi mno\u017cnikami, natychmiastowymi rundami i pe\u0142n\u0105 kontrol\u0105 nad momentem wyp\u0142aty wygranej.","breadcrumb":{"@id":"https:\/\/spinbetter.games\/pol\/chicken-road\/#breadcrumb"},"inLanguage":"pl-PL","potentialAction":[{"@type":"ReadAction","target":["https:\/\/spinbetter.games\/pol\/chicken-road\/"]}]},{"@type":"BreadcrumbList","@id":"https:\/\/spinbetter.games\/pol\/chicken-road\/#breadcrumb","itemListElement":[{"@type":"ListItem","position":1,"name":"\u0413\u043b\u0430\u0432\u043d\u0430\u044f \u0441\u0442\u0440\u0430\u043d\u0438\u0446\u0430","item":"https:\/\/spinbetter.games\/poland\/"},{"@type":"ListItem","position":2,"name":"Chicken Road"}]},{"@type":"WebSite","@id":"https:\/\/spinbetter.games\/poland\/#website","url":"https:\/\/spinbetter.games\/poland\/","name":"SpinBetter pl","description":"My WordPress Blog","potentialAction":[{"@type":"SearchAction","target":{"@type":"EntryPoint","urlTemplate":"https:\/\/spinbetter.games\/poland\/?s={search_term_string}"},"query-input":{"@type":"PropertyValueSpecification","valueRequired":true,"valueName":"search_term_string"}}],"inLanguage":"pl-PL"}]}},"_links":{"self":[{"href":"https:\/\/spinbetter.games\/poland\/wp-json\/wp\/v2\/pages\/2028","targetHints":{"allow":["GET"]}}],"collection":[{"href":"https:\/\/spinbetter.games\/poland\/wp-json\/wp\/v2\/pages"}],"about":[{"href":"https:\/\/spinbetter.games\/poland\/wp-json\/wp\/v2\/types\/page"}],"author":[{"embeddable":true,"href":"https:\/\/spinbetter.games\/poland\/wp-json\/wp\/v2\/users\/1"}],"replies":[{"embeddable":true,"href":"https:\/\/spinbetter.games\/poland\/wp-json\/wp\/v2\/comments?post=2028"}],"version-history":[{"count":2,"href":"https:\/\/spinbetter.games\/poland\/wp-json\/wp\/v2\/pages\/2028\/revisions"}],"predecessor-version":[{"id":2391,"href":"https:\/\/spinbetter.games\/poland\/wp-json\/wp\/v2\/pages\/2028\/revisions\/2391"}],"wp:attachment":[{"href":"https:\/\/spinbetter.games\/poland\/wp-json\/wp\/v2\/media?parent=2028"}],"curies":[{"name":"wp","href":"https:\/\/api.w.org\/{rel}","templated":true}]}}