{"id":2224,"date":"2026-02-05T06:10:03","date_gmt":"2026-02-05T06:10:03","guid":{"rendered":"https:\/\/spinbetter.games\/?page_id=2224"},"modified":"2026-03-27T11:50:01","modified_gmt":"2026-03-27T11:50:01","slug":"book-of-dead","status":"publish","type":"page","link":"https:\/\/spinbetter.games\/poland\/book-of-dead\/","title":{"rendered":"Book of Dead"},"content":{"rendered":"","protected":false},"excerpt":{"rendered":"","protected":false},"author":1,"featured_media":0,"parent":0,"menu_order":0,"comment_status":"closed","ping_status":"closed","template":"","meta":{"footnotes":""},"class_list":["post-2224","page","type-page","status-publish","hentry"],"yoast_head":"<!-- This site is optimized with the Yoast SEO plugin v26.8 - https:\/\/yoast.com\/product\/yoast-seo-wordpress\/ -->\n<title>Book of Dead \u2014 automat, darmowe spiny i gra na pieni\u0105dze<\/title>\n<meta name=\"description\" content=\"Automat Book of Dead od Play&#039;n GO \u2714\ufe0f funkcje automatu, symbole, darmowe spiny i funkcja hazardowa. Dowiedz si\u0119, jak gra\u0107 na prawdziwe pieni\u0105dze i w trybie demo w licencjonowanych kasynach online.\" \/>\n<meta name=\"robots\" content=\"index, follow, max-snippet:-1, max-image-preview:large, max-video-preview:-1\" \/>\n<link rel=\"canonical\" href=\"https:\/\/spinbetter.games\/pol\/book-of-dead\/\" \/>\n<meta property=\"og:locale\" content=\"pl_PL\" \/>\n<meta property=\"og:type\" content=\"article\" \/>\n<meta property=\"og:title\" content=\"Book of Dead \u2014 automat, darmowe spiny i gra na pieni\u0105dze\" \/>\n<meta property=\"og:description\" content=\"Automat Book of Dead od Play&#039;n GO \u2714\ufe0f funkcje automatu, symbole, darmowe spiny i funkcja hazardowa. Dowiedz si\u0119, jak gra\u0107 na prawdziwe pieni\u0105dze i w trybie demo w licencjonowanych kasynach online.\" \/>\n<meta property=\"og:url\" content=\"https:\/\/spinbetter.games\/pol\/book-of-dead\/\" \/>\n<meta property=\"og:site_name\" content=\"SpinBetter pl\" \/>\n<meta property=\"article:modified_time\" content=\"2026-03-27T11:50:01+00:00\" \/>\n<meta name=\"twitter:card\" content=\"summary_large_image\" \/>\n<script type=\"application\/ld+json\" class=\"yoast-schema-graph\">{\"@context\":\"https:\/\/schema.org\",\"@graph\":[{\"@type\":\"WebPage\",\"@id\":\"https:\/\/spinbetter.games\/poland\/book-of-dead\/\",\"url\":\"https:\/\/spinbetter.games\/pol\/book-of-dead\/\",\"name\":\"Book of Dead \u2014 automat, darmowe spiny i gra na pieni\u0105dze\",\"isPartOf\":{\"@id\":\"https:\/\/spinbetter.games\/poland\/#website\"},\"datePublished\":\"2026-02-05T06:10:03+00:00\",\"dateModified\":\"2026-03-27T11:50:01+00:00\",\"description\":\"Automat Book of Dead od Play'n GO \u2714\ufe0f funkcje automatu, symbole, darmowe spiny i funkcja hazardowa. Dowiedz si\u0119, jak gra\u0107 na prawdziwe pieni\u0105dze i w trybie demo w licencjonowanych kasynach online.\",\"breadcrumb\":{\"@id\":\"https:\/\/spinbetter.games\/pol\/book-of-dead\/#breadcrumb\"},\"inLanguage\":\"pl-PL\",\"potentialAction\":[{\"@type\":\"ReadAction\",\"target\":[\"https:\/\/spinbetter.games\/pol\/book-of-dead\/\"]}]},{\"@type\":\"BreadcrumbList\",\"@id\":\"https:\/\/spinbetter.games\/pol\/book-of-dead\/#breadcrumb\",\"itemListElement\":[{\"@type\":\"ListItem\",\"position\":1,\"name\":\"\u0413\u043b\u0430\u0432\u043d\u0430\u044f \u0441\u0442\u0440\u0430\u043d\u0438\u0446\u0430\",\"item\":\"https:\/\/spinbetter.games\/poland\/\"},{\"@type\":\"ListItem\",\"position\":2,\"name\":\"Book of Dead\"}]},{\"@type\":\"WebSite\",\"@id\":\"https:\/\/spinbetter.games\/poland\/#website\",\"url\":\"https:\/\/spinbetter.games\/poland\/\",\"name\":\"SpinBetter pl\",\"description\":\"My WordPress Blog\",\"potentialAction\":[{\"@type\":\"SearchAction\",\"target\":{\"@type\":\"EntryPoint\",\"urlTemplate\":\"https:\/\/spinbetter.games\/poland\/?s={search_term_string}\"},\"query-input\":{\"@type\":\"PropertyValueSpecification\",\"valueRequired\":true,\"valueName\":\"search_term_string\"}}],\"inLanguage\":\"pl-PL\"}]}<\/script>\n<!-- \/ Yoast SEO plugin. -->","yoast_head_json":{"title":"Book of Dead \u2014 automat, darmowe spiny i gra na pieni\u0105dze","description":"Automat Book of Dead od Play'n GO \u2714\ufe0f funkcje automatu, symbole, darmowe spiny i funkcja hazardowa. Dowiedz si\u0119, jak gra\u0107 na prawdziwe pieni\u0105dze i w trybie demo w licencjonowanych kasynach online.","robots":{"index":"index","follow":"follow","max-snippet":"max-snippet:-1","max-image-preview":"max-image-preview:large","max-video-preview":"max-video-preview:-1"},"canonical":"https:\/\/spinbetter.games\/pol\/book-of-dead\/","og_locale":"pl_PL","og_type":"article","og_title":"Book of Dead \u2014 automat, darmowe spiny i gra na pieni\u0105dze","og_description":"Automat Book of Dead od Play'n GO \u2714\ufe0f funkcje automatu, symbole, darmowe spiny i funkcja hazardowa. Dowiedz si\u0119, jak gra\u0107 na prawdziwe pieni\u0105dze i w trybie demo w licencjonowanych kasynach online.","og_url":"https:\/\/spinbetter.games\/pol\/book-of-dead\/","og_site_name":"SpinBetter pl","article_modified_time":"2026-03-27T11:50:01+00:00","twitter_card":"summary_large_image","schema":{"@context":"https:\/\/schema.org","@graph":[{"@type":"WebPage","@id":"https:\/\/spinbetter.games\/poland\/book-of-dead\/","url":"https:\/\/spinbetter.games\/pol\/book-of-dead\/","name":"Book of Dead \u2014 automat, darmowe spiny i gra na pieni\u0105dze","isPartOf":{"@id":"https:\/\/spinbetter.games\/poland\/#website"},"datePublished":"2026-02-05T06:10:03+00:00","dateModified":"2026-03-27T11:50:01+00:00","description":"Automat Book of Dead od Play'n GO \u2714\ufe0f funkcje automatu, symbole, darmowe spiny i funkcja hazardowa. Dowiedz si\u0119, jak gra\u0107 na prawdziwe pieni\u0105dze i w trybie demo w licencjonowanych kasynach online.","breadcrumb":{"@id":"https:\/\/spinbetter.games\/pol\/book-of-dead\/#breadcrumb"},"inLanguage":"pl-PL","potentialAction":[{"@type":"ReadAction","target":["https:\/\/spinbetter.games\/pol\/book-of-dead\/"]}]},{"@type":"BreadcrumbList","@id":"https:\/\/spinbetter.games\/pol\/book-of-dead\/#breadcrumb","itemListElement":[{"@type":"ListItem","position":1,"name":"\u0413\u043b\u0430\u0432\u043d\u0430\u044f \u0441\u0442\u0440\u0430\u043d\u0438\u0446\u0430","item":"https:\/\/spinbetter.games\/poland\/"},{"@type":"ListItem","position":2,"name":"Book of Dead"}]},{"@type":"WebSite","@id":"https:\/\/spinbetter.games\/poland\/#website","url":"https:\/\/spinbetter.games\/poland\/","name":"SpinBetter pl","description":"My WordPress Blog","potentialAction":[{"@type":"SearchAction","target":{"@type":"EntryPoint","urlTemplate":"https:\/\/spinbetter.games\/poland\/?s={search_term_string}"},"query-input":{"@type":"PropertyValueSpecification","valueRequired":true,"valueName":"search_term_string"}}],"inLanguage":"pl-PL"}]}},"_links":{"self":[{"href":"https:\/\/spinbetter.games\/poland\/wp-json\/wp\/v2\/pages\/2224","targetHints":{"allow":["GET"]}}],"collection":[{"href":"https:\/\/spinbetter.games\/poland\/wp-json\/wp\/v2\/pages"}],"about":[{"href":"https:\/\/spinbetter.games\/poland\/wp-json\/wp\/v2\/types\/page"}],"author":[{"embeddable":true,"href":"https:\/\/spinbetter.games\/poland\/wp-json\/wp\/v2\/users\/1"}],"replies":[{"embeddable":true,"href":"https:\/\/spinbetter.games\/poland\/wp-json\/wp\/v2\/comments?post=2224"}],"version-history":[{"count":2,"href":"https:\/\/spinbetter.games\/poland\/wp-json\/wp\/v2\/pages\/2224\/revisions"}],"predecessor-version":[{"id":2428,"href":"https:\/\/spinbetter.games\/poland\/wp-json\/wp\/v2\/pages\/2224\/revisions\/2428"}],"wp:attachment":[{"href":"https:\/\/spinbetter.games\/poland\/wp-json\/wp\/v2\/media?parent=2224"}],"curies":[{"name":"wp","href":"https:\/\/api.w.org\/{rel}","templated":true}]}}