{"id":334,"date":"2024-11-11T06:32:15","date_gmt":"2024-11-11T06:32:15","guid":{"rendered":"https:\/\/spinbetter.games\/poland\/?page_id=334"},"modified":"2026-03-27T11:57:29","modified_gmt":"2026-03-27T11:57:29","slug":"registration","status":"publish","type":"page","link":"https:\/\/spinbetter.games\/poland\/registration\/","title":{"rendered":"Rejestracja"},"content":{"rendered":"","protected":false},"excerpt":{"rendered":"","protected":false},"author":1,"featured_media":0,"parent":0,"menu_order":0,"comment_status":"closed","ping_status":"closed","template":"","meta":{"footnotes":""},"class_list":["post-334","page","type-page","status-publish","hentry"],"yoast_head":"<!-- This site is optimized with the Yoast SEO plugin v26.8 - https:\/\/yoast.com\/product\/yoast-seo-wordpress\/ -->\n<title>Rejestracja SpinBetter Polska \ud83d\udd39 Jak utworzy\u0107 konto<\/title>\n<meta name=\"description\" content=\"Dowiedz si\u0119, jak zarejestrowa\u0107 si\u0119 w Spinbetter Sports Betting and Kasyno Platform \u26a1 Odkryj ekskluzywne bonusy i ekscytuj\u0105ce gry\" \/>\n<meta name=\"robots\" content=\"index, follow, max-snippet:-1, max-image-preview:large, max-video-preview:-1\" \/>\n<link rel=\"canonical\" href=\"https:\/\/spinbetter.games\/pol\/registration\/\" \/>\n<meta property=\"og:locale\" content=\"pl_PL\" \/>\n<meta property=\"og:type\" content=\"article\" \/>\n<meta property=\"og:title\" content=\"Rejestracja SpinBetter Polska \ud83d\udd39 Jak utworzy\u0107 konto\" \/>\n<meta property=\"og:description\" content=\"Dowiedz si\u0119, jak zarejestrowa\u0107 si\u0119 w Spinbetter Sports Betting and Kasyno Platform \u26a1 Odkryj ekskluzywne bonusy i ekscytuj\u0105ce gry\" \/>\n<meta property=\"og:url\" content=\"https:\/\/spinbetter.games\/pol\/registration\/\" \/>\n<meta property=\"og:site_name\" content=\"SpinBetter pl\" \/>\n<meta property=\"article:modified_time\" content=\"2026-03-27T11:57:29+00:00\" \/>\n<meta name=\"twitter:card\" content=\"summary_large_image\" \/>\n<script type=\"application\/ld+json\" class=\"yoast-schema-graph\">{\"@context\":\"https:\/\/schema.org\",\"@graph\":[{\"@type\":\"WebPage\",\"@id\":\"https:\/\/spinbetter.games\/poland\/registration\/\",\"url\":\"https:\/\/spinbetter.games\/pol\/registration\/\",\"name\":\"Rejestracja SpinBetter Polska \ud83d\udd39 Jak utworzy\u0107 konto\",\"isPartOf\":{\"@id\":\"https:\/\/spinbetter.games\/poland\/#website\"},\"datePublished\":\"2024-11-11T06:32:15+00:00\",\"dateModified\":\"2026-03-27T11:57:29+00:00\",\"description\":\"Dowiedz si\u0119, jak zarejestrowa\u0107 si\u0119 w Spinbetter Sports Betting and Kasyno Platform \u26a1 Odkryj ekskluzywne bonusy i ekscytuj\u0105ce gry\",\"breadcrumb\":{\"@id\":\"https:\/\/spinbetter.games\/pol\/registration\/#breadcrumb\"},\"inLanguage\":\"pl-PL\",\"potentialAction\":[{\"@type\":\"ReadAction\",\"target\":[\"https:\/\/spinbetter.games\/pol\/registration\/\"]}]},{\"@type\":\"BreadcrumbList\",\"@id\":\"https:\/\/spinbetter.games\/pol\/registration\/#breadcrumb\",\"itemListElement\":[{\"@type\":\"ListItem\",\"position\":1,\"name\":\"\u0413\u043b\u0430\u0432\u043d\u0430\u044f \u0441\u0442\u0440\u0430\u043d\u0438\u0446\u0430\",\"item\":\"https:\/\/spinbetter.games\/poland\/\"},{\"@type\":\"ListItem\",\"position\":2,\"name\":\"Rejestracja\"}]},{\"@type\":\"WebSite\",\"@id\":\"https:\/\/spinbetter.games\/poland\/#website\",\"url\":\"https:\/\/spinbetter.games\/poland\/\",\"name\":\"SpinBetter pl\",\"description\":\"My WordPress Blog\",\"potentialAction\":[{\"@type\":\"SearchAction\",\"target\":{\"@type\":\"EntryPoint\",\"urlTemplate\":\"https:\/\/spinbetter.games\/poland\/?s={search_term_string}\"},\"query-input\":{\"@type\":\"PropertyValueSpecification\",\"valueRequired\":true,\"valueName\":\"search_term_string\"}}],\"inLanguage\":\"pl-PL\"}]}<\/script>\n<!-- \/ Yoast SEO plugin. -->","yoast_head_json":{"title":"Rejestracja SpinBetter Polska \ud83d\udd39 Jak utworzy\u0107 konto","description":"Dowiedz si\u0119, jak zarejestrowa\u0107 si\u0119 w Spinbetter Sports Betting and Kasyno Platform \u26a1 Odkryj ekskluzywne bonusy i ekscytuj\u0105ce gry","robots":{"index":"index","follow":"follow","max-snippet":"max-snippet:-1","max-image-preview":"max-image-preview:large","max-video-preview":"max-video-preview:-1"},"canonical":"https:\/\/spinbetter.games\/pol\/registration\/","og_locale":"pl_PL","og_type":"article","og_title":"Rejestracja SpinBetter Polska \ud83d\udd39 Jak utworzy\u0107 konto","og_description":"Dowiedz si\u0119, jak zarejestrowa\u0107 si\u0119 w Spinbetter Sports Betting and Kasyno Platform \u26a1 Odkryj ekskluzywne bonusy i ekscytuj\u0105ce gry","og_url":"https:\/\/spinbetter.games\/pol\/registration\/","og_site_name":"SpinBetter pl","article_modified_time":"2026-03-27T11:57:29+00:00","twitter_card":"summary_large_image","schema":{"@context":"https:\/\/schema.org","@graph":[{"@type":"WebPage","@id":"https:\/\/spinbetter.games\/poland\/registration\/","url":"https:\/\/spinbetter.games\/pol\/registration\/","name":"Rejestracja SpinBetter Polska \ud83d\udd39 Jak utworzy\u0107 konto","isPartOf":{"@id":"https:\/\/spinbetter.games\/poland\/#website"},"datePublished":"2024-11-11T06:32:15+00:00","dateModified":"2026-03-27T11:57:29+00:00","description":"Dowiedz si\u0119, jak zarejestrowa\u0107 si\u0119 w Spinbetter Sports Betting and Kasyno Platform \u26a1 Odkryj ekskluzywne bonusy i ekscytuj\u0105ce gry","breadcrumb":{"@id":"https:\/\/spinbetter.games\/pol\/registration\/#breadcrumb"},"inLanguage":"pl-PL","potentialAction":[{"@type":"ReadAction","target":["https:\/\/spinbetter.games\/pol\/registration\/"]}]},{"@type":"BreadcrumbList","@id":"https:\/\/spinbetter.games\/pol\/registration\/#breadcrumb","itemListElement":[{"@type":"ListItem","position":1,"name":"\u0413\u043b\u0430\u0432\u043d\u0430\u044f \u0441\u0442\u0440\u0430\u043d\u0438\u0446\u0430","item":"https:\/\/spinbetter.games\/poland\/"},{"@type":"ListItem","position":2,"name":"Rejestracja"}]},{"@type":"WebSite","@id":"https:\/\/spinbetter.games\/poland\/#website","url":"https:\/\/spinbetter.games\/poland\/","name":"SpinBetter pl","description":"My WordPress Blog","potentialAction":[{"@type":"SearchAction","target":{"@type":"EntryPoint","urlTemplate":"https:\/\/spinbetter.games\/poland\/?s={search_term_string}"},"query-input":{"@type":"PropertyValueSpecification","valueRequired":true,"valueName":"search_term_string"}}],"inLanguage":"pl-PL"}]}},"_links":{"self":[{"href":"https:\/\/spinbetter.games\/poland\/wp-json\/wp\/v2\/pages\/334","targetHints":{"allow":["GET"]}}],"collection":[{"href":"https:\/\/spinbetter.games\/poland\/wp-json\/wp\/v2\/pages"}],"about":[{"href":"https:\/\/spinbetter.games\/poland\/wp-json\/wp\/v2\/types\/page"}],"author":[{"embeddable":true,"href":"https:\/\/spinbetter.games\/poland\/wp-json\/wp\/v2\/users\/1"}],"replies":[{"embeddable":true,"href":"https:\/\/spinbetter.games\/poland\/wp-json\/wp\/v2\/comments?post=334"}],"version-history":[{"count":4,"href":"https:\/\/spinbetter.games\/poland\/wp-json\/wp\/v2\/pages\/334\/revisions"}],"predecessor-version":[{"id":857,"href":"https:\/\/spinbetter.games\/poland\/wp-json\/wp\/v2\/pages\/334\/revisions\/857"}],"wp:attachment":[{"href":"https:\/\/spinbetter.games\/poland\/wp-json\/wp\/v2\/media?parent=334"}],"curies":[{"name":"wp","href":"https:\/\/api.w.org\/{rel}","templated":true}]}}