{"id":914,"date":"2025-03-05T13:33:29","date_gmt":"2025-03-05T13:33:29","guid":{"rendered":"https:\/\/spinbetter.games\/?page_id=914"},"modified":"2026-03-27T11:49:12","modified_gmt":"2026-03-27T11:49:12","slug":"freebet-in-app","status":"publish","type":"page","link":"https:\/\/spinbetter.games\/poland\/bonus\/freebet-in-app\/","title":{"rendered":"Darmowy zak\u0142ad w aplikacji"},"content":{"rendered":"","protected":false},"excerpt":{"rendered":"","protected":false},"author":1,"featured_media":0,"parent":152,"menu_order":2,"comment_status":"closed","ping_status":"closed","template":"","meta":{"footnotes":""},"class_list":["post-914","page","type-page","status-publish","hentry"],"yoast_head":"<!-- This site is optimized with the Yoast SEO plugin v26.8 - https:\/\/yoast.com\/product\/yoast-seo-wordpress\/ -->\n<title>Darmowy zak\u0142ad w aplikacji SpinBetter \u1409 Bonusy na zak\u0142ady<\/title>\n<meta name=\"description\" content=\"Wzmocnij swoj\u0105 gr\u0119 dzi\u0119ki darmowemu zak\u0142adowi w aplikacji SpinBetter! Odkryj fajne bonusy bukmacherskie i zwi\u0119ksz swoje szanse na wygran\u0105. Nie przegap tej chwili - Twoje wygrane czekaj\u0105 na Ciebie!\" \/>\n<meta name=\"robots\" content=\"index, follow, max-snippet:-1, max-image-preview:large, max-video-preview:-1\" \/>\n<link rel=\"canonical\" href=\"https:\/\/spinbetter.games\/poland\/bonus\/freebet-in-app\/\" \/>\n<meta property=\"og:locale\" content=\"pl_PL\" \/>\n<meta property=\"og:type\" content=\"article\" \/>\n<meta property=\"og:title\" content=\"Darmowy zak\u0142ad w aplikacji SpinBetter \u1409 Bonusy na zak\u0142ady\" \/>\n<meta property=\"og:description\" content=\"Wzmocnij swoj\u0105 gr\u0119 dzi\u0119ki darmowemu zak\u0142adowi w aplikacji SpinBetter! Odkryj fajne bonusy bukmacherskie i zwi\u0119ksz swoje szanse na wygran\u0105. Nie przegap tej chwili - Twoje wygrane czekaj\u0105 na Ciebie!\" \/>\n<meta property=\"og:url\" content=\"https:\/\/spinbetter.games\/poland\/bonus\/freebet-in-app\/\" \/>\n<meta property=\"og:site_name\" content=\"SpinBetter pl\" \/>\n<meta property=\"article:modified_time\" content=\"2026-03-27T11:49:12+00:00\" \/>\n<meta name=\"twitter:card\" content=\"summary_large_image\" \/>\n<script type=\"application\/ld+json\" class=\"yoast-schema-graph\">{\"@context\":\"https:\/\/schema.org\",\"@graph\":[{\"@type\":\"WebPage\",\"@id\":\"https:\/\/spinbetter.games\/poland\/bonus\/freebet-in-app\/\",\"url\":\"https:\/\/spinbetter.games\/poland\/bonus\/freebet-in-app\/\",\"name\":\"Darmowy zak\u0142ad w aplikacji SpinBetter \u1409 Bonusy na zak\u0142ady\",\"isPartOf\":{\"@id\":\"https:\/\/spinbetter.games\/poland\/#website\"},\"datePublished\":\"2025-03-05T13:33:29+00:00\",\"dateModified\":\"2026-03-27T11:49:12+00:00\",\"description\":\"Wzmocnij swoj\u0105 gr\u0119 dzi\u0119ki darmowemu zak\u0142adowi w aplikacji SpinBetter! Odkryj fajne bonusy bukmacherskie i zwi\u0119ksz swoje szanse na wygran\u0105. Nie przegap tej chwili - Twoje wygrane czekaj\u0105 na Ciebie!\",\"breadcrumb\":{\"@id\":\"https:\/\/spinbetter.games\/poland\/bonus\/freebet-in-app\/#breadcrumb\"},\"inLanguage\":\"pl-PL\",\"potentialAction\":[{\"@type\":\"ReadAction\",\"target\":[\"https:\/\/spinbetter.games\/poland\/bonus\/freebet-in-app\/\"]}]},{\"@type\":\"BreadcrumbList\",\"@id\":\"https:\/\/spinbetter.games\/poland\/bonus\/freebet-in-app\/#breadcrumb\",\"itemListElement\":[{\"@type\":\"ListItem\",\"position\":1,\"name\":\"\u0413\u043b\u0430\u0432\u043d\u0430\u044f \u0441\u0442\u0440\u0430\u043d\u0438\u0446\u0430\",\"item\":\"https:\/\/spinbetter.games\/poland\/\"},{\"@type\":\"ListItem\",\"position\":2,\"name\":\"Bonus\",\"item\":\"https:\/\/spinbetter.games\/poland\/bonus\/\"},{\"@type\":\"ListItem\",\"position\":3,\"name\":\"Darmowy zak\u0142ad w aplikacji\"}]},{\"@type\":\"WebSite\",\"@id\":\"https:\/\/spinbetter.games\/poland\/#website\",\"url\":\"https:\/\/spinbetter.games\/poland\/\",\"name\":\"SpinBetter pl\",\"description\":\"My WordPress Blog\",\"potentialAction\":[{\"@type\":\"SearchAction\",\"target\":{\"@type\":\"EntryPoint\",\"urlTemplate\":\"https:\/\/spinbetter.games\/poland\/?s={search_term_string}\"},\"query-input\":{\"@type\":\"PropertyValueSpecification\",\"valueRequired\":true,\"valueName\":\"search_term_string\"}}],\"inLanguage\":\"pl-PL\"}]}<\/script>\n<!-- \/ Yoast SEO plugin. -->","yoast_head_json":{"title":"Darmowy zak\u0142ad w aplikacji SpinBetter \u1409 Bonusy na zak\u0142ady","description":"Wzmocnij swoj\u0105 gr\u0119 dzi\u0119ki darmowemu zak\u0142adowi w aplikacji SpinBetter! Odkryj fajne bonusy bukmacherskie i zwi\u0119ksz swoje szanse na wygran\u0105. Nie przegap tej chwili - Twoje wygrane czekaj\u0105 na Ciebie!","robots":{"index":"index","follow":"follow","max-snippet":"max-snippet:-1","max-image-preview":"max-image-preview:large","max-video-preview":"max-video-preview:-1"},"canonical":"https:\/\/spinbetter.games\/poland\/bonus\/freebet-in-app\/","og_locale":"pl_PL","og_type":"article","og_title":"Darmowy zak\u0142ad w aplikacji SpinBetter \u1409 Bonusy na zak\u0142ady","og_description":"Wzmocnij swoj\u0105 gr\u0119 dzi\u0119ki darmowemu zak\u0142adowi w aplikacji SpinBetter! Odkryj fajne bonusy bukmacherskie i zwi\u0119ksz swoje szanse na wygran\u0105. Nie przegap tej chwili - Twoje wygrane czekaj\u0105 na Ciebie!","og_url":"https:\/\/spinbetter.games\/poland\/bonus\/freebet-in-app\/","og_site_name":"SpinBetter pl","article_modified_time":"2026-03-27T11:49:12+00:00","twitter_card":"summary_large_image","schema":{"@context":"https:\/\/schema.org","@graph":[{"@type":"WebPage","@id":"https:\/\/spinbetter.games\/poland\/bonus\/freebet-in-app\/","url":"https:\/\/spinbetter.games\/poland\/bonus\/freebet-in-app\/","name":"Darmowy zak\u0142ad w aplikacji SpinBetter \u1409 Bonusy na zak\u0142ady","isPartOf":{"@id":"https:\/\/spinbetter.games\/poland\/#website"},"datePublished":"2025-03-05T13:33:29+00:00","dateModified":"2026-03-27T11:49:12+00:00","description":"Wzmocnij swoj\u0105 gr\u0119 dzi\u0119ki darmowemu zak\u0142adowi w aplikacji SpinBetter! Odkryj fajne bonusy bukmacherskie i zwi\u0119ksz swoje szanse na wygran\u0105. Nie przegap tej chwili - Twoje wygrane czekaj\u0105 na Ciebie!","breadcrumb":{"@id":"https:\/\/spinbetter.games\/poland\/bonus\/freebet-in-app\/#breadcrumb"},"inLanguage":"pl-PL","potentialAction":[{"@type":"ReadAction","target":["https:\/\/spinbetter.games\/poland\/bonus\/freebet-in-app\/"]}]},{"@type":"BreadcrumbList","@id":"https:\/\/spinbetter.games\/poland\/bonus\/freebet-in-app\/#breadcrumb","itemListElement":[{"@type":"ListItem","position":1,"name":"\u0413\u043b\u0430\u0432\u043d\u0430\u044f \u0441\u0442\u0440\u0430\u043d\u0438\u0446\u0430","item":"https:\/\/spinbetter.games\/poland\/"},{"@type":"ListItem","position":2,"name":"Bonus","item":"https:\/\/spinbetter.games\/poland\/bonus\/"},{"@type":"ListItem","position":3,"name":"Darmowy zak\u0142ad w aplikacji"}]},{"@type":"WebSite","@id":"https:\/\/spinbetter.games\/poland\/#website","url":"https:\/\/spinbetter.games\/poland\/","name":"SpinBetter pl","description":"My WordPress Blog","potentialAction":[{"@type":"SearchAction","target":{"@type":"EntryPoint","urlTemplate":"https:\/\/spinbetter.games\/poland\/?s={search_term_string}"},"query-input":{"@type":"PropertyValueSpecification","valueRequired":true,"valueName":"search_term_string"}}],"inLanguage":"pl-PL"}]}},"_links":{"self":[{"href":"https:\/\/spinbetter.games\/poland\/wp-json\/wp\/v2\/pages\/914","targetHints":{"allow":["GET"]}}],"collection":[{"href":"https:\/\/spinbetter.games\/poland\/wp-json\/wp\/v2\/pages"}],"about":[{"href":"https:\/\/spinbetter.games\/poland\/wp-json\/wp\/v2\/types\/page"}],"author":[{"embeddable":true,"href":"https:\/\/spinbetter.games\/poland\/wp-json\/wp\/v2\/users\/1"}],"replies":[{"embeddable":true,"href":"https:\/\/spinbetter.games\/poland\/wp-json\/wp\/v2\/comments?post=914"}],"version-history":[{"count":2,"href":"https:\/\/spinbetter.games\/poland\/wp-json\/wp\/v2\/pages\/914\/revisions"}],"predecessor-version":[{"id":1157,"href":"https:\/\/spinbetter.games\/poland\/wp-json\/wp\/v2\/pages\/914\/revisions\/1157"}],"up":[{"embeddable":true,"href":"https:\/\/spinbetter.games\/poland\/wp-json\/wp\/v2\/pages\/152"}],"wp:attachment":[{"href":"https:\/\/spinbetter.games\/poland\/wp-json\/wp\/v2\/media?parent=914"}],"curies":[{"name":"wp","href":"https:\/\/api.w.org\/{rel}","templated":true}]}}