{"id":1512,"date":"2025-09-14T06:43:03","date_gmt":"2025-09-14T06:43:03","guid":{"rendered":"https:\/\/spinbetter.games\/?page_id=1512"},"modified":"2025-10-02T08:13:32","modified_gmt":"2025-10-02T08:13:32","slug":"esports","status":"publish","type":"page","link":"https:\/\/spinbetter.games\/portugal\/esports\/","title":{"rendered":"eSports"},"content":{"rendered":"","protected":false},"excerpt":{"rendered":"","protected":false},"author":1,"featured_media":0,"parent":0,"menu_order":0,"comment_status":"closed","ping_status":"closed","template":"","meta":{"footnotes":""},"class_list":["post-1512","page","type-page","status-publish","hentry"],"yoast_head":"<!-- This site is optimized with the Yoast SEO plugin v26.8 - https:\/\/yoast.com\/product\/yoast-seo-wordpress\/ -->\n<title>Spinbetter eSports | Apostas em eSports, b\u00f3nus, op\u00e7\u00f5es<\/title>\n<meta name=\"description\" content=\"Descubra o Spinbetter eSports \u2014 o seu guia completo para apostar em eSports. Conhe\u00e7a os recursos da plataforma, as se\u00e7\u00f5es exclusivas Live e Line, e assista a transmiss\u00f5es de v\u00eddeo gratuitas das partidas. Aposte em eSports com o SpinBetter e n\u00e3o perca a sua chance de ganhar!\" \/>\n<meta name=\"robots\" content=\"index, follow, max-snippet:-1, max-image-preview:large, max-video-preview:-1\" \/>\n<link rel=\"canonical\" href=\"https:\/\/spinbetter.games\/portugal\/esports\/\" \/>\n<meta property=\"og:locale\" content=\"pt_PT\" \/>\n<meta property=\"og:type\" content=\"article\" \/>\n<meta property=\"og:title\" content=\"Spinbetter eSports | Apostas em eSports, b\u00f3nus, op\u00e7\u00f5es\" \/>\n<meta property=\"og:description\" content=\"Descubra o Spinbetter eSports \u2014 o seu guia completo para apostar em eSports. Conhe\u00e7a os recursos da plataforma, as se\u00e7\u00f5es exclusivas Live e Line, e assista a transmiss\u00f5es de v\u00eddeo gratuitas das partidas. Aposte em eSports com o SpinBetter e n\u00e3o perca a sua chance de ganhar!\" \/>\n<meta property=\"og:url\" content=\"https:\/\/spinbetter.games\/portugal\/esports\/\" \/>\n<meta property=\"og:site_name\" content=\"SpinBetter pt\" \/>\n<meta property=\"article:modified_time\" content=\"2025-10-02T08:13:32+00:00\" \/>\n<meta name=\"twitter:card\" content=\"summary_large_image\" \/>\n<script type=\"application\/ld+json\" class=\"yoast-schema-graph\">{\"@context\":\"https:\/\/schema.org\",\"@graph\":[{\"@type\":\"WebPage\",\"@id\":\"https:\/\/spinbetter.games\/portugal\/esports\/\",\"url\":\"https:\/\/spinbetter.games\/portugal\/esports\/\",\"name\":\"Spinbetter eSports | Apostas em eSports, b\u00f3nus, op\u00e7\u00f5es\",\"isPartOf\":{\"@id\":\"https:\/\/spinbetter.games\/portugal\/#website\"},\"datePublished\":\"2025-09-14T06:43:03+00:00\",\"dateModified\":\"2025-10-02T08:13:32+00:00\",\"description\":\"Descubra o Spinbetter eSports \u2014 o seu guia completo para apostar em eSports. Conhe\u00e7a os recursos da plataforma, as se\u00e7\u00f5es exclusivas Live e Line, e assista a transmiss\u00f5es de v\u00eddeo gratuitas das partidas. Aposte em eSports com o SpinBetter e n\u00e3o perca a sua chance de ganhar!\",\"breadcrumb\":{\"@id\":\"https:\/\/spinbetter.games\/portugal\/esports\/#breadcrumb\"},\"inLanguage\":\"pt-PT\",\"potentialAction\":[{\"@type\":\"ReadAction\",\"target\":[\"https:\/\/spinbetter.games\/portugal\/esports\/\"]}]},{\"@type\":\"BreadcrumbList\",\"@id\":\"https:\/\/spinbetter.games\/portugal\/esports\/#breadcrumb\",\"itemListElement\":[{\"@type\":\"ListItem\",\"position\":1,\"name\":\"\u0413\u043b\u0430\u0432\u043d\u0430\u044f \u0441\u0442\u0440\u0430\u043d\u0438\u0446\u0430\",\"item\":\"https:\/\/spinbetter.games\/portugal\/\"},{\"@type\":\"ListItem\",\"position\":2,\"name\":\"eSports\"}]},{\"@type\":\"WebSite\",\"@id\":\"https:\/\/spinbetter.games\/portugal\/#website\",\"url\":\"https:\/\/spinbetter.games\/portugal\/\",\"name\":\"SpinBetter pt\",\"description\":\"My WordPress Blog\",\"potentialAction\":[{\"@type\":\"SearchAction\",\"target\":{\"@type\":\"EntryPoint\",\"urlTemplate\":\"https:\/\/spinbetter.games\/portugal\/?s={search_term_string}\"},\"query-input\":{\"@type\":\"PropertyValueSpecification\",\"valueRequired\":true,\"valueName\":\"search_term_string\"}}],\"inLanguage\":\"pt-PT\"}]}<\/script>\n<!-- \/ Yoast SEO plugin. -->","yoast_head_json":{"title":"Spinbetter eSports | Apostas em eSports, b\u00f3nus, op\u00e7\u00f5es","description":"Descubra o Spinbetter eSports \u2014 o seu guia completo para apostar em eSports. Conhe\u00e7a os recursos da plataforma, as se\u00e7\u00f5es exclusivas Live e Line, e assista a transmiss\u00f5es de v\u00eddeo gratuitas das partidas. Aposte em eSports com o SpinBetter e n\u00e3o perca a sua chance de ganhar!","robots":{"index":"index","follow":"follow","max-snippet":"max-snippet:-1","max-image-preview":"max-image-preview:large","max-video-preview":"max-video-preview:-1"},"canonical":"https:\/\/spinbetter.games\/portugal\/esports\/","og_locale":"pt_PT","og_type":"article","og_title":"Spinbetter eSports | Apostas em eSports, b\u00f3nus, op\u00e7\u00f5es","og_description":"Descubra o Spinbetter eSports \u2014 o seu guia completo para apostar em eSports. Conhe\u00e7a os recursos da plataforma, as se\u00e7\u00f5es exclusivas Live e Line, e assista a transmiss\u00f5es de v\u00eddeo gratuitas das partidas. Aposte em eSports com o SpinBetter e n\u00e3o perca a sua chance de ganhar!","og_url":"https:\/\/spinbetter.games\/portugal\/esports\/","og_site_name":"SpinBetter pt","article_modified_time":"2025-10-02T08:13:32+00:00","twitter_card":"summary_large_image","schema":{"@context":"https:\/\/schema.org","@graph":[{"@type":"WebPage","@id":"https:\/\/spinbetter.games\/portugal\/esports\/","url":"https:\/\/spinbetter.games\/portugal\/esports\/","name":"Spinbetter eSports | Apostas em eSports, b\u00f3nus, op\u00e7\u00f5es","isPartOf":{"@id":"https:\/\/spinbetter.games\/portugal\/#website"},"datePublished":"2025-09-14T06:43:03+00:00","dateModified":"2025-10-02T08:13:32+00:00","description":"Descubra o Spinbetter eSports \u2014 o seu guia completo para apostar em eSports. Conhe\u00e7a os recursos da plataforma, as se\u00e7\u00f5es exclusivas Live e Line, e assista a transmiss\u00f5es de v\u00eddeo gratuitas das partidas. Aposte em eSports com o SpinBetter e n\u00e3o perca a sua chance de ganhar!","breadcrumb":{"@id":"https:\/\/spinbetter.games\/portugal\/esports\/#breadcrumb"},"inLanguage":"pt-PT","potentialAction":[{"@type":"ReadAction","target":["https:\/\/spinbetter.games\/portugal\/esports\/"]}]},{"@type":"BreadcrumbList","@id":"https:\/\/spinbetter.games\/portugal\/esports\/#breadcrumb","itemListElement":[{"@type":"ListItem","position":1,"name":"\u0413\u043b\u0430\u0432\u043d\u0430\u044f \u0441\u0442\u0440\u0430\u043d\u0438\u0446\u0430","item":"https:\/\/spinbetter.games\/portugal\/"},{"@type":"ListItem","position":2,"name":"eSports"}]},{"@type":"WebSite","@id":"https:\/\/spinbetter.games\/portugal\/#website","url":"https:\/\/spinbetter.games\/portugal\/","name":"SpinBetter pt","description":"My WordPress Blog","potentialAction":[{"@type":"SearchAction","target":{"@type":"EntryPoint","urlTemplate":"https:\/\/spinbetter.games\/portugal\/?s={search_term_string}"},"query-input":{"@type":"PropertyValueSpecification","valueRequired":true,"valueName":"search_term_string"}}],"inLanguage":"pt-PT"}]}},"_links":{"self":[{"href":"https:\/\/spinbetter.games\/portugal\/wp-json\/wp\/v2\/pages\/1512","targetHints":{"allow":["GET"]}}],"collection":[{"href":"https:\/\/spinbetter.games\/portugal\/wp-json\/wp\/v2\/pages"}],"about":[{"href":"https:\/\/spinbetter.games\/portugal\/wp-json\/wp\/v2\/types\/page"}],"author":[{"embeddable":true,"href":"https:\/\/spinbetter.games\/portugal\/wp-json\/wp\/v2\/users\/1"}],"replies":[{"embeddable":true,"href":"https:\/\/spinbetter.games\/portugal\/wp-json\/wp\/v2\/comments?post=1512"}],"version-history":[{"count":3,"href":"https:\/\/spinbetter.games\/portugal\/wp-json\/wp\/v2\/pages\/1512\/revisions"}],"predecessor-version":[{"id":1808,"href":"https:\/\/spinbetter.games\/portugal\/wp-json\/wp\/v2\/pages\/1512\/revisions\/1808"}],"wp:attachment":[{"href":"https:\/\/spinbetter.games\/portugal\/wp-json\/wp\/v2\/media?parent=1512"}],"curies":[{"name":"wp","href":"https:\/\/api.w.org\/{rel}","templated":true}]}}