{"id":1586,"date":"2025-09-22T11:56:51","date_gmt":"2025-09-22T11:56:51","guid":{"rendered":"https:\/\/spinbetter.games\/?page_id=1586"},"modified":"2025-10-02T07:08:08","modified_gmt":"2025-10-02T07:08:08","slug":"football-cashback-20","status":"publish","type":"page","link":"https:\/\/spinbetter.games\/portugal\/bonus\/football-cashback-20\/","title":{"rendered":"Cashback Futebol 20%"},"content":{"rendered":"","protected":false},"excerpt":{"rendered":"","protected":false},"author":1,"featured_media":0,"parent":974,"menu_order":0,"comment_status":"closed","ping_status":"closed","template":"","meta":{"footnotes":""},"class_list":["post-1586","page","type-page","status-publish","hentry"],"yoast_head":"<!-- This site is optimized with the Yoast SEO plugin v26.8 - https:\/\/yoast.com\/product\/yoast-seo-wordpress\/ -->\n<title>Reembolso semanal Spinbetter de at\u00e9 20% em apostas de futebol!<\/title>\n<meta name=\"description\" content=\"Receba at\u00e9 20% de reembolso nas apostas de futebol com a SpinBetter! Fa\u00e7a apostas a partir de 5 EUR e receba b\u00f3nus garantidos durante o per\u00edodo da promo\u00e7\u00e3o. Participe agora!\" \/>\n<meta name=\"robots\" content=\"index, follow, max-snippet:-1, max-image-preview:large, max-video-preview:-1\" \/>\n<link rel=\"canonical\" href=\"https:\/\/spinbetter.games\/portugal\/bonus\/football-cashback-20\/\" \/>\n<meta property=\"og:locale\" content=\"pt_PT\" \/>\n<meta property=\"og:type\" content=\"article\" \/>\n<meta property=\"og:title\" content=\"Reembolso semanal Spinbetter de at\u00e9 20% em apostas de futebol!\" \/>\n<meta property=\"og:description\" content=\"Receba at\u00e9 20% de reembolso nas apostas de futebol com a SpinBetter! Fa\u00e7a apostas a partir de 5 EUR e receba b\u00f3nus garantidos durante o per\u00edodo da promo\u00e7\u00e3o. Participe agora!\" \/>\n<meta property=\"og:url\" content=\"https:\/\/spinbetter.games\/portugal\/bonus\/football-cashback-20\/\" \/>\n<meta property=\"og:site_name\" content=\"SpinBetter pt\" \/>\n<meta property=\"article:modified_time\" content=\"2025-10-02T07:08:08+00:00\" \/>\n<meta name=\"twitter:card\" content=\"summary_large_image\" \/>\n<script type=\"application\/ld+json\" class=\"yoast-schema-graph\">{\"@context\":\"https:\/\/schema.org\",\"@graph\":[{\"@type\":\"WebPage\",\"@id\":\"https:\/\/spinbetter.games\/portugal\/bonus\/football-cashback-20\/\",\"url\":\"https:\/\/spinbetter.games\/portugal\/bonus\/football-cashback-20\/\",\"name\":\"Reembolso semanal Spinbetter de at\u00e9 20% em apostas de futebol!\",\"isPartOf\":{\"@id\":\"https:\/\/spinbetter.games\/portugal\/#website\"},\"datePublished\":\"2025-09-22T11:56:51+00:00\",\"dateModified\":\"2025-10-02T07:08:08+00:00\",\"description\":\"Receba at\u00e9 20% de reembolso nas apostas de futebol com a SpinBetter! Fa\u00e7a apostas a partir de 5 EUR e receba b\u00f3nus garantidos durante o per\u00edodo da promo\u00e7\u00e3o. Participe agora!\",\"breadcrumb\":{\"@id\":\"https:\/\/spinbetter.games\/portugal\/bonus\/football-cashback-20\/#breadcrumb\"},\"inLanguage\":\"pt-PT\",\"potentialAction\":[{\"@type\":\"ReadAction\",\"target\":[\"https:\/\/spinbetter.games\/portugal\/bonus\/football-cashback-20\/\"]}]},{\"@type\":\"BreadcrumbList\",\"@id\":\"https:\/\/spinbetter.games\/portugal\/bonus\/football-cashback-20\/#breadcrumb\",\"itemListElement\":[{\"@type\":\"ListItem\",\"position\":1,\"name\":\"\u0413\u043b\u0430\u0432\u043d\u0430\u044f \u0441\u0442\u0440\u0430\u043d\u0438\u0446\u0430\",\"item\":\"https:\/\/spinbetter.games\/portugal\/\"},{\"@type\":\"ListItem\",\"position\":2,\"name\":\"B\u00f3nus\",\"item\":\"https:\/\/spinbetter.games\/portugal\/bonus\/\"},{\"@type\":\"ListItem\",\"position\":3,\"name\":\"Cashback Futebol 20%\"}]},{\"@type\":\"WebSite\",\"@id\":\"https:\/\/spinbetter.games\/portugal\/#website\",\"url\":\"https:\/\/spinbetter.games\/portugal\/\",\"name\":\"SpinBetter pt\",\"description\":\"My WordPress Blog\",\"potentialAction\":[{\"@type\":\"SearchAction\",\"target\":{\"@type\":\"EntryPoint\",\"urlTemplate\":\"https:\/\/spinbetter.games\/portugal\/?s={search_term_string}\"},\"query-input\":{\"@type\":\"PropertyValueSpecification\",\"valueRequired\":true,\"valueName\":\"search_term_string\"}}],\"inLanguage\":\"pt-PT\"}]}<\/script>\n<!-- \/ Yoast SEO plugin. -->","yoast_head_json":{"title":"Reembolso semanal Spinbetter de at\u00e9 20% em apostas de futebol!","description":"Receba at\u00e9 20% de reembolso nas apostas de futebol com a SpinBetter! Fa\u00e7a apostas a partir de 5 EUR e receba b\u00f3nus garantidos durante o per\u00edodo da promo\u00e7\u00e3o. Participe agora!","robots":{"index":"index","follow":"follow","max-snippet":"max-snippet:-1","max-image-preview":"max-image-preview:large","max-video-preview":"max-video-preview:-1"},"canonical":"https:\/\/spinbetter.games\/portugal\/bonus\/football-cashback-20\/","og_locale":"pt_PT","og_type":"article","og_title":"Reembolso semanal Spinbetter de at\u00e9 20% em apostas de futebol!","og_description":"Receba at\u00e9 20% de reembolso nas apostas de futebol com a SpinBetter! Fa\u00e7a apostas a partir de 5 EUR e receba b\u00f3nus garantidos durante o per\u00edodo da promo\u00e7\u00e3o. Participe agora!","og_url":"https:\/\/spinbetter.games\/portugal\/bonus\/football-cashback-20\/","og_site_name":"SpinBetter pt","article_modified_time":"2025-10-02T07:08:08+00:00","twitter_card":"summary_large_image","schema":{"@context":"https:\/\/schema.org","@graph":[{"@type":"WebPage","@id":"https:\/\/spinbetter.games\/portugal\/bonus\/football-cashback-20\/","url":"https:\/\/spinbetter.games\/portugal\/bonus\/football-cashback-20\/","name":"Reembolso semanal Spinbetter de at\u00e9 20% em apostas de futebol!","isPartOf":{"@id":"https:\/\/spinbetter.games\/portugal\/#website"},"datePublished":"2025-09-22T11:56:51+00:00","dateModified":"2025-10-02T07:08:08+00:00","description":"Receba at\u00e9 20% de reembolso nas apostas de futebol com a SpinBetter! Fa\u00e7a apostas a partir de 5 EUR e receba b\u00f3nus garantidos durante o per\u00edodo da promo\u00e7\u00e3o. Participe agora!","breadcrumb":{"@id":"https:\/\/spinbetter.games\/portugal\/bonus\/football-cashback-20\/#breadcrumb"},"inLanguage":"pt-PT","potentialAction":[{"@type":"ReadAction","target":["https:\/\/spinbetter.games\/portugal\/bonus\/football-cashback-20\/"]}]},{"@type":"BreadcrumbList","@id":"https:\/\/spinbetter.games\/portugal\/bonus\/football-cashback-20\/#breadcrumb","itemListElement":[{"@type":"ListItem","position":1,"name":"\u0413\u043b\u0430\u0432\u043d\u0430\u044f \u0441\u0442\u0440\u0430\u043d\u0438\u0446\u0430","item":"https:\/\/spinbetter.games\/portugal\/"},{"@type":"ListItem","position":2,"name":"B\u00f3nus","item":"https:\/\/spinbetter.games\/portugal\/bonus\/"},{"@type":"ListItem","position":3,"name":"Cashback Futebol 20%"}]},{"@type":"WebSite","@id":"https:\/\/spinbetter.games\/portugal\/#website","url":"https:\/\/spinbetter.games\/portugal\/","name":"SpinBetter pt","description":"My WordPress Blog","potentialAction":[{"@type":"SearchAction","target":{"@type":"EntryPoint","urlTemplate":"https:\/\/spinbetter.games\/portugal\/?s={search_term_string}"},"query-input":{"@type":"PropertyValueSpecification","valueRequired":true,"valueName":"search_term_string"}}],"inLanguage":"pt-PT"}]}},"_links":{"self":[{"href":"https:\/\/spinbetter.games\/portugal\/wp-json\/wp\/v2\/pages\/1586","targetHints":{"allow":["GET"]}}],"collection":[{"href":"https:\/\/spinbetter.games\/portugal\/wp-json\/wp\/v2\/pages"}],"about":[{"href":"https:\/\/spinbetter.games\/portugal\/wp-json\/wp\/v2\/types\/page"}],"author":[{"embeddable":true,"href":"https:\/\/spinbetter.games\/portugal\/wp-json\/wp\/v2\/users\/1"}],"replies":[{"embeddable":true,"href":"https:\/\/spinbetter.games\/portugal\/wp-json\/wp\/v2\/comments?post=1586"}],"version-history":[{"count":2,"href":"https:\/\/spinbetter.games\/portugal\/wp-json\/wp\/v2\/pages\/1586\/revisions"}],"predecessor-version":[{"id":1782,"href":"https:\/\/spinbetter.games\/portugal\/wp-json\/wp\/v2\/pages\/1586\/revisions\/1782"}],"up":[{"embeddable":true,"href":"https:\/\/spinbetter.games\/portugal\/wp-json\/wp\/v2\/pages\/974"}],"wp:attachment":[{"href":"https:\/\/spinbetter.games\/portugal\/wp-json\/wp\/v2\/media?parent=1586"}],"curies":[{"name":"wp","href":"https:\/\/api.w.org\/{rel}","templated":true}]}}