{"id":1735,"date":"2025-09-23T06:43:57","date_gmt":"2025-09-23T06:43:57","guid":{"rendered":"https:\/\/spinbetter.games\/?page_id=1735"},"modified":"2025-10-02T07:57:33","modified_gmt":"2025-10-02T07:57:33","slug":"sport-halloween","status":"publish","type":"page","link":"https:\/\/spinbetter.games\/portugal\/bonus\/sport-halloween\/","title":{"rendered":"Desporto Halloween"},"content":{"rendered":"","protected":false},"excerpt":{"rendered":"","protected":false},"author":1,"featured_media":0,"parent":974,"menu_order":0,"comment_status":"closed","ping_status":"closed","template":"","meta":{"footnotes":""},"class_list":["post-1735","page","type-page","status-publish","hentry"],"yoast_head":"<!-- This site is optimized with the Yoast SEO plugin v26.8 - https:\/\/yoast.com\/product\/yoast-seo-wordpress\/ -->\n<title>Spinbetter Ol\u00e1, Vencedor | Receba uma aposta gr\u00e1tis de at\u00e9 \u20ac 200<\/title>\n<meta name=\"description\" content=\"Promo\u00e7\u00e3o de Halloween da SpinBetter \ud83c\udf83 Ol\u00e1, vencedor \u2014 escolha uma ab\u00f3bora na SpinBetter, fa\u00e7a um dep\u00f3sito de \u20ac 15 ou mais e receba apostas gr\u00e1tis garantidas de \u20ac 3 a \u20ac 200 todos os dias. Participe agora!\" \/>\n<meta name=\"robots\" content=\"index, follow, max-snippet:-1, max-image-preview:large, max-video-preview:-1\" \/>\n<link rel=\"canonical\" href=\"https:\/\/spinbetter.games\/portugal\/bonus\/sport-halloween\/\" \/>\n<meta property=\"og:locale\" content=\"pt_PT\" \/>\n<meta property=\"og:type\" content=\"article\" \/>\n<meta property=\"og:title\" content=\"Spinbetter Ol\u00e1, Vencedor | Receba uma aposta gr\u00e1tis de at\u00e9 \u20ac 200\" \/>\n<meta property=\"og:description\" content=\"Promo\u00e7\u00e3o de Halloween da SpinBetter \ud83c\udf83 Ol\u00e1, vencedor \u2014 escolha uma ab\u00f3bora na SpinBetter, fa\u00e7a um dep\u00f3sito de \u20ac 15 ou mais e receba apostas gr\u00e1tis garantidas de \u20ac 3 a \u20ac 200 todos os dias. Participe agora!\" \/>\n<meta property=\"og:url\" content=\"https:\/\/spinbetter.games\/portugal\/bonus\/sport-halloween\/\" \/>\n<meta property=\"og:site_name\" content=\"SpinBetter pt\" \/>\n<meta property=\"article:modified_time\" content=\"2025-10-02T07:57:33+00:00\" \/>\n<meta name=\"twitter:card\" content=\"summary_large_image\" \/>\n<script type=\"application\/ld+json\" class=\"yoast-schema-graph\">{\"@context\":\"https:\/\/schema.org\",\"@graph\":[{\"@type\":\"WebPage\",\"@id\":\"https:\/\/spinbetter.games\/portugal\/bonus\/sport-halloween\/\",\"url\":\"https:\/\/spinbetter.games\/portugal\/bonus\/sport-halloween\/\",\"name\":\"Spinbetter Ol\u00e1, Vencedor | Receba uma aposta gr\u00e1tis de at\u00e9 \u20ac 200\",\"isPartOf\":{\"@id\":\"https:\/\/spinbetter.games\/portugal\/#website\"},\"datePublished\":\"2025-09-23T06:43:57+00:00\",\"dateModified\":\"2025-10-02T07:57:33+00:00\",\"description\":\"Promo\u00e7\u00e3o de Halloween da SpinBetter \ud83c\udf83 Ol\u00e1, vencedor \u2014 escolha uma ab\u00f3bora na SpinBetter, fa\u00e7a um dep\u00f3sito de \u20ac 15 ou mais e receba apostas gr\u00e1tis garantidas de \u20ac 3 a \u20ac 200 todos os dias. Participe agora!\",\"breadcrumb\":{\"@id\":\"https:\/\/spinbetter.games\/portugal\/bonus\/sport-halloween\/#breadcrumb\"},\"inLanguage\":\"pt-PT\",\"potentialAction\":[{\"@type\":\"ReadAction\",\"target\":[\"https:\/\/spinbetter.games\/portugal\/bonus\/sport-halloween\/\"]}]},{\"@type\":\"BreadcrumbList\",\"@id\":\"https:\/\/spinbetter.games\/portugal\/bonus\/sport-halloween\/#breadcrumb\",\"itemListElement\":[{\"@type\":\"ListItem\",\"position\":1,\"name\":\"\u0413\u043b\u0430\u0432\u043d\u0430\u044f \u0441\u0442\u0440\u0430\u043d\u0438\u0446\u0430\",\"item\":\"https:\/\/spinbetter.games\/portugal\/\"},{\"@type\":\"ListItem\",\"position\":2,\"name\":\"B\u00f3nus\",\"item\":\"https:\/\/spinbetter.games\/portugal\/bonus\/\"},{\"@type\":\"ListItem\",\"position\":3,\"name\":\"Desporto Halloween\"}]},{\"@type\":\"WebSite\",\"@id\":\"https:\/\/spinbetter.games\/portugal\/#website\",\"url\":\"https:\/\/spinbetter.games\/portugal\/\",\"name\":\"SpinBetter pt\",\"description\":\"My WordPress Blog\",\"potentialAction\":[{\"@type\":\"SearchAction\",\"target\":{\"@type\":\"EntryPoint\",\"urlTemplate\":\"https:\/\/spinbetter.games\/portugal\/?s={search_term_string}\"},\"query-input\":{\"@type\":\"PropertyValueSpecification\",\"valueRequired\":true,\"valueName\":\"search_term_string\"}}],\"inLanguage\":\"pt-PT\"}]}<\/script>\n<!-- \/ Yoast SEO plugin. -->","yoast_head_json":{"title":"Spinbetter Ol\u00e1, Vencedor | Receba uma aposta gr\u00e1tis de at\u00e9 \u20ac 200","description":"Promo\u00e7\u00e3o de Halloween da SpinBetter \ud83c\udf83 Ol\u00e1, vencedor \u2014 escolha uma ab\u00f3bora na SpinBetter, fa\u00e7a um dep\u00f3sito de \u20ac 15 ou mais e receba apostas gr\u00e1tis garantidas de \u20ac 3 a \u20ac 200 todos os dias. Participe agora!","robots":{"index":"index","follow":"follow","max-snippet":"max-snippet:-1","max-image-preview":"max-image-preview:large","max-video-preview":"max-video-preview:-1"},"canonical":"https:\/\/spinbetter.games\/portugal\/bonus\/sport-halloween\/","og_locale":"pt_PT","og_type":"article","og_title":"Spinbetter Ol\u00e1, Vencedor | Receba uma aposta gr\u00e1tis de at\u00e9 \u20ac 200","og_description":"Promo\u00e7\u00e3o de Halloween da SpinBetter \ud83c\udf83 Ol\u00e1, vencedor \u2014 escolha uma ab\u00f3bora na SpinBetter, fa\u00e7a um dep\u00f3sito de \u20ac 15 ou mais e receba apostas gr\u00e1tis garantidas de \u20ac 3 a \u20ac 200 todos os dias. Participe agora!","og_url":"https:\/\/spinbetter.games\/portugal\/bonus\/sport-halloween\/","og_site_name":"SpinBetter pt","article_modified_time":"2025-10-02T07:57:33+00:00","twitter_card":"summary_large_image","schema":{"@context":"https:\/\/schema.org","@graph":[{"@type":"WebPage","@id":"https:\/\/spinbetter.games\/portugal\/bonus\/sport-halloween\/","url":"https:\/\/spinbetter.games\/portugal\/bonus\/sport-halloween\/","name":"Spinbetter Ol\u00e1, Vencedor | Receba uma aposta gr\u00e1tis de at\u00e9 \u20ac 200","isPartOf":{"@id":"https:\/\/spinbetter.games\/portugal\/#website"},"datePublished":"2025-09-23T06:43:57+00:00","dateModified":"2025-10-02T07:57:33+00:00","description":"Promo\u00e7\u00e3o de Halloween da SpinBetter \ud83c\udf83 Ol\u00e1, vencedor \u2014 escolha uma ab\u00f3bora na SpinBetter, fa\u00e7a um dep\u00f3sito de \u20ac 15 ou mais e receba apostas gr\u00e1tis garantidas de \u20ac 3 a \u20ac 200 todos os dias. Participe agora!","breadcrumb":{"@id":"https:\/\/spinbetter.games\/portugal\/bonus\/sport-halloween\/#breadcrumb"},"inLanguage":"pt-PT","potentialAction":[{"@type":"ReadAction","target":["https:\/\/spinbetter.games\/portugal\/bonus\/sport-halloween\/"]}]},{"@type":"BreadcrumbList","@id":"https:\/\/spinbetter.games\/portugal\/bonus\/sport-halloween\/#breadcrumb","itemListElement":[{"@type":"ListItem","position":1,"name":"\u0413\u043b\u0430\u0432\u043d\u0430\u044f \u0441\u0442\u0440\u0430\u043d\u0438\u0446\u0430","item":"https:\/\/spinbetter.games\/portugal\/"},{"@type":"ListItem","position":2,"name":"B\u00f3nus","item":"https:\/\/spinbetter.games\/portugal\/bonus\/"},{"@type":"ListItem","position":3,"name":"Desporto Halloween"}]},{"@type":"WebSite","@id":"https:\/\/spinbetter.games\/portugal\/#website","url":"https:\/\/spinbetter.games\/portugal\/","name":"SpinBetter pt","description":"My WordPress Blog","potentialAction":[{"@type":"SearchAction","target":{"@type":"EntryPoint","urlTemplate":"https:\/\/spinbetter.games\/portugal\/?s={search_term_string}"},"query-input":{"@type":"PropertyValueSpecification","valueRequired":true,"valueName":"search_term_string"}}],"inLanguage":"pt-PT"}]}},"_links":{"self":[{"href":"https:\/\/spinbetter.games\/portugal\/wp-json\/wp\/v2\/pages\/1735","targetHints":{"allow":["GET"]}}],"collection":[{"href":"https:\/\/spinbetter.games\/portugal\/wp-json\/wp\/v2\/pages"}],"about":[{"href":"https:\/\/spinbetter.games\/portugal\/wp-json\/wp\/v2\/types\/page"}],"author":[{"embeddable":true,"href":"https:\/\/spinbetter.games\/portugal\/wp-json\/wp\/v2\/users\/1"}],"replies":[{"embeddable":true,"href":"https:\/\/spinbetter.games\/portugal\/wp-json\/wp\/v2\/comments?post=1735"}],"version-history":[{"count":3,"href":"https:\/\/spinbetter.games\/portugal\/wp-json\/wp\/v2\/pages\/1735\/revisions"}],"predecessor-version":[{"id":1801,"href":"https:\/\/spinbetter.games\/portugal\/wp-json\/wp\/v2\/pages\/1735\/revisions\/1801"}],"up":[{"embeddable":true,"href":"https:\/\/spinbetter.games\/portugal\/wp-json\/wp\/v2\/pages\/974"}],"wp:attachment":[{"href":"https:\/\/spinbetter.games\/portugal\/wp-json\/wp\/v2\/media?parent=1735"}],"curies":[{"name":"wp","href":"https:\/\/api.w.org\/{rel}","templated":true}]}}