{"id":1795,"date":"2025-10-01T05:57:06","date_gmt":"2025-10-01T05:57:06","guid":{"rendered":"https:\/\/spinbetter.games\/?page_id=1373"},"modified":"2025-10-02T07:50:02","modified_gmt":"2025-10-02T07:50:02","slug":"no-deposit","status":"publish","type":"page","link":"https:\/\/spinbetter.games\/portugal\/bonus\/no-deposit\/","title":{"rendered":"B\u00f3nus sem dep\u00f3sito"},"content":{"rendered":"","protected":false},"excerpt":{"rendered":"","protected":false},"author":1,"featured_media":0,"parent":974,"menu_order":0,"comment_status":"closed","ping_status":"closed","template":"","meta":{"footnotes":""},"class_list":["post-1795","page","type-page","status-publish","hentry"],"yoast_head":"<!-- This site is optimized with the Yoast SEO plugin v26.8 - https:\/\/yoast.com\/product\/yoast-seo-wordpress\/ -->\n<title>B\u00f3nus sem dep\u00f3sito Spinbetter | Comece a jogar sem dep\u00f3sitos<\/title>\n<meta name=\"description\" content=\"Receba um b\u00f3nus sem dep\u00f3sito da Spinbetter e comece a ganhar sem riscos! Esque\u00e7a os dep\u00f3sitos - teste a sua sorte agora mesmo sem gastar um c\u00eantimo!\" \/>\n<meta name=\"robots\" content=\"index, follow, max-snippet:-1, max-image-preview:large, max-video-preview:-1\" \/>\n<link rel=\"canonical\" href=\"https:\/\/spinbetter.games\/portugal\/bonus\/no-deposit\/\" \/>\n<meta property=\"og:locale\" content=\"pt_PT\" \/>\n<meta property=\"og:type\" content=\"article\" \/>\n<meta property=\"og:title\" content=\"B\u00f3nus sem dep\u00f3sito Spinbetter | Comece a jogar sem dep\u00f3sitos\" \/>\n<meta property=\"og:description\" content=\"Receba um b\u00f3nus sem dep\u00f3sito da Spinbetter e comece a ganhar sem riscos! Esque\u00e7a os dep\u00f3sitos - teste a sua sorte agora mesmo sem gastar um c\u00eantimo!\" \/>\n<meta property=\"og:url\" content=\"https:\/\/spinbetter.games\/portugal\/bonus\/no-deposit\/\" \/>\n<meta property=\"og:site_name\" content=\"SpinBetter pt\" \/>\n<meta property=\"article:modified_time\" content=\"2025-10-02T07:50:02+00:00\" \/>\n<meta name=\"twitter:card\" content=\"summary_large_image\" \/>\n<script type=\"application\/ld+json\" class=\"yoast-schema-graph\">{\"@context\":\"https:\/\/schema.org\",\"@graph\":[{\"@type\":\"WebPage\",\"@id\":\"https:\/\/spinbetter.games\/portugal\/bonus\/no-deposit\/\",\"url\":\"https:\/\/spinbetter.games\/portugal\/bonus\/no-deposit\/\",\"name\":\"B\u00f3nus sem dep\u00f3sito Spinbetter | Comece a jogar sem dep\u00f3sitos\",\"isPartOf\":{\"@id\":\"https:\/\/spinbetter.games\/portugal\/#website\"},\"datePublished\":\"2025-10-01T05:57:06+00:00\",\"dateModified\":\"2025-10-02T07:50:02+00:00\",\"description\":\"Receba um b\u00f3nus sem dep\u00f3sito da Spinbetter e comece a ganhar sem riscos! Esque\u00e7a os dep\u00f3sitos - teste a sua sorte agora mesmo sem gastar um c\u00eantimo!\",\"breadcrumb\":{\"@id\":\"https:\/\/spinbetter.games\/portugal\/bonus\/no-deposit\/#breadcrumb\"},\"inLanguage\":\"pt-PT\",\"potentialAction\":[{\"@type\":\"ReadAction\",\"target\":[\"https:\/\/spinbetter.games\/portugal\/bonus\/no-deposit\/\"]}]},{\"@type\":\"BreadcrumbList\",\"@id\":\"https:\/\/spinbetter.games\/portugal\/bonus\/no-deposit\/#breadcrumb\",\"itemListElement\":[{\"@type\":\"ListItem\",\"position\":1,\"name\":\"\u0413\u043b\u0430\u0432\u043d\u0430\u044f \u0441\u0442\u0440\u0430\u043d\u0438\u0446\u0430\",\"item\":\"https:\/\/spinbetter.games\/portugal\/\"},{\"@type\":\"ListItem\",\"position\":2,\"name\":\"B\u00f3nus\",\"item\":\"https:\/\/spinbetter.games\/portugal\/bonus\/\"},{\"@type\":\"ListItem\",\"position\":3,\"name\":\"B\u00f3nus sem dep\u00f3sito\"}]},{\"@type\":\"WebSite\",\"@id\":\"https:\/\/spinbetter.games\/portugal\/#website\",\"url\":\"https:\/\/spinbetter.games\/portugal\/\",\"name\":\"SpinBetter pt\",\"description\":\"My WordPress Blog\",\"potentialAction\":[{\"@type\":\"SearchAction\",\"target\":{\"@type\":\"EntryPoint\",\"urlTemplate\":\"https:\/\/spinbetter.games\/portugal\/?s={search_term_string}\"},\"query-input\":{\"@type\":\"PropertyValueSpecification\",\"valueRequired\":true,\"valueName\":\"search_term_string\"}}],\"inLanguage\":\"pt-PT\"}]}<\/script>\n<!-- \/ Yoast SEO plugin. -->","yoast_head_json":{"title":"B\u00f3nus sem dep\u00f3sito Spinbetter | Comece a jogar sem dep\u00f3sitos","description":"Receba um b\u00f3nus sem dep\u00f3sito da Spinbetter e comece a ganhar sem riscos! Esque\u00e7a os dep\u00f3sitos - teste a sua sorte agora mesmo sem gastar um c\u00eantimo!","robots":{"index":"index","follow":"follow","max-snippet":"max-snippet:-1","max-image-preview":"max-image-preview:large","max-video-preview":"max-video-preview:-1"},"canonical":"https:\/\/spinbetter.games\/portugal\/bonus\/no-deposit\/","og_locale":"pt_PT","og_type":"article","og_title":"B\u00f3nus sem dep\u00f3sito Spinbetter | Comece a jogar sem dep\u00f3sitos","og_description":"Receba um b\u00f3nus sem dep\u00f3sito da Spinbetter e comece a ganhar sem riscos! Esque\u00e7a os dep\u00f3sitos - teste a sua sorte agora mesmo sem gastar um c\u00eantimo!","og_url":"https:\/\/spinbetter.games\/portugal\/bonus\/no-deposit\/","og_site_name":"SpinBetter pt","article_modified_time":"2025-10-02T07:50:02+00:00","twitter_card":"summary_large_image","schema":{"@context":"https:\/\/schema.org","@graph":[{"@type":"WebPage","@id":"https:\/\/spinbetter.games\/portugal\/bonus\/no-deposit\/","url":"https:\/\/spinbetter.games\/portugal\/bonus\/no-deposit\/","name":"B\u00f3nus sem dep\u00f3sito Spinbetter | Comece a jogar sem dep\u00f3sitos","isPartOf":{"@id":"https:\/\/spinbetter.games\/portugal\/#website"},"datePublished":"2025-10-01T05:57:06+00:00","dateModified":"2025-10-02T07:50:02+00:00","description":"Receba um b\u00f3nus sem dep\u00f3sito da Spinbetter e comece a ganhar sem riscos! Esque\u00e7a os dep\u00f3sitos - teste a sua sorte agora mesmo sem gastar um c\u00eantimo!","breadcrumb":{"@id":"https:\/\/spinbetter.games\/portugal\/bonus\/no-deposit\/#breadcrumb"},"inLanguage":"pt-PT","potentialAction":[{"@type":"ReadAction","target":["https:\/\/spinbetter.games\/portugal\/bonus\/no-deposit\/"]}]},{"@type":"BreadcrumbList","@id":"https:\/\/spinbetter.games\/portugal\/bonus\/no-deposit\/#breadcrumb","itemListElement":[{"@type":"ListItem","position":1,"name":"\u0413\u043b\u0430\u0432\u043d\u0430\u044f \u0441\u0442\u0440\u0430\u043d\u0438\u0446\u0430","item":"https:\/\/spinbetter.games\/portugal\/"},{"@type":"ListItem","position":2,"name":"B\u00f3nus","item":"https:\/\/spinbetter.games\/portugal\/bonus\/"},{"@type":"ListItem","position":3,"name":"B\u00f3nus sem dep\u00f3sito"}]},{"@type":"WebSite","@id":"https:\/\/spinbetter.games\/portugal\/#website","url":"https:\/\/spinbetter.games\/portugal\/","name":"SpinBetter pt","description":"My WordPress Blog","potentialAction":[{"@type":"SearchAction","target":{"@type":"EntryPoint","urlTemplate":"https:\/\/spinbetter.games\/portugal\/?s={search_term_string}"},"query-input":{"@type":"PropertyValueSpecification","valueRequired":true,"valueName":"search_term_string"}}],"inLanguage":"pt-PT"}]}},"_links":{"self":[{"href":"https:\/\/spinbetter.games\/portugal\/wp-json\/wp\/v2\/pages\/1795","targetHints":{"allow":["GET"]}}],"collection":[{"href":"https:\/\/spinbetter.games\/portugal\/wp-json\/wp\/v2\/pages"}],"about":[{"href":"https:\/\/spinbetter.games\/portugal\/wp-json\/wp\/v2\/types\/page"}],"author":[{"embeddable":true,"href":"https:\/\/spinbetter.games\/portugal\/wp-json\/wp\/v2\/users\/1"}],"replies":[{"embeddable":true,"href":"https:\/\/spinbetter.games\/portugal\/wp-json\/wp\/v2\/comments?post=1795"}],"version-history":[{"count":2,"href":"https:\/\/spinbetter.games\/portugal\/wp-json\/wp\/v2\/pages\/1795\/revisions"}],"predecessor-version":[{"id":1799,"href":"https:\/\/spinbetter.games\/portugal\/wp-json\/wp\/v2\/pages\/1795\/revisions\/1799"}],"up":[{"embeddable":true,"href":"https:\/\/spinbetter.games\/portugal\/wp-json\/wp\/v2\/pages\/974"}],"wp:attachment":[{"href":"https:\/\/spinbetter.games\/portugal\/wp-json\/wp\/v2\/media?parent=1795"}],"curies":[{"name":"wp","href":"https:\/\/api.w.org\/{rel}","templated":true}]}}