{"id":1836,"date":"2025-12-02T06:49:28","date_gmt":"2025-12-02T06:49:28","guid":{"rendered":"https:\/\/spinbetter.games\/?page_id=1836"},"modified":"2026-03-12T06:56:59","modified_gmt":"2026-03-12T06:56:59","slug":"ice-hockey","status":"publish","type":"page","link":"https:\/\/spinbetter.games\/portugal\/ice-hockey\/","title":{"rendered":"H\u00f3quei no gelo"},"content":{"rendered":"","protected":false},"excerpt":{"rendered":"","protected":false},"author":1,"featured_media":0,"parent":0,"menu_order":0,"comment_status":"closed","ping_status":"closed","template":"","meta":{"footnotes":""},"class_list":["post-1836","page","type-page","status-publish","hentry"],"yoast_head":"<!-- This site is optimized with the Yoast SEO plugin v26.8 - https:\/\/yoast.com\/product\/yoast-seo-wordpress\/ -->\n<title>Apostas em h\u00f3quei Spinbetter \u2014 Odds elevadas na NHL e na KHL<\/title>\n<meta name=\"description\" content=\"Fa\u00e7a as suas apostas no h\u00f3quei no site oficial da Spinbetter! Uma ampla variedade de mercados da NHL, KHL e Campeonato Mundial. Odds elevadas, at\u00e9 mais de 500 resultados e um b\u00f3nus de 100% no seu primeiro dep\u00f3sito. Reembolso semanal e pagamentos r\u00e1pidos.\" \/>\n<meta name=\"robots\" content=\"index, follow, max-snippet:-1, max-image-preview:large, max-video-preview:-1\" \/>\n<link rel=\"canonical\" href=\"https:\/\/spinbetter.games\/portugal\/ice-hockey\/\" \/>\n<meta property=\"og:locale\" content=\"pt_PT\" \/>\n<meta property=\"og:type\" content=\"article\" \/>\n<meta property=\"og:title\" content=\"Apostas em h\u00f3quei Spinbetter \u2014 Odds elevadas na NHL e na KHL\" \/>\n<meta property=\"og:description\" content=\"Fa\u00e7a as suas apostas no h\u00f3quei no site oficial da Spinbetter! Uma ampla variedade de mercados da NHL, KHL e Campeonato Mundial. Odds elevadas, at\u00e9 mais de 500 resultados e um b\u00f3nus de 100% no seu primeiro dep\u00f3sito. Reembolso semanal e pagamentos r\u00e1pidos.\" \/>\n<meta property=\"og:url\" content=\"https:\/\/spinbetter.games\/portugal\/ice-hockey\/\" \/>\n<meta property=\"og:site_name\" content=\"SpinBetter pt\" \/>\n<meta property=\"article:modified_time\" content=\"2026-03-12T06:56:59+00:00\" \/>\n<meta name=\"twitter:card\" content=\"summary_large_image\" \/>\n<script type=\"application\/ld+json\" class=\"yoast-schema-graph\">{\"@context\":\"https:\/\/schema.org\",\"@graph\":[{\"@type\":\"WebPage\",\"@id\":\"https:\/\/spinbetter.games\/portugal\/ice-hockey\/\",\"url\":\"https:\/\/spinbetter.games\/portugal\/ice-hockey\/\",\"name\":\"Apostas em h\u00f3quei Spinbetter \u2014 Odds elevadas na NHL e na KHL\",\"isPartOf\":{\"@id\":\"https:\/\/spinbetter.games\/portugal\/#website\"},\"datePublished\":\"2025-12-02T06:49:28+00:00\",\"dateModified\":\"2026-03-12T06:56:59+00:00\",\"description\":\"Fa\u00e7a as suas apostas no h\u00f3quei no site oficial da Spinbetter! Uma ampla variedade de mercados da NHL, KHL e Campeonato Mundial. Odds elevadas, at\u00e9 mais de 500 resultados e um b\u00f3nus de 100% no seu primeiro dep\u00f3sito. Reembolso semanal e pagamentos r\u00e1pidos.\",\"breadcrumb\":{\"@id\":\"https:\/\/spinbetter.games\/portugal\/ice-hockey\/#breadcrumb\"},\"inLanguage\":\"pt-PT\",\"potentialAction\":[{\"@type\":\"ReadAction\",\"target\":[\"https:\/\/spinbetter.games\/portugal\/ice-hockey\/\"]}]},{\"@type\":\"BreadcrumbList\",\"@id\":\"https:\/\/spinbetter.games\/portugal\/ice-hockey\/#breadcrumb\",\"itemListElement\":[{\"@type\":\"ListItem\",\"position\":1,\"name\":\"\u0413\u043b\u0430\u0432\u043d\u0430\u044f \u0441\u0442\u0440\u0430\u043d\u0438\u0446\u0430\",\"item\":\"https:\/\/spinbetter.games\/portugal\/\"},{\"@type\":\"ListItem\",\"position\":2,\"name\":\"H\u00f3quei no gelo\"}]},{\"@type\":\"WebSite\",\"@id\":\"https:\/\/spinbetter.games\/portugal\/#website\",\"url\":\"https:\/\/spinbetter.games\/portugal\/\",\"name\":\"SpinBetter pt\",\"description\":\"My WordPress Blog\",\"potentialAction\":[{\"@type\":\"SearchAction\",\"target\":{\"@type\":\"EntryPoint\",\"urlTemplate\":\"https:\/\/spinbetter.games\/portugal\/?s={search_term_string}\"},\"query-input\":{\"@type\":\"PropertyValueSpecification\",\"valueRequired\":true,\"valueName\":\"search_term_string\"}}],\"inLanguage\":\"pt-PT\"}]}<\/script>\n<!-- \/ Yoast SEO plugin. -->","yoast_head_json":{"title":"Apostas em h\u00f3quei Spinbetter \u2014 Odds elevadas na NHL e na KHL","description":"Fa\u00e7a as suas apostas no h\u00f3quei no site oficial da Spinbetter! Uma ampla variedade de mercados da NHL, KHL e Campeonato Mundial. Odds elevadas, at\u00e9 mais de 500 resultados e um b\u00f3nus de 100% no seu primeiro dep\u00f3sito. Reembolso semanal e pagamentos r\u00e1pidos.","robots":{"index":"index","follow":"follow","max-snippet":"max-snippet:-1","max-image-preview":"max-image-preview:large","max-video-preview":"max-video-preview:-1"},"canonical":"https:\/\/spinbetter.games\/portugal\/ice-hockey\/","og_locale":"pt_PT","og_type":"article","og_title":"Apostas em h\u00f3quei Spinbetter \u2014 Odds elevadas na NHL e na KHL","og_description":"Fa\u00e7a as suas apostas no h\u00f3quei no site oficial da Spinbetter! Uma ampla variedade de mercados da NHL, KHL e Campeonato Mundial. Odds elevadas, at\u00e9 mais de 500 resultados e um b\u00f3nus de 100% no seu primeiro dep\u00f3sito. Reembolso semanal e pagamentos r\u00e1pidos.","og_url":"https:\/\/spinbetter.games\/portugal\/ice-hockey\/","og_site_name":"SpinBetter pt","article_modified_time":"2026-03-12T06:56:59+00:00","twitter_card":"summary_large_image","schema":{"@context":"https:\/\/schema.org","@graph":[{"@type":"WebPage","@id":"https:\/\/spinbetter.games\/portugal\/ice-hockey\/","url":"https:\/\/spinbetter.games\/portugal\/ice-hockey\/","name":"Apostas em h\u00f3quei Spinbetter \u2014 Odds elevadas na NHL e na KHL","isPartOf":{"@id":"https:\/\/spinbetter.games\/portugal\/#website"},"datePublished":"2025-12-02T06:49:28+00:00","dateModified":"2026-03-12T06:56:59+00:00","description":"Fa\u00e7a as suas apostas no h\u00f3quei no site oficial da Spinbetter! Uma ampla variedade de mercados da NHL, KHL e Campeonato Mundial. Odds elevadas, at\u00e9 mais de 500 resultados e um b\u00f3nus de 100% no seu primeiro dep\u00f3sito. Reembolso semanal e pagamentos r\u00e1pidos.","breadcrumb":{"@id":"https:\/\/spinbetter.games\/portugal\/ice-hockey\/#breadcrumb"},"inLanguage":"pt-PT","potentialAction":[{"@type":"ReadAction","target":["https:\/\/spinbetter.games\/portugal\/ice-hockey\/"]}]},{"@type":"BreadcrumbList","@id":"https:\/\/spinbetter.games\/portugal\/ice-hockey\/#breadcrumb","itemListElement":[{"@type":"ListItem","position":1,"name":"\u0413\u043b\u0430\u0432\u043d\u0430\u044f \u0441\u0442\u0440\u0430\u043d\u0438\u0446\u0430","item":"https:\/\/spinbetter.games\/portugal\/"},{"@type":"ListItem","position":2,"name":"H\u00f3quei no gelo"}]},{"@type":"WebSite","@id":"https:\/\/spinbetter.games\/portugal\/#website","url":"https:\/\/spinbetter.games\/portugal\/","name":"SpinBetter pt","description":"My WordPress Blog","potentialAction":[{"@type":"SearchAction","target":{"@type":"EntryPoint","urlTemplate":"https:\/\/spinbetter.games\/portugal\/?s={search_term_string}"},"query-input":{"@type":"PropertyValueSpecification","valueRequired":true,"valueName":"search_term_string"}}],"inLanguage":"pt-PT"}]}},"_links":{"self":[{"href":"https:\/\/spinbetter.games\/portugal\/wp-json\/wp\/v2\/pages\/1836","targetHints":{"allow":["GET"]}}],"collection":[{"href":"https:\/\/spinbetter.games\/portugal\/wp-json\/wp\/v2\/pages"}],"about":[{"href":"https:\/\/spinbetter.games\/portugal\/wp-json\/wp\/v2\/types\/page"}],"author":[{"embeddable":true,"href":"https:\/\/spinbetter.games\/portugal\/wp-json\/wp\/v2\/users\/1"}],"replies":[{"embeddable":true,"href":"https:\/\/spinbetter.games\/portugal\/wp-json\/wp\/v2\/comments?post=1836"}],"version-history":[{"count":4,"href":"https:\/\/spinbetter.games\/portugal\/wp-json\/wp\/v2\/pages\/1836\/revisions"}],"predecessor-version":[{"id":2369,"href":"https:\/\/spinbetter.games\/portugal\/wp-json\/wp\/v2\/pages\/1836\/revisions\/2369"}],"wp:attachment":[{"href":"https:\/\/spinbetter.games\/portugal\/wp-json\/wp\/v2\/media?parent=1836"}],"curies":[{"name":"wp","href":"https:\/\/api.w.org\/{rel}","templated":true}]}}