{"id":1925,"date":"2026-02-16T07:35:24","date_gmt":"2026-02-16T07:35:24","guid":{"rendered":"https:\/\/spinbetter.games\/portugal\/?page_id=1925"},"modified":"2026-02-16T07:35:24","modified_gmt":"2026-02-16T07:35:24","slug":"telegram","status":"publish","type":"page","link":"https:\/\/spinbetter.games\/portugal\/telegram\/","title":{"rendered":"Telegram"},"content":{"rendered":"","protected":false},"excerpt":{"rendered":"","protected":false},"author":1,"featured_media":0,"parent":0,"menu_order":0,"comment_status":"closed","ping_status":"closed","template":"","meta":{"footnotes":""},"class_list":["post-1925","page","type-page","status-publish","hentry"],"yoast_head":"<!-- This site is optimized with the Yoast SEO plugin v26.8 - https:\/\/yoast.com\/product\/yoast-seo-wordpress\/ -->\n<title>Canal de Telegram da Spinbetter \u2014 B\u00f3nus e c\u00f3digos promocionais<\/title>\n<meta name=\"description\" content=\"Subscreva o canal do Spin Better no Telegram para receber os \u00faltimos b\u00f3nus, c\u00f3digos promocionais exclusivos, ofertas especiais e previs\u00f5es para os principais eventos desportivos.\" \/>\n<meta name=\"robots\" content=\"index, follow, max-snippet:-1, max-image-preview:large, max-video-preview:-1\" \/>\n<link rel=\"canonical\" href=\"https:\/\/spinbetter.games\/portugal\/telegram\/\" \/>\n<meta property=\"og:locale\" content=\"pt_PT\" \/>\n<meta property=\"og:type\" content=\"article\" \/>\n<meta property=\"og:title\" content=\"Canal de Telegram da Spinbetter \u2014 B\u00f3nus e c\u00f3digos promocionais\" \/>\n<meta property=\"og:description\" content=\"Subscreva o canal do Spin Better no Telegram para receber os \u00faltimos b\u00f3nus, c\u00f3digos promocionais exclusivos, ofertas especiais e previs\u00f5es para os principais eventos desportivos.\" \/>\n<meta property=\"og:url\" content=\"https:\/\/spinbetter.games\/portugal\/telegram\/\" \/>\n<meta property=\"og:site_name\" content=\"SpinBetter pt\" \/>\n<meta name=\"twitter:card\" content=\"summary_large_image\" \/>\n<script type=\"application\/ld+json\" class=\"yoast-schema-graph\">{\"@context\":\"https:\/\/schema.org\",\"@graph\":[{\"@type\":\"WebPage\",\"@id\":\"https:\/\/spinbetter.games\/portugal\/telegram\/\",\"url\":\"https:\/\/spinbetter.games\/portugal\/telegram\/\",\"name\":\"Canal de Telegram da Spinbetter \u2014 B\u00f3nus e c\u00f3digos promocionais\",\"isPartOf\":{\"@id\":\"https:\/\/spinbetter.games\/portugal\/#website\"},\"datePublished\":\"2026-02-16T07:35:24+00:00\",\"description\":\"Subscreva o canal do Spin Better no Telegram para receber os \u00faltimos b\u00f3nus, c\u00f3digos promocionais exclusivos, ofertas especiais e previs\u00f5es para os principais eventos desportivos.\",\"breadcrumb\":{\"@id\":\"https:\/\/spinbetter.games\/portugal\/telegram\/#breadcrumb\"},\"inLanguage\":\"pt-PT\",\"potentialAction\":[{\"@type\":\"ReadAction\",\"target\":[\"https:\/\/spinbetter.games\/portugal\/telegram\/\"]}]},{\"@type\":\"BreadcrumbList\",\"@id\":\"https:\/\/spinbetter.games\/portugal\/telegram\/#breadcrumb\",\"itemListElement\":[{\"@type\":\"ListItem\",\"position\":1,\"name\":\"\u0413\u043b\u0430\u0432\u043d\u0430\u044f \u0441\u0442\u0440\u0430\u043d\u0438\u0446\u0430\",\"item\":\"https:\/\/spinbetter.games\/portugal\/\"},{\"@type\":\"ListItem\",\"position\":2,\"name\":\"Telegram\"}]},{\"@type\":\"WebSite\",\"@id\":\"https:\/\/spinbetter.games\/portugal\/#website\",\"url\":\"https:\/\/spinbetter.games\/portugal\/\",\"name\":\"SpinBetter pt\",\"description\":\"My WordPress Blog\",\"potentialAction\":[{\"@type\":\"SearchAction\",\"target\":{\"@type\":\"EntryPoint\",\"urlTemplate\":\"https:\/\/spinbetter.games\/portugal\/?s={search_term_string}\"},\"query-input\":{\"@type\":\"PropertyValueSpecification\",\"valueRequired\":true,\"valueName\":\"search_term_string\"}}],\"inLanguage\":\"pt-PT\"}]}<\/script>\n<!-- \/ Yoast SEO plugin. -->","yoast_head_json":{"title":"Canal de Telegram da Spinbetter \u2014 B\u00f3nus e c\u00f3digos promocionais","description":"Subscreva o canal do Spin Better no Telegram para receber os \u00faltimos b\u00f3nus, c\u00f3digos promocionais exclusivos, ofertas especiais e previs\u00f5es para os principais eventos desportivos.","robots":{"index":"index","follow":"follow","max-snippet":"max-snippet:-1","max-image-preview":"max-image-preview:large","max-video-preview":"max-video-preview:-1"},"canonical":"https:\/\/spinbetter.games\/portugal\/telegram\/","og_locale":"pt_PT","og_type":"article","og_title":"Canal de Telegram da Spinbetter \u2014 B\u00f3nus e c\u00f3digos promocionais","og_description":"Subscreva o canal do Spin Better no Telegram para receber os \u00faltimos b\u00f3nus, c\u00f3digos promocionais exclusivos, ofertas especiais e previs\u00f5es para os principais eventos desportivos.","og_url":"https:\/\/spinbetter.games\/portugal\/telegram\/","og_site_name":"SpinBetter pt","twitter_card":"summary_large_image","schema":{"@context":"https:\/\/schema.org","@graph":[{"@type":"WebPage","@id":"https:\/\/spinbetter.games\/portugal\/telegram\/","url":"https:\/\/spinbetter.games\/portugal\/telegram\/","name":"Canal de Telegram da Spinbetter \u2014 B\u00f3nus e c\u00f3digos promocionais","isPartOf":{"@id":"https:\/\/spinbetter.games\/portugal\/#website"},"datePublished":"2026-02-16T07:35:24+00:00","description":"Subscreva o canal do Spin Better no Telegram para receber os \u00faltimos b\u00f3nus, c\u00f3digos promocionais exclusivos, ofertas especiais e previs\u00f5es para os principais eventos desportivos.","breadcrumb":{"@id":"https:\/\/spinbetter.games\/portugal\/telegram\/#breadcrumb"},"inLanguage":"pt-PT","potentialAction":[{"@type":"ReadAction","target":["https:\/\/spinbetter.games\/portugal\/telegram\/"]}]},{"@type":"BreadcrumbList","@id":"https:\/\/spinbetter.games\/portugal\/telegram\/#breadcrumb","itemListElement":[{"@type":"ListItem","position":1,"name":"\u0413\u043b\u0430\u0432\u043d\u0430\u044f \u0441\u0442\u0440\u0430\u043d\u0438\u0446\u0430","item":"https:\/\/spinbetter.games\/portugal\/"},{"@type":"ListItem","position":2,"name":"Telegram"}]},{"@type":"WebSite","@id":"https:\/\/spinbetter.games\/portugal\/#website","url":"https:\/\/spinbetter.games\/portugal\/","name":"SpinBetter pt","description":"My WordPress Blog","potentialAction":[{"@type":"SearchAction","target":{"@type":"EntryPoint","urlTemplate":"https:\/\/spinbetter.games\/portugal\/?s={search_term_string}"},"query-input":{"@type":"PropertyValueSpecification","valueRequired":true,"valueName":"search_term_string"}}],"inLanguage":"pt-PT"}]}},"_links":{"self":[{"href":"https:\/\/spinbetter.games\/portugal\/wp-json\/wp\/v2\/pages\/1925","targetHints":{"allow":["GET"]}}],"collection":[{"href":"https:\/\/spinbetter.games\/portugal\/wp-json\/wp\/v2\/pages"}],"about":[{"href":"https:\/\/spinbetter.games\/portugal\/wp-json\/wp\/v2\/types\/page"}],"author":[{"embeddable":true,"href":"https:\/\/spinbetter.games\/portugal\/wp-json\/wp\/v2\/users\/1"}],"replies":[{"embeddable":true,"href":"https:\/\/spinbetter.games\/portugal\/wp-json\/wp\/v2\/comments?post=1925"}],"version-history":[{"count":1,"href":"https:\/\/spinbetter.games\/portugal\/wp-json\/wp\/v2\/pages\/1925\/revisions"}],"predecessor-version":[{"id":1928,"href":"https:\/\/spinbetter.games\/portugal\/wp-json\/wp\/v2\/pages\/1925\/revisions\/1928"}],"wp:attachment":[{"href":"https:\/\/spinbetter.games\/portugal\/wp-json\/wp\/v2\/media?parent=1925"}],"curies":[{"name":"wp","href":"https:\/\/api.w.org\/{rel}","templated":true}]}}