{"id":2077,"date":"2026-01-28T14:58:14","date_gmt":"2026-01-28T14:58:14","guid":{"rendered":"https:\/\/spinbetter.games\/?page_id=2077"},"modified":"2026-03-12T08:01:39","modified_gmt":"2026-03-12T08:01:39","slug":"happy-betday","status":"publish","type":"page","link":"https:\/\/spinbetter.games\/portugal\/happy-betday\/","title":{"rendered":"Feliz BETday"},"content":{"rendered":"","protected":false},"excerpt":{"rendered":"","protected":false},"author":1,"featured_media":0,"parent":0,"menu_order":0,"comment_status":"closed","ping_status":"closed","template":"","meta":{"footnotes":""},"class_list":["post-2077","page","type-page","status-publish","hentry"],"yoast_head":"<!-- This site is optimized with the Yoast SEO plugin v26.8 - https:\/\/yoast.com\/product\/yoast-seo-wordpress\/ -->\n<title>Spinbetter Feliz BETday \u1409 100 \u20ac de aposta gr\u00e1tis<\/title>\n<meta name=\"description\" content=\"Comemore o seu anivers\u00e1rio com a Spinbetter! Escolha o seu presente \u2014 uma aposta gr\u00e1tis de at\u00e9 100 euros para desportos ou 20 rodadas gr\u00e1tis no casino! Ative o seu perfil, recarregue a sua conta e aproveite os b\u00f3nus no seu dia especial!\" \/>\n<meta name=\"robots\" content=\"index, follow, max-snippet:-1, max-image-preview:large, max-video-preview:-1\" \/>\n<link rel=\"canonical\" href=\"https:\/\/spinbetter.games\/portugal\/happy-betday\/\" \/>\n<meta property=\"og:locale\" content=\"pt_PT\" \/>\n<meta property=\"og:type\" content=\"article\" \/>\n<meta property=\"og:title\" content=\"Spinbetter Feliz BETday \u1409 100 \u20ac de aposta gr\u00e1tis\" \/>\n<meta property=\"og:description\" content=\"Comemore o seu anivers\u00e1rio com a Spinbetter! Escolha o seu presente \u2014 uma aposta gr\u00e1tis de at\u00e9 100 euros para desportos ou 20 rodadas gr\u00e1tis no casino! Ative o seu perfil, recarregue a sua conta e aproveite os b\u00f3nus no seu dia especial!\" \/>\n<meta property=\"og:url\" content=\"https:\/\/spinbetter.games\/portugal\/happy-betday\/\" \/>\n<meta property=\"og:site_name\" content=\"SpinBetter pt\" \/>\n<meta property=\"article:modified_time\" content=\"2026-03-12T08:01:39+00:00\" \/>\n<meta name=\"twitter:card\" content=\"summary_large_image\" \/>\n<script type=\"application\/ld+json\" class=\"yoast-schema-graph\">{\"@context\":\"https:\/\/schema.org\",\"@graph\":[{\"@type\":\"WebPage\",\"@id\":\"https:\/\/spinbetter.games\/portugal\/happy-betday\/\",\"url\":\"https:\/\/spinbetter.games\/portugal\/happy-betday\/\",\"name\":\"Spinbetter Feliz BETday \u1409 100 \u20ac de aposta gr\u00e1tis\",\"isPartOf\":{\"@id\":\"https:\/\/spinbetter.games\/portugal\/#website\"},\"datePublished\":\"2026-01-28T14:58:14+00:00\",\"dateModified\":\"2026-03-12T08:01:39+00:00\",\"description\":\"Comemore o seu anivers\u00e1rio com a Spinbetter! Escolha o seu presente \u2014 uma aposta gr\u00e1tis de at\u00e9 100 euros para desportos ou 20 rodadas gr\u00e1tis no casino! Ative o seu perfil, recarregue a sua conta e aproveite os b\u00f3nus no seu dia especial!\",\"breadcrumb\":{\"@id\":\"https:\/\/spinbetter.games\/portugal\/happy-betday\/#breadcrumb\"},\"inLanguage\":\"pt-PT\",\"potentialAction\":[{\"@type\":\"ReadAction\",\"target\":[\"https:\/\/spinbetter.games\/portugal\/happy-betday\/\"]}]},{\"@type\":\"BreadcrumbList\",\"@id\":\"https:\/\/spinbetter.games\/portugal\/happy-betday\/#breadcrumb\",\"itemListElement\":[{\"@type\":\"ListItem\",\"position\":1,\"name\":\"\u0413\u043b\u0430\u0432\u043d\u0430\u044f \u0441\u0442\u0440\u0430\u043d\u0438\u0446\u0430\",\"item\":\"https:\/\/spinbetter.games\/portugal\/\"},{\"@type\":\"ListItem\",\"position\":2,\"name\":\"Feliz BETday\"}]},{\"@type\":\"WebSite\",\"@id\":\"https:\/\/spinbetter.games\/portugal\/#website\",\"url\":\"https:\/\/spinbetter.games\/portugal\/\",\"name\":\"SpinBetter pt\",\"description\":\"My WordPress Blog\",\"potentialAction\":[{\"@type\":\"SearchAction\",\"target\":{\"@type\":\"EntryPoint\",\"urlTemplate\":\"https:\/\/spinbetter.games\/portugal\/?s={search_term_string}\"},\"query-input\":{\"@type\":\"PropertyValueSpecification\",\"valueRequired\":true,\"valueName\":\"search_term_string\"}}],\"inLanguage\":\"pt-PT\"}]}<\/script>\n<!-- \/ Yoast SEO plugin. -->","yoast_head_json":{"title":"Spinbetter Feliz BETday \u1409 100 \u20ac de aposta gr\u00e1tis","description":"Comemore o seu anivers\u00e1rio com a Spinbetter! Escolha o seu presente \u2014 uma aposta gr\u00e1tis de at\u00e9 100 euros para desportos ou 20 rodadas gr\u00e1tis no casino! Ative o seu perfil, recarregue a sua conta e aproveite os b\u00f3nus no seu dia especial!","robots":{"index":"index","follow":"follow","max-snippet":"max-snippet:-1","max-image-preview":"max-image-preview:large","max-video-preview":"max-video-preview:-1"},"canonical":"https:\/\/spinbetter.games\/portugal\/happy-betday\/","og_locale":"pt_PT","og_type":"article","og_title":"Spinbetter Feliz BETday \u1409 100 \u20ac de aposta gr\u00e1tis","og_description":"Comemore o seu anivers\u00e1rio com a Spinbetter! Escolha o seu presente \u2014 uma aposta gr\u00e1tis de at\u00e9 100 euros para desportos ou 20 rodadas gr\u00e1tis no casino! Ative o seu perfil, recarregue a sua conta e aproveite os b\u00f3nus no seu dia especial!","og_url":"https:\/\/spinbetter.games\/portugal\/happy-betday\/","og_site_name":"SpinBetter pt","article_modified_time":"2026-03-12T08:01:39+00:00","twitter_card":"summary_large_image","schema":{"@context":"https:\/\/schema.org","@graph":[{"@type":"WebPage","@id":"https:\/\/spinbetter.games\/portugal\/happy-betday\/","url":"https:\/\/spinbetter.games\/portugal\/happy-betday\/","name":"Spinbetter Feliz BETday \u1409 100 \u20ac de aposta gr\u00e1tis","isPartOf":{"@id":"https:\/\/spinbetter.games\/portugal\/#website"},"datePublished":"2026-01-28T14:58:14+00:00","dateModified":"2026-03-12T08:01:39+00:00","description":"Comemore o seu anivers\u00e1rio com a Spinbetter! Escolha o seu presente \u2014 uma aposta gr\u00e1tis de at\u00e9 100 euros para desportos ou 20 rodadas gr\u00e1tis no casino! Ative o seu perfil, recarregue a sua conta e aproveite os b\u00f3nus no seu dia especial!","breadcrumb":{"@id":"https:\/\/spinbetter.games\/portugal\/happy-betday\/#breadcrumb"},"inLanguage":"pt-PT","potentialAction":[{"@type":"ReadAction","target":["https:\/\/spinbetter.games\/portugal\/happy-betday\/"]}]},{"@type":"BreadcrumbList","@id":"https:\/\/spinbetter.games\/portugal\/happy-betday\/#breadcrumb","itemListElement":[{"@type":"ListItem","position":1,"name":"\u0413\u043b\u0430\u0432\u043d\u0430\u044f \u0441\u0442\u0440\u0430\u043d\u0438\u0446\u0430","item":"https:\/\/spinbetter.games\/portugal\/"},{"@type":"ListItem","position":2,"name":"Feliz BETday"}]},{"@type":"WebSite","@id":"https:\/\/spinbetter.games\/portugal\/#website","url":"https:\/\/spinbetter.games\/portugal\/","name":"SpinBetter pt","description":"My WordPress Blog","potentialAction":[{"@type":"SearchAction","target":{"@type":"EntryPoint","urlTemplate":"https:\/\/spinbetter.games\/portugal\/?s={search_term_string}"},"query-input":{"@type":"PropertyValueSpecification","valueRequired":true,"valueName":"search_term_string"}}],"inLanguage":"pt-PT"}]}},"_links":{"self":[{"href":"https:\/\/spinbetter.games\/portugal\/wp-json\/wp\/v2\/pages\/2077","targetHints":{"allow":["GET"]}}],"collection":[{"href":"https:\/\/spinbetter.games\/portugal\/wp-json\/wp\/v2\/pages"}],"about":[{"href":"https:\/\/spinbetter.games\/portugal\/wp-json\/wp\/v2\/types\/page"}],"author":[{"embeddable":true,"href":"https:\/\/spinbetter.games\/portugal\/wp-json\/wp\/v2\/users\/1"}],"replies":[{"embeddable":true,"href":"https:\/\/spinbetter.games\/portugal\/wp-json\/wp\/v2\/comments?post=2077"}],"version-history":[{"count":3,"href":"https:\/\/spinbetter.games\/portugal\/wp-json\/wp\/v2\/pages\/2077\/revisions"}],"predecessor-version":[{"id":2384,"href":"https:\/\/spinbetter.games\/portugal\/wp-json\/wp\/v2\/pages\/2077\/revisions\/2384"}],"wp:attachment":[{"href":"https:\/\/spinbetter.games\/portugal\/wp-json\/wp\/v2\/media?parent=2077"}],"curies":[{"name":"wp","href":"https:\/\/api.w.org\/{rel}","templated":true}]}}