{"id":914,"date":"2025-03-05T13:33:29","date_gmt":"2025-03-05T13:33:29","guid":{"rendered":"https:\/\/spinbetter.games\/?page_id=914"},"modified":"2025-05-21T05:32:46","modified_gmt":"2025-05-21T05:32:46","slug":"freebet-in-app","status":"publish","type":"page","link":"https:\/\/spinbetter.games\/portugal\/bonus\/freebet-in-app\/","title":{"rendered":"Freebet na Aplica\u00e7\u00e3o"},"content":{"rendered":"","protected":false},"excerpt":{"rendered":"","protected":false},"author":1,"featured_media":0,"parent":974,"menu_order":2,"comment_status":"closed","ping_status":"closed","template":"","meta":{"footnotes":""},"class_list":["post-914","page","type-page","status-publish","hentry"],"yoast_head":"<!-- This site is optimized with the Yoast SEO plugin v26.8 - https:\/\/yoast.com\/product\/yoast-seo-wordpress\/ -->\n<title>Freebet na aplica\u00e7\u00e3o SpinBetter \u1409 B\u00f3nus de apostas na aplica\u00e7\u00e3o<\/title>\n<meta name=\"description\" content=\"Energiza o teu jogo com uma aposta gr\u00e1tis na aplica\u00e7\u00e3o SpinBetter! Descobre b\u00f3nus de apostas fixes e aumenta as tuas hip\u00f3teses de ganhar. N\u00e3o percas o momento - os teus ganhos est\u00e3o \u00e0 tua espera!\" \/>\n<meta name=\"robots\" content=\"index, follow, max-snippet:-1, max-image-preview:large, max-video-preview:-1\" \/>\n<link rel=\"canonical\" href=\"https:\/\/spinbetter.games\/portugal\/bonus\/freebet-in-app\/\" \/>\n<meta property=\"og:locale\" content=\"pt_PT\" \/>\n<meta property=\"og:type\" content=\"article\" \/>\n<meta property=\"og:title\" content=\"Freebet na aplica\u00e7\u00e3o SpinBetter \u1409 B\u00f3nus de apostas na aplica\u00e7\u00e3o\" \/>\n<meta property=\"og:description\" content=\"Energiza o teu jogo com uma aposta gr\u00e1tis na aplica\u00e7\u00e3o SpinBetter! Descobre b\u00f3nus de apostas fixes e aumenta as tuas hip\u00f3teses de ganhar. N\u00e3o percas o momento - os teus ganhos est\u00e3o \u00e0 tua espera!\" \/>\n<meta property=\"og:url\" content=\"https:\/\/spinbetter.games\/portugal\/bonus\/freebet-in-app\/\" \/>\n<meta property=\"og:site_name\" content=\"SpinBetter pt\" \/>\n<meta property=\"article:modified_time\" content=\"2025-05-21T05:32:46+00:00\" \/>\n<meta name=\"twitter:card\" content=\"summary_large_image\" \/>\n<script type=\"application\/ld+json\" class=\"yoast-schema-graph\">{\"@context\":\"https:\/\/schema.org\",\"@graph\":[{\"@type\":\"WebPage\",\"@id\":\"https:\/\/spinbetter.games\/portugal\/bonus\/freebet-in-app\/\",\"url\":\"https:\/\/spinbetter.games\/portugal\/bonus\/freebet-in-app\/\",\"name\":\"Freebet na aplica\u00e7\u00e3o SpinBetter \u1409 B\u00f3nus de apostas na aplica\u00e7\u00e3o\",\"isPartOf\":{\"@id\":\"https:\/\/spinbetter.games\/portugal\/#website\"},\"datePublished\":\"2025-03-05T13:33:29+00:00\",\"dateModified\":\"2025-05-21T05:32:46+00:00\",\"description\":\"Energiza o teu jogo com uma aposta gr\u00e1tis na aplica\u00e7\u00e3o SpinBetter! Descobre b\u00f3nus de apostas fixes e aumenta as tuas hip\u00f3teses de ganhar. N\u00e3o percas o momento - os teus ganhos est\u00e3o \u00e0 tua espera!\",\"breadcrumb\":{\"@id\":\"https:\/\/spinbetter.games\/portugal\/bonus\/freebet-in-app\/#breadcrumb\"},\"inLanguage\":\"pt-PT\",\"potentialAction\":[{\"@type\":\"ReadAction\",\"target\":[\"https:\/\/spinbetter.games\/portugal\/bonus\/freebet-in-app\/\"]}]},{\"@type\":\"BreadcrumbList\",\"@id\":\"https:\/\/spinbetter.games\/portugal\/bonus\/freebet-in-app\/#breadcrumb\",\"itemListElement\":[{\"@type\":\"ListItem\",\"position\":1,\"name\":\"\u0413\u043b\u0430\u0432\u043d\u0430\u044f \u0441\u0442\u0440\u0430\u043d\u0438\u0446\u0430\",\"item\":\"https:\/\/spinbetter.games\/portugal\/\"},{\"@type\":\"ListItem\",\"position\":2,\"name\":\"B\u00f3nus\",\"item\":\"https:\/\/spinbetter.games\/portugal\/bonus\/\"},{\"@type\":\"ListItem\",\"position\":3,\"name\":\"Freebet na Aplica\u00e7\u00e3o\"}]},{\"@type\":\"WebSite\",\"@id\":\"https:\/\/spinbetter.games\/portugal\/#website\",\"url\":\"https:\/\/spinbetter.games\/portugal\/\",\"name\":\"SpinBetter pt\",\"description\":\"My WordPress Blog\",\"potentialAction\":[{\"@type\":\"SearchAction\",\"target\":{\"@type\":\"EntryPoint\",\"urlTemplate\":\"https:\/\/spinbetter.games\/portugal\/?s={search_term_string}\"},\"query-input\":{\"@type\":\"PropertyValueSpecification\",\"valueRequired\":true,\"valueName\":\"search_term_string\"}}],\"inLanguage\":\"pt-PT\"}]}<\/script>\n<!-- \/ Yoast SEO plugin. -->","yoast_head_json":{"title":"Freebet na aplica\u00e7\u00e3o SpinBetter \u1409 B\u00f3nus de apostas na aplica\u00e7\u00e3o","description":"Energiza o teu jogo com uma aposta gr\u00e1tis na aplica\u00e7\u00e3o SpinBetter! Descobre b\u00f3nus de apostas fixes e aumenta as tuas hip\u00f3teses de ganhar. N\u00e3o percas o momento - os teus ganhos est\u00e3o \u00e0 tua espera!","robots":{"index":"index","follow":"follow","max-snippet":"max-snippet:-1","max-image-preview":"max-image-preview:large","max-video-preview":"max-video-preview:-1"},"canonical":"https:\/\/spinbetter.games\/portugal\/bonus\/freebet-in-app\/","og_locale":"pt_PT","og_type":"article","og_title":"Freebet na aplica\u00e7\u00e3o SpinBetter \u1409 B\u00f3nus de apostas na aplica\u00e7\u00e3o","og_description":"Energiza o teu jogo com uma aposta gr\u00e1tis na aplica\u00e7\u00e3o SpinBetter! Descobre b\u00f3nus de apostas fixes e aumenta as tuas hip\u00f3teses de ganhar. N\u00e3o percas o momento - os teus ganhos est\u00e3o \u00e0 tua espera!","og_url":"https:\/\/spinbetter.games\/portugal\/bonus\/freebet-in-app\/","og_site_name":"SpinBetter pt","article_modified_time":"2025-05-21T05:32:46+00:00","twitter_card":"summary_large_image","schema":{"@context":"https:\/\/schema.org","@graph":[{"@type":"WebPage","@id":"https:\/\/spinbetter.games\/portugal\/bonus\/freebet-in-app\/","url":"https:\/\/spinbetter.games\/portugal\/bonus\/freebet-in-app\/","name":"Freebet na aplica\u00e7\u00e3o SpinBetter \u1409 B\u00f3nus de apostas na aplica\u00e7\u00e3o","isPartOf":{"@id":"https:\/\/spinbetter.games\/portugal\/#website"},"datePublished":"2025-03-05T13:33:29+00:00","dateModified":"2025-05-21T05:32:46+00:00","description":"Energiza o teu jogo com uma aposta gr\u00e1tis na aplica\u00e7\u00e3o SpinBetter! Descobre b\u00f3nus de apostas fixes e aumenta as tuas hip\u00f3teses de ganhar. N\u00e3o percas o momento - os teus ganhos est\u00e3o \u00e0 tua espera!","breadcrumb":{"@id":"https:\/\/spinbetter.games\/portugal\/bonus\/freebet-in-app\/#breadcrumb"},"inLanguage":"pt-PT","potentialAction":[{"@type":"ReadAction","target":["https:\/\/spinbetter.games\/portugal\/bonus\/freebet-in-app\/"]}]},{"@type":"BreadcrumbList","@id":"https:\/\/spinbetter.games\/portugal\/bonus\/freebet-in-app\/#breadcrumb","itemListElement":[{"@type":"ListItem","position":1,"name":"\u0413\u043b\u0430\u0432\u043d\u0430\u044f \u0441\u0442\u0440\u0430\u043d\u0438\u0446\u0430","item":"https:\/\/spinbetter.games\/portugal\/"},{"@type":"ListItem","position":2,"name":"B\u00f3nus","item":"https:\/\/spinbetter.games\/portugal\/bonus\/"},{"@type":"ListItem","position":3,"name":"Freebet na Aplica\u00e7\u00e3o"}]},{"@type":"WebSite","@id":"https:\/\/spinbetter.games\/portugal\/#website","url":"https:\/\/spinbetter.games\/portugal\/","name":"SpinBetter pt","description":"My WordPress Blog","potentialAction":[{"@type":"SearchAction","target":{"@type":"EntryPoint","urlTemplate":"https:\/\/spinbetter.games\/portugal\/?s={search_term_string}"},"query-input":{"@type":"PropertyValueSpecification","valueRequired":true,"valueName":"search_term_string"}}],"inLanguage":"pt-PT"}]}},"_links":{"self":[{"href":"https:\/\/spinbetter.games\/portugal\/wp-json\/wp\/v2\/pages\/914","targetHints":{"allow":["GET"]}}],"collection":[{"href":"https:\/\/spinbetter.games\/portugal\/wp-json\/wp\/v2\/pages"}],"about":[{"href":"https:\/\/spinbetter.games\/portugal\/wp-json\/wp\/v2\/types\/page"}],"author":[{"embeddable":true,"href":"https:\/\/spinbetter.games\/portugal\/wp-json\/wp\/v2\/users\/1"}],"replies":[{"embeddable":true,"href":"https:\/\/spinbetter.games\/portugal\/wp-json\/wp\/v2\/comments?post=914"}],"version-history":[{"count":5,"href":"https:\/\/spinbetter.games\/portugal\/wp-json\/wp\/v2\/pages\/914\/revisions"}],"predecessor-version":[{"id":947,"href":"https:\/\/spinbetter.games\/portugal\/wp-json\/wp\/v2\/pages\/914\/revisions\/947"}],"up":[{"embeddable":true,"href":"https:\/\/spinbetter.games\/portugal\/wp-json\/wp\/v2\/pages\/974"}],"wp:attachment":[{"href":"https:\/\/spinbetter.games\/portugal\/wp-json\/wp\/v2\/media?parent=914"}],"curies":[{"name":"wp","href":"https:\/\/api.w.org\/{rel}","templated":true}]}}