{"id":920,"date":"2025-03-05T14:08:33","date_gmt":"2025-03-05T14:08:33","guid":{"rendered":"https:\/\/spinbetter.games\/?page_id=920"},"modified":"2025-05-21T05:31:51","modified_gmt":"2025-05-21T05:31:51","slug":"first-deposit","status":"publish","type":"page","link":"https:\/\/spinbetter.games\/portugal\/bonus\/first-deposit\/","title":{"rendered":"Primeiro dep\u00f3sito"},"content":{"rendered":"","protected":false},"excerpt":{"rendered":"","protected":false},"author":1,"featured_media":0,"parent":974,"menu_order":0,"comment_status":"closed","ping_status":"closed","template":"","meta":{"footnotes":""},"class_list":["post-920","page","type-page","status-publish","hentry"],"yoast_head":"<!-- This site is optimized with the Yoast SEO plugin v26.8 - https:\/\/yoast.com\/product\/yoast-seo-wordpress\/ -->\n<title>B\u00f3nus Spinbetter no primeiro dep\u00f3sito 100% \u1409 Registar Agora<\/title>\n<meta name=\"description\" content=\"Receba um b\u00f3nus de 100% no seu primeiro dep\u00f3sito no SpinBetter e aumente as suas hip\u00f3teses de ganhar! D\u00ea o primeiro passo para grandes ganhos - abra a ca\u00e7a aos pr\u00e9mios agora mesmo! \ud83e\udd11\" \/>\n<meta name=\"robots\" content=\"index, follow, max-snippet:-1, max-image-preview:large, max-video-preview:-1\" \/>\n<link rel=\"canonical\" href=\"https:\/\/spinbetter.games\/portugal\/bonus\/first-deposit\/\" \/>\n<meta property=\"og:locale\" content=\"pt_PT\" \/>\n<meta property=\"og:type\" content=\"article\" \/>\n<meta property=\"og:title\" content=\"B\u00f3nus Spinbetter no primeiro dep\u00f3sito 100% \u1409 Registar Agora\" \/>\n<meta property=\"og:description\" content=\"Receba um b\u00f3nus de 100% no seu primeiro dep\u00f3sito no SpinBetter e aumente as suas hip\u00f3teses de ganhar! D\u00ea o primeiro passo para grandes ganhos - abra a ca\u00e7a aos pr\u00e9mios agora mesmo! \ud83e\udd11\" \/>\n<meta property=\"og:url\" content=\"https:\/\/spinbetter.games\/portugal\/bonus\/first-deposit\/\" \/>\n<meta property=\"og:site_name\" content=\"SpinBetter pt\" \/>\n<meta property=\"article:modified_time\" content=\"2025-05-21T05:31:51+00:00\" \/>\n<meta name=\"twitter:card\" content=\"summary_large_image\" \/>\n<script type=\"application\/ld+json\" class=\"yoast-schema-graph\">{\"@context\":\"https:\/\/schema.org\",\"@graph\":[{\"@type\":\"WebPage\",\"@id\":\"https:\/\/spinbetter.games\/portugal\/bonus\/first-deposit\/\",\"url\":\"https:\/\/spinbetter.games\/portugal\/bonus\/first-deposit\/\",\"name\":\"B\u00f3nus Spinbetter no primeiro dep\u00f3sito 100% \u1409 Registar Agora\",\"isPartOf\":{\"@id\":\"https:\/\/spinbetter.games\/portugal\/#website\"},\"datePublished\":\"2025-03-05T14:08:33+00:00\",\"dateModified\":\"2025-05-21T05:31:51+00:00\",\"description\":\"Receba um b\u00f3nus de 100% no seu primeiro dep\u00f3sito no SpinBetter e aumente as suas hip\u00f3teses de ganhar! D\u00ea o primeiro passo para grandes ganhos - abra a ca\u00e7a aos pr\u00e9mios agora mesmo! \ud83e\udd11\",\"breadcrumb\":{\"@id\":\"https:\/\/spinbetter.games\/portugal\/bonus\/first-deposit\/#breadcrumb\"},\"inLanguage\":\"pt-PT\",\"potentialAction\":[{\"@type\":\"ReadAction\",\"target\":[\"https:\/\/spinbetter.games\/portugal\/bonus\/first-deposit\/\"]}]},{\"@type\":\"BreadcrumbList\",\"@id\":\"https:\/\/spinbetter.games\/portugal\/bonus\/first-deposit\/#breadcrumb\",\"itemListElement\":[{\"@type\":\"ListItem\",\"position\":1,\"name\":\"\u0413\u043b\u0430\u0432\u043d\u0430\u044f \u0441\u0442\u0440\u0430\u043d\u0438\u0446\u0430\",\"item\":\"https:\/\/spinbetter.games\/portugal\/\"},{\"@type\":\"ListItem\",\"position\":2,\"name\":\"B\u00f3nus\",\"item\":\"https:\/\/spinbetter.games\/portugal\/bonus\/\"},{\"@type\":\"ListItem\",\"position\":3,\"name\":\"Primeiro dep\u00f3sito\"}]},{\"@type\":\"WebSite\",\"@id\":\"https:\/\/spinbetter.games\/portugal\/#website\",\"url\":\"https:\/\/spinbetter.games\/portugal\/\",\"name\":\"SpinBetter pt\",\"description\":\"My WordPress Blog\",\"potentialAction\":[{\"@type\":\"SearchAction\",\"target\":{\"@type\":\"EntryPoint\",\"urlTemplate\":\"https:\/\/spinbetter.games\/portugal\/?s={search_term_string}\"},\"query-input\":{\"@type\":\"PropertyValueSpecification\",\"valueRequired\":true,\"valueName\":\"search_term_string\"}}],\"inLanguage\":\"pt-PT\"}]}<\/script>\n<!-- \/ Yoast SEO plugin. -->","yoast_head_json":{"title":"B\u00f3nus Spinbetter no primeiro dep\u00f3sito 100% \u1409 Registar Agora","description":"Receba um b\u00f3nus de 100% no seu primeiro dep\u00f3sito no SpinBetter e aumente as suas hip\u00f3teses de ganhar! D\u00ea o primeiro passo para grandes ganhos - abra a ca\u00e7a aos pr\u00e9mios agora mesmo! \ud83e\udd11","robots":{"index":"index","follow":"follow","max-snippet":"max-snippet:-1","max-image-preview":"max-image-preview:large","max-video-preview":"max-video-preview:-1"},"canonical":"https:\/\/spinbetter.games\/portugal\/bonus\/first-deposit\/","og_locale":"pt_PT","og_type":"article","og_title":"B\u00f3nus Spinbetter no primeiro dep\u00f3sito 100% \u1409 Registar Agora","og_description":"Receba um b\u00f3nus de 100% no seu primeiro dep\u00f3sito no SpinBetter e aumente as suas hip\u00f3teses de ganhar! D\u00ea o primeiro passo para grandes ganhos - abra a ca\u00e7a aos pr\u00e9mios agora mesmo! \ud83e\udd11","og_url":"https:\/\/spinbetter.games\/portugal\/bonus\/first-deposit\/","og_site_name":"SpinBetter pt","article_modified_time":"2025-05-21T05:31:51+00:00","twitter_card":"summary_large_image","schema":{"@context":"https:\/\/schema.org","@graph":[{"@type":"WebPage","@id":"https:\/\/spinbetter.games\/portugal\/bonus\/first-deposit\/","url":"https:\/\/spinbetter.games\/portugal\/bonus\/first-deposit\/","name":"B\u00f3nus Spinbetter no primeiro dep\u00f3sito 100% \u1409 Registar Agora","isPartOf":{"@id":"https:\/\/spinbetter.games\/portugal\/#website"},"datePublished":"2025-03-05T14:08:33+00:00","dateModified":"2025-05-21T05:31:51+00:00","description":"Receba um b\u00f3nus de 100% no seu primeiro dep\u00f3sito no SpinBetter e aumente as suas hip\u00f3teses de ganhar! D\u00ea o primeiro passo para grandes ganhos - abra a ca\u00e7a aos pr\u00e9mios agora mesmo! \ud83e\udd11","breadcrumb":{"@id":"https:\/\/spinbetter.games\/portugal\/bonus\/first-deposit\/#breadcrumb"},"inLanguage":"pt-PT","potentialAction":[{"@type":"ReadAction","target":["https:\/\/spinbetter.games\/portugal\/bonus\/first-deposit\/"]}]},{"@type":"BreadcrumbList","@id":"https:\/\/spinbetter.games\/portugal\/bonus\/first-deposit\/#breadcrumb","itemListElement":[{"@type":"ListItem","position":1,"name":"\u0413\u043b\u0430\u0432\u043d\u0430\u044f \u0441\u0442\u0440\u0430\u043d\u0438\u0446\u0430","item":"https:\/\/spinbetter.games\/portugal\/"},{"@type":"ListItem","position":2,"name":"B\u00f3nus","item":"https:\/\/spinbetter.games\/portugal\/bonus\/"},{"@type":"ListItem","position":3,"name":"Primeiro dep\u00f3sito"}]},{"@type":"WebSite","@id":"https:\/\/spinbetter.games\/portugal\/#website","url":"https:\/\/spinbetter.games\/portugal\/","name":"SpinBetter pt","description":"My WordPress Blog","potentialAction":[{"@type":"SearchAction","target":{"@type":"EntryPoint","urlTemplate":"https:\/\/spinbetter.games\/portugal\/?s={search_term_string}"},"query-input":{"@type":"PropertyValueSpecification","valueRequired":true,"valueName":"search_term_string"}}],"inLanguage":"pt-PT"}]}},"_links":{"self":[{"href":"https:\/\/spinbetter.games\/portugal\/wp-json\/wp\/v2\/pages\/920","targetHints":{"allow":["GET"]}}],"collection":[{"href":"https:\/\/spinbetter.games\/portugal\/wp-json\/wp\/v2\/pages"}],"about":[{"href":"https:\/\/spinbetter.games\/portugal\/wp-json\/wp\/v2\/types\/page"}],"author":[{"embeddable":true,"href":"https:\/\/spinbetter.games\/portugal\/wp-json\/wp\/v2\/users\/1"}],"replies":[{"embeddable":true,"href":"https:\/\/spinbetter.games\/portugal\/wp-json\/wp\/v2\/comments?post=920"}],"version-history":[{"count":3,"href":"https:\/\/spinbetter.games\/portugal\/wp-json\/wp\/v2\/pages\/920\/revisions"}],"predecessor-version":[{"id":950,"href":"https:\/\/spinbetter.games\/portugal\/wp-json\/wp\/v2\/pages\/920\/revisions\/950"}],"up":[{"embeddable":true,"href":"https:\/\/spinbetter.games\/portugal\/wp-json\/wp\/v2\/pages\/974"}],"wp:attachment":[{"href":"https:\/\/spinbetter.games\/portugal\/wp-json\/wp\/v2\/media?parent=920"}],"curies":[{"name":"wp","href":"https:\/\/api.w.org\/{rel}","templated":true}]}}