{"id":974,"date":"2024-09-18T17:39:43","date_gmt":"2024-09-18T17:39:43","guid":{"rendered":"https:\/\/spinbetter.games\/?page_id=152"},"modified":"2026-03-12T07:54:25","modified_gmt":"2026-03-12T07:54:25","slug":"bonus","status":"publish","type":"page","link":"https:\/\/spinbetter.games\/portugal\/bonus\/","title":{"rendered":"B\u00f3nus"},"content":{"rendered":"","protected":false},"excerpt":{"rendered":"","protected":false},"author":1,"featured_media":0,"parent":0,"menu_order":0,"comment_status":"closed","ping_status":"closed","template":"","meta":{"footnotes":""},"class_list":["post-974","page","type-page","status-publish","hentry"],"yoast_head":"<!-- This site is optimized with the Yoast SEO plugin v26.8 - https:\/\/yoast.com\/product\/yoast-seo-wordpress\/ -->\n<title>B\u00f3nus SpinBetter \u2714\ufe0f Oferta de Boas-Vindas e Promo\u00e7\u00f5es<\/title>\n<meta name=\"description\" content=\"Gire melhor - receba um b\u00f3nus de 100% no seu primeiro dep\u00f3sito \u27a4 Apostas gr\u00e1tis para novos jogadores \u27a4 B\u00f3nus de boas-vindas para o registo\" \/>\n<meta name=\"robots\" content=\"index, follow, max-snippet:-1, max-image-preview:large, max-video-preview:-1\" \/>\n<link rel=\"canonical\" href=\"https:\/\/spinbetter.games\/portugal\/bonus\/\" \/>\n<meta property=\"og:locale\" content=\"pt_PT\" \/>\n<meta property=\"og:type\" content=\"article\" \/>\n<meta property=\"og:title\" content=\"B\u00f3nus SpinBetter \u2714\ufe0f Oferta de Boas-Vindas e Promo\u00e7\u00f5es\" \/>\n<meta property=\"og:description\" content=\"Gire melhor - receba um b\u00f3nus de 100% no seu primeiro dep\u00f3sito \u27a4 Apostas gr\u00e1tis para novos jogadores \u27a4 B\u00f3nus de boas-vindas para o registo\" \/>\n<meta property=\"og:url\" content=\"https:\/\/spinbetter.games\/portugal\/bonus\/\" \/>\n<meta property=\"og:site_name\" content=\"SpinBetter pt\" \/>\n<meta property=\"article:modified_time\" content=\"2026-03-12T07:54:25+00:00\" \/>\n<meta name=\"twitter:card\" content=\"summary_large_image\" \/>\n<script type=\"application\/ld+json\" class=\"yoast-schema-graph\">{\"@context\":\"https:\/\/schema.org\",\"@graph\":[{\"@type\":\"WebPage\",\"@id\":\"https:\/\/spinbetter.games\/portugal\/bonus\/\",\"url\":\"https:\/\/spinbetter.games\/portugal\/bonus\/\",\"name\":\"B\u00f3nus SpinBetter \u2714\ufe0f Oferta de Boas-Vindas e Promo\u00e7\u00f5es\",\"isPartOf\":{\"@id\":\"https:\/\/spinbetter.games\/portugal\/#website\"},\"datePublished\":\"2024-09-18T17:39:43+00:00\",\"dateModified\":\"2026-03-12T07:54:25+00:00\",\"description\":\"Gire melhor - receba um b\u00f3nus de 100% no seu primeiro dep\u00f3sito \u27a4 Apostas gr\u00e1tis para novos jogadores \u27a4 B\u00f3nus de boas-vindas para o registo\",\"breadcrumb\":{\"@id\":\"https:\/\/spinbetter.games\/portugal\/bonus\/#breadcrumb\"},\"inLanguage\":\"pt-PT\",\"potentialAction\":[{\"@type\":\"ReadAction\",\"target\":[\"https:\/\/spinbetter.games\/portugal\/bonus\/\"]}]},{\"@type\":\"BreadcrumbList\",\"@id\":\"https:\/\/spinbetter.games\/portugal\/bonus\/#breadcrumb\",\"itemListElement\":[{\"@type\":\"ListItem\",\"position\":1,\"name\":\"\u0413\u043b\u0430\u0432\u043d\u0430\u044f \u0441\u0442\u0440\u0430\u043d\u0438\u0446\u0430\",\"item\":\"https:\/\/spinbetter.games\/portugal\/\"},{\"@type\":\"ListItem\",\"position\":2,\"name\":\"B\u00f3nus\"}]},{\"@type\":\"WebSite\",\"@id\":\"https:\/\/spinbetter.games\/portugal\/#website\",\"url\":\"https:\/\/spinbetter.games\/portugal\/\",\"name\":\"SpinBetter pt\",\"description\":\"My WordPress Blog\",\"potentialAction\":[{\"@type\":\"SearchAction\",\"target\":{\"@type\":\"EntryPoint\",\"urlTemplate\":\"https:\/\/spinbetter.games\/portugal\/?s={search_term_string}\"},\"query-input\":{\"@type\":\"PropertyValueSpecification\",\"valueRequired\":true,\"valueName\":\"search_term_string\"}}],\"inLanguage\":\"pt-PT\"}]}<\/script>\n<!-- \/ Yoast SEO plugin. -->","yoast_head_json":{"title":"B\u00f3nus SpinBetter \u2714\ufe0f Oferta de Boas-Vindas e Promo\u00e7\u00f5es","description":"Gire melhor - receba um b\u00f3nus de 100% no seu primeiro dep\u00f3sito \u27a4 Apostas gr\u00e1tis para novos jogadores \u27a4 B\u00f3nus de boas-vindas para o registo","robots":{"index":"index","follow":"follow","max-snippet":"max-snippet:-1","max-image-preview":"max-image-preview:large","max-video-preview":"max-video-preview:-1"},"canonical":"https:\/\/spinbetter.games\/portugal\/bonus\/","og_locale":"pt_PT","og_type":"article","og_title":"B\u00f3nus SpinBetter \u2714\ufe0f Oferta de Boas-Vindas e Promo\u00e7\u00f5es","og_description":"Gire melhor - receba um b\u00f3nus de 100% no seu primeiro dep\u00f3sito \u27a4 Apostas gr\u00e1tis para novos jogadores \u27a4 B\u00f3nus de boas-vindas para o registo","og_url":"https:\/\/spinbetter.games\/portugal\/bonus\/","og_site_name":"SpinBetter pt","article_modified_time":"2026-03-12T07:54:25+00:00","twitter_card":"summary_large_image","schema":{"@context":"https:\/\/schema.org","@graph":[{"@type":"WebPage","@id":"https:\/\/spinbetter.games\/portugal\/bonus\/","url":"https:\/\/spinbetter.games\/portugal\/bonus\/","name":"B\u00f3nus SpinBetter \u2714\ufe0f Oferta de Boas-Vindas e Promo\u00e7\u00f5es","isPartOf":{"@id":"https:\/\/spinbetter.games\/portugal\/#website"},"datePublished":"2024-09-18T17:39:43+00:00","dateModified":"2026-03-12T07:54:25+00:00","description":"Gire melhor - receba um b\u00f3nus de 100% no seu primeiro dep\u00f3sito \u27a4 Apostas gr\u00e1tis para novos jogadores \u27a4 B\u00f3nus de boas-vindas para o registo","breadcrumb":{"@id":"https:\/\/spinbetter.games\/portugal\/bonus\/#breadcrumb"},"inLanguage":"pt-PT","potentialAction":[{"@type":"ReadAction","target":["https:\/\/spinbetter.games\/portugal\/bonus\/"]}]},{"@type":"BreadcrumbList","@id":"https:\/\/spinbetter.games\/portugal\/bonus\/#breadcrumb","itemListElement":[{"@type":"ListItem","position":1,"name":"\u0413\u043b\u0430\u0432\u043d\u0430\u044f \u0441\u0442\u0440\u0430\u043d\u0438\u0446\u0430","item":"https:\/\/spinbetter.games\/portugal\/"},{"@type":"ListItem","position":2,"name":"B\u00f3nus"}]},{"@type":"WebSite","@id":"https:\/\/spinbetter.games\/portugal\/#website","url":"https:\/\/spinbetter.games\/portugal\/","name":"SpinBetter pt","description":"My WordPress Blog","potentialAction":[{"@type":"SearchAction","target":{"@type":"EntryPoint","urlTemplate":"https:\/\/spinbetter.games\/portugal\/?s={search_term_string}"},"query-input":{"@type":"PropertyValueSpecification","valueRequired":true,"valueName":"search_term_string"}}],"inLanguage":"pt-PT"}]}},"_links":{"self":[{"href":"https:\/\/spinbetter.games\/portugal\/wp-json\/wp\/v2\/pages\/974","targetHints":{"allow":["GET"]}}],"collection":[{"href":"https:\/\/spinbetter.games\/portugal\/wp-json\/wp\/v2\/pages"}],"about":[{"href":"https:\/\/spinbetter.games\/portugal\/wp-json\/wp\/v2\/types\/page"}],"author":[{"embeddable":true,"href":"https:\/\/spinbetter.games\/portugal\/wp-json\/wp\/v2\/users\/1"}],"replies":[{"embeddable":true,"href":"https:\/\/spinbetter.games\/portugal\/wp-json\/wp\/v2\/comments?post=974"}],"version-history":[{"count":6,"href":"https:\/\/spinbetter.games\/portugal\/wp-json\/wp\/v2\/pages\/974\/revisions"}],"predecessor-version":[{"id":2381,"href":"https:\/\/spinbetter.games\/portugal\/wp-json\/wp\/v2\/pages\/974\/revisions\/2381"}],"wp:attachment":[{"href":"https:\/\/spinbetter.games\/portugal\/wp-json\/wp\/v2\/media?parent=974"}],"curies":[{"name":"wp","href":"https:\/\/api.w.org\/{rel}","templated":true}]}}