{"id":2,"date":"2023-05-18T17:18:34","date_gmt":"2023-05-18T17:18:34","guid":{"rendered":"https:\/\/spinbetter.games\/ro\/?page_id=2"},"modified":"2026-01-14T11:24:17","modified_gmt":"2026-01-14T11:24:17","slug":"sample-page","status":"publish","type":"page","link":"https:\/\/spinbetter.games\/ro\/","title":{"rendered":"Acas\u0103"},"content":{"rendered":"","protected":false},"excerpt":{"rendered":"","protected":false},"author":1,"featured_media":0,"parent":0,"menu_order":0,"comment_status":"closed","ping_status":"open","template":"","meta":{"footnotes":""},"class_list":["post-2","page","type-page","status-publish","hentry"],"yoast_head":"<!-- This site is optimized with the Yoast SEO plugin v26.8 - https:\/\/yoast.com\/product\/yoast-seo-wordpress\/ -->\n<title>SpinBetter\u2122 Rom\u00e2nia \u2013 Pariuri sportive \u0219i Live \u2014 2026<\/title>\n<meta name=\"description\" content=\"Spin Better ofer\u0103 pariuri sportive \u00een RO cu cote competitive, pariuri Live, o ofert\u0103 variat\u0103 de evenimente \u0219i instrumente utile pentru analiza meciurilor.\" \/>\n<meta name=\"robots\" content=\"index, follow, max-snippet:-1, max-image-preview:large, max-video-preview:-1\" \/>\n<link rel=\"canonical\" href=\"https:\/\/spinbetter.games\/ro\/\" \/>\n<meta property=\"og:locale\" content=\"ro_RO\" \/>\n<meta property=\"og:type\" content=\"article\" \/>\n<meta property=\"og:title\" content=\"SpinBetter\u2122 Rom\u00e2nia \u2013 Pariuri sportive \u0219i Live \u2014 2026\" \/>\n<meta property=\"og:description\" content=\"Spin Better ofer\u0103 pariuri sportive \u00een RO cu cote competitive, pariuri Live, o ofert\u0103 variat\u0103 de evenimente \u0219i instrumente utile pentru analiza meciurilor.\" \/>\n<meta property=\"og:url\" content=\"https:\/\/spinbetter.games\/ro\/\" \/>\n<meta property=\"og:site_name\" content=\"SpinBetter ro\" \/>\n<meta property=\"article:modified_time\" content=\"2026-01-14T11:24:17+00:00\" \/>\n<meta name=\"twitter:card\" content=\"summary_large_image\" \/>\n<script type=\"application\/ld+json\" class=\"yoast-schema-graph\">{\"@context\":\"https:\/\/schema.org\",\"@graph\":[{\"@type\":\"WebPage\",\"@id\":\"https:\/\/spinbetter.games\/ro\/\",\"url\":\"https:\/\/spinbetter.games\/ro\/\",\"name\":\"SpinBetter\u2122 Rom\u00e2nia \u2013 Pariuri sportive \u0219i Live \u2014 2026\",\"isPartOf\":{\"@id\":\"https:\/\/spinbetter.games\/ro\/#website\"},\"datePublished\":\"2023-05-18T17:18:34+00:00\",\"dateModified\":\"2026-01-14T11:24:17+00:00\",\"description\":\"Spin Better ofer\u0103 pariuri sportive \u00een RO cu cote competitive, pariuri Live, o ofert\u0103 variat\u0103 de evenimente \u0219i instrumente utile pentru analiza meciurilor.\",\"breadcrumb\":{\"@id\":\"https:\/\/spinbetter.games\/ro\/#breadcrumb\"},\"inLanguage\":\"ro-RO\",\"potentialAction\":[{\"@type\":\"ReadAction\",\"target\":[\"https:\/\/spinbetter.games\/ro\/\"]}]},{\"@type\":\"BreadcrumbList\",\"@id\":\"https:\/\/spinbetter.games\/ro\/#breadcrumb\",\"itemListElement\":[{\"@type\":\"ListItem\",\"position\":1,\"name\":\"\u0413\u043b\u0430\u0432\u043d\u0430\u044f \u0441\u0442\u0440\u0430\u043d\u0438\u0446\u0430\",\"item\":\"https:\/\/spinbetter.games\/ro\/\"},{\"@type\":\"ListItem\",\"position\":2,\"name\":\"Acas\u0103\"}]},{\"@type\":\"WebSite\",\"@id\":\"https:\/\/spinbetter.games\/ro\/#website\",\"url\":\"https:\/\/spinbetter.games\/ro\/\",\"name\":\"SpinBetter ro\",\"description\":\"My WordPress Blog\",\"potentialAction\":[{\"@type\":\"SearchAction\",\"target\":{\"@type\":\"EntryPoint\",\"urlTemplate\":\"https:\/\/spinbetter.games\/ro\/?s={search_term_string}\"},\"query-input\":{\"@type\":\"PropertyValueSpecification\",\"valueRequired\":true,\"valueName\":\"search_term_string\"}}],\"inLanguage\":\"ro-RO\"}]}<\/script>\n<!-- \/ Yoast SEO plugin. -->","yoast_head_json":{"title":"SpinBetter\u2122 Rom\u00e2nia \u2013 Pariuri sportive \u0219i Live \u2014 2026","description":"Spin Better ofer\u0103 pariuri sportive \u00een RO cu cote competitive, pariuri Live, o ofert\u0103 variat\u0103 de evenimente \u0219i instrumente utile pentru analiza meciurilor.","robots":{"index":"index","follow":"follow","max-snippet":"max-snippet:-1","max-image-preview":"max-image-preview:large","max-video-preview":"max-video-preview:-1"},"canonical":"https:\/\/spinbetter.games\/ro\/","og_locale":"ro_RO","og_type":"article","og_title":"SpinBetter\u2122 Rom\u00e2nia \u2013 Pariuri sportive \u0219i Live \u2014 2026","og_description":"Spin Better ofer\u0103 pariuri sportive \u00een RO cu cote competitive, pariuri Live, o ofert\u0103 variat\u0103 de evenimente \u0219i instrumente utile pentru analiza meciurilor.","og_url":"https:\/\/spinbetter.games\/ro\/","og_site_name":"SpinBetter ro","article_modified_time":"2026-01-14T11:24:17+00:00","twitter_card":"summary_large_image","schema":{"@context":"https:\/\/schema.org","@graph":[{"@type":"WebPage","@id":"https:\/\/spinbetter.games\/ro\/","url":"https:\/\/spinbetter.games\/ro\/","name":"SpinBetter\u2122 Rom\u00e2nia \u2013 Pariuri sportive \u0219i Live \u2014 2026","isPartOf":{"@id":"https:\/\/spinbetter.games\/ro\/#website"},"datePublished":"2023-05-18T17:18:34+00:00","dateModified":"2026-01-14T11:24:17+00:00","description":"Spin Better ofer\u0103 pariuri sportive \u00een RO cu cote competitive, pariuri Live, o ofert\u0103 variat\u0103 de evenimente \u0219i instrumente utile pentru analiza meciurilor.","breadcrumb":{"@id":"https:\/\/spinbetter.games\/ro\/#breadcrumb"},"inLanguage":"ro-RO","potentialAction":[{"@type":"ReadAction","target":["https:\/\/spinbetter.games\/ro\/"]}]},{"@type":"BreadcrumbList","@id":"https:\/\/spinbetter.games\/ro\/#breadcrumb","itemListElement":[{"@type":"ListItem","position":1,"name":"\u0413\u043b\u0430\u0432\u043d\u0430\u044f \u0441\u0442\u0440\u0430\u043d\u0438\u0446\u0430","item":"https:\/\/spinbetter.games\/ro\/"},{"@type":"ListItem","position":2,"name":"Acas\u0103"}]},{"@type":"WebSite","@id":"https:\/\/spinbetter.games\/ro\/#website","url":"https:\/\/spinbetter.games\/ro\/","name":"SpinBetter ro","description":"My WordPress Blog","potentialAction":[{"@type":"SearchAction","target":{"@type":"EntryPoint","urlTemplate":"https:\/\/spinbetter.games\/ro\/?s={search_term_string}"},"query-input":{"@type":"PropertyValueSpecification","valueRequired":true,"valueName":"search_term_string"}}],"inLanguage":"ro-RO"}]}},"_links":{"self":[{"href":"https:\/\/spinbetter.games\/ro\/wp-json\/wp\/v2\/pages\/2","targetHints":{"allow":["GET"]}}],"collection":[{"href":"https:\/\/spinbetter.games\/ro\/wp-json\/wp\/v2\/pages"}],"about":[{"href":"https:\/\/spinbetter.games\/ro\/wp-json\/wp\/v2\/types\/page"}],"author":[{"embeddable":true,"href":"https:\/\/spinbetter.games\/ro\/wp-json\/wp\/v2\/users\/1"}],"replies":[{"embeddable":true,"href":"https:\/\/spinbetter.games\/ro\/wp-json\/wp\/v2\/comments?post=2"}],"version-history":[{"count":107,"href":"https:\/\/spinbetter.games\/ro\/wp-json\/wp\/v2\/pages\/2\/revisions"}],"predecessor-version":[{"id":830,"href":"https:\/\/spinbetter.games\/ro\/wp-json\/wp\/v2\/pages\/2\/revisions\/830"}],"wp:attachment":[{"href":"https:\/\/spinbetter.games\/ro\/wp-json\/wp\/v2\/media?parent=2"}],"curies":[{"name":"wp","href":"https:\/\/api.w.org\/{rel}","templated":true}]}}