{"id":334,"date":"2024-11-11T06:32:15","date_gmt":"2024-11-11T06:32:15","guid":{"rendered":"https:\/\/spinbetter.games\/?page_id=334"},"modified":"2024-12-17T12:23:40","modified_gmt":"2024-12-17T12:23:40","slug":"registration","status":"publish","type":"page","link":"https:\/\/spinbetter.games\/ro\/registration\/","title":{"rendered":"\u00cenregistrare"},"content":{"rendered":"","protected":false},"excerpt":{"rendered":"","protected":false},"author":1,"featured_media":0,"parent":0,"menu_order":0,"comment_status":"closed","ping_status":"closed","template":"","meta":{"footnotes":""},"class_list":["post-334","page","type-page","status-publish","hentry"],"yoast_head":"<!-- This site is optimized with the Yoast SEO plugin v26.8 - https:\/\/yoast.com\/product\/yoast-seo-wordpress\/ -->\n<title>\u00cenregistrare SpinBetter \ud83d\udd39 Cum s\u0103 crea\u021bi un cont<\/title>\n<meta name=\"description\" content=\"Afla\u021bi cum s\u0103 v\u0103 \u00eenregistra\u021bi la Spin better Sports Betting and Casino Platform \u26a1 Descoperi\u021bi bonusuri exclusive \u0219i jocuri interesante\" \/>\n<meta name=\"robots\" content=\"index, follow, max-snippet:-1, max-image-preview:large, max-video-preview:-1\" \/>\n<link rel=\"canonical\" href=\"https:\/\/spinbetter.games\/ro\/registration\/\" \/>\n<meta property=\"og:locale\" content=\"ro_RO\" \/>\n<meta property=\"og:type\" content=\"article\" \/>\n<meta property=\"og:title\" content=\"\u00cenregistrare SpinBetter \ud83d\udd39 Cum s\u0103 crea\u021bi un cont\" \/>\n<meta property=\"og:description\" content=\"Afla\u021bi cum s\u0103 v\u0103 \u00eenregistra\u021bi la Spin better Sports Betting and Casino Platform \u26a1 Descoperi\u021bi bonusuri exclusive \u0219i jocuri interesante\" \/>\n<meta property=\"og:url\" content=\"https:\/\/spinbetter.games\/ro\/registration\/\" \/>\n<meta property=\"og:site_name\" content=\"SpinBetter ro\" \/>\n<meta property=\"article:modified_time\" content=\"2024-12-17T12:23:40+00:00\" \/>\n<meta name=\"twitter:card\" content=\"summary_large_image\" \/>\n<script type=\"application\/ld+json\" class=\"yoast-schema-graph\">{\"@context\":\"https:\/\/schema.org\",\"@graph\":[{\"@type\":\"WebPage\",\"@id\":\"https:\/\/spinbetter.games\/ro\/registration\/\",\"url\":\"https:\/\/spinbetter.games\/ro\/registration\/\",\"name\":\"\u00cenregistrare SpinBetter \ud83d\udd39 Cum s\u0103 crea\u021bi un cont\",\"isPartOf\":{\"@id\":\"https:\/\/spinbetter.games\/ro\/#website\"},\"datePublished\":\"2024-11-11T06:32:15+00:00\",\"dateModified\":\"2024-12-17T12:23:40+00:00\",\"description\":\"Afla\u021bi cum s\u0103 v\u0103 \u00eenregistra\u021bi la Spin better Sports Betting and Casino Platform \u26a1 Descoperi\u021bi bonusuri exclusive \u0219i jocuri interesante\",\"breadcrumb\":{\"@id\":\"https:\/\/spinbetter.games\/ro\/registration\/#breadcrumb\"},\"inLanguage\":\"ro-RO\",\"potentialAction\":[{\"@type\":\"ReadAction\",\"target\":[\"https:\/\/spinbetter.games\/ro\/registration\/\"]}]},{\"@type\":\"BreadcrumbList\",\"@id\":\"https:\/\/spinbetter.games\/ro\/registration\/#breadcrumb\",\"itemListElement\":[{\"@type\":\"ListItem\",\"position\":1,\"name\":\"\u0413\u043b\u0430\u0432\u043d\u0430\u044f \u0441\u0442\u0440\u0430\u043d\u0438\u0446\u0430\",\"item\":\"https:\/\/spinbetter.games\/ro\/\"},{\"@type\":\"ListItem\",\"position\":2,\"name\":\"\u00cenregistrare\"}]},{\"@type\":\"WebSite\",\"@id\":\"https:\/\/spinbetter.games\/ro\/#website\",\"url\":\"https:\/\/spinbetter.games\/ro\/\",\"name\":\"SpinBetter ro\",\"description\":\"My WordPress Blog\",\"potentialAction\":[{\"@type\":\"SearchAction\",\"target\":{\"@type\":\"EntryPoint\",\"urlTemplate\":\"https:\/\/spinbetter.games\/ro\/?s={search_term_string}\"},\"query-input\":{\"@type\":\"PropertyValueSpecification\",\"valueRequired\":true,\"valueName\":\"search_term_string\"}}],\"inLanguage\":\"ro-RO\"}]}<\/script>\n<!-- \/ Yoast SEO plugin. -->","yoast_head_json":{"title":"\u00cenregistrare SpinBetter \ud83d\udd39 Cum s\u0103 crea\u021bi un cont","description":"Afla\u021bi cum s\u0103 v\u0103 \u00eenregistra\u021bi la Spin better Sports Betting and Casino Platform \u26a1 Descoperi\u021bi bonusuri exclusive \u0219i jocuri interesante","robots":{"index":"index","follow":"follow","max-snippet":"max-snippet:-1","max-image-preview":"max-image-preview:large","max-video-preview":"max-video-preview:-1"},"canonical":"https:\/\/spinbetter.games\/ro\/registration\/","og_locale":"ro_RO","og_type":"article","og_title":"\u00cenregistrare SpinBetter \ud83d\udd39 Cum s\u0103 crea\u021bi un cont","og_description":"Afla\u021bi cum s\u0103 v\u0103 \u00eenregistra\u021bi la Spin better Sports Betting and Casino Platform \u26a1 Descoperi\u021bi bonusuri exclusive \u0219i jocuri interesante","og_url":"https:\/\/spinbetter.games\/ro\/registration\/","og_site_name":"SpinBetter ro","article_modified_time":"2024-12-17T12:23:40+00:00","twitter_card":"summary_large_image","schema":{"@context":"https:\/\/schema.org","@graph":[{"@type":"WebPage","@id":"https:\/\/spinbetter.games\/ro\/registration\/","url":"https:\/\/spinbetter.games\/ro\/registration\/","name":"\u00cenregistrare SpinBetter \ud83d\udd39 Cum s\u0103 crea\u021bi un cont","isPartOf":{"@id":"https:\/\/spinbetter.games\/ro\/#website"},"datePublished":"2024-11-11T06:32:15+00:00","dateModified":"2024-12-17T12:23:40+00:00","description":"Afla\u021bi cum s\u0103 v\u0103 \u00eenregistra\u021bi la Spin better Sports Betting and Casino Platform \u26a1 Descoperi\u021bi bonusuri exclusive \u0219i jocuri interesante","breadcrumb":{"@id":"https:\/\/spinbetter.games\/ro\/registration\/#breadcrumb"},"inLanguage":"ro-RO","potentialAction":[{"@type":"ReadAction","target":["https:\/\/spinbetter.games\/ro\/registration\/"]}]},{"@type":"BreadcrumbList","@id":"https:\/\/spinbetter.games\/ro\/registration\/#breadcrumb","itemListElement":[{"@type":"ListItem","position":1,"name":"\u0413\u043b\u0430\u0432\u043d\u0430\u044f \u0441\u0442\u0440\u0430\u043d\u0438\u0446\u0430","item":"https:\/\/spinbetter.games\/ro\/"},{"@type":"ListItem","position":2,"name":"\u00cenregistrare"}]},{"@type":"WebSite","@id":"https:\/\/spinbetter.games\/ro\/#website","url":"https:\/\/spinbetter.games\/ro\/","name":"SpinBetter ro","description":"My WordPress Blog","potentialAction":[{"@type":"SearchAction","target":{"@type":"EntryPoint","urlTemplate":"https:\/\/spinbetter.games\/ro\/?s={search_term_string}"},"query-input":{"@type":"PropertyValueSpecification","valueRequired":true,"valueName":"search_term_string"}}],"inLanguage":"ro-RO"}]}},"_links":{"self":[{"href":"https:\/\/spinbetter.games\/ro\/wp-json\/wp\/v2\/pages\/334","targetHints":{"allow":["GET"]}}],"collection":[{"href":"https:\/\/spinbetter.games\/ro\/wp-json\/wp\/v2\/pages"}],"about":[{"href":"https:\/\/spinbetter.games\/ro\/wp-json\/wp\/v2\/types\/page"}],"author":[{"embeddable":true,"href":"https:\/\/spinbetter.games\/ro\/wp-json\/wp\/v2\/users\/1"}],"replies":[{"embeddable":true,"href":"https:\/\/spinbetter.games\/ro\/wp-json\/wp\/v2\/comments?post=334"}],"version-history":[{"count":4,"href":"https:\/\/spinbetter.games\/ro\/wp-json\/wp\/v2\/pages\/334\/revisions"}],"predecessor-version":[{"id":795,"href":"https:\/\/spinbetter.games\/ro\/wp-json\/wp\/v2\/pages\/334\/revisions\/795"}],"wp:attachment":[{"href":"https:\/\/spinbetter.games\/ro\/wp-json\/wp\/v2\/media?parent=334"}],"curies":[{"name":"wp","href":"https:\/\/api.w.org\/{rel}","templated":true}]}}