{"id":566,"date":"2024-10-30T14:03:04","date_gmt":"2024-10-30T14:03:04","guid":{"rendered":"https:\/\/spinbetter.games\/ro\/?page_id=566"},"modified":"2024-12-16T04:34:10","modified_gmt":"2024-12-16T04:34:10","slug":"football","status":"publish","type":"page","link":"https:\/\/spinbetter.games\/ro\/football\/","title":{"rendered":"Fotbal"},"content":{"rendered":"","protected":false},"excerpt":{"rendered":"","protected":false},"author":1,"featured_media":0,"parent":0,"menu_order":0,"comment_status":"closed","ping_status":"closed","template":"","meta":{"footnotes":""},"class_list":["post-566","page","type-page","status-publish","hentry"],"yoast_head":"<!-- This site is optimized with the Yoast SEO plugin v26.8 - https:\/\/yoast.com\/product\/yoast-seo-wordpress\/ -->\n<title>SpinBetter Fotbal Pariuri \u2714\ufe0f Cote mari<\/title>\n<meta name=\"description\" content=\"Spinbetter ofer\u0103 o gam\u0103 larg\u0103 de evenimente \u0219i pie\u021be de pariuri pe fotbal \u26a1 Afla\u021bi cum s\u0103 paria\u021bi pe fotbal \u0219i s\u0103 g\u0103si\u021bi cele mai bune cote la Spin Better \u26bd Ob\u021bine\u021bi sfaturi profesionale de pariuri pe fotbal\" \/>\n<meta name=\"robots\" content=\"index, follow, max-snippet:-1, max-image-preview:large, max-video-preview:-1\" \/>\n<link rel=\"canonical\" href=\"https:\/\/spinbetter.games\/ro\/football\/\" \/>\n<meta property=\"og:locale\" content=\"ro_RO\" \/>\n<meta property=\"og:type\" content=\"article\" \/>\n<meta property=\"og:title\" content=\"SpinBetter Fotbal Pariuri \u2714\ufe0f Cote mari\" \/>\n<meta property=\"og:description\" content=\"Spinbetter ofer\u0103 o gam\u0103 larg\u0103 de evenimente \u0219i pie\u021be de pariuri pe fotbal \u26a1 Afla\u021bi cum s\u0103 paria\u021bi pe fotbal \u0219i s\u0103 g\u0103si\u021bi cele mai bune cote la Spin Better \u26bd Ob\u021bine\u021bi sfaturi profesionale de pariuri pe fotbal\" \/>\n<meta property=\"og:url\" content=\"https:\/\/spinbetter.games\/ro\/football\/\" \/>\n<meta property=\"og:site_name\" content=\"SpinBetter ro\" \/>\n<meta property=\"article:modified_time\" content=\"2024-12-16T04:34:10+00:00\" \/>\n<meta name=\"twitter:card\" content=\"summary_large_image\" \/>\n<script type=\"application\/ld+json\" class=\"yoast-schema-graph\">{\"@context\":\"https:\/\/schema.org\",\"@graph\":[{\"@type\":\"WebPage\",\"@id\":\"https:\/\/spinbetter.games\/ro\/football\/\",\"url\":\"https:\/\/spinbetter.games\/ro\/football\/\",\"name\":\"SpinBetter Fotbal Pariuri \u2714\ufe0f Cote mari\",\"isPartOf\":{\"@id\":\"https:\/\/spinbetter.games\/ro\/#website\"},\"datePublished\":\"2024-10-30T14:03:04+00:00\",\"dateModified\":\"2024-12-16T04:34:10+00:00\",\"description\":\"Spinbetter ofer\u0103 o gam\u0103 larg\u0103 de evenimente \u0219i pie\u021be de pariuri pe fotbal \u26a1 Afla\u021bi cum s\u0103 paria\u021bi pe fotbal \u0219i s\u0103 g\u0103si\u021bi cele mai bune cote la Spin Better \u26bd Ob\u021bine\u021bi sfaturi profesionale de pariuri pe fotbal\",\"breadcrumb\":{\"@id\":\"https:\/\/spinbetter.games\/ro\/football\/#breadcrumb\"},\"inLanguage\":\"ro-RO\",\"potentialAction\":[{\"@type\":\"ReadAction\",\"target\":[\"https:\/\/spinbetter.games\/ro\/football\/\"]}]},{\"@type\":\"BreadcrumbList\",\"@id\":\"https:\/\/spinbetter.games\/ro\/football\/#breadcrumb\",\"itemListElement\":[{\"@type\":\"ListItem\",\"position\":1,\"name\":\"\u0413\u043b\u0430\u0432\u043d\u0430\u044f \u0441\u0442\u0440\u0430\u043d\u0438\u0446\u0430\",\"item\":\"https:\/\/spinbetter.games\/ro\/\"},{\"@type\":\"ListItem\",\"position\":2,\"name\":\"Fotbal\"}]},{\"@type\":\"WebSite\",\"@id\":\"https:\/\/spinbetter.games\/ro\/#website\",\"url\":\"https:\/\/spinbetter.games\/ro\/\",\"name\":\"SpinBetter ro\",\"description\":\"My WordPress Blog\",\"potentialAction\":[{\"@type\":\"SearchAction\",\"target\":{\"@type\":\"EntryPoint\",\"urlTemplate\":\"https:\/\/spinbetter.games\/ro\/?s={search_term_string}\"},\"query-input\":{\"@type\":\"PropertyValueSpecification\",\"valueRequired\":true,\"valueName\":\"search_term_string\"}}],\"inLanguage\":\"ro-RO\"}]}<\/script>\n<!-- \/ Yoast SEO plugin. -->","yoast_head_json":{"title":"SpinBetter Fotbal Pariuri \u2714\ufe0f Cote mari","description":"Spinbetter ofer\u0103 o gam\u0103 larg\u0103 de evenimente \u0219i pie\u021be de pariuri pe fotbal \u26a1 Afla\u021bi cum s\u0103 paria\u021bi pe fotbal \u0219i s\u0103 g\u0103si\u021bi cele mai bune cote la Spin Better \u26bd Ob\u021bine\u021bi sfaturi profesionale de pariuri pe fotbal","robots":{"index":"index","follow":"follow","max-snippet":"max-snippet:-1","max-image-preview":"max-image-preview:large","max-video-preview":"max-video-preview:-1"},"canonical":"https:\/\/spinbetter.games\/ro\/football\/","og_locale":"ro_RO","og_type":"article","og_title":"SpinBetter Fotbal Pariuri \u2714\ufe0f Cote mari","og_description":"Spinbetter ofer\u0103 o gam\u0103 larg\u0103 de evenimente \u0219i pie\u021be de pariuri pe fotbal \u26a1 Afla\u021bi cum s\u0103 paria\u021bi pe fotbal \u0219i s\u0103 g\u0103si\u021bi cele mai bune cote la Spin Better \u26bd Ob\u021bine\u021bi sfaturi profesionale de pariuri pe fotbal","og_url":"https:\/\/spinbetter.games\/ro\/football\/","og_site_name":"SpinBetter ro","article_modified_time":"2024-12-16T04:34:10+00:00","twitter_card":"summary_large_image","schema":{"@context":"https:\/\/schema.org","@graph":[{"@type":"WebPage","@id":"https:\/\/spinbetter.games\/ro\/football\/","url":"https:\/\/spinbetter.games\/ro\/football\/","name":"SpinBetter Fotbal Pariuri \u2714\ufe0f Cote mari","isPartOf":{"@id":"https:\/\/spinbetter.games\/ro\/#website"},"datePublished":"2024-10-30T14:03:04+00:00","dateModified":"2024-12-16T04:34:10+00:00","description":"Spinbetter ofer\u0103 o gam\u0103 larg\u0103 de evenimente \u0219i pie\u021be de pariuri pe fotbal \u26a1 Afla\u021bi cum s\u0103 paria\u021bi pe fotbal \u0219i s\u0103 g\u0103si\u021bi cele mai bune cote la Spin Better \u26bd Ob\u021bine\u021bi sfaturi profesionale de pariuri pe fotbal","breadcrumb":{"@id":"https:\/\/spinbetter.games\/ro\/football\/#breadcrumb"},"inLanguage":"ro-RO","potentialAction":[{"@type":"ReadAction","target":["https:\/\/spinbetter.games\/ro\/football\/"]}]},{"@type":"BreadcrumbList","@id":"https:\/\/spinbetter.games\/ro\/football\/#breadcrumb","itemListElement":[{"@type":"ListItem","position":1,"name":"\u0413\u043b\u0430\u0432\u043d\u0430\u044f \u0441\u0442\u0440\u0430\u043d\u0438\u0446\u0430","item":"https:\/\/spinbetter.games\/ro\/"},{"@type":"ListItem","position":2,"name":"Fotbal"}]},{"@type":"WebSite","@id":"https:\/\/spinbetter.games\/ro\/#website","url":"https:\/\/spinbetter.games\/ro\/","name":"SpinBetter ro","description":"My WordPress Blog","potentialAction":[{"@type":"SearchAction","target":{"@type":"EntryPoint","urlTemplate":"https:\/\/spinbetter.games\/ro\/?s={search_term_string}"},"query-input":{"@type":"PropertyValueSpecification","valueRequired":true,"valueName":"search_term_string"}}],"inLanguage":"ro-RO"}]}},"_links":{"self":[{"href":"https:\/\/spinbetter.games\/ro\/wp-json\/wp\/v2\/pages\/566","targetHints":{"allow":["GET"]}}],"collection":[{"href":"https:\/\/spinbetter.games\/ro\/wp-json\/wp\/v2\/pages"}],"about":[{"href":"https:\/\/spinbetter.games\/ro\/wp-json\/wp\/v2\/types\/page"}],"author":[{"embeddable":true,"href":"https:\/\/spinbetter.games\/ro\/wp-json\/wp\/v2\/users\/1"}],"replies":[{"embeddable":true,"href":"https:\/\/spinbetter.games\/ro\/wp-json\/wp\/v2\/comments?post=566"}],"version-history":[{"count":18,"href":"https:\/\/spinbetter.games\/ro\/wp-json\/wp\/v2\/pages\/566\/revisions"}],"predecessor-version":[{"id":735,"href":"https:\/\/spinbetter.games\/ro\/wp-json\/wp\/v2\/pages\/566\/revisions\/735"}],"wp:attachment":[{"href":"https:\/\/spinbetter.games\/ro\/wp-json\/wp\/v2\/media?parent=566"}],"curies":[{"name":"wp","href":"https:\/\/api.w.org\/{rel}","templated":true}]}}