{"id":1512,"date":"2025-09-14T06:43:03","date_gmt":"2025-09-14T06:43:03","guid":{"rendered":"https:\/\/spinbetter.games\/?page_id=1512"},"modified":"2025-11-04T05:41:33","modified_gmt":"2025-11-04T05:41:33","slug":"esports","status":"publish","type":"page","link":"https:\/\/spinbetter.games\/sk\/esports\/","title":{"rendered":"eSports"},"content":{"rendered":"","protected":false},"excerpt":{"rendered":"","protected":false},"author":1,"featured_media":0,"parent":0,"menu_order":0,"comment_status":"closed","ping_status":"closed","template":"","meta":{"footnotes":""},"class_list":["post-1512","page","type-page","status-publish","hentry"],"yoast_head":"<!-- This site is optimized with the Yoast SEO plugin v26.8 - https:\/\/yoast.com\/product\/yoast-seo-wordpress\/ -->\n<title>Spinbetter eSports | St\u00e1vky na kyber\u0161porty, bonusy, mo\u017enosti<\/title>\n<meta name=\"description\" content=\"Objavte Spinbetter eSports \u2014 v\u00e1\u0161 kompletn\u00fd sprievodca st\u00e1vkovan\u00edm na esporty. Zozn\u00e1mte sa s funkciami platformy, jedine\u010dn\u00fdmi sekciami Live a Line a sledujte bezplatn\u00e9 videoprenosy z\u00e1pasov. St\u00e1vkujte na esporty s SpinBetter a nenechajte si ujs\u0165 \u0161ancu na v\u00fdhru!\" \/>\n<meta name=\"robots\" content=\"index, follow, max-snippet:-1, max-image-preview:large, max-video-preview:-1\" \/>\n<link rel=\"canonical\" href=\"https:\/\/spinbetter.games\/sk\/esports\/\" \/>\n<meta property=\"og:locale\" content=\"sk_SK\" \/>\n<meta property=\"og:type\" content=\"article\" \/>\n<meta property=\"og:title\" content=\"Spinbetter eSports | St\u00e1vky na kyber\u0161porty, bonusy, mo\u017enosti\" \/>\n<meta property=\"og:description\" content=\"Objavte Spinbetter eSports \u2014 v\u00e1\u0161 kompletn\u00fd sprievodca st\u00e1vkovan\u00edm na esporty. Zozn\u00e1mte sa s funkciami platformy, jedine\u010dn\u00fdmi sekciami Live a Line a sledujte bezplatn\u00e9 videoprenosy z\u00e1pasov. St\u00e1vkujte na esporty s SpinBetter a nenechajte si ujs\u0165 \u0161ancu na v\u00fdhru!\" \/>\n<meta property=\"og:url\" content=\"https:\/\/spinbetter.games\/sk\/esports\/\" \/>\n<meta property=\"og:site_name\" content=\"Spinbetter games sk\" \/>\n<meta property=\"article:modified_time\" content=\"2025-11-04T05:41:33+00:00\" \/>\n<meta name=\"twitter:card\" content=\"summary_large_image\" \/>\n<script type=\"application\/ld+json\" class=\"yoast-schema-graph\">{\"@context\":\"https:\/\/schema.org\",\"@graph\":[{\"@type\":\"WebPage\",\"@id\":\"https:\/\/spinbetter.games\/sk\/esports\/\",\"url\":\"https:\/\/spinbetter.games\/sk\/esports\/\",\"name\":\"Spinbetter eSports | St\u00e1vky na kyber\u0161porty, bonusy, mo\u017enosti\",\"isPartOf\":{\"@id\":\"https:\/\/spinbetter.games\/sk\/#website\"},\"datePublished\":\"2025-09-14T06:43:03+00:00\",\"dateModified\":\"2025-11-04T05:41:33+00:00\",\"description\":\"Objavte Spinbetter eSports \u2014 v\u00e1\u0161 kompletn\u00fd sprievodca st\u00e1vkovan\u00edm na esporty. Zozn\u00e1mte sa s funkciami platformy, jedine\u010dn\u00fdmi sekciami Live a Line a sledujte bezplatn\u00e9 videoprenosy z\u00e1pasov. St\u00e1vkujte na esporty s SpinBetter a nenechajte si ujs\u0165 \u0161ancu na v\u00fdhru!\",\"breadcrumb\":{\"@id\":\"https:\/\/spinbetter.games\/sk\/esports\/#breadcrumb\"},\"inLanguage\":\"sk-SK\",\"potentialAction\":[{\"@type\":\"ReadAction\",\"target\":[\"https:\/\/spinbetter.games\/sk\/esports\/\"]}]},{\"@type\":\"BreadcrumbList\",\"@id\":\"https:\/\/spinbetter.games\/sk\/esports\/#breadcrumb\",\"itemListElement\":[{\"@type\":\"ListItem\",\"position\":1,\"name\":\"\u0413\u043b\u0430\u0432\u043d\u0430\u044f \u0441\u0442\u0440\u0430\u043d\u0438\u0446\u0430\",\"item\":\"https:\/\/spinbetter.games\/sk\/\"},{\"@type\":\"ListItem\",\"position\":2,\"name\":\"eSports\"}]},{\"@type\":\"WebSite\",\"@id\":\"https:\/\/spinbetter.games\/sk\/#website\",\"url\":\"https:\/\/spinbetter.games\/sk\/\",\"name\":\"Spinbetter games sk\",\"description\":\"My WordPress Blog\",\"potentialAction\":[{\"@type\":\"SearchAction\",\"target\":{\"@type\":\"EntryPoint\",\"urlTemplate\":\"https:\/\/spinbetter.games\/sk\/?s={search_term_string}\"},\"query-input\":{\"@type\":\"PropertyValueSpecification\",\"valueRequired\":true,\"valueName\":\"search_term_string\"}}],\"inLanguage\":\"sk-SK\"}]}<\/script>\n<!-- \/ Yoast SEO plugin. -->","yoast_head_json":{"title":"Spinbetter eSports | St\u00e1vky na kyber\u0161porty, bonusy, mo\u017enosti","description":"Objavte Spinbetter eSports \u2014 v\u00e1\u0161 kompletn\u00fd sprievodca st\u00e1vkovan\u00edm na esporty. Zozn\u00e1mte sa s funkciami platformy, jedine\u010dn\u00fdmi sekciami Live a Line a sledujte bezplatn\u00e9 videoprenosy z\u00e1pasov. St\u00e1vkujte na esporty s SpinBetter a nenechajte si ujs\u0165 \u0161ancu na v\u00fdhru!","robots":{"index":"index","follow":"follow","max-snippet":"max-snippet:-1","max-image-preview":"max-image-preview:large","max-video-preview":"max-video-preview:-1"},"canonical":"https:\/\/spinbetter.games\/sk\/esports\/","og_locale":"sk_SK","og_type":"article","og_title":"Spinbetter eSports | St\u00e1vky na kyber\u0161porty, bonusy, mo\u017enosti","og_description":"Objavte Spinbetter eSports \u2014 v\u00e1\u0161 kompletn\u00fd sprievodca st\u00e1vkovan\u00edm na esporty. Zozn\u00e1mte sa s funkciami platformy, jedine\u010dn\u00fdmi sekciami Live a Line a sledujte bezplatn\u00e9 videoprenosy z\u00e1pasov. St\u00e1vkujte na esporty s SpinBetter a nenechajte si ujs\u0165 \u0161ancu na v\u00fdhru!","og_url":"https:\/\/spinbetter.games\/sk\/esports\/","og_site_name":"Spinbetter games sk","article_modified_time":"2025-11-04T05:41:33+00:00","twitter_card":"summary_large_image","schema":{"@context":"https:\/\/schema.org","@graph":[{"@type":"WebPage","@id":"https:\/\/spinbetter.games\/sk\/esports\/","url":"https:\/\/spinbetter.games\/sk\/esports\/","name":"Spinbetter eSports | St\u00e1vky na kyber\u0161porty, bonusy, mo\u017enosti","isPartOf":{"@id":"https:\/\/spinbetter.games\/sk\/#website"},"datePublished":"2025-09-14T06:43:03+00:00","dateModified":"2025-11-04T05:41:33+00:00","description":"Objavte Spinbetter eSports \u2014 v\u00e1\u0161 kompletn\u00fd sprievodca st\u00e1vkovan\u00edm na esporty. Zozn\u00e1mte sa s funkciami platformy, jedine\u010dn\u00fdmi sekciami Live a Line a sledujte bezplatn\u00e9 videoprenosy z\u00e1pasov. St\u00e1vkujte na esporty s SpinBetter a nenechajte si ujs\u0165 \u0161ancu na v\u00fdhru!","breadcrumb":{"@id":"https:\/\/spinbetter.games\/sk\/esports\/#breadcrumb"},"inLanguage":"sk-SK","potentialAction":[{"@type":"ReadAction","target":["https:\/\/spinbetter.games\/sk\/esports\/"]}]},{"@type":"BreadcrumbList","@id":"https:\/\/spinbetter.games\/sk\/esports\/#breadcrumb","itemListElement":[{"@type":"ListItem","position":1,"name":"\u0413\u043b\u0430\u0432\u043d\u0430\u044f \u0441\u0442\u0440\u0430\u043d\u0438\u0446\u0430","item":"https:\/\/spinbetter.games\/sk\/"},{"@type":"ListItem","position":2,"name":"eSports"}]},{"@type":"WebSite","@id":"https:\/\/spinbetter.games\/sk\/#website","url":"https:\/\/spinbetter.games\/sk\/","name":"Spinbetter games sk","description":"My WordPress Blog","potentialAction":[{"@type":"SearchAction","target":{"@type":"EntryPoint","urlTemplate":"https:\/\/spinbetter.games\/sk\/?s={search_term_string}"},"query-input":{"@type":"PropertyValueSpecification","valueRequired":true,"valueName":"search_term_string"}}],"inLanguage":"sk-SK"}]}},"_links":{"self":[{"href":"https:\/\/spinbetter.games\/sk\/wp-json\/wp\/v2\/pages\/1512","targetHints":{"allow":["GET"]}}],"collection":[{"href":"https:\/\/spinbetter.games\/sk\/wp-json\/wp\/v2\/pages"}],"about":[{"href":"https:\/\/spinbetter.games\/sk\/wp-json\/wp\/v2\/types\/page"}],"author":[{"embeddable":true,"href":"https:\/\/spinbetter.games\/sk\/wp-json\/wp\/v2\/users\/1"}],"replies":[{"embeddable":true,"href":"https:\/\/spinbetter.games\/sk\/wp-json\/wp\/v2\/comments?post=1512"}],"version-history":[{"count":2,"href":"https:\/\/spinbetter.games\/sk\/wp-json\/wp\/v2\/pages\/1512\/revisions"}],"predecessor-version":[{"id":1778,"href":"https:\/\/spinbetter.games\/sk\/wp-json\/wp\/v2\/pages\/1512\/revisions\/1778"}],"wp:attachment":[{"href":"https:\/\/spinbetter.games\/sk\/wp-json\/wp\/v2\/media?parent=1512"}],"curies":[{"name":"wp","href":"https:\/\/api.w.org\/{rel}","templated":true}]}}