{"id":1658,"date":"2025-09-15T12:03:58","date_gmt":"2025-09-15T12:03:58","guid":{"rendered":"https:\/\/spinbetter.games\/?page_id=1658"},"modified":"2025-11-04T05:41:02","modified_gmt":"2025-11-04T05:41:02","slug":"aviator","status":"publish","type":"page","link":"https:\/\/spinbetter.games\/sk\/aviator\/","title":{"rendered":"Aviator"},"content":{"rendered":"","protected":false},"excerpt":{"rendered":"","protected":false},"author":1,"featured_media":0,"parent":0,"menu_order":0,"comment_status":"closed","ping_status":"closed","template":"","meta":{"footnotes":""},"class_list":["post-1658","page","type-page","status-publish","hentry"],"yoast_head":"<!-- This site is optimized with the Yoast SEO plugin v26.8 - https:\/\/yoast.com\/product\/yoast-seo-wordpress\/ -->\n<title>SpinBetter Aviator \u1409 Hrajte a vyhr\u00e1vajte v najlep\u0161ej crash hre<\/title>\n<meta name=\"description\" content=\"Objavte vzru\u0161uj\u00faci svet SpinBetter Aviator! Nau\u010dte sa hra\u0165 t\u00fato popul\u00e1rnu hru, z\u00edskajte tipy na strat\u00e9giu a maximaliz\u00e1ciu svojich v\u00fdhier. Pridajte sa k mili\u00f3nom hr\u00e1\u010dov a u\u017eite si vysok\u00e9 \u0161ance na v\u00fdhru a jedine\u010dn\u00fd hern\u00fd z\u00e1\u017eitok!\" \/>\n<meta name=\"robots\" content=\"index, follow, max-snippet:-1, max-image-preview:large, max-video-preview:-1\" \/>\n<link rel=\"canonical\" href=\"https:\/\/spinbetter.games\/sk\/aviator\/\" \/>\n<meta property=\"og:locale\" content=\"sk_SK\" \/>\n<meta property=\"og:type\" content=\"article\" \/>\n<meta property=\"og:title\" content=\"SpinBetter Aviator \u1409 Hrajte a vyhr\u00e1vajte v najlep\u0161ej crash hre\" \/>\n<meta property=\"og:description\" content=\"Objavte vzru\u0161uj\u00faci svet SpinBetter Aviator! Nau\u010dte sa hra\u0165 t\u00fato popul\u00e1rnu hru, z\u00edskajte tipy na strat\u00e9giu a maximaliz\u00e1ciu svojich v\u00fdhier. Pridajte sa k mili\u00f3nom hr\u00e1\u010dov a u\u017eite si vysok\u00e9 \u0161ance na v\u00fdhru a jedine\u010dn\u00fd hern\u00fd z\u00e1\u017eitok!\" \/>\n<meta property=\"og:url\" content=\"https:\/\/spinbetter.games\/sk\/aviator\/\" \/>\n<meta property=\"og:site_name\" content=\"Spinbetter games sk\" \/>\n<meta property=\"article:modified_time\" content=\"2025-11-04T05:41:02+00:00\" \/>\n<meta name=\"twitter:card\" content=\"summary_large_image\" \/>\n<script type=\"application\/ld+json\" class=\"yoast-schema-graph\">{\"@context\":\"https:\/\/schema.org\",\"@graph\":[{\"@type\":\"WebPage\",\"@id\":\"https:\/\/spinbetter.games\/sk\/aviator\/\",\"url\":\"https:\/\/spinbetter.games\/sk\/aviator\/\",\"name\":\"SpinBetter Aviator \u1409 Hrajte a vyhr\u00e1vajte v najlep\u0161ej crash hre\",\"isPartOf\":{\"@id\":\"https:\/\/spinbetter.games\/sk\/#website\"},\"datePublished\":\"2025-09-15T12:03:58+00:00\",\"dateModified\":\"2025-11-04T05:41:02+00:00\",\"description\":\"Objavte vzru\u0161uj\u00faci svet SpinBetter Aviator! Nau\u010dte sa hra\u0165 t\u00fato popul\u00e1rnu hru, z\u00edskajte tipy na strat\u00e9giu a maximaliz\u00e1ciu svojich v\u00fdhier. Pridajte sa k mili\u00f3nom hr\u00e1\u010dov a u\u017eite si vysok\u00e9 \u0161ance na v\u00fdhru a jedine\u010dn\u00fd hern\u00fd z\u00e1\u017eitok!\",\"breadcrumb\":{\"@id\":\"https:\/\/spinbetter.games\/sk\/aviator\/#breadcrumb\"},\"inLanguage\":\"sk-SK\",\"potentialAction\":[{\"@type\":\"ReadAction\",\"target\":[\"https:\/\/spinbetter.games\/sk\/aviator\/\"]}]},{\"@type\":\"BreadcrumbList\",\"@id\":\"https:\/\/spinbetter.games\/sk\/aviator\/#breadcrumb\",\"itemListElement\":[{\"@type\":\"ListItem\",\"position\":1,\"name\":\"\u0413\u043b\u0430\u0432\u043d\u0430\u044f \u0441\u0442\u0440\u0430\u043d\u0438\u0446\u0430\",\"item\":\"https:\/\/spinbetter.games\/sk\/\"},{\"@type\":\"ListItem\",\"position\":2,\"name\":\"Aviator\"}]},{\"@type\":\"WebSite\",\"@id\":\"https:\/\/spinbetter.games\/sk\/#website\",\"url\":\"https:\/\/spinbetter.games\/sk\/\",\"name\":\"Spinbetter games sk\",\"description\":\"My WordPress Blog\",\"potentialAction\":[{\"@type\":\"SearchAction\",\"target\":{\"@type\":\"EntryPoint\",\"urlTemplate\":\"https:\/\/spinbetter.games\/sk\/?s={search_term_string}\"},\"query-input\":{\"@type\":\"PropertyValueSpecification\",\"valueRequired\":true,\"valueName\":\"search_term_string\"}}],\"inLanguage\":\"sk-SK\"}]}<\/script>\n<!-- \/ Yoast SEO plugin. -->","yoast_head_json":{"title":"SpinBetter Aviator \u1409 Hrajte a vyhr\u00e1vajte v najlep\u0161ej crash hre","description":"Objavte vzru\u0161uj\u00faci svet SpinBetter Aviator! Nau\u010dte sa hra\u0165 t\u00fato popul\u00e1rnu hru, z\u00edskajte tipy na strat\u00e9giu a maximaliz\u00e1ciu svojich v\u00fdhier. Pridajte sa k mili\u00f3nom hr\u00e1\u010dov a u\u017eite si vysok\u00e9 \u0161ance na v\u00fdhru a jedine\u010dn\u00fd hern\u00fd z\u00e1\u017eitok!","robots":{"index":"index","follow":"follow","max-snippet":"max-snippet:-1","max-image-preview":"max-image-preview:large","max-video-preview":"max-video-preview:-1"},"canonical":"https:\/\/spinbetter.games\/sk\/aviator\/","og_locale":"sk_SK","og_type":"article","og_title":"SpinBetter Aviator \u1409 Hrajte a vyhr\u00e1vajte v najlep\u0161ej crash hre","og_description":"Objavte vzru\u0161uj\u00faci svet SpinBetter Aviator! Nau\u010dte sa hra\u0165 t\u00fato popul\u00e1rnu hru, z\u00edskajte tipy na strat\u00e9giu a maximaliz\u00e1ciu svojich v\u00fdhier. Pridajte sa k mili\u00f3nom hr\u00e1\u010dov a u\u017eite si vysok\u00e9 \u0161ance na v\u00fdhru a jedine\u010dn\u00fd hern\u00fd z\u00e1\u017eitok!","og_url":"https:\/\/spinbetter.games\/sk\/aviator\/","og_site_name":"Spinbetter games sk","article_modified_time":"2025-11-04T05:41:02+00:00","twitter_card":"summary_large_image","schema":{"@context":"https:\/\/schema.org","@graph":[{"@type":"WebPage","@id":"https:\/\/spinbetter.games\/sk\/aviator\/","url":"https:\/\/spinbetter.games\/sk\/aviator\/","name":"SpinBetter Aviator \u1409 Hrajte a vyhr\u00e1vajte v najlep\u0161ej crash hre","isPartOf":{"@id":"https:\/\/spinbetter.games\/sk\/#website"},"datePublished":"2025-09-15T12:03:58+00:00","dateModified":"2025-11-04T05:41:02+00:00","description":"Objavte vzru\u0161uj\u00faci svet SpinBetter Aviator! Nau\u010dte sa hra\u0165 t\u00fato popul\u00e1rnu hru, z\u00edskajte tipy na strat\u00e9giu a maximaliz\u00e1ciu svojich v\u00fdhier. Pridajte sa k mili\u00f3nom hr\u00e1\u010dov a u\u017eite si vysok\u00e9 \u0161ance na v\u00fdhru a jedine\u010dn\u00fd hern\u00fd z\u00e1\u017eitok!","breadcrumb":{"@id":"https:\/\/spinbetter.games\/sk\/aviator\/#breadcrumb"},"inLanguage":"sk-SK","potentialAction":[{"@type":"ReadAction","target":["https:\/\/spinbetter.games\/sk\/aviator\/"]}]},{"@type":"BreadcrumbList","@id":"https:\/\/spinbetter.games\/sk\/aviator\/#breadcrumb","itemListElement":[{"@type":"ListItem","position":1,"name":"\u0413\u043b\u0430\u0432\u043d\u0430\u044f \u0441\u0442\u0440\u0430\u043d\u0438\u0446\u0430","item":"https:\/\/spinbetter.games\/sk\/"},{"@type":"ListItem","position":2,"name":"Aviator"}]},{"@type":"WebSite","@id":"https:\/\/spinbetter.games\/sk\/#website","url":"https:\/\/spinbetter.games\/sk\/","name":"Spinbetter games sk","description":"My WordPress Blog","potentialAction":[{"@type":"SearchAction","target":{"@type":"EntryPoint","urlTemplate":"https:\/\/spinbetter.games\/sk\/?s={search_term_string}"},"query-input":{"@type":"PropertyValueSpecification","valueRequired":true,"valueName":"search_term_string"}}],"inLanguage":"sk-SK"}]}},"_links":{"self":[{"href":"https:\/\/spinbetter.games\/sk\/wp-json\/wp\/v2\/pages\/1658","targetHints":{"allow":["GET"]}}],"collection":[{"href":"https:\/\/spinbetter.games\/sk\/wp-json\/wp\/v2\/pages"}],"about":[{"href":"https:\/\/spinbetter.games\/sk\/wp-json\/wp\/v2\/types\/page"}],"author":[{"embeddable":true,"href":"https:\/\/spinbetter.games\/sk\/wp-json\/wp\/v2\/users\/1"}],"replies":[{"embeddable":true,"href":"https:\/\/spinbetter.games\/sk\/wp-json\/wp\/v2\/comments?post=1658"}],"version-history":[{"count":2,"href":"https:\/\/spinbetter.games\/sk\/wp-json\/wp\/v2\/pages\/1658\/revisions"}],"predecessor-version":[{"id":1783,"href":"https:\/\/spinbetter.games\/sk\/wp-json\/wp\/v2\/pages\/1658\/revisions\/1783"}],"wp:attachment":[{"href":"https:\/\/spinbetter.games\/sk\/wp-json\/wp\/v2\/media?parent=1658"}],"curies":[{"name":"wp","href":"https:\/\/api.w.org\/{rel}","templated":true}]}}