{"id":1719,"date":"2025-09-23T05:43:49","date_gmt":"2025-09-23T05:43:49","guid":{"rendered":"https:\/\/spinbetter.games\/?page_id=1719"},"modified":"2025-11-04T05:34:50","modified_gmt":"2025-11-04T05:34:50","slug":"nhl-x-nba","status":"publish","type":"page","link":"https:\/\/spinbetter.games\/sk\/bonus\/nhl-x-nba\/","title":{"rendered":"NHL x NBA"},"content":{"rendered":"","protected":false},"excerpt":{"rendered":"","protected":false},"author":1,"featured_media":0,"parent":152,"menu_order":0,"comment_status":"closed","ping_status":"closed","template":"","meta":{"footnotes":""},"class_list":["post-1719","page","type-page","status-publish","hentry"],"yoast_head":"<!-- This site is optimized with the Yoast SEO plugin v26.8 - https:\/\/yoast.com\/product\/yoast-seo-wordpress\/ -->\n<title>Jackpot Spinbetter NHL x NBA | Vyhrajte podiel z \u20ac20000 za st\u00e1vky<\/title>\n<meta name=\"description\" content=\"Spinbetter rozd\u00e1va 20 000 \u20ac za st\u00e1vky na NHL a NBA. Uzatvorte st\u00e1vky na hokej a basketbal u\u017e od 8 \u20ac a z\u00edskajte tikety, s ktor\u00fdmi m\u00f4\u017eete vyhra\u0165 ve\u013ek\u00e9 pe\u0148a\u017en\u00e9 ceny.\" \/>\n<meta name=\"robots\" content=\"index, follow, max-snippet:-1, max-image-preview:large, max-video-preview:-1\" \/>\n<link rel=\"canonical\" href=\"https:\/\/spinbetter.games\/sk\/bonus\/nhl-x-nba\/\" \/>\n<meta property=\"og:locale\" content=\"sk_SK\" \/>\n<meta property=\"og:type\" content=\"article\" \/>\n<meta property=\"og:title\" content=\"Jackpot Spinbetter NHL x NBA | Vyhrajte podiel z \u20ac20000 za st\u00e1vky\" \/>\n<meta property=\"og:description\" content=\"Spinbetter rozd\u00e1va 20 000 \u20ac za st\u00e1vky na NHL a NBA. Uzatvorte st\u00e1vky na hokej a basketbal u\u017e od 8 \u20ac a z\u00edskajte tikety, s ktor\u00fdmi m\u00f4\u017eete vyhra\u0165 ve\u013ek\u00e9 pe\u0148a\u017en\u00e9 ceny.\" \/>\n<meta property=\"og:url\" content=\"https:\/\/spinbetter.games\/sk\/bonus\/nhl-x-nba\/\" \/>\n<meta property=\"og:site_name\" content=\"Spinbetter games sk\" \/>\n<meta property=\"article:modified_time\" content=\"2025-11-04T05:34:50+00:00\" \/>\n<meta name=\"twitter:card\" content=\"summary_large_image\" \/>\n<script type=\"application\/ld+json\" class=\"yoast-schema-graph\">{\"@context\":\"https:\/\/schema.org\",\"@graph\":[{\"@type\":\"WebPage\",\"@id\":\"https:\/\/spinbetter.games\/sk\/bonus\/nhl-x-nba\/\",\"url\":\"https:\/\/spinbetter.games\/sk\/bonus\/nhl-x-nba\/\",\"name\":\"Jackpot Spinbetter NHL x NBA | Vyhrajte podiel z \u20ac20000 za st\u00e1vky\",\"isPartOf\":{\"@id\":\"https:\/\/spinbetter.games\/sk\/#website\"},\"datePublished\":\"2025-09-23T05:43:49+00:00\",\"dateModified\":\"2025-11-04T05:34:50+00:00\",\"description\":\"Spinbetter rozd\u00e1va 20 000 \u20ac za st\u00e1vky na NHL a NBA. Uzatvorte st\u00e1vky na hokej a basketbal u\u017e od 8 \u20ac a z\u00edskajte tikety, s ktor\u00fdmi m\u00f4\u017eete vyhra\u0165 ve\u013ek\u00e9 pe\u0148a\u017en\u00e9 ceny.\",\"breadcrumb\":{\"@id\":\"https:\/\/spinbetter.games\/sk\/bonus\/nhl-x-nba\/#breadcrumb\"},\"inLanguage\":\"sk-SK\",\"potentialAction\":[{\"@type\":\"ReadAction\",\"target\":[\"https:\/\/spinbetter.games\/sk\/bonus\/nhl-x-nba\/\"]}]},{\"@type\":\"BreadcrumbList\",\"@id\":\"https:\/\/spinbetter.games\/sk\/bonus\/nhl-x-nba\/#breadcrumb\",\"itemListElement\":[{\"@type\":\"ListItem\",\"position\":1,\"name\":\"\u0413\u043b\u0430\u0432\u043d\u0430\u044f \u0441\u0442\u0440\u0430\u043d\u0438\u0446\u0430\",\"item\":\"https:\/\/spinbetter.games\/sk\/\"},{\"@type\":\"ListItem\",\"position\":2,\"name\":\"Bonus\",\"item\":\"https:\/\/spinbetter.games\/sk\/bonus\/\"},{\"@type\":\"ListItem\",\"position\":3,\"name\":\"NHL x NBA\"}]},{\"@type\":\"WebSite\",\"@id\":\"https:\/\/spinbetter.games\/sk\/#website\",\"url\":\"https:\/\/spinbetter.games\/sk\/\",\"name\":\"Spinbetter games sk\",\"description\":\"My WordPress Blog\",\"potentialAction\":[{\"@type\":\"SearchAction\",\"target\":{\"@type\":\"EntryPoint\",\"urlTemplate\":\"https:\/\/spinbetter.games\/sk\/?s={search_term_string}\"},\"query-input\":{\"@type\":\"PropertyValueSpecification\",\"valueRequired\":true,\"valueName\":\"search_term_string\"}}],\"inLanguage\":\"sk-SK\"}]}<\/script>\n<!-- \/ Yoast SEO plugin. -->","yoast_head_json":{"title":"Jackpot Spinbetter NHL x NBA | Vyhrajte podiel z \u20ac20000 za st\u00e1vky","description":"Spinbetter rozd\u00e1va 20 000 \u20ac za st\u00e1vky na NHL a NBA. Uzatvorte st\u00e1vky na hokej a basketbal u\u017e od 8 \u20ac a z\u00edskajte tikety, s ktor\u00fdmi m\u00f4\u017eete vyhra\u0165 ve\u013ek\u00e9 pe\u0148a\u017en\u00e9 ceny.","robots":{"index":"index","follow":"follow","max-snippet":"max-snippet:-1","max-image-preview":"max-image-preview:large","max-video-preview":"max-video-preview:-1"},"canonical":"https:\/\/spinbetter.games\/sk\/bonus\/nhl-x-nba\/","og_locale":"sk_SK","og_type":"article","og_title":"Jackpot Spinbetter NHL x NBA | Vyhrajte podiel z \u20ac20000 za st\u00e1vky","og_description":"Spinbetter rozd\u00e1va 20 000 \u20ac za st\u00e1vky na NHL a NBA. Uzatvorte st\u00e1vky na hokej a basketbal u\u017e od 8 \u20ac a z\u00edskajte tikety, s ktor\u00fdmi m\u00f4\u017eete vyhra\u0165 ve\u013ek\u00e9 pe\u0148a\u017en\u00e9 ceny.","og_url":"https:\/\/spinbetter.games\/sk\/bonus\/nhl-x-nba\/","og_site_name":"Spinbetter games sk","article_modified_time":"2025-11-04T05:34:50+00:00","twitter_card":"summary_large_image","schema":{"@context":"https:\/\/schema.org","@graph":[{"@type":"WebPage","@id":"https:\/\/spinbetter.games\/sk\/bonus\/nhl-x-nba\/","url":"https:\/\/spinbetter.games\/sk\/bonus\/nhl-x-nba\/","name":"Jackpot Spinbetter NHL x NBA | Vyhrajte podiel z \u20ac20000 za st\u00e1vky","isPartOf":{"@id":"https:\/\/spinbetter.games\/sk\/#website"},"datePublished":"2025-09-23T05:43:49+00:00","dateModified":"2025-11-04T05:34:50+00:00","description":"Spinbetter rozd\u00e1va 20 000 \u20ac za st\u00e1vky na NHL a NBA. Uzatvorte st\u00e1vky na hokej a basketbal u\u017e od 8 \u20ac a z\u00edskajte tikety, s ktor\u00fdmi m\u00f4\u017eete vyhra\u0165 ve\u013ek\u00e9 pe\u0148a\u017en\u00e9 ceny.","breadcrumb":{"@id":"https:\/\/spinbetter.games\/sk\/bonus\/nhl-x-nba\/#breadcrumb"},"inLanguage":"sk-SK","potentialAction":[{"@type":"ReadAction","target":["https:\/\/spinbetter.games\/sk\/bonus\/nhl-x-nba\/"]}]},{"@type":"BreadcrumbList","@id":"https:\/\/spinbetter.games\/sk\/bonus\/nhl-x-nba\/#breadcrumb","itemListElement":[{"@type":"ListItem","position":1,"name":"\u0413\u043b\u0430\u0432\u043d\u0430\u044f \u0441\u0442\u0440\u0430\u043d\u0438\u0446\u0430","item":"https:\/\/spinbetter.games\/sk\/"},{"@type":"ListItem","position":2,"name":"Bonus","item":"https:\/\/spinbetter.games\/sk\/bonus\/"},{"@type":"ListItem","position":3,"name":"NHL x NBA"}]},{"@type":"WebSite","@id":"https:\/\/spinbetter.games\/sk\/#website","url":"https:\/\/spinbetter.games\/sk\/","name":"Spinbetter games sk","description":"My WordPress Blog","potentialAction":[{"@type":"SearchAction","target":{"@type":"EntryPoint","urlTemplate":"https:\/\/spinbetter.games\/sk\/?s={search_term_string}"},"query-input":{"@type":"PropertyValueSpecification","valueRequired":true,"valueName":"search_term_string"}}],"inLanguage":"sk-SK"}]}},"_links":{"self":[{"href":"https:\/\/spinbetter.games\/sk\/wp-json\/wp\/v2\/pages\/1719","targetHints":{"allow":["GET"]}}],"collection":[{"href":"https:\/\/spinbetter.games\/sk\/wp-json\/wp\/v2\/pages"}],"about":[{"href":"https:\/\/spinbetter.games\/sk\/wp-json\/wp\/v2\/types\/page"}],"author":[{"embeddable":true,"href":"https:\/\/spinbetter.games\/sk\/wp-json\/wp\/v2\/users\/1"}],"replies":[{"embeddable":true,"href":"https:\/\/spinbetter.games\/sk\/wp-json\/wp\/v2\/comments?post=1719"}],"version-history":[{"count":2,"href":"https:\/\/spinbetter.games\/sk\/wp-json\/wp\/v2\/pages\/1719\/revisions"}],"predecessor-version":[{"id":1772,"href":"https:\/\/spinbetter.games\/sk\/wp-json\/wp\/v2\/pages\/1719\/revisions\/1772"}],"up":[{"embeddable":true,"href":"https:\/\/spinbetter.games\/sk\/wp-json\/wp\/v2\/pages\/152"}],"wp:attachment":[{"href":"https:\/\/spinbetter.games\/sk\/wp-json\/wp\/v2\/media?parent=1719"}],"curies":[{"name":"wp","href":"https:\/\/api.w.org\/{rel}","templated":true}]}}