{"id":2,"date":"2023-05-18T17:18:34","date_gmt":"2023-05-18T17:18:34","guid":{"rendered":"https:\/\/spinbetter.games\/sk\/?page_id=2"},"modified":"2026-01-14T10:46:57","modified_gmt":"2026-01-14T10:46:57","slug":"sample-page","status":"publish","type":"page","link":"https:\/\/spinbetter.games\/sk\/","title":{"rendered":"Domov"},"content":{"rendered":"","protected":false},"excerpt":{"rendered":"","protected":false},"author":1,"featured_media":0,"parent":0,"menu_order":0,"comment_status":"closed","ping_status":"open","template":"","meta":{"footnotes":""},"class_list":["post-2","page","type-page","status-publish","hentry"],"yoast_head":"<!-- This site is optimized with the Yoast SEO plugin v26.8 - https:\/\/yoast.com\/product\/yoast-seo-wordpress\/ -->\n<title>SpinBetter\u2122 Slovensko \u2013 \u0160portov\u00e9 st\u00e1vky a live st\u00e1vkovanie \u2014 2026<\/title>\n<meta name=\"description\" content=\"Spin Better pon\u00faka \u0161portov\u00e9 st\u00e1vky v SK s v\u00fdhodn\u00fdmi kurzami, live st\u00e1vkovan\u00edm, \u0161irokou ponukou z\u00e1pasov a d\u00f4razom na futbal.\" \/>\n<meta name=\"robots\" content=\"index, follow, max-snippet:-1, max-image-preview:large, max-video-preview:-1\" \/>\n<link rel=\"canonical\" href=\"https:\/\/spinbetter.games\/sk\/\" \/>\n<meta property=\"og:locale\" content=\"sk_SK\" \/>\n<meta property=\"og:type\" content=\"article\" \/>\n<meta property=\"og:title\" content=\"SpinBetter\u2122 Slovensko \u2013 \u0160portov\u00e9 st\u00e1vky a live st\u00e1vkovanie \u2014 2026\" \/>\n<meta property=\"og:description\" content=\"Spin Better pon\u00faka \u0161portov\u00e9 st\u00e1vky v SK s v\u00fdhodn\u00fdmi kurzami, live st\u00e1vkovan\u00edm, \u0161irokou ponukou z\u00e1pasov a d\u00f4razom na futbal.\" \/>\n<meta property=\"og:url\" content=\"https:\/\/spinbetter.games\/sk\/\" \/>\n<meta property=\"og:site_name\" content=\"Spinbetter games sk\" \/>\n<meta property=\"article:modified_time\" content=\"2026-01-14T10:46:57+00:00\" \/>\n<meta name=\"twitter:card\" content=\"summary_large_image\" \/>\n<script type=\"application\/ld+json\" class=\"yoast-schema-graph\">{\"@context\":\"https:\/\/schema.org\",\"@graph\":[{\"@type\":\"WebPage\",\"@id\":\"https:\/\/spinbetter.games\/sk\/\",\"url\":\"https:\/\/spinbetter.games\/sk\/\",\"name\":\"SpinBetter\u2122 Slovensko \u2013 \u0160portov\u00e9 st\u00e1vky a live st\u00e1vkovanie \u2014 2026\",\"isPartOf\":{\"@id\":\"https:\/\/spinbetter.games\/sk\/#website\"},\"datePublished\":\"2023-05-18T17:18:34+00:00\",\"dateModified\":\"2026-01-14T10:46:57+00:00\",\"description\":\"Spin Better pon\u00faka \u0161portov\u00e9 st\u00e1vky v SK s v\u00fdhodn\u00fdmi kurzami, live st\u00e1vkovan\u00edm, \u0161irokou ponukou z\u00e1pasov a d\u00f4razom na futbal.\",\"breadcrumb\":{\"@id\":\"https:\/\/spinbetter.games\/sk\/#breadcrumb\"},\"inLanguage\":\"sk-SK\",\"potentialAction\":[{\"@type\":\"ReadAction\",\"target\":[\"https:\/\/spinbetter.games\/sk\/\"]}]},{\"@type\":\"BreadcrumbList\",\"@id\":\"https:\/\/spinbetter.games\/sk\/#breadcrumb\",\"itemListElement\":[{\"@type\":\"ListItem\",\"position\":1,\"name\":\"\u0413\u043b\u0430\u0432\u043d\u0430\u044f \u0441\u0442\u0440\u0430\u043d\u0438\u0446\u0430\",\"item\":\"https:\/\/spinbetter.games\/sk\/\"},{\"@type\":\"ListItem\",\"position\":2,\"name\":\"Domov\"}]},{\"@type\":\"WebSite\",\"@id\":\"https:\/\/spinbetter.games\/sk\/#website\",\"url\":\"https:\/\/spinbetter.games\/sk\/\",\"name\":\"Spinbetter games sk\",\"description\":\"My WordPress Blog\",\"potentialAction\":[{\"@type\":\"SearchAction\",\"target\":{\"@type\":\"EntryPoint\",\"urlTemplate\":\"https:\/\/spinbetter.games\/sk\/?s={search_term_string}\"},\"query-input\":{\"@type\":\"PropertyValueSpecification\",\"valueRequired\":true,\"valueName\":\"search_term_string\"}}],\"inLanguage\":\"sk-SK\"}]}<\/script>\n<!-- \/ Yoast SEO plugin. -->","yoast_head_json":{"title":"SpinBetter\u2122 Slovensko \u2013 \u0160portov\u00e9 st\u00e1vky a live st\u00e1vkovanie \u2014 2026","description":"Spin Better pon\u00faka \u0161portov\u00e9 st\u00e1vky v SK s v\u00fdhodn\u00fdmi kurzami, live st\u00e1vkovan\u00edm, \u0161irokou ponukou z\u00e1pasov a d\u00f4razom na futbal.","robots":{"index":"index","follow":"follow","max-snippet":"max-snippet:-1","max-image-preview":"max-image-preview:large","max-video-preview":"max-video-preview:-1"},"canonical":"https:\/\/spinbetter.games\/sk\/","og_locale":"sk_SK","og_type":"article","og_title":"SpinBetter\u2122 Slovensko \u2013 \u0160portov\u00e9 st\u00e1vky a live st\u00e1vkovanie \u2014 2026","og_description":"Spin Better pon\u00faka \u0161portov\u00e9 st\u00e1vky v SK s v\u00fdhodn\u00fdmi kurzami, live st\u00e1vkovan\u00edm, \u0161irokou ponukou z\u00e1pasov a d\u00f4razom na futbal.","og_url":"https:\/\/spinbetter.games\/sk\/","og_site_name":"Spinbetter games sk","article_modified_time":"2026-01-14T10:46:57+00:00","twitter_card":"summary_large_image","schema":{"@context":"https:\/\/schema.org","@graph":[{"@type":"WebPage","@id":"https:\/\/spinbetter.games\/sk\/","url":"https:\/\/spinbetter.games\/sk\/","name":"SpinBetter\u2122 Slovensko \u2013 \u0160portov\u00e9 st\u00e1vky a live st\u00e1vkovanie \u2014 2026","isPartOf":{"@id":"https:\/\/spinbetter.games\/sk\/#website"},"datePublished":"2023-05-18T17:18:34+00:00","dateModified":"2026-01-14T10:46:57+00:00","description":"Spin Better pon\u00faka \u0161portov\u00e9 st\u00e1vky v SK s v\u00fdhodn\u00fdmi kurzami, live st\u00e1vkovan\u00edm, \u0161irokou ponukou z\u00e1pasov a d\u00f4razom na futbal.","breadcrumb":{"@id":"https:\/\/spinbetter.games\/sk\/#breadcrumb"},"inLanguage":"sk-SK","potentialAction":[{"@type":"ReadAction","target":["https:\/\/spinbetter.games\/sk\/"]}]},{"@type":"BreadcrumbList","@id":"https:\/\/spinbetter.games\/sk\/#breadcrumb","itemListElement":[{"@type":"ListItem","position":1,"name":"\u0413\u043b\u0430\u0432\u043d\u0430\u044f \u0441\u0442\u0440\u0430\u043d\u0438\u0446\u0430","item":"https:\/\/spinbetter.games\/sk\/"},{"@type":"ListItem","position":2,"name":"Domov"}]},{"@type":"WebSite","@id":"https:\/\/spinbetter.games\/sk\/#website","url":"https:\/\/spinbetter.games\/sk\/","name":"Spinbetter games sk","description":"My WordPress Blog","potentialAction":[{"@type":"SearchAction","target":{"@type":"EntryPoint","urlTemplate":"https:\/\/spinbetter.games\/sk\/?s={search_term_string}"},"query-input":{"@type":"PropertyValueSpecification","valueRequired":true,"valueName":"search_term_string"}}],"inLanguage":"sk-SK"}]}},"_links":{"self":[{"href":"https:\/\/spinbetter.games\/sk\/wp-json\/wp\/v2\/pages\/2","targetHints":{"allow":["GET"]}}],"collection":[{"href":"https:\/\/spinbetter.games\/sk\/wp-json\/wp\/v2\/pages"}],"about":[{"href":"https:\/\/spinbetter.games\/sk\/wp-json\/wp\/v2\/types\/page"}],"author":[{"embeddable":true,"href":"https:\/\/spinbetter.games\/sk\/wp-json\/wp\/v2\/users\/1"}],"replies":[{"embeddable":true,"href":"https:\/\/spinbetter.games\/sk\/wp-json\/wp\/v2\/comments?post=2"}],"version-history":[{"count":22,"href":"https:\/\/spinbetter.games\/sk\/wp-json\/wp\/v2\/pages\/2\/revisions"}],"predecessor-version":[{"id":1802,"href":"https:\/\/spinbetter.games\/sk\/wp-json\/wp\/v2\/pages\/2\/revisions\/1802"}],"wp:attachment":[{"href":"https:\/\/spinbetter.games\/sk\/wp-json\/wp\/v2\/media?parent=2"}],"curies":[{"name":"wp","href":"https:\/\/api.w.org\/{rel}","templated":true}]}}