{"id":255,"date":"2025-02-10T08:11:18","date_gmt":"2025-02-10T08:11:18","guid":{"rendered":"https:\/\/spinbetter.games\/sk\/?page_id=255"},"modified":"2025-03-17T11:18:26","modified_gmt":"2025-03-17T11:18:26","slug":"login","status":"publish","type":"page","link":"https:\/\/spinbetter.games\/sk\/login\/","title":{"rendered":"Prihl\u00e1senie"},"content":{"rendered":"","protected":false},"excerpt":{"rendered":"","protected":false},"author":1,"featured_media":0,"parent":0,"menu_order":0,"comment_status":"closed","ping_status":"closed","template":"","meta":{"footnotes":""},"class_list":["post-255","page","type-page","status-publish","hentry"],"yoast_head":"<!-- This site is optimized with the Yoast SEO plugin v26.8 - https:\/\/yoast.com\/product\/yoast-seo-wordpress\/ -->\n<title>Spinbetter Slovensko Prihl\u00e1senie a registr\u00e1cia<\/title>\n<meta name=\"description\" content=\"Postup prihl\u00e1senia do Spinbetter krok za krokom - Ako z\u00edska\u0165 pr\u00edstup k \u00fa\u010dtu - Prihl\u00e1ste sa do Spin Better a z\u00edskajte uv\u00edtac\u00ed bal\u00ed\u010dek a\u017e do v\u00fd\u0161ky 1500 EUR a 150 rozto\u010den\u00ed zadarmo\" \/>\n<meta name=\"robots\" content=\"index, follow, max-snippet:-1, max-image-preview:large, max-video-preview:-1\" \/>\n<link rel=\"canonical\" href=\"https:\/\/spinbetter.games\/sk\/login\/\" \/>\n<meta property=\"og:locale\" content=\"sk_SK\" \/>\n<meta property=\"og:type\" content=\"article\" \/>\n<meta property=\"og:title\" content=\"Spinbetter Slovensko Prihl\u00e1senie a registr\u00e1cia\" \/>\n<meta property=\"og:description\" content=\"Postup prihl\u00e1senia do Spinbetter krok za krokom - Ako z\u00edska\u0165 pr\u00edstup k \u00fa\u010dtu - Prihl\u00e1ste sa do Spin Better a z\u00edskajte uv\u00edtac\u00ed bal\u00ed\u010dek a\u017e do v\u00fd\u0161ky 1500 EUR a 150 rozto\u010den\u00ed zadarmo\" \/>\n<meta property=\"og:url\" content=\"https:\/\/spinbetter.games\/sk\/login\/\" \/>\n<meta property=\"og:site_name\" content=\"Spinbetter games sk\" \/>\n<meta property=\"article:modified_time\" content=\"2025-03-17T11:18:26+00:00\" \/>\n<meta name=\"twitter:card\" content=\"summary_large_image\" \/>\n<script type=\"application\/ld+json\" class=\"yoast-schema-graph\">{\"@context\":\"https:\/\/schema.org\",\"@graph\":[{\"@type\":\"WebPage\",\"@id\":\"https:\/\/spinbetter.games\/sk\/login\/\",\"url\":\"https:\/\/spinbetter.games\/sk\/login\/\",\"name\":\"Spinbetter Slovensko Prihl\u00e1senie a registr\u00e1cia\",\"isPartOf\":{\"@id\":\"https:\/\/spinbetter.games\/sk\/#website\"},\"datePublished\":\"2025-02-10T08:11:18+00:00\",\"dateModified\":\"2025-03-17T11:18:26+00:00\",\"description\":\"Postup prihl\u00e1senia do Spinbetter krok za krokom - Ako z\u00edska\u0165 pr\u00edstup k \u00fa\u010dtu - Prihl\u00e1ste sa do Spin Better a z\u00edskajte uv\u00edtac\u00ed bal\u00ed\u010dek a\u017e do v\u00fd\u0161ky 1500 EUR a 150 rozto\u010den\u00ed zadarmo\",\"breadcrumb\":{\"@id\":\"https:\/\/spinbetter.games\/sk\/login\/#breadcrumb\"},\"inLanguage\":\"sk-SK\",\"potentialAction\":[{\"@type\":\"ReadAction\",\"target\":[\"https:\/\/spinbetter.games\/sk\/login\/\"]}]},{\"@type\":\"BreadcrumbList\",\"@id\":\"https:\/\/spinbetter.games\/sk\/login\/#breadcrumb\",\"itemListElement\":[{\"@type\":\"ListItem\",\"position\":1,\"name\":\"\u0413\u043b\u0430\u0432\u043d\u0430\u044f \u0441\u0442\u0440\u0430\u043d\u0438\u0446\u0430\",\"item\":\"https:\/\/spinbetter.games\/sk\/\"},{\"@type\":\"ListItem\",\"position\":2,\"name\":\"Prihl\u00e1senie\"}]},{\"@type\":\"WebSite\",\"@id\":\"https:\/\/spinbetter.games\/sk\/#website\",\"url\":\"https:\/\/spinbetter.games\/sk\/\",\"name\":\"Spinbetter games sk\",\"description\":\"My WordPress Blog\",\"potentialAction\":[{\"@type\":\"SearchAction\",\"target\":{\"@type\":\"EntryPoint\",\"urlTemplate\":\"https:\/\/spinbetter.games\/sk\/?s={search_term_string}\"},\"query-input\":{\"@type\":\"PropertyValueSpecification\",\"valueRequired\":true,\"valueName\":\"search_term_string\"}}],\"inLanguage\":\"sk-SK\"}]}<\/script>\n<!-- \/ Yoast SEO plugin. -->","yoast_head_json":{"title":"Spinbetter Slovensko Prihl\u00e1senie a registr\u00e1cia","description":"Postup prihl\u00e1senia do Spinbetter krok za krokom - Ako z\u00edska\u0165 pr\u00edstup k \u00fa\u010dtu - Prihl\u00e1ste sa do Spin Better a z\u00edskajte uv\u00edtac\u00ed bal\u00ed\u010dek a\u017e do v\u00fd\u0161ky 1500 EUR a 150 rozto\u010den\u00ed zadarmo","robots":{"index":"index","follow":"follow","max-snippet":"max-snippet:-1","max-image-preview":"max-image-preview:large","max-video-preview":"max-video-preview:-1"},"canonical":"https:\/\/spinbetter.games\/sk\/login\/","og_locale":"sk_SK","og_type":"article","og_title":"Spinbetter Slovensko Prihl\u00e1senie a registr\u00e1cia","og_description":"Postup prihl\u00e1senia do Spinbetter krok za krokom - Ako z\u00edska\u0165 pr\u00edstup k \u00fa\u010dtu - Prihl\u00e1ste sa do Spin Better a z\u00edskajte uv\u00edtac\u00ed bal\u00ed\u010dek a\u017e do v\u00fd\u0161ky 1500 EUR a 150 rozto\u010den\u00ed zadarmo","og_url":"https:\/\/spinbetter.games\/sk\/login\/","og_site_name":"Spinbetter games sk","article_modified_time":"2025-03-17T11:18:26+00:00","twitter_card":"summary_large_image","schema":{"@context":"https:\/\/schema.org","@graph":[{"@type":"WebPage","@id":"https:\/\/spinbetter.games\/sk\/login\/","url":"https:\/\/spinbetter.games\/sk\/login\/","name":"Spinbetter Slovensko Prihl\u00e1senie a registr\u00e1cia","isPartOf":{"@id":"https:\/\/spinbetter.games\/sk\/#website"},"datePublished":"2025-02-10T08:11:18+00:00","dateModified":"2025-03-17T11:18:26+00:00","description":"Postup prihl\u00e1senia do Spinbetter krok za krokom - Ako z\u00edska\u0165 pr\u00edstup k \u00fa\u010dtu - Prihl\u00e1ste sa do Spin Better a z\u00edskajte uv\u00edtac\u00ed bal\u00ed\u010dek a\u017e do v\u00fd\u0161ky 1500 EUR a 150 rozto\u010den\u00ed zadarmo","breadcrumb":{"@id":"https:\/\/spinbetter.games\/sk\/login\/#breadcrumb"},"inLanguage":"sk-SK","potentialAction":[{"@type":"ReadAction","target":["https:\/\/spinbetter.games\/sk\/login\/"]}]},{"@type":"BreadcrumbList","@id":"https:\/\/spinbetter.games\/sk\/login\/#breadcrumb","itemListElement":[{"@type":"ListItem","position":1,"name":"\u0413\u043b\u0430\u0432\u043d\u0430\u044f \u0441\u0442\u0440\u0430\u043d\u0438\u0446\u0430","item":"https:\/\/spinbetter.games\/sk\/"},{"@type":"ListItem","position":2,"name":"Prihl\u00e1senie"}]},{"@type":"WebSite","@id":"https:\/\/spinbetter.games\/sk\/#website","url":"https:\/\/spinbetter.games\/sk\/","name":"Spinbetter games sk","description":"My WordPress Blog","potentialAction":[{"@type":"SearchAction","target":{"@type":"EntryPoint","urlTemplate":"https:\/\/spinbetter.games\/sk\/?s={search_term_string}"},"query-input":{"@type":"PropertyValueSpecification","valueRequired":true,"valueName":"search_term_string"}}],"inLanguage":"sk-SK"}]}},"_links":{"self":[{"href":"https:\/\/spinbetter.games\/sk\/wp-json\/wp\/v2\/pages\/255","targetHints":{"allow":["GET"]}}],"collection":[{"href":"https:\/\/spinbetter.games\/sk\/wp-json\/wp\/v2\/pages"}],"about":[{"href":"https:\/\/spinbetter.games\/sk\/wp-json\/wp\/v2\/types\/page"}],"author":[{"embeddable":true,"href":"https:\/\/spinbetter.games\/sk\/wp-json\/wp\/v2\/users\/1"}],"replies":[{"embeddable":true,"href":"https:\/\/spinbetter.games\/sk\/wp-json\/wp\/v2\/comments?post=255"}],"version-history":[{"count":8,"href":"https:\/\/spinbetter.games\/sk\/wp-json\/wp\/v2\/pages\/255\/revisions"}],"predecessor-version":[{"id":1033,"href":"https:\/\/spinbetter.games\/sk\/wp-json\/wp\/v2\/pages\/255\/revisions\/1033"}],"wp:attachment":[{"href":"https:\/\/spinbetter.games\/sk\/wp-json\/wp\/v2\/media?parent=255"}],"curies":[{"name":"wp","href":"https:\/\/api.w.org\/{rel}","templated":true}]}}